{"id":6136,"date":"2022-11-30T20:51:22","date_gmt":"2022-11-30T18:51:22","guid":{"rendered":"https:\/\/almaschool.org\/politica-de-privacidade\/"},"modified":"2026-04-03T01:16:12","modified_gmt":"2026-04-02T22:16:12","slug":"politica-de-privacidade","status":"publish","type":"page","link":"https:\/\/almaschool.org\/pt-br\/politica-de-privacidade\/","title":{"rendered":"Pol\u00edtica de Privacidade"},"content":{"rendered":"\t\t<div data-elementor-type=\"wp-page\" data-elementor-id=\"6136\" class=\"elementor elementor-6136 elementor-3\" data-elementor-post-type=\"page\">\n\t\t\t\t<div class=\"elementor-element elementor-element-5c4f8519 e-flex e-con-boxed e-con e-parent\" data-id=\"5c4f8519\" data-element_type=\"container\" data-e-type=\"container\">\n\t\t\t\t\t<div class=\"e-con-inner\">\n\t\t\t\t<div class=\"elementor-element elementor-element-639c4f4c elementor-widget elementor-widget-text-editor\" data-id=\"639c4f4c\" data-element_type=\"widget\" data-e-type=\"widget\" data-widget_type=\"text-editor.default\">\n\t\t\t\t<div class=\"elementor-widget-container\">\n\t\t\t\t\t\t\t\t\t<p>Esta Pol\u00edtica de Privacidade (\u201c<strong>Pol\u00edtica de Privacidade<\/strong>\u201d) foi elaborada para inform\u00e1-lhe sobre como a Alma Inspira Ltd. (referida como a \u201c<strong>Empresa<\/strong>\u201d, \u201c<strong>n\u00f3s<\/strong>\u201d, \u201c<strong>nos<\/strong>\u201d ou \u201c<strong>nosso<\/strong>\u201d nesta Pol\u00edtica de Privacidade) trata seus Dados Pessoais quando voc\u00ea visita nosso site: https:\/\/almaschool.org\/ (\u201c<strong>Site<\/strong>\u201d) ou adquire quaisquer servi\u00e7os que oferecemos atrav\u00e9s do Site. \u201c<strong>Dados Pessoais<\/strong>\u201d significa qualquer informa\u00e7\u00e3o sobre um indiv\u00edduo a partir da qual essa pessoa possa ser identificada.<\/p><p>Por favor, leia atentamente esta Pol\u00edtica de Privacidade e verifique regularmente esta p\u00e1gina para revis\u00f5es e atualiza\u00e7\u00f5es que possamos introduzir de tempos em tempos.<\/p><p><strong>SE VOC\u00ca TIVER ALGUMA DEFICI\u00caNCIA E DESEJAR ACESSAR OU RECEBER UMA C\u00d3PIA DESTA POL\u00cdTICA EM OUTRO FORMATO ADEQUADO, POR FAVOR, ENTRE EM CONTATO CONOSCO UTILIZANDO NOSSOS <\/strong><strong>DADOS DE CONTATO ABAIXO.<\/strong><\/p><h5><strong>1. Dados coletados ou processados por n\u00f3s <\/strong><\/h5><p>Quando voc\u00ea acessa nosso Site, utiliza-o ou entra em contato conosco atrav\u00e9s dele, podemos coletar ou processar os seguintes tipos de Dados Pessoais sobre voc\u00ea:<\/p><ul><li><strong>Dados de Identidade<\/strong> incluem seu primeiro nome, sobrenome e detalhes e n\u00famero de identifica\u00e7\u00e3o (como n\u00famero de RG ou n\u00famero de passaporte).<\/li><li><strong>Dados de Contato<\/strong> incluem seu endere\u00e7o, cidadania, pa\u00eds ou resid\u00eancia, estado\/prov\u00edncia, endere\u00e7o de e-mail, fax e n\u00famero de telefone fixo ou celular.<\/li><li><strong>Dados Comerciais<\/strong> incluem seu nome de dom\u00ednio, nome da empresa e n\u00famero de registro da empresa.<\/li><li><strong>Dados de Pagamento<\/strong> incluem o n\u00famero do seu instrumento de pagamento (como um n\u00famero de cart\u00e3o de cr\u00e9dito) e informa\u00e7\u00f5es relacionadas, como o c\u00f3digo de seguran\u00e7a e a data de validade associados ao seu instrumento de pagamento.<\/li><li><strong>Dados de Uso<\/strong> incluem informa\u00e7\u00f5es sobre como voc\u00ea usa ou interage com nosso Site (como, quando voc\u00ea entrou no Site, quanto tempo permaneceu no Site e\/ou em uma p\u00e1gina espec\u00edfica do Site, quais fun\u00e7\u00f5es do nosso Site foram usadas por voc\u00ea etc.).<\/li><li><strong>Dados T\u00e9cnicos<\/strong> incluem informa\u00e7\u00f5es sobre sua conex\u00e3o com a internet (como seu endere\u00e7o IP e nome do provedor de servi\u00e7os de internet) e sobre o dispositivo e software usados por voc\u00ea para acessar o Site (por exemplo, tipo de navegador da web e sistema operacional do computador).<\/li><li><strong>Dados Adicionais de Consulta<\/strong> incluem informa\u00e7\u00f5es adicionais que voc\u00ea possa fornecer ao entrar em contato conosco atrav\u00e9s do Site ou ao se inscrever em qualquer um de nossos servi\u00e7os.<\/li><\/ul><p>Tamb\u00e9m coletamos, usamos e podemos compartilhar com terceiros dados agregados, como dados estat\u00edsticos, para qualquer finalidade. Essas informa\u00e7\u00f5es s\u00e3o anonimizadas, n\u00e3o revelam sua identidade e, portanto, n\u00e3o s\u00e3o consideradas Dados Pessoais. <\/p><h5><strong>2. Como coletamos seus Dados Pessoais<\/strong><\/h5><p>Usamos diferentes m\u00e9todos para coletar dados, incluindo os seguintes:<\/p><ul><li><strong>Intera\u00e7\u00f5es diretas<\/strong>. Quando voc\u00ea entra em contato conosco atrav\u00e9s do nosso Site, ou de outra forma fornece seus Dados Pessoais diretamente para n\u00f3s, ser\u00e1 solicitado que voc\u00ea nos forne\u00e7a seus Dados de Identidade, Dados de Contato e Dados Comerciais para que possamos fornecer nossos servi\u00e7os a voc\u00ea, responder \u00e0s suas perguntas ou solicita\u00e7\u00f5es ou de outra forma comunicar ou entrar em contato com voc\u00ea. Voc\u00ea tamb\u00e9m pode fornecer Dados Adicionais de Consulta nesses casos.  <\/li><li><strong>Tecnologias ou intera\u00e7\u00f5es automatizadas<\/strong>. Conforme voc\u00ea interage com nosso Site, coletamos automaticamente Dados T\u00e9cnicos e Dados de Uso, usando cookies, logs de servidor ou outras tecnologias. <\/li><li><strong>Terceiros ou fontes publicamente dispon\u00edveis<\/strong>. Podemos receber Dados Pessoais de terceiros, como provedores de an\u00e1lises e parceiros de publicidade e marketing. <\/li><\/ul><p>Voc\u00ea n\u00e3o est\u00e1 legalmente obrigado a nos fornecer quaisquer Dados Pessoais. Quaisquer Dados Pessoais que voc\u00ea optar por nos fornecer s\u00e3o fornecidos por sua pr\u00f3pria vontade. Se voc\u00ea preferir n\u00e3o nos fornecer nenhum Dado Pessoal, evite usar nosso Site ou qualquer um dos servi\u00e7os fornecidos atrav\u00e9s do nosso Site.  <\/p><p><strong><em>Protegendo os direitos de privacidade de terceiros<\/em><\/strong><\/p><p>Se voc\u00ea nos fornecer os Dados Pessoais de outra pessoa, deve garantir que tem permiss\u00e3o para faz\u00ea-lo.<\/p><p><strong><em>Per\u00edodo de reten\u00e7\u00e3o de dados<\/em><\/strong><\/p><p>Podemos reter seus Dados Pessoais pelo tempo necess\u00e1rio para cumprir as finalidades para as quais os coletamos, inclusive conforme possa ser necess\u00e1rio para atendermos a quaisquer requisitos legais ou de relat\u00f3rios.<\/p><h5><strong>3. Como usamos seus Dados Pessoais<\/strong><\/h5><p>Aqui est\u00e3o exemplos de como podemos usar seus Dados Pessoais:<\/p><ul><li>Podemos usar seus Dados de Identidade, Dados de Contato, Dados de Pagamento e Dados Comerciais para celebrar um contrato ou para executar tal contrato. Tamb\u00e9m podemos usar seus Dados de Uso e Dados T\u00e9cnicos para a execu\u00e7\u00e3o de um contrato com voc\u00ea (para fornecer servi\u00e7os a voc\u00ea atrav\u00e9s do nosso Site). <\/li><li>Podemos usar seus Dados de Contato e Dados Adicionais de Consulta para responder \u00e0s suas mensagens, solicita\u00e7\u00f5es ou perguntas e para gerenciar nosso relacionamento com voc\u00ea, incluindo notificar-lhe sobre altera\u00e7\u00f5es em nossos termos de uso ou Pol\u00edtica de Privacidade.<\/li><li>Podemos usar seus Dados de Uso, Dados T\u00e9cnicos e Dados de Contato para fins de marketing, para entregar conte\u00fado relevante e personalizado ou para enviar mensagens de servi\u00e7o (inclusive conforme possa ser necess\u00e1rio para fins de seguran\u00e7a).<\/li><li>Podemos usar seus Dados de Uso e Dados T\u00e9cnicos para melhorar nosso Site, servi\u00e7os, marketing, relacionamentos com clientes e experi\u00eancias, incluindo a personaliza\u00e7\u00e3o e customiza\u00e7\u00e3o de nosso conte\u00fado.<\/li><li>No caso de uma disputa legal entre voc\u00ea (e\/ou uma parte em seu nome) e n\u00f3s (e\/ou uma parte em nosso nome), podemos usar seus Dados Pessoais na medida relevante ou necess\u00e1ria em conex\u00e3o com tal disputa.<\/li><li>Tamb\u00e9m podemos usar seus Dados Pessoais para um ou mais dos seguintes fins: (a) conforme exigido por intima\u00e7\u00e3o, lei ou outro processo legal; (b) conforme possa ser necess\u00e1rio para auxiliar funcion\u00e1rios de aplica\u00e7\u00e3o da lei ou institui\u00e7\u00f5es governamentais de fiscaliza\u00e7\u00e3o; (c) conforme possa ser necess\u00e1rio para investigar e prevenir viola\u00e7\u00f5es de nossos termos de uso; (d) para manter a seguran\u00e7a de nosso Site e prevenir atividades fraudulentas ou ilegais; (e) conforme possa ser necess\u00e1rio para nos proteger de a\u00e7\u00f5es legais ou reivindica\u00e7\u00f5es de terceiros, incluindo voc\u00ea e\/ou outros usu\u00e1rios; ou (f) conforme possa ser necess\u00e1rio para proteger os direitos legais, propriedade ou seguran\u00e7a pessoal de nossa empresa, usu\u00e1rios, funcion\u00e1rios e afiliados.      <\/li><\/ul><p><strong><em>Comunica\u00e7\u00f5es promocionais<\/em><\/strong><\/p><p>Voc\u00ea pode receber de n\u00f3s comunica\u00e7\u00f5es de marketing ou informativas se tiver solicitado informa\u00e7\u00f5es e n\u00e3o tiver optado por n\u00e3o receber tais comunica\u00e7\u00f5es.<\/p><p><strong><em>Cookies e outras tecnologias de rastreamento <\/em><\/strong><\/p><p>Nosso Site usa cookies. Um cookie \u00e9 um pequeno dado ou um arquivo de texto que \u00e9 baixado para o seu dispositivo quando voc\u00ea acessa nosso Site. Os cookies podem conter texto que pode ser lido pelo servidor web que entregou o cookie a voc\u00ea. O texto contido no cookie geralmente consiste em uma sequ\u00eancia de letras e n\u00fameros que identifica exclusivamente seu dispositivo. Ele tamb\u00e9m pode conter outras informa\u00e7\u00f5es.    <\/p><p>A maioria dos navegadores da web pode ser configurada para desativar o uso de cookies. No entanto, voc\u00ea deve levar em considera\u00e7\u00e3o que, ao desativar os cookies, voc\u00ea pode fazer com que alguns dos recursos em nosso Site operem ou sejam exibidos incorretamente ou se tornem inacess\u00edveis. <\/p><p>Nosso Site pode usar servi\u00e7os como o Google Analytics (ou provedores de servi\u00e7os similares) para coletar informa\u00e7\u00f5es sobre o uso do nosso Site. Esses servi\u00e7os de an\u00e1lise coletam informa\u00e7\u00f5es dos usu\u00e1rios, como idade, g\u00eanero, interesses, dados demogr\u00e1ficos, com que frequ\u00eancia visitam nosso Site, quais p\u00e1ginas visitam e quais outros sites eles usaram antes de chegar ao nosso Site. Usamos essas informa\u00e7\u00f5es para analisar o tr\u00e1fego, fazer remarketing de nossos produtos e servi\u00e7os aos usu\u00e1rios, melhorar nosso marketing, publicidade e para melhorar nosso Site.  <\/p><p><strong><em>Links de terceiros<\/em><\/strong><em> <\/em><\/p><p>Nosso Site pode incluir links para sites de terceiros, plug-ins e aplicativos. Ao clicar ou interagir com esses links e conte\u00fados, voc\u00ea pode fazer com que seus dados sejam compartilhados com o terceiro relevante. N\u00e3o controlamos esses sites de terceiros e n\u00e3o somos respons\u00e1veis por suas pol\u00edticas de privacidade e conformidade.  <\/p><p><strong><em>Transfer\u00eancia internacional de dados <\/em><\/strong><\/p><p>Podemos transferir seus Dados Pessoais para pa\u00edses fora do pa\u00eds em que voc\u00ea reside que n\u00e3o necessariamente fornecem o mesmo n\u00edvel de prote\u00e7\u00e3o de dados previsto nas leis do pa\u00eds em que voc\u00ea reside.<\/p><h5><strong>4. Compartilhando seus Dados Pessoais com terceiros<\/strong><\/h5><p>Podemos compartilhar Dados Pessoais com terceiros que nos fornecem certos servi\u00e7os que permitem a opera\u00e7\u00e3o de nosso Site. Por exemplo, podemos compartilhar seus Dados de Identidade, Dados de Contato, Dados de Uso e Dados T\u00e9cnicos com provedores de an\u00e1lise da web, servi\u00e7os de e-mail e outros provedores de servi\u00e7os que nos auxiliam na manuten\u00e7\u00e3o e opera\u00e7\u00e3o de nosso Site e na habilita\u00e7\u00e3o de nossos servi\u00e7os. Como mencionado acima, nossos fornecedores de processamento de pagamento tamb\u00e9m podem processar seus Dados de Pagamento para facilitar e processar seu pagamento por servi\u00e7os oferecidos atrav\u00e9s do nosso Site.  <\/p><p><span style=\"mso-spacerun: 'yes'; font-family: 'Times New Roman'; mso-fareast-font-family: \u7b49\u7ebf; color: #000000; mso-bidi-font-weight: bold;\">Servi\u00e7os de terceiros que utilizamos (lista n\u00e3o exaustiva): <\/span><span style=\"mso-spacerun: 'yes'; font-family: 'Times New Roman'; mso-fareast-font-family: \u7b49\u7ebf; color: #000000;\">Google Analytics (GA4) \u2013 para an\u00e1lise de uso do website; Facebook Pixel \u2013 para marketing e rastreamento de conversa\u00e7\u00f5es; Hotjar \u2013 para grava\u00e7\u00e3o de sess\u00f5es e mapas de calor; Zoho Mail \u2013 para servi\u00e7os de e-mail; MailerSend \u2013 para e-mails transacionais; Mailchimp \u2013 para boletins informativos de marketing.<\/span><\/p><p style=\"margin-bottom: 6.0000pt; mso-layout-grid-align: none; text-autospace: none; text-align: justify; text-justify: inter-ideograph;\" align=\"justify\"><span style=\"text-align: start;\">Tamb\u00e9m podemos compartilhar seus Dados Pessoais com autoridades legais e regulat\u00f3rias na medida exigida pela lei aplic\u00e1vel e com nossos consultores jur\u00eddicos na medida necess\u00e1ria para a presta\u00e7\u00e3o de seus servi\u00e7os a n\u00f3s.<\/span><\/p><h5><strong>5. Menores<\/strong><\/h5><p>Para usar o Site, voc\u00ea deve ter pelo menos 18 anos de idade, ou mais se assim exigido pelas leis do pa\u00eds em que voc\u00ea reside. N\u00e3o coletamos conscientemente Dados Pessoais de menores de 18 anos. Se voc\u00ea \u00e9 pai ou respons\u00e1vel legal e tem motivos para acreditar que seu filho possa ter nos fornecido seus Dados Pessoais, entre em contato conosco usando os Dados de Contato abaixo.  <\/p><h5><strong>6. Seguran\u00e7a dos dados<\/strong><\/h5><p>Implementamos medidas de seguran\u00e7a destinadas a prevenir a perda acidental ou ilegal, uso, altera\u00e7\u00e3o ou divulga\u00e7\u00e3o de seus Dados Pessoais. Tamb\u00e9m mantemos salvaguardas t\u00e9cnicas e f\u00edsicas razo\u00e1veis para proteger seus Dados Pessoais. Infelizmente, n\u00e3o podemos garantir que casos de perda, uso indevido ou vazamento de seus Dados Pessoais nunca ocorrer\u00e3o devido \u00e0 natureza vulner\u00e1vel da transmiss\u00e3o de dados pela Internet.  <\/p><h5><strong>7. Seus direitos <\/strong><\/h5><p>Certas leis de privacidade fornecem aos usu\u00e1rios direitos relacionados aos seus Dados Pessoais. Na medida em que tais leis se apliquem aos seus Dados Pessoais, voc\u00ea pode ter os seguintes direitos: <\/p><ul><li><strong>Acesso<\/strong>: Voc\u00ea pode nos pedir para fornecer uma c\u00f3pia dos Dados Pessoais que mantemos sobre voc\u00ea.<\/li><li><strong>Corre\u00e7\u00e3o<\/strong>: Voc\u00ea pode nos pedir para corrigir dados imprecisos ou incompletos ou completar dados parciais ou incompletos.<\/li><li><strong>Exclus\u00e3o ou Transfer\u00eancia<\/strong>: Voc\u00ea pode nos pedir para excluir ou remover seus Dados Pessoais. Se n\u00e3o pudermos atender a tal solicita\u00e7\u00e3o, notificaremos voc\u00ea dos motivos espec\u00edficos de nossa decis\u00e3o. Voc\u00ea tamb\u00e9m pode nos pedir para transferir seus Dados Pessoais para voc\u00ea ou para um terceiro designado por voc\u00ea.  <\/li><li><strong>Obje\u00e7\u00e3o ao processamento<\/strong>: Voc\u00ea pode se opor ao processamento de seus Dados Pessoais se acreditar que nosso processamento de seus Dados Pessoais \u00e9 ilegal ou de outra forma viola seus direitos e liberdades.<\/li><li><strong>Restri\u00e7\u00e3o de processamento<\/strong>: Voc\u00ea pode nos pedir para temporariamente nos abster de processar seus Dados Pessoais, por exemplo, quando acreditar que tais dados s\u00e3o imprecisos ou incompletos ou que n\u00e3o precisamos mais processar tais dados para uma finalidade espec\u00edfica, mas deseja que os retenhamos para uso futuro.<\/li><li><strong>Portabilidade de Dados<\/strong>: Voc\u00ea pode solicitar que transfiramos seus Dados Pessoais para voc\u00ea ou para um terceiro. Este direito se aplica quando obtemos e processamos os seus dados com base em seu consentimento ou quando usamos as informa\u00e7\u00f5es para executar um contrato com voc\u00ea. <\/li><li><strong>Retirar consentimento<\/strong>: A qualquer momento, voc\u00ea pode retirar seu consentimento previamente dado a n\u00f3s para processar seus Dados Pessoais.<\/li><\/ul><p>Se desejar exercer qualquer um dos direitos acima, entre em contato conosco usando os detalhes de contato fornecidos abaixo. Podemos solicitar que voc\u00ea forne\u00e7a informa\u00e7\u00f5es adicionais (incluindo informa\u00e7\u00f5es que possam ser necess\u00e1rias para confirmar sua identidade) antes de agir em qualquer solicita\u00e7\u00e3o e podemos concluir que n\u00e3o somos obrigados a cumprir tal solicita\u00e7\u00e3o (nesse caso, forneceremos os motivos para nossa decis\u00e3o). Observe que podemos precisar de algum tempo para responder e agir sobre qualquer solicita\u00e7\u00e3o enviada a n\u00f3s. Tentamos responder a todas as solicita\u00e7\u00f5es leg\u00edtimas dentro de um m\u00eas (ou menos, se exigido por lei).    <\/p><h5><strong>8. Detalhes de contato<\/strong><\/h5><p>Se voc\u00ea tiver alguma solicita\u00e7\u00e3o, d\u00favida ou preocupa\u00e7\u00e3o em rela\u00e7\u00e3o a qualquer coisa nesta Pol\u00edtica de Privacidade, entre em contato conosco: <\/p><p>E-mail: <span style=\"font-family: Arial; font-size: 10.5pt;\">helpdesk@almaschool.org<\/span><\/p><p>Endere\u00e7o postal: 17 <span dir=\"RTL\" style=\"font-family: Arial; color: #5a5a5a; letter-spacing: 0pt; font-size: 9.5pt; background: #fafbfd;\"><span style=\"font-family: Arial;\">P<\/span><\/span><span dir=\"LTR\" style=\"font-family: Arial; color: #5a5a5a; letter-spacing: 0pt; font-size: 9.5pt; background: #fafbfd;\">razon , Prazon 1935500 <\/span>, Israel<\/p><p>Voc\u00ea tem o direito de fazer uma reclama\u00e7\u00e3o a qualquer momento \u00e0s autoridades relevantes de prote\u00e7\u00e3o de dados. No entanto, apreciar\u00edamos a oportunidade de abordar suas preocupa\u00e7\u00f5es antes que voc\u00ea procure uma autoridade de prote\u00e7\u00e3o de dados. <\/p><h5><strong>9. Altera\u00e7\u00f5es nesta Pol\u00edtica de Privacidade<\/strong><\/h5><p>Reservamo-nos o direito de alterar esta Pol\u00edtica de Privacidade a qualquer momento. Nesse caso, publicaremos uma vers\u00e3o atualizada desta Pol\u00edtica de Privacidade para que nossos usu\u00e1rios e clientes estejam sempre cientes de quais informa\u00e7\u00f5es coletamos e como as utilizamos. <\/p><p>Seu uso cont\u00ednuo do nosso site e servi\u00e7os ap\u00f3s qualquer altera\u00e7\u00e3o nesta Pol\u00edtica de Privacidade constituir\u00e1 aceita\u00e7\u00e3o de tal altera\u00e7\u00e3o.<\/p><p style=\"margin-left: 0.0000pt; text-indent: 0.0000pt; padding: 0pt 0pt 0pt 0pt; mso-pagination: widow-orphan; background: #fafbfd;\"><b><span class=\"15\" style=\"font-family: Arial; color: #5a5a5a; letter-spacing: 0pt; font-size: 9.5pt; background-image: initial; background-position: initial; background-size: initial; background-repeat: initial; background-attachment: initial; background-origin: initial; background-clip: initial;\">\u00daltima atualiza\u00e7\u00e3o: <\/span><\/b><b><span class=\"15\" style=\"font-family: Arial; color: #5a5a5a; letter-spacing: 0pt; font-size: 9.5pt; background-image: initial; background-position: initial; background-size: initial; background-repeat: initial; background-attachment: initial; background-origin: initial; background-clip: initial;\">2 de mar\u00e7o de 2026.<\/span><\/b><\/p>\t\t\t\t\t\t\t\t<\/div>\n\t\t\t\t<\/div>\n\t\t\t\t\t<\/div>\n\t\t\t\t<\/div>\n\t\t\t\t<\/div>\n\t\t","protected":false},"excerpt":{"rendered":"<p>Esta Pol\u00edtica de Privacidade (\u201cPol\u00edtica de Privacidade\u201d) foi elaborada para inform\u00e1-lhe sobre como a Alma Inspira Ltd. (referida como a \u201cEmpresa\u201d, \u201cn\u00f3s\u201d, \u201cnos\u201d ou \u201cnosso\u201d nesta Pol\u00edtica de Privacidade) trata seus Dados Pessoais quando voc\u00ea visita nosso site: https:\/\/almaschool.org\/ (\u201cSite\u201d) ou adquire quaisquer servi\u00e7os que oferecemos atrav\u00e9s do Site. \u201cDados Pessoais\u201d significa qualquer informa\u00e7\u00e3o sobre &#8230; <a title=\"Pol\u00edtica de Privacidade\" class=\"read-more\" href=\"https:\/\/almaschool.org\/pt-br\/politica-de-privacidade\/\" aria-label=\"Read more about Pol\u00edtica de Privacidade\">Ler mais<\/a><\/p>\n","protected":false},"author":1,"featured_media":0,"parent":0,"menu_order":0,"comment_status":"closed","ping_status":"open","template":"","meta":{"_themeisle_gutenberg_block_has_review":false,"footnotes":""},"class_list":["post-6136","page","type-page","status-publish"],"aioseo_notices":[],"_links":{"self":[{"href":"https:\/\/almaschool.org\/pt-br\/wp-json\/wp\/v2\/pages\/6136","targetHints":{"allow":["GET"]}}],"collection":[{"href":"https:\/\/almaschool.org\/pt-br\/wp-json\/wp\/v2\/pages"}],"about":[{"href":"https:\/\/almaschool.org\/pt-br\/wp-json\/wp\/v2\/types\/page"}],"author":[{"embeddable":true,"href":"https:\/\/almaschool.org\/pt-br\/wp-json\/wp\/v2\/users\/1"}],"replies":[{"embeddable":true,"href":"https:\/\/almaschool.org\/pt-br\/wp-json\/wp\/v2\/comments?post=6136"}],"version-history":[{"count":2,"href":"https:\/\/almaschool.org\/pt-br\/wp-json\/wp\/v2\/pages\/6136\/revisions"}],"predecessor-version":[{"id":30101,"href":"https:\/\/almaschool.org\/pt-br\/wp-json\/wp\/v2\/pages\/6136\/revisions\/30101"}],"wp:attachment":[{"href":"https:\/\/almaschool.org\/pt-br\/wp-json\/wp\/v2\/media?parent=6136"}],"curies":[{"name":"wp","href":"https:\/\/api.w.org\/{rel}","templated":true}]}}