{"id":5632,"date":"2023-05-19T00:39:50","date_gmt":"2023-05-18T21:39:50","guid":{"rendered":"https:\/\/almaschool.org\/sobre-a-nossa-escola\/"},"modified":"2026-02-13T00:26:09","modified_gmt":"2026-02-12T22:26:09","slug":"sobre-a-nossa-escola","status":"publish","type":"page","link":"https:\/\/almaschool.org\/pt-br\/sobre-a-nossa-escola\/","title":{"rendered":"Sobre a nossa escola"},"content":{"rendered":"\t\t<div data-elementor-type=\"wp-page\" data-elementor-id=\"5632\" class=\"elementor elementor-5632 elementor-666\" data-elementor-post-type=\"page\">\n\t\t\t\t\t\t<section class=\"elementor-section elementor-top-section elementor-element elementor-element-6270511 elementor-section-height-min-height elementor-section-full_width elementor-section-stretched elementor-section-height-default elementor-section-items-middle\" data-id=\"6270511\" data-element_type=\"section\" data-e-type=\"section\" data-settings=\"{&quot;background_background&quot;:&quot;classic&quot;,&quot;stretch_section&quot;:&quot;section-stretched&quot;}\">\n\t\t\t\t\t\t\t<div class=\"elementor-background-overlay\"><\/div>\n\t\t\t\t\t\t\t<div class=\"elementor-container elementor-column-gap-no\">\n\t\t\t\t\t<div class=\"elementor-column elementor-col-100 elementor-top-column elementor-element elementor-element-690c473\" data-id=\"690c473\" data-element_type=\"column\" data-e-type=\"column\">\n\t\t\t<div class=\"elementor-widget-wrap elementor-element-populated\">\n\t\t\t\t\t\t<section class=\"elementor-section elementor-inner-section elementor-element elementor-element-b450ff7 elementor-section-boxed elementor-section-height-default elementor-section-height-default\" data-id=\"b450ff7\" data-element_type=\"section\" data-e-type=\"section\">\n\t\t\t\t\t\t<div class=\"elementor-container elementor-column-gap-default\">\n\t\t\t\t\t<div class=\"elementor-column elementor-col-100 elementor-inner-column elementor-element elementor-element-daa3600\" data-id=\"daa3600\" data-element_type=\"column\" data-e-type=\"column\">\n\t\t\t<div class=\"elementor-widget-wrap elementor-element-populated\">\n\t\t\t\t\t\t<div class=\"elementor-element elementor-element-aa18a5a elementor-invisible elementor-widget elementor-widget-heading\" data-id=\"aa18a5a\" data-element_type=\"widget\" data-e-type=\"widget\" data-settings=\"{&quot;_animation&quot;:&quot;fadeInUp&quot;}\" data-widget_type=\"heading.default\">\n\t\t\t\t<div class=\"elementor-widget-container\">\n\t\t\t\t\t<h1 class=\"elementor-heading-title elementor-size-xxl\">Sobre n\u00f3s<\/h1>\t\t\t\t<\/div>\n\t\t\t\t<\/div>\n\t\t\t\t\t<\/div>\n\t\t<\/div>\n\t\t\t\t\t<\/div>\n\t\t<\/section>\n\t\t\t\t\t<\/div>\n\t\t<\/div>\n\t\t\t\t\t<\/div>\n\t\t<\/section>\n\t\t<div class=\"elementor-element elementor-element-0d93bfa e-flex e-con-boxed e-con e-parent\" data-id=\"0d93bfa\" data-element_type=\"container\" data-e-type=\"container\">\n\t\t\t\t\t<div class=\"e-con-inner\">\n\t\t<div class=\"elementor-element elementor-element-9d27f9d e-con-full e-flex e-con e-child\" data-id=\"9d27f9d\" data-element_type=\"container\" data-e-type=\"container\">\n\t\t\t\t<div class=\"elementor-element elementor-element-1e67ece elementor-widget__width-initial elementor-invisible elementor-widget elementor-widget-text-editor\" data-id=\"1e67ece\" data-element_type=\"widget\" data-e-type=\"widget\" data-settings=\"{&quot;_animation&quot;:&quot;fadeInUp&quot;}\" data-widget_type=\"text-editor.default\">\n\t\t\t\t<div class=\"elementor-widget-container\">\n\t\t\t\t\t\t\t\t\t<p>Voc\u00ea que busca um prop\u00f3sito mais elevado na vida e n\u00e3o quer se conformar em apenas sobreviver.<\/p><p>Voc\u00ea que formula as grandes quest\u00f5es sobre a exist\u00eancia humana, mas que ainda n\u00e3o encontrou as respostas.<\/p><p>Voc\u00ea que anseia pela luz da Verdade eterna, ainda que todos ao seu redor aleguem que n\u00e3o existe uma verdade \u00fanica.<\/p><p>Voc\u00ea que tem sede de aproxima\u00e7\u00e3o com Deus e j\u00e1 percebeu que Deus e religi\u00e3o s\u00e3o coisas completamente diferentes.<\/p><p>Voc\u00ea que ainda n\u00e3o se lembrou da sua promessa de estar entre aqueles que levar\u00e3o a humanidade na dire\u00e7\u00e3o da Nova Era, e que portanto caminha pelo mundo sem sossego, incapaz de encontrar a paz.<\/p>\t\t\t\t\t\t\t\t<\/div>\n\t\t\t\t<\/div>\n\t\t\t\t<div class=\"elementor-element elementor-element-4fe3dec elementor-widget__width-initial elementor-invisible elementor-widget elementor-widget-text-editor\" data-id=\"4fe3dec\" data-element_type=\"widget\" data-e-type=\"widget\" data-settings=\"{&quot;_animation&quot;:&quot;fadeInUp&quot;}\" data-widget_type=\"text-editor.default\">\n\t\t\t\t<div class=\"elementor-widget-container\">\n\t\t\t\t\t\t\t\t\t<p><strong>Para voc\u00ea, a &#8220;alma Escola para a Humanidade&#8221; foi estabelecida com o prop\u00f3sito de despertar, iluminar, recordar e guiar o esp\u00edrito de cada um de voc\u00eas em dire\u00e7\u00e3o da realiza\u00e7\u00e3o dessa promessa antiga, para o que voc\u00ea encarnou neste mundo.<\/strong><\/p>\t\t\t\t\t\t\t\t<\/div>\n\t\t\t\t<\/div>\n\t\t\t\t<\/div>\n\t\t\t\t\t<\/div>\n\t\t\t\t<\/div>\n\t\t<div class=\"elementor-element elementor-element-9ebc932 e-flex e-con-boxed e-con e-parent\" data-id=\"9ebc932\" data-element_type=\"container\" data-e-type=\"container\">\n\t\t\t\t\t<div class=\"e-con-inner\">\n\t\t\t\t<div class=\"elementor-element elementor-element-4d7d5b0 elementor-widget elementor-widget-heading\" data-id=\"4d7d5b0\" data-element_type=\"widget\" data-e-type=\"widget\" data-widget_type=\"heading.default\">\n\t\t\t\t<div class=\"elementor-widget-container\">\n\t\t\t\t\t<h2 class=\"elementor-heading-title elementor-size-default\">O curriculum<\/h2>\t\t\t\t<\/div>\n\t\t\t\t<\/div>\n\t\t\t\t<div class=\"elementor-element elementor-element-e15e66b elementor-widget__width-initial elementor-invisible elementor-widget elementor-widget-text-editor\" data-id=\"e15e66b\" data-element_type=\"widget\" data-e-type=\"widget\" data-settings=\"{&quot;_animation&quot;:&quot;fadeInUp&quot;}\" data-widget_type=\"text-editor.default\">\n\t\t\t\t<div class=\"elementor-widget-container\">\n\t\t\t\t\t\t\t\t\t<ul><li><strong>S\u00e9rie de palestras gratuitas \u2013 <\/strong>&#8220;Um Novo Ser Humano. Um Novo Mundo&#8221;<strong> | <\/strong><a href=\"https:\/\/almaschool.org\/pt-br\/palestras-e-podcasts\/\" target=\"_blank\" rel=\"noopener\"><strong>Clique aqui &gt;&gt;<\/strong><\/a> <\/li><li><strong>Curse fundamental \u2013 DEIXAI IR O MEU ESP\u00cdRITO<\/strong>!<strong> | <\/strong><a href=\"https:\/\/almaschool.org\/pt-br\/deixai-ir-o-meu-espirito\/\" target=\"_blank\" rel=\"noopener\"><strong>Clique aqui &gt;&gt;<\/strong><\/a><br>DEIXAI IR O MEU ESP\u00cdRITO!<strong style=\"font-size: inherit;\"> programa Train-the-Trainer | <\/strong><a style=\"font-size: inherit;\" href=\"https:\/\/almaschool.org\/train-the-trainer-course\/\"><strong>Clique aqui &gt;&gt;<\/strong><\/a> <\/li><\/ul><ul><li><strong>Enrichment Curses de enriquecimento \u2013<br><\/strong>Semin\u00e1rio Rainha (Um Semin\u00e1rio para Mulheres)<strong style=\"font-size: inherit;\"> | <\/strong><a style=\"font-size: inherit;\" href=\"https:\/\/almaschool.org\/pt-br\/rainha\/\" target=\"_blank\" rel=\"noopener\"><strong>Clique aqui &gt;&gt;<\/strong><\/a><br>Hist\u00f3rias para a Alma<strong style=\"font-size: inherit;\"> | <\/strong><a style=\"font-size: inherit;\" href=\"https:\/\/almaschool.org\/pt-br\/historias-para-a-alma\/\" target=\"_blank\" rel=\"noopener\"><strong>Clique aqui &gt;&gt;<\/strong><\/a> <\/li><\/ul><ul><li><strong>Advanced Studies \u2013 <\/strong>The Program for High Knowledge<strong> | <\/strong><a href=\"https:\/\/almaschool.org\/pt-br\/o-programa-para-um-saber-elevado\/\" target=\"_blank\" rel=\"noopener\"><strong>Click here &gt;&gt;<\/strong><\/a> <\/li><\/ul>\t\t\t\t\t\t\t\t<\/div>\n\t\t\t\t<\/div>\n\t\t\t\t\t<\/div>\n\t\t\t\t<\/div>\n\t\t<div class=\"elementor-element elementor-element-c87f9ce e-flex e-con-boxed e-con e-parent\" data-id=\"c87f9ce\" data-element_type=\"container\" data-e-type=\"container\" data-settings=\"{&quot;background_background&quot;:&quot;classic&quot;}\">\n\t\t\t\t\t<div class=\"e-con-inner\">\n\t\t\t\t<div class=\"elementor-element elementor-element-b50c96f elementor-widget__width-initial elementor-invisible elementor-widget elementor-widget-heading\" data-id=\"b50c96f\" data-element_type=\"widget\" data-e-type=\"widget\" data-settings=\"{&quot;_animation&quot;:&quot;fadeInUp&quot;}\" data-widget_type=\"heading.default\">\n\t\t\t\t<div class=\"elementor-widget-container\">\n\t\t\t\t\t<h2 class=\"elementor-heading-title elementor-size-default\">A escola \u00e9 um Chamado ao esp\u00edrito humano para que reconhe\u00e7a e cumpra sua miss\u00e3o \u00fanica na Cria\u00e7\u00e3o, dedicando-se em benef\u00edcio de toda a humanidade.<\/h2>\t\t\t\t<\/div>\n\t\t\t\t<\/div>\n\t\t\t\t\t<\/div>\n\t\t\t\t<\/div>\n\t\t<div class=\"elementor-element elementor-element-7c86100 e-flex e-con-boxed e-con e-parent\" data-id=\"7c86100\" data-element_type=\"container\" data-e-type=\"container\">\n\t\t\t\t\t<div class=\"e-con-inner\">\n\t\t\t\t<div class=\"elementor-element elementor-element-6cb9058 elementor-invisible elementor-widget elementor-widget-image\" data-id=\"6cb9058\" data-element_type=\"widget\" data-e-type=\"widget\" data-settings=\"{&quot;motion_fx_motion_fx_scrolling&quot;:&quot;yes&quot;,&quot;_animation&quot;:&quot;fadeInUp&quot;,&quot;motion_fx_motion_fx_mouse&quot;:&quot;yes&quot;,&quot;motion_fx_devices&quot;:[&quot;desktop&quot;,&quot;tablet&quot;,&quot;mobile&quot;]}\" data-widget_type=\"image.default\">\n\t\t\t\t<div class=\"elementor-widget-container\">\n\t\t\t\t\t\t\t\t\t\t\t\t\t\t\t<img fetchpriority=\"high\" decoding=\"async\" width=\"300\" height=\"300\" src=\"https:\/\/almaschool.org\/wp-content\/uploads\/2025\/10\/6-300x300.png\" class=\"attachment-medium size-medium wp-image-18131\" alt=\"\" srcset=\"https:\/\/almaschool.org\/wp-content\/uploads\/2025\/10\/6-300x300.png 300w, https:\/\/almaschool.org\/wp-content\/uploads\/2025\/10\/6-1024x1024.png 1024w, https:\/\/almaschool.org\/wp-content\/uploads\/2025\/10\/6-150x150.png 150w, https:\/\/almaschool.org\/wp-content\/uploads\/2025\/10\/6-768x768.png 768w, https:\/\/almaschool.org\/wp-content\/uploads\/2025\/10\/6.png 1080w\" sizes=\"(max-width: 300px) 100vw, 300px\" \/>\t\t\t\t\t\t\t\t\t\t\t\t\t\t\t<\/div>\n\t\t\t\t<\/div>\n\t\t\t\t<div class=\"elementor-element elementor-element-8aa5627 queen_step elementor-widget__width-initial elementor-invisible elementor-widget elementor-widget-heading\" data-id=\"8aa5627\" data-element_type=\"widget\" data-e-type=\"widget\" data-settings=\"{&quot;_animation&quot;:&quot;fadeInUp&quot;}\" data-widget_type=\"heading.default\">\n\t\t\t\t<div class=\"elementor-widget-container\">\n\t\t\t\t\t<h1 class=\"elementor-heading-title elementor-size-default\">A fundadora da escola\n<\/h1>\t\t\t\t<\/div>\n\t\t\t\t<\/div>\n\t\t\t\t<div class=\"elementor-element elementor-element-2b2b2af elementor-widget__width-initial queen_step elementor-invisible elementor-widget elementor-widget-heading\" data-id=\"2b2b2af\" data-element_type=\"widget\" data-e-type=\"widget\" data-settings=\"{&quot;_animation&quot;:&quot;fadeInUp&quot;}\" data-widget_type=\"heading.default\">\n\t\t\t\t<div class=\"elementor-widget-container\">\n\t\t\t\t\t<h1 class=\"elementor-heading-title elementor-size-default\">Hagit Rabbi<\/h1>\t\t\t\t<\/div>\n\t\t\t\t<\/div>\n\t\t\t\t<div class=\"elementor-element elementor-element-7ec2c71 elementor-widget__width-initial elementor-invisible elementor-widget elementor-widget-text-editor\" data-id=\"7ec2c71\" data-element_type=\"widget\" data-e-type=\"widget\" data-settings=\"{&quot;_animation&quot;:&quot;fadeInUp&quot;}\" data-widget_type=\"text-editor.default\">\n\t\t\t\t<div class=\"elementor-widget-container\">\n\t\t\t\t\t\t\t\t\t<p><span style=\"white-space: pre-wrap;\"><b>Quando uma pessoa recebe um Chamado da Luz, tudo o que \u00e9 pessoal para ela perde a import\u00e2ncia. Ela compreende de imediato que tudo o que aconteceu em sua vida antes do Chamado para servir foi apenas uma prepara\u00e7\u00e3o para o momento de cumprimento. O cumprimento da antiga promessa feita pelo seu esp\u00edrito, e h\u00e1 muito esquecida, de servir \u00e0 Luz.  <\/b><\/span><\/p><p>Ao longo da minha vida, sempre busquei a verdade.<br>Desde muito jovem, procurei em diferentes lugares na tentativa de encontrar as respostas \u00e0s grandes quest\u00f5es da exist\u00eancia humana.<\/p><p>Comecei com uma busca acad\u00eamica nos departamentos de Filosofia e Talmud da Universidade Hebraica. Depois, continuei a estudar Cabala e Juda\u00edsmo Hass\u00eddico diretamente com um rabino ortodoxo. Al\u00e9m disso, pesquisei independentemente a filosofia oriental, v\u00e1rias religi\u00f5es, a psicologia, modalidades de comunica\u00e7\u00e3o, educa\u00e7\u00e3o alternativa, literatura, poesia, m\u00fasica, nutri\u00e7\u00e3o, medicina hol\u00edstica e bem-estar f\u00edsico.  <\/p><p>Procurei e busquei, mas terminei de m\u00e3os vazias.<\/p><p>N\u00e3o encontrei a verdade. N\u00e3o encontrei Deus. N\u00e3o encontrei o sentido da vida em um mundo que parecia cada vez mais triste, frio e alienado.  <\/p><p>Naquela \u00e9poca, aparentemente, eu tinha tudo o que uma mulher poderia desejar, mas o meu esp\u00edrito sofria terrivelmente.<\/p><p>O ano 2000 foi um ponto de virada na minha vida.<\/p><p>Durante uma estada na Am\u00e9rica do Sul, um livro misterioso caiu nas minhas m\u00e3os. Ele me atraiu automaticamente, j\u00e1 que o plano da Luz era que o meu esp\u00edrito simplesmente tinha que me levar at\u00e9 ele. Esse livro revelou o conhecimento completo e elevado sobre tudo o que existe entre o ser humano e o Criador e n\u00e3o deixou nenhuma pergunta ardente sem resposta.  <\/p><p>Durante os sete anos de ex\u00edlio, de descobertas e revela\u00e7&#8217;oes no meu \u201cdeserto\u201d proverbial pessoal, no sul do Chile, a minha consci\u00eancia se ampliou, do n\u00edvel de reconhecimento para o da viv\u00eancia e, finalmente, para o n\u00edvel de total convic\u00e7\u00e3o na perfei\u00e7\u00e3o da Cria\u00e7\u00e3o e no Amor Divino do Criador.<\/p><p>Ent\u00e3o, tamb\u00e9m me lembrei do juramento que meu esp\u00edrito havia feito, de dedicar minha vida ao servir a Deus.<\/p><p>De ser uma ponte para o conhecimento sublime que aquele livro cont\u00e9m, por meio do estabelecimento de uma escola. Esta \u00e9 a minha miss\u00e3o na Cria\u00e7\u00e3o.<\/p><p>Em 2007, a primeira escola Alma Inspira foi fundada em Buenos Aires. Posteriormente, os programas da escola tamb\u00e9m ficaram dispon\u00edveis em outros lugares da Am\u00e9rica do Sul. <\/p><p>A pandemia de Covid sinalizou o in\u00edcio de uma nova era e, consequentemente, em 2021, eu retornei ao meu local de nascimento para estabelecer a escola Alma Inspira em Israel.<\/p><p>Em 2023, a Alma Escola para a Humanidade foi lan\u00e7ada para o mundo e para todas as pessoas, quem quer que seja e onde quer que esteja.<\/p><p>No entanto, a ponte tem apenas uma fun\u00e7\u00e3o: permitir a passagem segura <span style=\"background-color: var(--base-3);\">de um lugar para outro.<br><\/span><\/p><p><b><span style=\"white-space-collapse: preserve;\"><br>Minha miss\u00e3o \u00e9 cumprida no momento em que o esp\u00edrito humano \u00e9 capaz de atravessar a ponte para alcan\u00e7ar o conhecimento elevado, que foi trazido \u00e0 humanidade pelos Escolhidos por Deus, e de l\u00e1 ascender \u00e0s Alturas Luminosas.<\/span><br><\/b><\/p><p>Se durante este per\u00edodo cr\u00edtico para a humanidade, mais esp\u00edritos humanos ouvirem o Chamado, lembrarem-se de sua promessa e trabalharem para cumprir sua miss\u00e3o, juntos, poderemos ascender ao lugar destinado a todos n\u00f3s pela Luz.<\/p>\t\t\t\t\t\t\t\t<\/div>\n\t\t\t\t<\/div>\n\t\t\t\t\t<\/div>\n\t\t\t\t<\/div>\n\t\t<div class=\"elementor-element elementor-element-d238e0c e-flex e-con-boxed e-con e-parent\" data-id=\"d238e0c\" data-element_type=\"container\" data-e-type=\"container\" data-settings=\"{&quot;background_background&quot;:&quot;classic&quot;}\">\n\t\t\t\t\t<div class=\"e-con-inner\">\n\t\t<div class=\"elementor-element elementor-element-39f18b1 e-con-full e-flex e-con e-child\" data-id=\"39f18b1\" data-element_type=\"container\" data-e-type=\"container\" data-settings=\"{&quot;background_background&quot;:&quot;classic&quot;}\">\n\t\t\t\t<div class=\"elementor-element elementor-element-61aeb2f elementor-widget__width-initial queen_step elementor-invisible elementor-widget elementor-widget-heading\" data-id=\"61aeb2f\" data-element_type=\"widget\" data-e-type=\"widget\" data-settings=\"{&quot;_animation&quot;:&quot;fadeInUp&quot;}\" data-widget_type=\"heading.default\">\n\t\t\t\t<div class=\"elementor-widget-container\">\n\t\t\t\t\t<h2 class=\"elementor-heading-title elementor-size-default\">Respostas \u00e0s Suas Quest\u00f5es<\/h2>\t\t\t\t<\/div>\n\t\t\t\t<\/div>\n\t\t\t\t<\/div>\n\t\t\t\t<div class=\"elementor-element elementor-element-22285d4 elementor-widget__width-initial elementor-invisible elementor-widget elementor-widget-text-editor\" data-id=\"22285d4\" data-element_type=\"widget\" data-e-type=\"widget\" data-settings=\"{&quot;_animation&quot;:&quot;fadeInUp&quot;}\" data-widget_type=\"text-editor.default\">\n\t\t\t\t<div class=\"elementor-widget-container\">\n\t\t\t\t\t\t\t\t\t<ul><li>Existe uma verdade \u00fanica?<\/li><li>Como podemos distinguir entre a Verdade e as meias-verdades, ou as distor\u00e7\u00f5es da Verdade?<\/li><li>O que significa \u201cser uma pessoa espiritualizada\u201d?<\/li><li>Qual \u00e9 a diferen\u00e7a entre espiritualidade e religi\u00e3o?<\/li><li>A depress\u00e3o e a ansiedade podem ser curadas?<\/li><li>O que s\u00e3o as Leis da Cria\u00e7\u00e3o?<\/li><li>O que \u00e9 Carma e como ele se manifesta na nossa vida quotidiana?<\/li><li>Por que Deus permite que exista tanto mal e sofrimento no mundo?<\/li><li>Existe vida ap\u00f3s a morte?<\/li><li>Quem s\u00e3o os 144.000 convocados e qual \u00e9 a sua miss\u00e3o nesta era?<\/li><\/ul>\t\t\t\t\t\t\t\t<\/div>\n\t\t\t\t<\/div>\n\t\t\t\t<div class=\"elementor-element elementor-element-bcb8e8a elementor-widget__width-initial elementor-invisible elementor-widget elementor-widget-text-editor\" data-id=\"bcb8e8a\" data-element_type=\"widget\" data-e-type=\"widget\" data-settings=\"{&quot;_animation&quot;:&quot;fadeInUp&quot;}\" data-widget_type=\"text-editor.default\">\n\t\t\t\t<div class=\"elementor-widget-container\">\n\t\t\t\t\t\t\t\t\t<p style=\"text-align: center;\">Voc\u00ea encontrar\u00e1 respostas a todas essas quest\u00f5es e muito mais.<br><strong>We invite you to read and share:<\/strong><\/p>\t\t\t\t\t\t\t\t<\/div>\n\t\t\t\t<\/div>\n\t\t\t\t<div class=\"elementor-element elementor-element-e5f2c86 elementor-align-center elementor-widget elementor-widget-button\" data-id=\"e5f2c86\" data-element_type=\"widget\" data-e-type=\"widget\" data-widget_type=\"button.default\">\n\t\t\t\t<div class=\"elementor-widget-container\">\n\t\t\t\t\t\t\t\t\t<div class=\"elementor-button-wrapper\">\n\t\t\t\t\t<a class=\"elementor-button elementor-button-link elementor-size-sm\" href=\"https:\/\/almaschool.org\/pt-br\/respostas-as-suas-questoes\/\" target=\"_blank\">\n\t\t\t\t\t\t<span class=\"elementor-button-content-wrapper\">\n\t\t\t\t\t\t\t\t\t<span class=\"elementor-button-text\">Saiba mais detalhes<\/span>\n\t\t\t\t\t<\/span>\n\t\t\t\t\t<\/a>\n\t\t\t\t<\/div>\n\t\t\t\t\t\t\t\t<\/div>\n\t\t\t\t<\/div>\n\t\t\t\t\t<\/div>\n\t\t\t\t<\/div>\n\t\t\t\t<\/div>\n\t\t","protected":false},"excerpt":{"rendered":"<p>Sobre n\u00f3s Voc\u00ea que busca um prop\u00f3sito mais elevado na vida e n\u00e3o quer se conformar em apenas sobreviver. Voc\u00ea que formula as grandes quest\u00f5es sobre a exist\u00eancia humana, mas que ainda n\u00e3o encontrou as respostas. Voc\u00ea que anseia pela luz da Verdade eterna, ainda que todos ao seu redor aleguem que n\u00e3o existe uma &#8230; <a title=\"Sobre a nossa escola\" class=\"read-more\" href=\"https:\/\/almaschool.org\/pt-br\/sobre-a-nossa-escola\/\" aria-label=\"Read more about Sobre a nossa escola\">Ler mais<\/a><\/p>\n","protected":false},"author":8,"featured_media":0,"parent":0,"menu_order":0,"comment_status":"closed","ping_status":"closed","template":"","meta":{"_themeisle_gutenberg_block_has_review":false,"footnotes":""},"class_list":["post-5632","page","type-page","status-publish"],"aioseo_notices":[],"_links":{"self":[{"href":"https:\/\/almaschool.org\/pt-br\/wp-json\/wp\/v2\/pages\/5632","targetHints":{"allow":["GET"]}}],"collection":[{"href":"https:\/\/almaschool.org\/pt-br\/wp-json\/wp\/v2\/pages"}],"about":[{"href":"https:\/\/almaschool.org\/pt-br\/wp-json\/wp\/v2\/types\/page"}],"author":[{"embeddable":true,"href":"https:\/\/almaschool.org\/pt-br\/wp-json\/wp\/v2\/users\/8"}],"replies":[{"embeddable":true,"href":"https:\/\/almaschool.org\/pt-br\/wp-json\/wp\/v2\/comments?post=5632"}],"version-history":[{"count":6,"href":"https:\/\/almaschool.org\/pt-br\/wp-json\/wp\/v2\/pages\/5632\/revisions"}],"predecessor-version":[{"id":28537,"href":"https:\/\/almaschool.org\/pt-br\/wp-json\/wp\/v2\/pages\/5632\/revisions\/28537"}],"wp:attachment":[{"href":"https:\/\/almaschool.org\/pt-br\/wp-json\/wp\/v2\/media?parent=5632"}],"curies":[{"name":"wp","href":"https:\/\/api.w.org\/{rel}","templated":true}]}}