{"id":5605,"date":"2023-05-18T22:10:30","date_gmt":"2023-05-18T19:10:30","guid":{"rendered":"https:\/\/almaschool.org\/historias-para-a-alma\/"},"modified":"2026-03-15T17:48:41","modified_gmt":"2026-03-15T15:48:41","slug":"historias-para-a-alma","status":"publish","type":"page","link":"https:\/\/almaschool.org\/pt-br\/historias-para-a-alma\/","title":{"rendered":"Hist\u00f3rias para a Alma"},"content":{"rendered":"\t\t<div data-elementor-type=\"wp-page\" data-elementor-id=\"5605\" class=\"elementor elementor-5605 elementor-653\" data-elementor-post-type=\"page\">\n\t\t\t\t<div class=\"elementor-element elementor-element-4995368 e-con-full queen_bg e-flex e-con e-parent\" data-id=\"4995368\" data-element_type=\"container\" data-e-type=\"container\" data-settings=\"{&quot;background_background&quot;:&quot;classic&quot;}\">\n\t\t<div class=\"elementor-element elementor-element-ac19218 e-con-full e-flex e-con e-child\" data-id=\"ac19218\" data-element_type=\"container\" data-e-type=\"container\" data-settings=\"{&quot;background_background&quot;:&quot;classic&quot;}\">\n\t\t<div class=\"elementor-element elementor-element-e570d53 e-con-full e-flex e-con e-child\" data-id=\"e570d53\" data-element_type=\"container\" data-e-type=\"container\">\n\t\t<div class=\"elementor-element elementor-element-f1be078 e-con-full e-flex e-con e-child\" data-id=\"f1be078\" data-element_type=\"container\" data-e-type=\"container\">\n\t\t\t\t<div class=\"elementor-element elementor-element-1f43c7e elementor-hidden-desktop elementor-hidden-tablet elementor-widget elementor-widget-image\" data-id=\"1f43c7e\" data-element_type=\"widget\" data-e-type=\"widget\" data-widget_type=\"image.default\">\n\t\t\t\t<div class=\"elementor-widget-container\">\n\t\t\t\t\t\t\t\t\t\t\t\t\t\t\t<img decoding=\"async\" src=\"https:\/\/almaschool.org\/wp-content\/uploads\/elementor\/thumbs\/yifatp_An_open_ancient_book_lies_at_the_center_of_the_image_g_74a2fedf-5dc0-44e4-aeb0-1788e3edb3a4_1-1-rdavbmbatl5hzqvd5ogz4rl14u2z0q482urae10wu0.jpg\" title=\"yifatp_An_open_ancient_book_lies_at_the_center_of_the_image_g_74a2fedf-5dc0-44e4-aeb0-1788e3edb3a4_1 (1)\" alt=\"yifatp_An_open_ancient_book_lies_at_the_center_of_the_image_g_74a2fedf-5dc0-44e4-aeb0-1788e3edb3a4_1 (1)\" loading=\"lazy\" \/>\t\t\t\t\t\t\t\t\t\t\t\t\t\t\t<\/div>\n\t\t\t\t<\/div>\n\t\t\t\t<div class=\"elementor-element elementor-element-617f829 queen_step elementor-widget__width-initial elementor-invisible elementor-widget elementor-widget-heading\" data-id=\"617f829\" data-element_type=\"widget\" data-e-type=\"widget\" data-settings=\"{&quot;_animation&quot;:&quot;fadeInUp&quot;}\" data-widget_type=\"heading.default\">\n\t\t\t\t<div class=\"elementor-widget-container\">\n\t\t\t\t\t<h5 class=\"elementor-heading-title elementor-size-default\"><h5 class=\"elementor-heading-title elementor-size-default elementor-inline-editing pen\" data-elementor-setting-key=\"title\" data-pen-placeholder=\"Type Here...\" style=\"font-family: Montserrat, sans-serif;font-style: normal\">Enrichment Curses de enriquecimento\n<\/h5><div><br><\/div><\/h5>\t\t\t\t<\/div>\n\t\t\t\t<\/div>\n\t\t\t\t<div class=\"elementor-element elementor-element-f211309 elementor-invisible elementor-widget elementor-widget-heading\" data-id=\"f211309\" data-element_type=\"widget\" data-e-type=\"widget\" data-settings=\"{&quot;_animation&quot;:&quot;fadeInUp&quot;}\" data-widget_type=\"heading.default\">\n\t\t\t\t<div class=\"elementor-widget-container\">\n\t\t\t\t\t<h1 class=\"elementor-heading-title elementor-size-default\">Historias para\na Alma<\/h1>\t\t\t\t<\/div>\n\t\t\t\t<\/div>\n\t\t\t\t<div class=\"elementor-element elementor-element-6a60a89 elementor-invisible elementor-widget elementor-widget-heading\" data-id=\"6a60a89\" data-element_type=\"widget\" data-e-type=\"widget\" data-settings=\"{&quot;_animation&quot;:&quot;fadeInUp&quot;}\" data-widget_type=\"heading.default\">\n\t\t\t\t<div class=\"elementor-widget-container\">\n\t\t\t\t\t<h1 class=\"elementor-heading-title elementor-size-default\">Sabedoria Antiga para a Era Moderna<\/h1>\t\t\t\t<\/div>\n\t\t\t\t<\/div>\n\t\t\t\t<\/div>\n\t\t\t\t<\/div>\n\t\t\t\t<\/div>\n\t\t<div class=\"elementor-element elementor-element-96e59e4 bg_top_flower elementor-hidden-mobile e-con-full e-flex e-con e-child\" data-id=\"96e59e4\" data-element_type=\"container\" data-e-type=\"container\">\n\t\t\t\t<div class=\"elementor-element elementor-element-7f36d52 elementor-hidden-mobile elementor-widget elementor-widget-image\" data-id=\"7f36d52\" data-element_type=\"widget\" data-e-type=\"widget\" data-settings=\"{&quot;motion_fx_motion_fx_scrolling&quot;:&quot;yes&quot;,&quot;motion_fx_devices&quot;:[&quot;desktop&quot;,&quot;tablet&quot;,&quot;mobile&quot;]}\" data-widget_type=\"image.default\">\n\t\t\t\t<div class=\"elementor-widget-container\">\n\t\t\t\t\t\t\t\t\t\t\t\t\t\t\t<img fetchpriority=\"high\" decoding=\"async\" width=\"1456\" height=\"816\" src=\"https:\/\/almaschool.org\/wp-content\/uploads\/2025\/10\/yifatp_An_open_ancient_book_lies_at_the_center_of_the_image_g_74a2fedf-5dc0-44e4-aeb0-1788e3edb3a4_1-1.jpg\" class=\"attachment-2048x2048 size-2048x2048 wp-image-17179\" alt=\"\" srcset=\"https:\/\/almaschool.org\/wp-content\/uploads\/2025\/10\/yifatp_An_open_ancient_book_lies_at_the_center_of_the_image_g_74a2fedf-5dc0-44e4-aeb0-1788e3edb3a4_1-1.jpg 1456w, https:\/\/almaschool.org\/wp-content\/uploads\/2025\/10\/yifatp_An_open_ancient_book_lies_at_the_center_of_the_image_g_74a2fedf-5dc0-44e4-aeb0-1788e3edb3a4_1-1-300x168.jpg 300w, https:\/\/almaschool.org\/wp-content\/uploads\/2025\/10\/yifatp_An_open_ancient_book_lies_at_the_center_of_the_image_g_74a2fedf-5dc0-44e4-aeb0-1788e3edb3a4_1-1-1024x574.jpg 1024w, https:\/\/almaschool.org\/wp-content\/uploads\/2025\/10\/yifatp_An_open_ancient_book_lies_at_the_center_of_the_image_g_74a2fedf-5dc0-44e4-aeb0-1788e3edb3a4_1-1-768x430.jpg 768w\" sizes=\"(max-width: 1456px) 100vw, 1456px\" \/>\t\t\t\t\t\t\t\t\t\t\t\t\t\t\t<\/div>\n\t\t\t\t<\/div>\n\t\t\t\t<\/div>\n\t\t\t\t<\/div>\n\t\t<div class=\"elementor-element elementor-element-5c55d78 e-flex e-con-boxed e-con e-parent\" data-id=\"5c55d78\" data-element_type=\"container\" data-e-type=\"container\">\n\t\t\t\t\t<div class=\"e-con-inner\">\n\t\t<div class=\"elementor-element elementor-element-92bfe36 e-con-full e-flex e-con e-child\" data-id=\"92bfe36\" data-element_type=\"container\" data-e-type=\"container\">\n\t\t\t\t<div class=\"elementor-element elementor-element-2db043e elementor-invisible elementor-widget elementor-widget-heading\" data-id=\"2db043e\" data-element_type=\"widget\" data-e-type=\"widget\" data-settings=\"{&quot;_animation&quot;:&quot;fadeInUp&quot;}\" data-widget_type=\"heading.default\">\n\t\t\t\t<div class=\"elementor-widget-container\">\n\t\t\t\t\t<h1 class=\"elementor-heading-title elementor-size-medium\">\u201cEra uma vez\u2026\u201d\n<br><span style=\"background-color: var(--base-3)\">Desde os prim\u00f3rdios, hist\u00f3rias t\u00eam tido o poder de tocar a alma humana.<\/span><\/h1>\t\t\t\t<\/div>\n\t\t\t\t<\/div>\n\t\t\t\t<div class=\"elementor-element elementor-element-434b6f9 elementor-invisible elementor-widget elementor-widget-text-editor\" data-id=\"434b6f9\" data-element_type=\"widget\" data-e-type=\"widget\" data-settings=\"{&quot;_animation&quot;:&quot;fadeInUp&quot;}\" data-widget_type=\"text-editor.default\">\n\t\t\t\t<div class=\"elementor-widget-container\">\n\t\t\t\t\t\t\t\t\t<p><span style=\"background-color: var(--base-3);\">Em outras palavras, hist\u00f3rias podem dissipar os bloqueios do mundo interior do ser humano e despert\u00e1-lo de seu sono espiritual, um estado em que ele pode dispender a maior parte dos seus dias.<\/span><\/p><p>&#8220;Hist\u00f3rias para a Alma&#8221; s\u00e3o um convite para deixarmos de lado as respostas oferecidas pelo intelecto para os conflitos e desafios da vida di\u00e1ria, e, em vez disso, nos abrirmos para um modo mais simples, embora mais profundo, de vida, derivado de sabedoria antiga h\u00e1 muito esquecida.<\/p><p>O curso consiste em oito hist\u00f3rias baseadas no folclore hebraico de tempos antigos, e serve como um convite para experimentarmos um mundo maravilhoso onde as fadas, os reis, os servos e as cartomantes (e at\u00e9 as prostitutas) nos ensinam li\u00e7\u00f5es transformadoras sobre o verdadeiro sentido da vida.<\/p>\t\t\t\t\t\t\t\t<\/div>\n\t\t\t\t<\/div>\n\t\t\t\t<div class=\"elementor-element elementor-element-daa9c17 elementor-invisible elementor-widget elementor-widget-heading\" data-id=\"daa9c17\" data-element_type=\"widget\" data-e-type=\"widget\" data-settings=\"{&quot;_animation&quot;:&quot;fadeInUp&quot;}\" data-widget_type=\"heading.default\">\n\t\t\t\t<div class=\"elementor-widget-container\">\n\t\t\t\t\t<h1 class=\"elementor-heading-title elementor-size-medium\">\"Hist\u00f3rias para a Alma\" tocam nos seguintes t\u00f3picos:<\/h1>\t\t\t\t<\/div>\n\t\t\t\t<\/div>\n\t\t\t\t<div class=\"elementor-element elementor-element-ab2aedd elementor-widget__width-inherit elementor-icon-list--layout-traditional elementor-list-item-link-full_width elementor-widget elementor-widget-icon-list\" data-id=\"ab2aedd\" data-element_type=\"widget\" data-e-type=\"widget\" data-settings=\"{&quot;_animation&quot;:&quot;none&quot;}\" data-widget_type=\"icon-list.default\">\n\t\t\t\t<div class=\"elementor-widget-container\">\n\t\t\t\t\t\t\t<ul class=\"elementor-icon-list-items\">\n\t\t\t\t\t\t\t<li class=\"elementor-icon-list-item\">\n\t\t\t\t\t\t\t\t\t\t\t<span class=\"elementor-icon-list-icon\">\n\t\t\t\t\t\t\t<i aria-hidden=\"true\" class=\"fas fa-circle\"><\/i>\t\t\t\t\t\t<\/span>\n\t\t\t\t\t\t\t\t\t\t<span class=\"elementor-icon-list-text\"><b>Liberdade e Vontade: <\/b> Todos n\u00f3s desejamos ser livres para fazer o que quisermos, mas o que significa realmente ser livre e atuar de acordo com a minha vontade?<\/span>\n\t\t\t\t\t\t\t\t\t<\/li>\n\t\t\t\t\t\t\t\t<li class=\"elementor-icon-list-item\">\n\t\t\t\t\t\t\t\t\t\t\t<span class=\"elementor-icon-list-icon\">\n\t\t\t\t\t\t\t<i aria-hidden=\"true\" class=\"fas fa-circle\"><\/i>\t\t\t\t\t\t<\/span>\n\t\t\t\t\t\t\t\t\t\t<span class=\"elementor-icon-list-text\"><b>Amor:<\/b> \u201cEu te amo!\u201d ou talvez, de fato, eu amo a mim mesmo??? O real significado do verdadeiro amor.<\/span>\n\t\t\t\t\t\t\t\t\t<\/li>\n\t\t\t\t\t\t\t\t<li class=\"elementor-icon-list-item\">\n\t\t\t\t\t\t\t\t\t\t\t<span class=\"elementor-icon-list-icon\">\n\t\t\t\t\t\t\t<i aria-hidden=\"true\" class=\"fas fa-circle\"><\/i>\t\t\t\t\t\t<\/span>\n\t\t\t\t\t\t\t\t\t\t<span class=\"elementor-icon-list-text\"><b>Morte:<\/b> Seria ela realmente o fim tenebroso da vida, ou apenas uma continua\u00e7\u00e3o da exist\u00eancia em outra forma?<\/span>\n\t\t\t\t\t\t\t\t\t<\/li>\n\t\t\t\t\t\t\t\t<li class=\"elementor-icon-list-item\">\n\t\t\t\t\t\t\t\t\t\t\t<span class=\"elementor-icon-list-icon\">\n\t\t\t\t\t\t\t<i aria-hidden=\"true\" class=\"fas fa-circle\"><\/i>\t\t\t\t\t\t<\/span>\n\t\t\t\t\t\t\t\t\t\t<span class=\"elementor-icon-list-text\"><b>Matrim\u00f4nio:<\/b> Por que a institui\u00e7\u00e3o do matrim\u00f4nio na era moderna foi considerada apenas um meio para formar a fam\u00edlia e adquirir estabilidade financeira, e est\u00e1 completamente vazio de um pacto espiritual?<\/span>\n\t\t\t\t\t\t\t\t\t<\/li>\n\t\t\t\t\t\t\t\t<li class=\"elementor-icon-list-item\">\n\t\t\t\t\t\t\t\t\t\t\t<span class=\"elementor-icon-list-icon\">\n\t\t\t\t\t\t\t<i aria-hidden=\"true\" class=\"fas fa-circle\"><\/i>\t\t\t\t\t\t<\/span>\n\t\t\t\t\t\t\t\t\t\t<span class=\"elementor-icon-list-text\"><b>Quem sou eu:<\/b> Quem me define, a sociedade ou o meu eu verdadeiro?<\/span>\n\t\t\t\t\t\t\t\t\t<\/li>\n\t\t\t\t\t\t\t\t<li class=\"elementor-icon-list-item\">\n\t\t\t\t\t\t\t\t\t\t\t<span class=\"elementor-icon-list-icon\">\n\t\t\t\t\t\t\t<i aria-hidden=\"true\" class=\"fas fa-circle\"><\/i>\t\t\t\t\t\t<\/span>\n\t\t\t\t\t\t\t\t\t\t<span class=\"elementor-icon-list-text\"><b>Crescimento espiritual: <\/b>O que \u00e9 o verdadeiro crescimento espiritual de acordo com as Leis da Cria\u00e7\u00e3o?<\/span>\n\t\t\t\t\t\t\t\t\t<\/li>\n\t\t\t\t\t\t\t\t<li class=\"elementor-icon-list-item\">\n\t\t\t\t\t\t\t\t\t\t\t<span class=\"elementor-icon-list-icon\">\n\t\t\t\t\t\t\t<i aria-hidden=\"true\" class=\"fas fa-circle\"><\/i>\t\t\t\t\t\t<\/span>\n\t\t\t\t\t\t\t\t\t\t<span class=\"elementor-icon-list-text\"><b>Pecado e Arrependimento:<\/b> Esses s\u00e3o apenas conceitos religiosos, ou seriam conceitos espirituais relativos \u00e0s viv\u00eancias mais \u00edntimas de cada uma e de todas as pessoas?<\/span>\n\t\t\t\t\t\t\t\t\t<\/li>\n\t\t\t\t\t\t\t\t<li class=\"elementor-icon-list-item\">\n\t\t\t\t\t\t\t\t\t\t\t<span class=\"elementor-icon-list-icon\">\n\t\t\t\t\t\t\t<i aria-hidden=\"true\" class=\"fas fa-circle\"><\/i>\t\t\t\t\t\t<\/span>\n\t\t\t\t\t\t\t\t\t\t<span class=\"elementor-icon-list-text\"><b>Confian\u00e7a em Deus:<\/b> Quando a necessidade \u00e9 maior, Deus est\u00e1 mais perto de voc\u00ea.<\/span>\n\t\t\t\t\t\t\t\t\t<\/li>\n\t\t\t\t\t\t\t\t<li class=\"elementor-icon-list-item\">\n\t\t\t\t\t\t\t\t\t\t\t<span class=\"elementor-icon-list-icon\">\n\t\t\t\t\t\t\t<i aria-hidden=\"true\" class=\"fas fa-circle\"><\/i>\t\t\t\t\t\t<\/span>\n\t\t\t\t\t\t\t\t\t\t<span class=\"elementor-icon-list-text\"><b>Tudo foi predeterminado, mas a livre escolha existe:<\/b> Nosso destino est\u00e1 predeterminado? Temos realmente livre escolha? \u00c9 poss\u00edvel mudar o nosso destino individual?  <\/span>\n\t\t\t\t\t\t\t\t\t<\/li>\n\t\t\t\t\t\t<\/ul>\n\t\t\t\t\t\t<\/div>\n\t\t\t\t<\/div>\n\t\t\t\t<div class=\"elementor-element elementor-element-cc93050 elementor-widget elementor-widget-spacer\" data-id=\"cc93050\" data-element_type=\"widget\" data-e-type=\"widget\" data-widget_type=\"spacer.default\">\n\t\t\t\t<div class=\"elementor-widget-container\">\n\t\t\t\t\t\t\t<div class=\"elementor-spacer\">\n\t\t\t<div class=\"elementor-spacer-inner\"><\/div>\n\t\t<\/div>\n\t\t\t\t\t\t<\/div>\n\t\t\t\t<\/div>\n\t\t\t\t<div class=\"elementor-element elementor-element-0233fb0 elementor-invisible elementor-widget elementor-widget-heading\" data-id=\"0233fb0\" data-element_type=\"widget\" data-e-type=\"widget\" data-settings=\"{&quot;_animation&quot;:&quot;fadeInUp&quot;}\" data-widget_type=\"heading.default\">\n\t\t\t\t<div class=\"elementor-widget-container\">\n\t\t\t\t\t<h1 class=\"elementor-heading-title elementor-size-default\">\"Hist\u00f3rias para a Alma\" \u00e9 a terceira etapa no curriculum da Alma Escola para a Humanidade, e seu objetivo \u00e9 ampliar e aprofundar a capacidade do esp\u00edrito de compreender completamente o Alto Conhecimento. Ele tem como fundamento o conhecimento adquirido em \"DEIXAI IR O MEU ESP\u00cdRITO! e no semin\u00e1rio \"Rainha\". <\/h1>\t\t\t\t<\/div>\n\t\t\t\t<\/div>\n\t\t\t\t<div class=\"elementor-element elementor-element-6794759 elementor-widget elementor-widget-spacer\" data-id=\"6794759\" data-element_type=\"widget\" data-e-type=\"widget\" data-widget_type=\"spacer.default\">\n\t\t\t\t<div class=\"elementor-widget-container\">\n\t\t\t\t\t\t\t<div class=\"elementor-spacer\">\n\t\t\t<div class=\"elementor-spacer-inner\"><\/div>\n\t\t<\/div>\n\t\t\t\t\t\t<\/div>\n\t\t\t\t<\/div>\n\t\t\t\t<div class=\"elementor-element elementor-element-ee19e94 elementor-invisible elementor-widget elementor-widget-text-editor\" data-id=\"ee19e94\" data-element_type=\"widget\" data-e-type=\"widget\" data-settings=\"{&quot;_animation&quot;:&quot;fadeInUp&quot;}\" data-widget_type=\"text-editor.default\">\n\t\t\t\t<div class=\"elementor-widget-container\">\n\t\t\t\t\t\t\t\t\t<p style=\"text-align: center;\">Atualmente, esse curso s\u00f3 est\u00e1 dispon\u00edvel em hebraico.<\/p><p style=\"text-align: center;\"><span style=\"color: #73a8c4;\"><a style=\"color: #73a8c4;\" href=\"https:\/\/almainspira.com\/product\/stories-for-the-soul\/\" data-type=\"link\" data-id=\"https:\/\/almainspira.com\/product\/stories-for-the-soul\/\">Clique aqui para se inscrever no curso em hebr\u00e1ico<\/a><\/span><\/p>\t\t\t\t\t\t\t\t<\/div>\n\t\t\t\t<\/div>\n\t\t\t\t<\/div>\n\t\t\t\t\t<\/div>\n\t\t\t\t<\/div>\n\t\t\t\t<\/div>\n\t\t","protected":false},"excerpt":{"rendered":"<p>Enrichment Curses de enriquecimento Historias para a Alma Sabedoria Antiga para a Era Moderna \u201cEra uma vez\u2026\u201d Desde os prim\u00f3rdios, hist\u00f3rias t\u00eam tido o poder de tocar a alma humana. Em outras palavras, hist\u00f3rias podem dissipar os bloqueios do mundo interior do ser humano e despert\u00e1-lo de seu sono espiritual, um estado em que ele &#8230; <a title=\"Hist\u00f3rias para a Alma\" class=\"read-more\" href=\"https:\/\/almaschool.org\/pt-br\/historias-para-a-alma\/\" aria-label=\"Read more about Hist\u00f3rias para a Alma\">Ler mais<\/a><\/p>\n","protected":false},"author":8,"featured_media":0,"parent":0,"menu_order":0,"comment_status":"closed","ping_status":"closed","template":"","meta":{"_themeisle_gutenberg_block_has_review":false,"footnotes":""},"class_list":["post-5605","page","type-page","status-publish"],"aioseo_notices":[],"_links":{"self":[{"href":"https:\/\/almaschool.org\/pt-br\/wp-json\/wp\/v2\/pages\/5605","targetHints":{"allow":["GET"]}}],"collection":[{"href":"https:\/\/almaschool.org\/pt-br\/wp-json\/wp\/v2\/pages"}],"about":[{"href":"https:\/\/almaschool.org\/pt-br\/wp-json\/wp\/v2\/types\/page"}],"author":[{"embeddable":true,"href":"https:\/\/almaschool.org\/pt-br\/wp-json\/wp\/v2\/users\/8"}],"replies":[{"embeddable":true,"href":"https:\/\/almaschool.org\/pt-br\/wp-json\/wp\/v2\/comments?post=5605"}],"version-history":[{"count":2,"href":"https:\/\/almaschool.org\/pt-br\/wp-json\/wp\/v2\/pages\/5605\/revisions"}],"predecessor-version":[{"id":29789,"href":"https:\/\/almaschool.org\/pt-br\/wp-json\/wp\/v2\/pages\/5605\/revisions\/29789"}],"wp:attachment":[{"href":"https:\/\/almaschool.org\/pt-br\/wp-json\/wp\/v2\/media?parent=5605"}],"curies":[{"name":"wp","href":"https:\/\/api.w.org\/{rel}","templated":true}]}}