{"id":5548,"date":"2023-10-16T14:18:01","date_gmt":"2023-10-16T11:18:01","guid":{"rendered":"https:\/\/almaschool.org\/um-novo-ser-humano-um-novo-mundo-2\/"},"modified":"2024-03-16T18:27:10","modified_gmt":"2024-03-16T16:27:10","slug":"um-novo-ser-humano-um-novo-mundo-2","status":"publish","type":"page","link":"https:\/\/almaschool.org\/pt-br\/um-novo-ser-humano-um-novo-mundo-2\/","title":{"rendered":"Um novo ser humano. Um novo mundo &#8211; Contribua"},"content":{"rendered":"\t\t<div data-elementor-type=\"wp-page\" data-elementor-id=\"5548\" class=\"elementor elementor-5548 elementor-2236\" data-elementor-post-type=\"page\">\n\t\t\t\t\t\t<section class=\"elementor-section elementor-top-section elementor-element elementor-element-b6ca3ad elementor-section-boxed elementor-section-height-default elementor-section-height-default\" data-id=\"b6ca3ad\" data-element_type=\"section\" data-e-type=\"section\">\n\t\t\t\t\t\t<div class=\"elementor-container elementor-column-gap-default\">\n\t\t\t\t\t<div class=\"elementor-column elementor-col-100 elementor-top-column elementor-element elementor-element-b87eaef\" data-id=\"b87eaef\" data-element_type=\"column\" data-e-type=\"column\">\n\t\t\t<div class=\"elementor-widget-wrap elementor-element-populated\">\n\t\t\t\t\t\t<div class=\"elementor-element elementor-element-29e6de1 elementor-hidden-desktop elementor-hidden-tablet elementor-widget elementor-widget-image\" data-id=\"29e6de1\" data-element_type=\"widget\" data-e-type=\"widget\" data-widget_type=\"image.default\">\n\t\t\t\t<div class=\"elementor-widget-container\">\n\t\t\t\t\t\t\t\t\t\t\t\t\t\t\t<img fetchpriority=\"high\" decoding=\"async\" width=\"1024\" height=\"882\" src=\"https:\/\/almaschool.org\/wp-content\/uploads\/2023\/05\/\u05e91-e1684785433185-1024x882.jpeg\" class=\"attachment-large size-large wp-image-4876\" alt=\"\" srcset=\"https:\/\/almaschool.org\/wp-content\/uploads\/2023\/05\/\u05e91-e1684785433185-1024x882.jpeg 1024w, https:\/\/almaschool.org\/wp-content\/uploads\/2023\/05\/\u05e91-e1684785433185-600x517.jpeg 600w, https:\/\/almaschool.org\/wp-content\/uploads\/2023\/05\/\u05e91-e1684785433185-300x258.jpeg 300w, https:\/\/almaschool.org\/wp-content\/uploads\/2023\/05\/\u05e91-e1684785433185-768x662.jpeg 768w, https:\/\/almaschool.org\/wp-content\/uploads\/2023\/05\/\u05e91-e1684785433185-1536x1323.jpeg 1536w, https:\/\/almaschool.org\/wp-content\/uploads\/2023\/05\/\u05e91-e1684785433185-2048x1765.jpeg 2048w\" sizes=\"(max-width: 1024px) 100vw, 1024px\" \/>\t\t\t\t\t\t\t\t\t\t\t\t\t\t\t<\/div>\n\t\t\t\t<\/div>\n\t\t\t\t\t<\/div>\n\t\t<\/div>\n\t\t\t\t\t<\/div>\n\t\t<\/section>\n\t\t\t\t<section class=\"elementor-section elementor-top-section elementor-element elementor-element-0b73811 elementor-section-full_width elementor-section-stretched queen_bg elementor-section-height-default elementor-section-height-default\" data-id=\"0b73811\" data-element_type=\"section\" data-e-type=\"section\" data-settings=\"{&quot;stretch_section&quot;:&quot;section-stretched&quot;,&quot;background_background&quot;:&quot;classic&quot;}\">\n\t\t\t\t\t\t\t<div class=\"elementor-background-overlay\"><\/div>\n\t\t\t\t\t\t\t<div class=\"elementor-container elementor-column-gap-no\">\n\t\t\t\t\t<div class=\"elementor-column elementor-col-50 elementor-top-column elementor-element elementor-element-5475389\" data-id=\"5475389\" data-element_type=\"column\" data-e-type=\"column\" data-settings=\"{&quot;background_background&quot;:&quot;classic&quot;}\">\n\t\t\t<div class=\"elementor-widget-wrap elementor-element-populated\">\n\t\t\t\t\t\t<section class=\"elementor-section elementor-inner-section elementor-element elementor-element-f8f6054 elementor-section-boxed elementor-section-height-default elementor-section-height-default\" data-id=\"f8f6054\" data-element_type=\"section\" data-e-type=\"section\">\n\t\t\t\t\t\t<div class=\"elementor-container elementor-column-gap-default\">\n\t\t\t\t\t<div class=\"elementor-column elementor-col-100 elementor-inner-column elementor-element elementor-element-64c9ef9\" data-id=\"64c9ef9\" data-element_type=\"column\" data-e-type=\"column\">\n\t\t\t<div class=\"elementor-widget-wrap elementor-element-populated\">\n\t\t\t\t\t\t<div class=\"elementor-element elementor-element-9da9aae elementor-invisible elementor-widget elementor-widget-heading\" data-id=\"9da9aae\" data-element_type=\"widget\" data-e-type=\"widget\" data-settings=\"{&quot;_animation&quot;:&quot;fadeInUp&quot;}\" data-widget_type=\"heading.default\">\n\t\t\t\t<div class=\"elementor-widget-container\">\n\t\t\t\t\t<h1 class=\"elementor-heading-title elementor-size-default\">Contribua<\/h1>\t\t\t\t<\/div>\n\t\t\t\t<\/div>\n\t\t\t\t<div class=\"elementor-element elementor-element-79f5638 elementor-widget__width-initial elementor-widget elementor-widget-heading\" data-id=\"79f5638\" data-element_type=\"widget\" data-e-type=\"widget\" data-widget_type=\"heading.default\">\n\t\t\t\t<div class=\"elementor-widget-container\">\n\t\t\t\t\t<h2 class=\"elementor-heading-title elementor-size-default\"><p style=\"margin-bottom: 18px;line-height: normal\"><span style=\"font-style: inherit\">Creating a Ripple of Fulfillment<\/span><span style=\"font-family: Roboto, sans-serif;font-size: 35px;font-style: inherit;font-weight: 400;text-transform: none;white-space: pre-wrap;display: inline !important;float: none\"><\/span><\/p><\/h2>\t\t\t\t<\/div>\n\t\t\t\t<\/div>\n\t\t\t\t\t<\/div>\n\t\t<\/div>\n\t\t\t\t\t<\/div>\n\t\t<\/section>\n\t\t\t\t\t<\/div>\n\t\t<\/div>\n\t\t\t\t<div class=\"elementor-column elementor-col-50 elementor-top-column elementor-element elementor-element-1b5deaa bg_top_flower elementor-hidden-mobile\" data-id=\"1b5deaa\" data-element_type=\"column\" data-e-type=\"column\">\n\t\t\t<div class=\"elementor-widget-wrap elementor-element-populated\">\n\t\t\t\t\t\t<div class=\"elementor-element elementor-element-b92024e elementor-widget elementor-widget-image\" data-id=\"b92024e\" data-element_type=\"widget\" data-e-type=\"widget\" data-settings=\"{&quot;motion_fx_motion_fx_scrolling&quot;:&quot;yes&quot;,&quot;motion_fx_devices&quot;:[&quot;desktop&quot;,&quot;tablet&quot;,&quot;mobile&quot;]}\" data-widget_type=\"image.default\">\n\t\t\t\t<div class=\"elementor-widget-container\">\n\t\t\t\t\t\t\t\t\t\t\t\t\t\t\t<img decoding=\"async\" width=\"2048\" height=\"1128\" src=\"https:\/\/almaschool.org\/wp-content\/uploads\/2023\/05\/Untitled_Artwork-1-e1684786177174-2048x1128.jpeg\" class=\"attachment-2048x2048 size-2048x2048 wp-image-4881\" alt=\"\" srcset=\"https:\/\/almaschool.org\/wp-content\/uploads\/2023\/05\/Untitled_Artwork-1-e1684786177174-2048x1128.jpeg 2048w, https:\/\/almaschool.org\/wp-content\/uploads\/2023\/05\/Untitled_Artwork-1-e1684786177174-600x330.jpeg 600w, https:\/\/almaschool.org\/wp-content\/uploads\/2023\/05\/Untitled_Artwork-1-e1684786177174-300x165.jpeg 300w, https:\/\/almaschool.org\/wp-content\/uploads\/2023\/05\/Untitled_Artwork-1-e1684786177174-1024x564.jpeg 1024w, https:\/\/almaschool.org\/wp-content\/uploads\/2023\/05\/Untitled_Artwork-1-e1684786177174-768x423.jpeg 768w, https:\/\/almaschool.org\/wp-content\/uploads\/2023\/05\/Untitled_Artwork-1-e1684786177174-1536x846.jpeg 1536w\" sizes=\"(max-width: 2048px) 100vw, 2048px\" \/>\t\t\t\t\t\t\t\t\t\t\t\t\t\t\t<\/div>\n\t\t\t\t<\/div>\n\t\t\t\t\t<\/div>\n\t\t<\/div>\n\t\t\t\t\t<\/div>\n\t\t<\/section>\n\t\t\t\t<section class=\"elementor-section elementor-top-section elementor-element elementor-element-edf00df elementor-section-boxed elementor-section-height-default elementor-section-height-default\" data-id=\"edf00df\" data-element_type=\"section\" data-e-type=\"section\">\n\t\t\t\t\t\t<div class=\"elementor-container elementor-column-gap-default\">\n\t\t\t\t\t<div class=\"elementor-column elementor-col-100 elementor-top-column elementor-element elementor-element-ca50f39\" data-id=\"ca50f39\" data-element_type=\"column\" data-e-type=\"column\">\n\t\t\t<div class=\"elementor-widget-wrap elementor-element-populated\">\n\t\t\t\t\t\t<div class=\"elementor-element elementor-element-9eb1cd0 elementor-invisible elementor-widget elementor-widget-text-editor\" data-id=\"9eb1cd0\" data-element_type=\"widget\" data-e-type=\"widget\" data-settings=\"{&quot;_animation&quot;:&quot;fadeInUp&quot;}\" data-widget_type=\"text-editor.default\">\n\t\t\t\t<div class=\"elementor-widget-container\">\n\t\t\t\t\t\t\t\t\t<p>Somos respons\u00e1veis pela ancoragem da vis\u00e3o espiritual da nossa escola no mundo material segundo a combina\u00e7\u00e3o de tr\u00eas princ\u00edpios que est\u00e3o alinhados com as Leis da Cria\u00e7\u00e3o.<\/p>\n\t\t\t\t\t\t\t\t<\/div>\n\t\t\t\t<\/div>\n\t\t\t\t\t<\/div>\n\t\t<\/div>\n\t\t\t\t\t<\/div>\n\t\t<\/section>\n\t\t\t\t<section class=\"elementor-section elementor-top-section elementor-element elementor-element-cb28e89 elementor-section-boxed elementor-section-height-default elementor-section-height-default\" data-id=\"cb28e89\" data-element_type=\"section\" data-e-type=\"section\">\n\t\t\t\t\t\t<div class=\"elementor-container elementor-column-gap-default\">\n\t\t\t\t\t<div class=\"elementor-column elementor-col-100 elementor-top-column elementor-element elementor-element-578d762\" data-id=\"578d762\" data-element_type=\"column\" data-e-type=\"column\">\n\t\t\t<div class=\"elementor-widget-wrap elementor-element-populated\">\n\t\t\t\t\t\t<div class=\"elementor-element elementor-element-970dc36 elementor-icon-list--layout-traditional elementor-list-item-link-full_width elementor-widget elementor-widget-icon-list\" data-id=\"970dc36\" data-element_type=\"widget\" data-e-type=\"widget\" data-widget_type=\"icon-list.default\">\n\t\t\t\t<div class=\"elementor-widget-container\">\n\t\t\t\t\t\t\t<ul class=\"elementor-icon-list-items\">\n\t\t\t\t\t\t\t<li class=\"elementor-icon-list-item\">\n\t\t\t\t\t\t\t\t\t\t\t<span class=\"elementor-icon-list-icon\">\n\t\t\t\t\t\t\t<i aria-hidden=\"true\" class=\"fas fa-circle\"><\/i>\t\t\t\t\t\t<\/span>\n\t\t\t\t\t\t\t\t\t\t<span class=\"elementor-icon-list-text\"><b>O primeiro princ\u00edpio: Apenas quando damos algo, podemos receber algo<\/b> \u2013 de acordo com essa Lei da Cria\u00e7\u00e3o, apenas aquele que d\u00e1 algo realmente valoriza aquilo que recebe.<\/span>\n\t\t\t\t\t\t\t\t\t<\/li>\n\t\t\t\t\t\t\t\t<li class=\"elementor-icon-list-item\">\n\t\t\t\t\t\t\t\t\t\t\t<span class=\"elementor-icon-list-icon\">\n\t\t\t\t\t\t\t<i aria-hidden=\"true\" class=\"fas fa-circle\"><\/i>\t\t\t\t\t\t<\/span>\n\t\t\t\t\t\t\t\t\t\t<span class=\"elementor-icon-list-text\"><b>O segundo princ\u00edpio: se n\u00e3o houver farinha, n\u00e3o haver\u00e1 Torah<\/b> \u2013 s\u00e3o necess\u00e1rios recursos substanciais para o cumprimento da miss\u00e3o da escola.<\/span>\n\t\t\t\t\t\t\t\t\t<\/li>\n\t\t\t\t\t\t\t\t<li class=\"elementor-icon-list-item\">\n\t\t\t\t\t\t\t\t\t\t\t<span class=\"elementor-icon-list-icon\">\n\t\t\t\t\t\t\t<i aria-hidden=\"true\" class=\"fas fa-circle\"><\/i>\t\t\t\t\t\t<\/span>\n\t\t\t\t\t\t\t\t\t\t<span class=\"elementor-icon-list-text\"><b>O terceiro princ\u00edpio:<\/b> \u2013 \u201cO SENHOR est\u00e1 mais pr\u00f3ximo de todos aqueles que clamam por Ele, de todos aqueles que clamam por Ele com sinceridade.\u201d (Salmos 145:18) <b>Todas as pessoas t\u00eam um direito inerente \u00e0 Verdade, independentemente de sua situa\u00e7\u00e3o financeira.<\/b><\/span>\n\t\t\t\t\t\t\t\t\t<\/li>\n\t\t\t\t\t\t<\/ul>\n\t\t\t\t\t\t<\/div>\n\t\t\t\t<\/div>\n\t\t\t\t<div class=\"elementor-element elementor-element-617a7ab elementor-invisible elementor-widget elementor-widget-text-editor\" data-id=\"617a7ab\" data-element_type=\"widget\" data-e-type=\"widget\" data-settings=\"{&quot;_animation&quot;:&quot;fadeInUp&quot;}\" data-widget_type=\"text-editor.default\">\n\t\t\t\t<div class=\"elementor-widget-container\">\n\t\t\t\t\t\t\t\t\tPortanto, os cursos est\u00e3o dispon\u00edveis para os buscadores sinceros da Verdade, mesmo quando eles n\u00e3o possuem de fato a capacidade de pagar.\r\n\r\nPara apoiar a miss\u00e3o e os princ\u00edpios orientadores da escola, solicitamos \u00e0queles que foram aben\u00e7oados com a capacidade de doar, que auxiliem subsidiando o curso &#8220;Um novo ser humano. Um novo mundo.&#8221; para que continuemos a disponibiliz\u00e1-lo gratuitamente \u00e0queles que n\u00e3o podem pagar.\r\n\r\nVoc\u00ea pode optar por fazer doa\u00e7\u00f5es em um n\u00edvel adequado para si, ou de acordo com os n\u00edveis de apoio sugeridos. O apoio financeiro n\u00e3o \u00e9 obrigat\u00f3rio, mas ser\u00e1 muito apreciado. Voc\u00ea pode oferecer o seu apoio a qualquer momento no futuro, caso a sua capacidade financeira mude.\t\t\t\t\t\t\t\t<\/div>\n\t\t\t\t<\/div>\n\t\t\t\t<div class=\"elementor-element elementor-element-a8525c2 elementor-hidden-desktop elementor-hidden-tablet elementor-widget elementor-widget-image\" data-id=\"a8525c2\" data-element_type=\"widget\" data-e-type=\"widget\" data-widget_type=\"image.default\">\n\t\t\t\t<div class=\"elementor-widget-container\">\n\t\t\t\t\t\t\t\t\t\t\t\t\t\t\t<img decoding=\"async\" width=\"1024\" height=\"818\" src=\"https:\/\/almaschool.org\/wp-content\/uploads\/2023\/05\/f1-1024x818.jpg\" class=\"attachment-large size-large wp-image-6122\" alt=\"\" \/>\t\t\t\t\t\t\t\t\t\t\t\t\t\t\t<\/div>\n\t\t\t\t<\/div>\n\t\t\t\t\t<\/div>\n\t\t<\/div>\n\t\t\t\t\t<\/div>\n\t\t<\/section>\n\t\t\t\t<section class=\"elementor-section elementor-top-section elementor-element elementor-element-2894c65 elementor-section-boxed elementor-section-height-default elementor-section-height-default elementor-invisible\" data-id=\"2894c65\" data-element_type=\"section\" data-e-type=\"section\" data-settings=\"{&quot;animation&quot;:&quot;fadeInUp&quot;}\">\n\t\t\t\t\t\t<div class=\"elementor-container elementor-column-gap-default\">\n\t\t\t\t\t<div class=\"elementor-column elementor-col-100 elementor-top-column elementor-element elementor-element-a12bb2d\" data-id=\"a12bb2d\" data-element_type=\"column\" data-e-type=\"column\" data-settings=\"{&quot;background_background&quot;:&quot;classic&quot;}\">\n\t\t\t<div class=\"elementor-widget-wrap elementor-element-populated\">\n\t\t\t\t\t\t<div class=\"elementor-element elementor-element-fb077ef elementor-widget elementor-widget-heading\" data-id=\"fb077ef\" data-element_type=\"widget\" data-e-type=\"widget\" data-settings=\"{&quot;motion_fx_motion_fx_scrolling&quot;:&quot;yes&quot;,&quot;motion_fx_devices&quot;:[&quot;desktop&quot;,&quot;tablet&quot;,&quot;mobile&quot;]}\" data-widget_type=\"heading.default\">\n\t\t\t\t<div class=\"elementor-widget-container\">\n\t\t\t\t\t<h1 class=\"elementor-heading-title elementor-size-default\">Escolha entre os n\u00edveis de apoio sugeridos:<\/h1>\t\t\t\t<\/div>\n\t\t\t\t<\/div>\n\t\t\t\t<div class=\"elementor-element elementor-element-cd7c574 elementor-widget elementor-widget-heading\" data-id=\"cd7c574\" data-element_type=\"widget\" data-e-type=\"widget\" data-settings=\"{&quot;motion_fx_motion_fx_scrolling&quot;:&quot;yes&quot;,&quot;motion_fx_devices&quot;:[&quot;desktop&quot;,&quot;tablet&quot;,&quot;mobile&quot;]}\" data-widget_type=\"heading.default\">\n\t\t\t\t<div class=\"elementor-widget-container\">\n\t\t\t\t\t<h1 class=\"elementor-heading-title elementor-size-default\">Ou escolha um n\u00edvel adequado para si:<\/h1>\t\t\t\t<\/div>\n\t\t\t\t<\/div>\n\t\t\t\t\t<\/div>\n\t\t<\/div>\n\t\t\t\t\t<\/div>\n\t\t<\/section>\n\t\t\t\t<\/div>\n\t\t","protected":false},"excerpt":{"rendered":"<p>\/*! elementor &#8211; v3.20.0 &#8211; 13-03-2024 *\/ .elementor-widget-image{text-align:center}.elementor-widget-image a{display:inline-block}.elementor-widget-image a img[src$=&#8221;.svg&#8221;]{width:48px}.elementor-widget-image img{vertical-align:middle;display:inline-block} \/*! elementor &#8211; v3.20.0 &#8211; 13-03-2024 *\/ .elementor-heading-title{padding:0;margin:0;line-height:1}.elementor-widget-heading .elementor-heading-title[class*=elementor-size-]&gt;a{color:inherit;font-size:inherit;line-height:inherit}.elementor-widget-heading .elementor-heading-title.elementor-size-small{font-size:15px}.elementor-widget-heading .elementor-heading-title.elementor-size-medium{font-size:19px}.elementor-widget-heading .elementor-heading-title.elementor-size-large{font-size:29px}.elementor-widget-heading .elementor-heading-title.elementor-size-xl{font-size:39px}.elementor-widget-heading .elementor-heading-title.elementor-size-xxl{font-size:59px} Contribua Creating a Ripple of Fulfillment Somos respons\u00e1veis pela ancoragem da vis\u00e3o espiritual da nossa escola no mundo material segundo a combina\u00e7\u00e3o de tr\u00eas princ\u00edpios que est\u00e3o alinhados com &#8230; <a title=\"Um novo ser humano. Um novo mundo &#8211; Contribua\" class=\"read-more\" href=\"https:\/\/almaschool.org\/pt-br\/um-novo-ser-humano-um-novo-mundo-2\/\" aria-label=\"Read more about Um novo ser humano. Um novo mundo &#8211; Contribua\">Ler mais<\/a><\/p>\n","protected":false},"author":3,"featured_media":0,"parent":0,"menu_order":0,"comment_status":"closed","ping_status":"closed","template":"","meta":{"_themeisle_gutenberg_block_has_review":false,"footnotes":""},"class_list":["post-5548","page","type-page","status-publish"],"aioseo_notices":[],"_links":{"self":[{"href":"https:\/\/almaschool.org\/pt-br\/wp-json\/wp\/v2\/pages\/5548","targetHints":{"allow":["GET"]}}],"collection":[{"href":"https:\/\/almaschool.org\/pt-br\/wp-json\/wp\/v2\/pages"}],"about":[{"href":"https:\/\/almaschool.org\/pt-br\/wp-json\/wp\/v2\/types\/page"}],"author":[{"embeddable":true,"href":"https:\/\/almaschool.org\/pt-br\/wp-json\/wp\/v2\/users\/3"}],"replies":[{"embeddable":true,"href":"https:\/\/almaschool.org\/pt-br\/wp-json\/wp\/v2\/comments?post=5548"}],"version-history":[{"count":0,"href":"https:\/\/almaschool.org\/pt-br\/wp-json\/wp\/v2\/pages\/5548\/revisions"}],"wp:attachment":[{"href":"https:\/\/almaschool.org\/pt-br\/wp-json\/wp\/v2\/media?parent=5548"}],"curies":[{"name":"wp","href":"https:\/\/api.w.org\/{rel}","templated":true}]}}