{"id":4875,"date":"2023-05-18T14:06:36","date_gmt":"2023-05-18T11:06:36","guid":{"rendered":"https:\/\/almaschool.org\/um-novo-ser-humano-um-novo-mundo\/"},"modified":"2025-08-07T00:19:35","modified_gmt":"2025-08-06T21:19:35","slug":"um-novo-ser-humano-um-novo-mundo","status":"publish","type":"page","link":"https:\/\/almaschool.org\/pt-br\/um-novo-ser-humano-um-novo-mundo\/","title":{"rendered":"Um Novo Ser Humano Um Novo Mundo"},"content":{"rendered":"\t\t<div data-elementor-type=\"wp-page\" data-elementor-id=\"4875\" class=\"elementor elementor-4875\" data-elementor-post-type=\"page\">\n\t\t\t\t\t\t<section class=\"elementor-section elementor-top-section elementor-element elementor-element-b6ca3ad elementor-section-boxed elementor-section-height-default elementor-section-height-default\" data-id=\"b6ca3ad\" data-element_type=\"section\" data-e-type=\"section\">\n\t\t\t\t\t\t<div class=\"elementor-container elementor-column-gap-default\">\n\t\t\t\t\t<div class=\"elementor-column elementor-col-100 elementor-top-column elementor-element elementor-element-b87eaef\" data-id=\"b87eaef\" data-element_type=\"column\" data-e-type=\"column\">\n\t\t\t<div class=\"elementor-widget-wrap elementor-element-populated\">\n\t\t\t\t\t\t<div class=\"elementor-element elementor-element-29e6de1 elementor-hidden-desktop elementor-hidden-tablet elementor-widget elementor-widget-image\" data-id=\"29e6de1\" data-element_type=\"widget\" data-e-type=\"widget\" data-widget_type=\"image.default\">\n\t\t\t\t<div class=\"elementor-widget-container\">\n\t\t\t\t\t\t\t\t\t\t\t\t\t\t\t<img fetchpriority=\"high\" decoding=\"async\" width=\"1024\" height=\"882\" src=\"https:\/\/almaschool.org\/wp-content\/uploads\/2023\/05\/\u05e91-e1684785433185-1024x882.jpeg\" class=\"attachment-large size-large wp-image-4876\" alt=\"\" srcset=\"https:\/\/almaschool.org\/wp-content\/uploads\/2023\/05\/\u05e91-e1684785433185-1024x882.jpeg 1024w, https:\/\/almaschool.org\/wp-content\/uploads\/2023\/05\/\u05e91-e1684785433185-600x517.jpeg 600w, https:\/\/almaschool.org\/wp-content\/uploads\/2023\/05\/\u05e91-e1684785433185-300x258.jpeg 300w, https:\/\/almaschool.org\/wp-content\/uploads\/2023\/05\/\u05e91-e1684785433185-768x662.jpeg 768w, https:\/\/almaschool.org\/wp-content\/uploads\/2023\/05\/\u05e91-e1684785433185-1536x1323.jpeg 1536w, https:\/\/almaschool.org\/wp-content\/uploads\/2023\/05\/\u05e91-e1684785433185-2048x1765.jpeg 2048w\" sizes=\"(max-width: 1024px) 100vw, 1024px\" \/>\t\t\t\t\t\t\t\t\t\t\t\t\t\t\t<\/div>\n\t\t\t\t<\/div>\n\t\t\t\t\t<\/div>\n\t\t<\/div>\n\t\t\t\t\t<\/div>\n\t\t<\/section>\n\t\t\t\t<section class=\"elementor-section elementor-top-section elementor-element elementor-element-0b73811 elementor-section-full_width elementor-section-stretched queen_bg elementor-section-height-default elementor-section-height-default\" data-id=\"0b73811\" data-element_type=\"section\" data-e-type=\"section\" data-settings=\"{&quot;stretch_section&quot;:&quot;section-stretched&quot;,&quot;background_background&quot;:&quot;classic&quot;}\">\n\t\t\t\t\t\t\t<div class=\"elementor-background-overlay\"><\/div>\n\t\t\t\t\t\t\t<div class=\"elementor-container elementor-column-gap-no\">\n\t\t\t\t\t<div class=\"elementor-column elementor-col-50 elementor-top-column elementor-element elementor-element-5475389\" data-id=\"5475389\" data-element_type=\"column\" data-e-type=\"column\" data-settings=\"{&quot;background_background&quot;:&quot;classic&quot;}\">\n\t\t\t<div class=\"elementor-widget-wrap elementor-element-populated\">\n\t\t\t\t\t\t<section class=\"elementor-section elementor-inner-section elementor-element elementor-element-f8f6054 elementor-section-boxed elementor-section-height-default elementor-section-height-default\" data-id=\"f8f6054\" data-element_type=\"section\" data-e-type=\"section\">\n\t\t\t\t\t\t<div class=\"elementor-container elementor-column-gap-default\">\n\t\t\t\t\t<div class=\"elementor-column elementor-col-100 elementor-inner-column elementor-element elementor-element-64c9ef9\" data-id=\"64c9ef9\" data-element_type=\"column\" data-e-type=\"column\">\n\t\t\t<div class=\"elementor-widget-wrap elementor-element-populated\">\n\t\t\t\t\t\t<div class=\"elementor-element elementor-element-9da9aae elementor-widget__width-initial elementor-invisible elementor-widget elementor-widget-heading\" data-id=\"9da9aae\" data-element_type=\"widget\" data-e-type=\"widget\" data-settings=\"{&quot;_animation&quot;:&quot;fadeInUp&quot;}\" data-widget_type=\"heading.default\">\n\t\t\t\t<div class=\"elementor-widget-container\">\n\t\t\t\t\t<h1 class=\"elementor-heading-title elementor-size-default\">Um Novo Ser Humano.<br>Um Novo Mundo.<\/h1>\t\t\t\t<\/div>\n\t\t\t\t<\/div>\n\t\t\t\t\t<\/div>\n\t\t<\/div>\n\t\t\t\t\t<\/div>\n\t\t<\/section>\n\t\t\t\t\t<\/div>\n\t\t<\/div>\n\t\t\t\t<div class=\"elementor-column elementor-col-50 elementor-top-column elementor-element elementor-element-1b5deaa bg_top_flower elementor-hidden-mobile\" data-id=\"1b5deaa\" data-element_type=\"column\" data-e-type=\"column\">\n\t\t\t<div class=\"elementor-widget-wrap elementor-element-populated\">\n\t\t\t\t\t\t<div class=\"elementor-element elementor-element-b92024e elementor-widget elementor-widget-image\" data-id=\"b92024e\" data-element_type=\"widget\" data-e-type=\"widget\" data-settings=\"{&quot;motion_fx_motion_fx_scrolling&quot;:&quot;yes&quot;,&quot;motion_fx_devices&quot;:[&quot;desktop&quot;,&quot;tablet&quot;,&quot;mobile&quot;]}\" data-widget_type=\"image.default\">\n\t\t\t\t<div class=\"elementor-widget-container\">\n\t\t\t\t\t\t\t\t\t\t\t\t\t\t\t<img decoding=\"async\" width=\"2048\" height=\"1128\" src=\"https:\/\/almaschool.org\/wp-content\/uploads\/2023\/05\/Untitled_Artwork-1-e1684786177174-2048x1128.jpeg\" class=\"attachment-2048x2048 size-2048x2048 wp-image-4881\" alt=\"\" srcset=\"https:\/\/almaschool.org\/wp-content\/uploads\/2023\/05\/Untitled_Artwork-1-e1684786177174-2048x1128.jpeg 2048w, https:\/\/almaschool.org\/wp-content\/uploads\/2023\/05\/Untitled_Artwork-1-e1684786177174-600x330.jpeg 600w, https:\/\/almaschool.org\/wp-content\/uploads\/2023\/05\/Untitled_Artwork-1-e1684786177174-300x165.jpeg 300w, https:\/\/almaschool.org\/wp-content\/uploads\/2023\/05\/Untitled_Artwork-1-e1684786177174-1024x564.jpeg 1024w, https:\/\/almaschool.org\/wp-content\/uploads\/2023\/05\/Untitled_Artwork-1-e1684786177174-768x423.jpeg 768w, https:\/\/almaschool.org\/wp-content\/uploads\/2023\/05\/Untitled_Artwork-1-e1684786177174-1536x846.jpeg 1536w\" sizes=\"(max-width: 2048px) 100vw, 2048px\" \/>\t\t\t\t\t\t\t\t\t\t\t\t\t\t\t<\/div>\n\t\t\t\t<\/div>\n\t\t\t\t\t<\/div>\n\t\t<\/div>\n\t\t\t\t\t<\/div>\n\t\t<\/section>\n\t\t\t\t<section class=\"elementor-section elementor-top-section elementor-element elementor-element-edf00df elementor-section-boxed elementor-section-height-default elementor-section-height-default\" data-id=\"edf00df\" data-element_type=\"section\" data-e-type=\"section\">\n\t\t\t\t\t\t<div class=\"elementor-container elementor-column-gap-default\">\n\t\t\t\t\t<div class=\"elementor-column elementor-col-100 elementor-top-column elementor-element elementor-element-ca50f39\" data-id=\"ca50f39\" data-element_type=\"column\" data-e-type=\"column\">\n\t\t\t<div class=\"elementor-widget-wrap elementor-element-populated\">\n\t\t\t\t\t\t<div class=\"elementor-element elementor-element-9eb1cd0 elementor-invisible elementor-widget elementor-widget-text-editor\" data-id=\"9eb1cd0\" data-element_type=\"widget\" data-e-type=\"widget\" data-settings=\"{&quot;_animation&quot;:&quot;fadeInUp&quot;}\" data-widget_type=\"text-editor.default\">\n\t\t\t\t<div class=\"elementor-widget-container\">\n\t\t\t\t\t\t\t\t\t<p><span style=\"white-space: pre-wrap;\">Uma s\u00e9rie de artigos, palestras, filmes e podcasts que abordam assuntos atuais e temas do cotidiano como relacionamentos, parentalidade, dinheiro e responsabilidade espiritual, entre outros, e lan\u00e7a luz sobre hist\u00f3rias b\u00edblicas como s\u00edmbolos para decifrar a realidade do mundo atual a partir da perspectiva do Conhecimento Elevado das Leis da Cria\u00e7\u00e3o.<\/span><\/p>\t\t\t\t\t\t\t\t<\/div>\n\t\t\t\t<\/div>\n\t\t\t\t<div class=\"elementor-element elementor-element-fc1000e elementor-invisible elementor-widget elementor-widget-heading\" data-id=\"fc1000e\" data-element_type=\"widget\" data-e-type=\"widget\" data-settings=\"{&quot;_animation&quot;:&quot;fadeInUp&quot;}\" data-widget_type=\"heading.default\">\n\t\t\t\t<div class=\"elementor-widget-container\">\n\t\t\t\t\t<h1 class=\"elementor-heading-title elementor-size-default\">Para acessar o curso, basta clicar no bot\u00e3o \u201cInicie sua jornada\u201d.<\/h1>\t\t\t\t<\/div>\n\t\t\t\t<\/div>\n\t\t\t\t<div class=\"elementor-element elementor-element-e947553 elementor-align-center elementor-widget elementor-widget-button\" data-id=\"e947553\" data-element_type=\"widget\" data-e-type=\"widget\" data-widget_type=\"button.default\">\n\t\t\t\t<div class=\"elementor-widget-container\">\n\t\t\t\t\t\t\t\t\t<div class=\"elementor-button-wrapper\">\n\t\t\t\t\t<a class=\"elementor-button elementor-button-link elementor-size-sm\" href=\"https:\/\/almaschool.org\/pt-br\/palestras-e-podcasts\/\">\n\t\t\t\t\t\t<span class=\"elementor-button-content-wrapper\">\n\t\t\t\t\t\t\t\t\t<span class=\"elementor-button-text\">Inicie sua jornada<\/span>\n\t\t\t\t\t<\/span>\n\t\t\t\t\t<\/a>\n\t\t\t\t<\/div>\n\t\t\t\t\t\t\t\t<\/div>\n\t\t\t\t<\/div>\n\t\t\t\t\t<\/div>\n\t\t<\/div>\n\t\t\t\t\t<\/div>\n\t\t<\/section>\n\t\t\t\t<section class=\"elementor-section elementor-top-section elementor-element elementor-element-cb28e89 elementor-section-boxed elementor-section-height-default elementor-section-height-default\" data-id=\"cb28e89\" data-element_type=\"section\" data-e-type=\"section\">\n\t\t\t\t\t\t<div class=\"elementor-container elementor-column-gap-default\">\n\t\t\t\t\t<div class=\"elementor-column elementor-col-100 elementor-top-column elementor-element elementor-element-578d762\" data-id=\"578d762\" data-element_type=\"column\" data-e-type=\"column\">\n\t\t\t<div class=\"elementor-widget-wrap elementor-element-populated\">\n\t\t\t\t\t\t<div class=\"elementor-element elementor-element-a8525c2 elementor-hidden-desktop elementor-hidden-tablet elementor-widget elementor-widget-image\" data-id=\"a8525c2\" data-element_type=\"widget\" data-e-type=\"widget\" data-widget_type=\"image.default\">\n\t\t\t\t<div class=\"elementor-widget-container\">\n\t\t\t\t\t\t\t\t\t\t\t\t\t\t\t<img decoding=\"async\" width=\"1024\" height=\"818\" src=\"https:\/\/almaschool.org\/wp-content\/uploads\/2023\/05\/f1-1024x818.jpg\" class=\"attachment-large size-large wp-image-6122\" alt=\"\" \/>\t\t\t\t\t\t\t\t\t\t\t\t\t\t\t<\/div>\n\t\t\t\t<\/div>\n\t\t\t\t\t<\/div>\n\t\t<\/div>\n\t\t\t\t\t<\/div>\n\t\t<\/section>\n\t\t\t\t<\/div>\n\t\t","protected":false},"excerpt":{"rendered":"<p>Um Novo Ser Humano.Um Novo Mundo. Uma s\u00e9rie de artigos, palestras, filmes e podcasts que abordam assuntos atuais e temas do cotidiano como relacionamentos, parentalidade, dinheiro e responsabilidade espiritual, entre outros, e lan\u00e7a luz sobre hist\u00f3rias b\u00edblicas como s\u00edmbolos para decifrar a realidade do mundo atual a partir da perspectiva do Conhecimento Elevado das Leis &#8230; <a title=\"Um Novo Ser Humano Um Novo Mundo\" class=\"read-more\" href=\"https:\/\/almaschool.org\/pt-br\/um-novo-ser-humano-um-novo-mundo\/\" aria-label=\"Read more about Um Novo Ser Humano Um Novo Mundo\">Ler mais<\/a><\/p>\n","protected":false},"author":8,"featured_media":0,"parent":0,"menu_order":0,"comment_status":"closed","ping_status":"closed","template":"","meta":{"_themeisle_gutenberg_block_has_review":false,"footnotes":""},"class_list":["post-4875","page","type-page","status-publish"],"aioseo_notices":[],"_links":{"self":[{"href":"https:\/\/almaschool.org\/pt-br\/wp-json\/wp\/v2\/pages\/4875","targetHints":{"allow":["GET"]}}],"collection":[{"href":"https:\/\/almaschool.org\/pt-br\/wp-json\/wp\/v2\/pages"}],"about":[{"href":"https:\/\/almaschool.org\/pt-br\/wp-json\/wp\/v2\/types\/page"}],"author":[{"embeddable":true,"href":"https:\/\/almaschool.org\/pt-br\/wp-json\/wp\/v2\/users\/8"}],"replies":[{"embeddable":true,"href":"https:\/\/almaschool.org\/pt-br\/wp-json\/wp\/v2\/comments?post=4875"}],"version-history":[{"count":0,"href":"https:\/\/almaschool.org\/pt-br\/wp-json\/wp\/v2\/pages\/4875\/revisions"}],"wp:attachment":[{"href":"https:\/\/almaschool.org\/pt-br\/wp-json\/wp\/v2\/media?parent=4875"}],"curies":[{"name":"wp","href":"https:\/\/api.w.org\/{rel}","templated":true}]}}