{"id":14891,"date":"2025-07-16T20:34:09","date_gmt":"2025-07-16T17:34:09","guid":{"rendered":"https:\/\/almaschool.org\/perdido-em-traducao\/"},"modified":"2026-05-11T20:18:11","modified_gmt":"2026-05-11T17:18:11","slug":"perdido-em-traducao","status":"publish","type":"page","link":"https:\/\/almaschool.org\/pt-br\/perdido-em-traducao\/","title":{"rendered":"Perdido em tradu\u00e7\u00e3o?"},"content":{"rendered":"\t\t<div data-elementor-type=\"wp-page\" data-elementor-id=\"14891\" class=\"elementor elementor-14891 elementor-10942\" data-elementor-post-type=\"page\">\n\t\t\t\t<div class=\"elementor-element elementor-element-3ae3bb1 e-flex e-con-boxed e-con e-parent\" data-id=\"3ae3bb1\" data-element_type=\"container\" data-e-type=\"container\">\n\t\t\t\t\t<div class=\"e-con-inner\">\n\t\t<div class=\"elementor-element elementor-element-70da0ce e-con-full e-grid e-con e-child\" data-id=\"70da0ce\" data-element_type=\"container\" data-e-type=\"container\">\n\t\t\t\t<div class=\"elementor-element elementor-element-6ef5f70 elementor-widget elementor-widget-text-editor\" data-id=\"6ef5f70\" data-element_type=\"widget\" data-e-type=\"widget\" data-widget_type=\"text-editor.default\">\n\t\t\t\t<div class=\"elementor-widget-container\">\n\t\t\t\t\t\t\t\t\t<h4 class=\"elementor-heading-title elementor-size-default elementor-inline-editing pen\" contenteditable=\"true\" data-elementor-setting-key=\"title\" data-pen-placeholder=\"Type Here...\"><b>Portugu\u00eas<\/b><\/h4><p data-start=\"52\" data-end=\"425\"><br>O v\u00eddeo a seguir explica como ativar as legendas simult\u00e2neas durante a transmiss\u00e3o do Zoom da Alma.<br data-start=\"151\" data-end=\"154\">Voc\u00ea pode escolher as legendas no seu idioma nativo.<br data-start=\"206\" data-end=\"209\">Observe que a tradu\u00e7\u00e3o \u00e9 feita por uma ferramenta autom\u00e1tica fornecida pelo Zoom. Por isso, pode n\u00e3o ser sempre precisa, mas permite acompanhar a transmiss\u00e3o e entender a mensagem principal. <\/p>\t\t\t\t\t\t\t\t<\/div>\n\t\t\t\t<\/div>\n\t\t\t\t<div class=\"elementor-element elementor-element-ec03d44 elementor-widget elementor-widget-html\" data-id=\"ec03d44\" data-element_type=\"widget\" data-e-type=\"widget\" data-widget_type=\"html.default\">\n\t\t\t\t<div class=\"elementor-widget-container\">\n\t\t\t\t\t<div style=\"position:relative;padding-top:56.25%;\"><iframe src=\"https:\/\/iframe.mediadelivery.net\/embed\/141115\/e3811979-34c2-4a0b-baab-4ad71fb32c48?autoplay=false&amp;loop=false&amp;muted=false&amp;preload=false&amp;responsive=true\" loading=\"lazy\" style=\"border:0;position:absolute;top:0;height:100%;width:100%;\" allow=\"accelerometer;gyroscope;autoplay;encrypted-media;picture-in-picture;\" allowfullscreen=\"true\"><\/iframe><\/div>\n\t\t\t\t<\/div>\n\t\t\t\t<\/div>\n\t\t\t\t<\/div>\n\t\t\t\t\t<\/div>\n\t\t\t\t<\/div>\n\t\t\t\t<\/div>\n\t\t","protected":false},"excerpt":{"rendered":"<p>Portugu\u00eas O v\u00eddeo a seguir explica como ativar as legendas simult\u00e2neas durante a transmiss\u00e3o do Zoom da Alma.Voc\u00ea pode escolher as legendas no seu idioma nativo.Observe que a tradu\u00e7\u00e3o \u00e9 feita por uma ferramenta autom\u00e1tica fornecida pelo Zoom. Por isso, pode n\u00e3o ser sempre precisa, mas permite acompanhar a transmiss\u00e3o e entender a mensagem principal.<\/p>\n","protected":false},"author":20,"featured_media":0,"parent":0,"menu_order":0,"comment_status":"closed","ping_status":"closed","template":"","meta":{"_themeisle_gutenberg_block_has_review":false,"footnotes":""},"class_list":["post-14891","page","type-page","status-publish"],"aioseo_notices":[],"_links":{"self":[{"href":"https:\/\/almaschool.org\/pt-br\/wp-json\/wp\/v2\/pages\/14891","targetHints":{"allow":["GET"]}}],"collection":[{"href":"https:\/\/almaschool.org\/pt-br\/wp-json\/wp\/v2\/pages"}],"about":[{"href":"https:\/\/almaschool.org\/pt-br\/wp-json\/wp\/v2\/types\/page"}],"author":[{"embeddable":true,"href":"https:\/\/almaschool.org\/pt-br\/wp-json\/wp\/v2\/users\/20"}],"replies":[{"embeddable":true,"href":"https:\/\/almaschool.org\/pt-br\/wp-json\/wp\/v2\/comments?post=14891"}],"version-history":[{"count":3,"href":"https:\/\/almaschool.org\/pt-br\/wp-json\/wp\/v2\/pages\/14891\/revisions"}],"predecessor-version":[{"id":31192,"href":"https:\/\/almaschool.org\/pt-br\/wp-json\/wp\/v2\/pages\/14891\/revisions\/31192"}],"wp:attachment":[{"href":"https:\/\/almaschool.org\/pt-br\/wp-json\/wp\/v2\/media?parent=14891"}],"curies":[{"name":"wp","href":"https:\/\/api.w.org\/{rel}","templated":true}]}}