{"id":23768,"date":"2023-05-18T22:10:30","date_gmt":"2023-05-18T19:10:30","guid":{"rendered":"https:\/\/almaschool.org\/storie-per-lanima\/"},"modified":"2026-03-18T10:13:03","modified_gmt":"2026-03-18T08:13:03","slug":"storie-per-lanima","status":"publish","type":"page","link":"https:\/\/almaschool.org\/it\/storie-per-lanima\/","title":{"rendered":"Storie per l&#8217;Anima"},"content":{"rendered":"\t\t<div data-elementor-type=\"wp-page\" data-elementor-id=\"23768\" class=\"elementor elementor-23768 elementor-653\" data-elementor-post-type=\"page\">\n\t\t\t\t<div class=\"elementor-element elementor-element-4995368 e-con-full queen_bg e-flex e-con e-parent\" data-id=\"4995368\" data-element_type=\"container\" data-e-type=\"container\" data-settings=\"{&quot;background_background&quot;:&quot;classic&quot;}\">\n\t\t<div class=\"elementor-element elementor-element-ac19218 e-con-full e-flex e-con e-child\" data-id=\"ac19218\" data-element_type=\"container\" data-e-type=\"container\" data-settings=\"{&quot;background_background&quot;:&quot;classic&quot;}\">\n\t\t<div class=\"elementor-element elementor-element-e570d53 e-con-full e-flex e-con e-child\" data-id=\"e570d53\" data-element_type=\"container\" data-e-type=\"container\">\n\t\t<div class=\"elementor-element elementor-element-f1be078 e-con-full e-flex e-con e-child\" data-id=\"f1be078\" data-element_type=\"container\" data-e-type=\"container\">\n\t\t\t\t<div class=\"elementor-element elementor-element-1f43c7e elementor-hidden-desktop elementor-hidden-tablet elementor-widget elementor-widget-image\" data-id=\"1f43c7e\" data-element_type=\"widget\" data-e-type=\"widget\" data-widget_type=\"image.default\">\n\t\t\t\t<div class=\"elementor-widget-container\">\n\t\t\t\t\t\t\t\t\t\t\t\t\t\t\t<img decoding=\"async\" src=\"https:\/\/almaschool.org\/wp-content\/uploads\/elementor\/thumbs\/yifatp_An_open_ancient_book_lies_at_the_center_of_the_image_g_74a2fedf-5dc0-44e4-aeb0-1788e3edb3a4_1-1-rdavbmbatl5hzqvd5ogz4rl14u2z0q482urae10wu0.jpg\" title=\"yifatp_An_open_ancient_book_lies_at_the_center_of_the_image_g_74a2fedf-5dc0-44e4-aeb0-1788e3edb3a4_1 (1)\" alt=\"yifatp_An_open_ancient_book_lies_at_the_center_of_the_image_g_74a2fedf-5dc0-44e4-aeb0-1788e3edb3a4_1 (1)\" loading=\"lazy\" \/>\t\t\t\t\t\t\t\t\t\t\t\t\t\t\t<\/div>\n\t\t\t\t<\/div>\n\t\t\t\t<div class=\"elementor-element elementor-element-617f829 queen_step elementor-widget__width-initial elementor-invisible elementor-widget elementor-widget-heading\" data-id=\"617f829\" data-element_type=\"widget\" data-e-type=\"widget\" data-settings=\"{&quot;_animation&quot;:&quot;fadeInUp&quot;}\" data-widget_type=\"heading.default\">\n\t\t\t\t<div class=\"elementor-widget-container\">\n\t\t\t\t\t<h5 class=\"elementor-heading-title elementor-size-default\"><h5 class=\"elementor-heading-title elementor-size-default elementor-inline-editing pen\" data-elementor-setting-key=\"title\" data-pen-placeholder=\"Type Here...\" style=\"font-family: Montserrat, sans-serif;font-style: normal\">Corsi di Approfondimento\n<\/h5><div><br><\/div><\/h5>\t\t\t\t<\/div>\n\t\t\t\t<\/div>\n\t\t\t\t<div class=\"elementor-element elementor-element-f211309 elementor-invisible elementor-widget elementor-widget-heading\" data-id=\"f211309\" data-element_type=\"widget\" data-e-type=\"widget\" data-settings=\"{&quot;_animation&quot;:&quot;fadeInUp&quot;}\" data-widget_type=\"heading.default\">\n\t\t\t\t<div class=\"elementor-widget-container\">\n\t\t\t\t\t<h1 class=\"elementor-heading-title elementor-size-default\">Storie Per\nL'Anima<\/h1>\t\t\t\t<\/div>\n\t\t\t\t<\/div>\n\t\t\t\t<div class=\"elementor-element elementor-element-6a60a89 elementor-invisible elementor-widget elementor-widget-heading\" data-id=\"6a60a89\" data-element_type=\"widget\" data-e-type=\"widget\" data-settings=\"{&quot;_animation&quot;:&quot;fadeInUp&quot;}\" data-widget_type=\"heading.default\">\n\t\t\t\t<div class=\"elementor-widget-container\">\n\t\t\t\t\t<h1 class=\"elementor-heading-title elementor-size-default\">Antica Saggezza per l'Era Moderna<\/h1>\t\t\t\t<\/div>\n\t\t\t\t<\/div>\n\t\t\t\t<\/div>\n\t\t\t\t<\/div>\n\t\t\t\t<\/div>\n\t\t<div class=\"elementor-element elementor-element-96e59e4 bg_top_flower elementor-hidden-mobile e-con-full e-flex e-con e-child\" data-id=\"96e59e4\" data-element_type=\"container\" data-e-type=\"container\">\n\t\t\t\t<div class=\"elementor-element elementor-element-7f36d52 elementor-hidden-mobile elementor-widget elementor-widget-image\" data-id=\"7f36d52\" data-element_type=\"widget\" data-e-type=\"widget\" data-settings=\"{&quot;motion_fx_motion_fx_scrolling&quot;:&quot;yes&quot;,&quot;motion_fx_devices&quot;:[&quot;desktop&quot;,&quot;tablet&quot;,&quot;mobile&quot;]}\" data-widget_type=\"image.default\">\n\t\t\t\t<div class=\"elementor-widget-container\">\n\t\t\t\t\t\t\t\t\t\t\t\t\t\t\t<img fetchpriority=\"high\" decoding=\"async\" width=\"1456\" height=\"816\" src=\"https:\/\/almaschool.org\/wp-content\/uploads\/2025\/10\/yifatp_An_open_ancient_book_lies_at_the_center_of_the_image_g_74a2fedf-5dc0-44e4-aeb0-1788e3edb3a4_1-1.jpg\" class=\"attachment-2048x2048 size-2048x2048 wp-image-17178\" alt=\"\" srcset=\"https:\/\/almaschool.org\/wp-content\/uploads\/2025\/10\/yifatp_An_open_ancient_book_lies_at_the_center_of_the_image_g_74a2fedf-5dc0-44e4-aeb0-1788e3edb3a4_1-1.jpg 1456w, https:\/\/almaschool.org\/wp-content\/uploads\/2025\/10\/yifatp_An_open_ancient_book_lies_at_the_center_of_the_image_g_74a2fedf-5dc0-44e4-aeb0-1788e3edb3a4_1-1-300x168.jpg 300w, https:\/\/almaschool.org\/wp-content\/uploads\/2025\/10\/yifatp_An_open_ancient_book_lies_at_the_center_of_the_image_g_74a2fedf-5dc0-44e4-aeb0-1788e3edb3a4_1-1-1024x574.jpg 1024w, https:\/\/almaschool.org\/wp-content\/uploads\/2025\/10\/yifatp_An_open_ancient_book_lies_at_the_center_of_the_image_g_74a2fedf-5dc0-44e4-aeb0-1788e3edb3a4_1-1-768x430.jpg 768w\" sizes=\"(max-width: 1456px) 100vw, 1456px\" \/>\t\t\t\t\t\t\t\t\t\t\t\t\t\t\t<\/div>\n\t\t\t\t<\/div>\n\t\t\t\t<\/div>\n\t\t\t\t<\/div>\n\t\t<div class=\"elementor-element elementor-element-5c55d78 e-flex e-con-boxed e-con e-parent\" data-id=\"5c55d78\" data-element_type=\"container\" data-e-type=\"container\">\n\t\t\t\t\t<div class=\"e-con-inner\">\n\t\t<div class=\"elementor-element elementor-element-92bfe36 e-con-full e-flex e-con e-child\" data-id=\"92bfe36\" data-element_type=\"container\" data-e-type=\"container\">\n\t\t\t\t<div class=\"elementor-element elementor-element-2db043e elementor-invisible elementor-widget elementor-widget-heading\" data-id=\"2db043e\" data-element_type=\"widget\" data-e-type=\"widget\" data-settings=\"{&quot;_animation&quot;:&quot;fadeInUp&quot;}\" data-widget_type=\"heading.default\">\n\t\t\t\t<div class=\"elementor-widget-container\">\n\t\t\t\t\t<h1 class=\"elementor-heading-title elementor-size-medium\">\u201cC'era una volta\u2026\u201d\n<br><span style=\"background-color: var(--base-3)\">Fin dall'inizio dei tempi, le storie hanno avuto il potere di toccare l'anima umana.<\/span><\/h1>\t\t\t\t<\/div>\n\t\t\t\t<\/div>\n\t\t\t\t<div class=\"elementor-element elementor-element-434b6f9 elementor-invisible elementor-widget elementor-widget-text-editor\" data-id=\"434b6f9\" data-element_type=\"widget\" data-e-type=\"widget\" data-settings=\"{&quot;_animation&quot;:&quot;fadeInUp&quot;}\" data-widget_type=\"text-editor.default\">\n\t\t\t\t<div class=\"elementor-widget-container\">\n\t\t\t\t\t\t\t\t\t<p><span style=\"background-color: var(--base-3);\">In altre parole, le storie possono eliminare i blocchi nel mondo interiore dell&#8217;uomo e svegliarlo dal suo torpore spirituale, dove potrebbe trascorrere la maggior parte dei giorni della sua vita.<\/span><\/p><p>&#8220;Storie per l&#8217;anima&#8221; \u00e8 un invito a mettere da parte le risposte fornite dall&#8217;intelletto ai conflitti e alle sfide della vita quotidiana e, invece, ad aprirsi a uno stile di vita pi\u00f9 semplice ma pi\u00f9 profondo, radicato in un&#8217;antica saggezza dimenticata da tempo.<\/p><p>Il corso consiste in otto storie basate sul folklore ebraico dei tempi antichi e funge da invito a sperimentare un mondo meraviglioso dove fate, re, servi, indovini (e persino una prostituta) insegnano lezioni trasformative sul vero significato della vita.<\/p>\t\t\t\t\t\t\t\t<\/div>\n\t\t\t\t<\/div>\n\t\t\t\t<div class=\"elementor-element elementor-element-daa9c17 elementor-invisible elementor-widget elementor-widget-heading\" data-id=\"daa9c17\" data-element_type=\"widget\" data-e-type=\"widget\" data-settings=\"{&quot;_animation&quot;:&quot;fadeInUp&quot;}\" data-widget_type=\"heading.default\">\n\t\t\t\t<div class=\"elementor-widget-container\">\n\t\t\t\t\t<h1 class=\"elementor-heading-title elementor-size-medium\">\"Storie per l'anima\" affronta i seguenti temi:<\/h1>\t\t\t\t<\/div>\n\t\t\t\t<\/div>\n\t\t\t\t<div class=\"elementor-element elementor-element-ab2aedd elementor-widget__width-inherit elementor-icon-list--layout-traditional elementor-list-item-link-full_width elementor-widget elementor-widget-icon-list\" data-id=\"ab2aedd\" data-element_type=\"widget\" data-e-type=\"widget\" data-settings=\"{&quot;_animation&quot;:&quot;none&quot;}\" data-widget_type=\"icon-list.default\">\n\t\t\t\t<div class=\"elementor-widget-container\">\n\t\t\t\t\t\t\t<ul class=\"elementor-icon-list-items\">\n\t\t\t\t\t\t\t<li class=\"elementor-icon-list-item\">\n\t\t\t\t\t\t\t\t\t\t\t<span class=\"elementor-icon-list-icon\">\n\t\t\t\t\t\t\t<i aria-hidden=\"true\" class=\"fas fa-circle\"><\/i>\t\t\t\t\t\t<\/span>\n\t\t\t\t\t\t\t\t\t\t<span class=\"elementor-icon-list-text\"><b>Libert\u00e0 e volont\u00e0:<\/b> tutti vogliamo essere liberi e fare ci\u00f2 che ci piace, ma cosa significa veramente essere liberi e agire secondo la mia volont\u00e0?<\/span>\n\t\t\t\t\t\t\t\t\t<\/li>\n\t\t\t\t\t\t\t\t<li class=\"elementor-icon-list-item\">\n\t\t\t\t\t\t\t\t\t\t\t<span class=\"elementor-icon-list-icon\">\n\t\t\t\t\t\t\t<i aria-hidden=\"true\" class=\"fas fa-circle\"><\/i>\t\t\t\t\t\t<\/span>\n\t\t\t\t\t\t\t\t\t\t<span class=\"elementor-icon-list-text\"><b>Amore:<\/b> \u201cTi amo!\u201d o, forse, in realt\u00e0 amo me stesso??? Il vero significato del vero amore.<\/span>\n\t\t\t\t\t\t\t\t\t<\/li>\n\t\t\t\t\t\t\t\t<li class=\"elementor-icon-list-item\">\n\t\t\t\t\t\t\t\t\t\t\t<span class=\"elementor-icon-list-icon\">\n\t\t\t\t\t\t\t<i aria-hidden=\"true\" class=\"fas fa-circle\"><\/i>\t\t\t\t\t\t<\/span>\n\t\t\t\t\t\t\t\t\t\t<span class=\"elementor-icon-list-text\"><b>Morte:<\/b> \u00e8 davvero una fine terribile della vita o \u00e8 semplicemente una continua esistenza in un'altra forma?<\/span>\n\t\t\t\t\t\t\t\t\t<\/li>\n\t\t\t\t\t\t\t\t<li class=\"elementor-icon-list-item\">\n\t\t\t\t\t\t\t\t\t\t\t<span class=\"elementor-icon-list-icon\">\n\t\t\t\t\t\t\t<i aria-hidden=\"true\" class=\"fas fa-circle\"><\/i>\t\t\t\t\t\t<\/span>\n\t\t\t\t\t\t\t\t\t\t<span class=\"elementor-icon-list-text\"><b>Matrimonio:<\/b> perch\u00e9 l'istituzione del matrimonio nell'era moderna \u00e8 considerata solo un mezzo per crescere una famiglia e ottenere stabilit\u00e0 finanziaria, ed \u00e8 completamente priva di un patto spirituale?<\/span>\n\t\t\t\t\t\t\t\t\t<\/li>\n\t\t\t\t\t\t\t\t<li class=\"elementor-icon-list-item\">\n\t\t\t\t\t\t\t\t\t\t\t<span class=\"elementor-icon-list-icon\">\n\t\t\t\t\t\t\t<i aria-hidden=\"true\" class=\"fas fa-circle\"><\/i>\t\t\t\t\t\t<\/span>\n\t\t\t\t\t\t\t\t\t\t<span class=\"elementor-icon-list-text\"><b>Chi sono io:<\/b> chi mi definisce, la societ\u00e0 o il mio autentico io?<\/span>\n\t\t\t\t\t\t\t\t\t<\/li>\n\t\t\t\t\t\t\t\t<li class=\"elementor-icon-list-item\">\n\t\t\t\t\t\t\t\t\t\t\t<span class=\"elementor-icon-list-icon\">\n\t\t\t\t\t\t\t<i aria-hidden=\"true\" class=\"fas fa-circle\"><\/i>\t\t\t\t\t\t<\/span>\n\t\t\t\t\t\t\t\t\t\t<span class=\"elementor-icon-list-text\"><b>Crescita spirituale:<\/b> qual \u00e8 il vero lavoro spirituale secondo le leggi della creazione?<\/span>\n\t\t\t\t\t\t\t\t\t<\/li>\n\t\t\t\t\t\t\t\t<li class=\"elementor-icon-list-item\">\n\t\t\t\t\t\t\t\t\t\t\t<span class=\"elementor-icon-list-icon\">\n\t\t\t\t\t\t\t<i aria-hidden=\"true\" class=\"fas fa-circle\"><\/i>\t\t\t\t\t\t<\/span>\n\t\t\t\t\t\t\t\t\t\t<span class=\"elementor-icon-list-text\"><b>Peccato e pentimento:<\/b> sono solo concetti religiosi o sono concetti spirituali relativi alle esperienze pi\u00f9 intime di ogni persona?<\/span>\n\t\t\t\t\t\t\t\t\t<\/li>\n\t\t\t\t\t\t\t\t<li class=\"elementor-icon-list-item\">\n\t\t\t\t\t\t\t\t\t\t\t<span class=\"elementor-icon-list-icon\">\n\t\t\t\t\t\t\t<i aria-hidden=\"true\" class=\"fas fa-circle\"><\/i>\t\t\t\t\t\t<\/span>\n\t\t\t\t\t\t\t\t\t\t<span class=\"elementor-icon-list-text\"><b>Fiducia in Dio:<\/b> quando il bisogno \u00e8 maggiore, l'aiuto di Dio \u00e8 pi\u00f9 vicino a te.<\/span>\n\t\t\t\t\t\t\t\t\t<\/li>\n\t\t\t\t\t\t\t\t<li class=\"elementor-icon-list-item\">\n\t\t\t\t\t\t\t\t\t\t\t<span class=\"elementor-icon-list-icon\">\n\t\t\t\t\t\t\t<i aria-hidden=\"true\" class=\"fas fa-circle\"><\/i>\t\t\t\t\t\t<\/span>\n\t\t\t\t\t\t\t\t\t\t<span class=\"elementor-icon-list-text\"><b>Tutto \u00e8 predeterminato, ma c'\u00e8 libert\u00e0 di scelta:<\/b> il nostro destino \u00e8 predeterminato? Abbiamo davvero libert\u00e0 di scelta? \u00c8 possibile cambiare il proprio destino?  <\/span>\n\t\t\t\t\t\t\t\t\t<\/li>\n\t\t\t\t\t\t<\/ul>\n\t\t\t\t\t\t<\/div>\n\t\t\t\t<\/div>\n\t\t\t\t<div class=\"elementor-element elementor-element-cc93050 elementor-widget elementor-widget-spacer\" data-id=\"cc93050\" data-element_type=\"widget\" data-e-type=\"widget\" data-widget_type=\"spacer.default\">\n\t\t\t\t<div class=\"elementor-widget-container\">\n\t\t\t\t\t\t\t<div class=\"elementor-spacer\">\n\t\t\t<div class=\"elementor-spacer-inner\"><\/div>\n\t\t<\/div>\n\t\t\t\t\t\t<\/div>\n\t\t\t\t<\/div>\n\t\t\t\t<div class=\"elementor-element elementor-element-0233fb0 elementor-invisible elementor-widget elementor-widget-heading\" data-id=\"0233fb0\" data-element_type=\"widget\" data-e-type=\"widget\" data-settings=\"{&quot;_animation&quot;:&quot;fadeInUp&quot;}\" data-widget_type=\"heading.default\">\n\t\t\t\t<div class=\"elementor-widget-container\">\n\t\t\t\t\t<h1 class=\"elementor-heading-title elementor-size-default\">\"Storie per l'anima\" \u00e8 il terzo passo nel curriculum dell'Alma School for Humanity e il suo obiettivo \u00e8 ampliare e approfondire la capacit\u00e0 dello spirito di cogliere appieno il Sapere Superiore. Si basa sul sapere acquisito in \"LET MY SPIRIT GO!\" e nel seminario \"Queen\". <\/h1>\t\t\t\t<\/div>\n\t\t\t\t<\/div>\n\t\t\t\t<div class=\"elementor-element elementor-element-6794759 elementor-widget elementor-widget-spacer\" data-id=\"6794759\" data-element_type=\"widget\" data-e-type=\"widget\" data-widget_type=\"spacer.default\">\n\t\t\t\t<div class=\"elementor-widget-container\">\n\t\t\t\t\t\t\t<div class=\"elementor-spacer\">\n\t\t\t<div class=\"elementor-spacer-inner\"><\/div>\n\t\t<\/div>\n\t\t\t\t\t\t<\/div>\n\t\t\t\t<\/div>\n\t\t\t\t<div class=\"elementor-element elementor-element-ee19e94 elementor-invisible elementor-widget elementor-widget-text-editor\" data-id=\"ee19e94\" data-element_type=\"widget\" data-e-type=\"widget\" data-settings=\"{&quot;_animation&quot;:&quot;fadeInUp&quot;}\" data-widget_type=\"text-editor.default\">\n\t\t\t\t<div class=\"elementor-widget-container\">\n\t\t\t\t\t\t\t\t\t<p style=\"text-align: center;\">Questo corso \u00e8 attualmente disponibile solo in ebraico:<\/p><p style=\"text-align: center;\"><span style=\"color: #73a8c4;\"><a style=\"color: #73a8c4;\" href=\"https:\/\/almainspira.com\/product\/stories-for-the-soul\/\" data-type=\"link\" data-id=\"https:\/\/almainspira.com\/product\/stories-for-the-soul\/\">Cliccate qui per registrarVi al Corso in Ebraico<\/a><\/span><\/p>\t\t\t\t\t\t\t\t<\/div>\n\t\t\t\t<\/div>\n\t\t\t\t<\/div>\n\t\t\t\t\t<\/div>\n\t\t\t\t<\/div>\n\t\t\t\t<\/div>\n\t\t","protected":false},"excerpt":{"rendered":"<p>Corsi di Approfondimento Storie Per L&#8217;Anima Antica Saggezza per l&#8217;Era Moderna \u201cC&#8217;era una volta\u2026\u201d Fin dall&#8217;inizio dei tempi, le storie hanno avuto il potere di toccare l&#8217;anima umana. In altre parole, le storie possono eliminare i blocchi nel mondo interiore dell&#8217;uomo e svegliarlo dal suo torpore spirituale, dove potrebbe trascorrere la maggior parte dei giorni &#8230; <a title=\"Storie per l&#8217;Anima\" class=\"read-more\" href=\"https:\/\/almaschool.org\/it\/storie-per-lanima\/\" aria-label=\"Per saperne di pi\u00f9 su Storie per l&#8217;Anima\">Leggi tutto<\/a><\/p>\n","protected":false},"author":8,"featured_media":0,"parent":0,"menu_order":0,"comment_status":"closed","ping_status":"closed","template":"","meta":{"_themeisle_gutenberg_block_has_review":false,"footnotes":""},"class_list":["post-23768","page","type-page","status-publish"],"aioseo_notices":[],"_links":{"self":[{"href":"https:\/\/almaschool.org\/it\/wp-json\/wp\/v2\/pages\/23768","targetHints":{"allow":["GET"]}}],"collection":[{"href":"https:\/\/almaschool.org\/it\/wp-json\/wp\/v2\/pages"}],"about":[{"href":"https:\/\/almaschool.org\/it\/wp-json\/wp\/v2\/types\/page"}],"author":[{"embeddable":true,"href":"https:\/\/almaschool.org\/it\/wp-json\/wp\/v2\/users\/8"}],"replies":[{"embeddable":true,"href":"https:\/\/almaschool.org\/it\/wp-json\/wp\/v2\/comments?post=23768"}],"version-history":[{"count":5,"href":"https:\/\/almaschool.org\/it\/wp-json\/wp\/v2\/pages\/23768\/revisions"}],"predecessor-version":[{"id":29810,"href":"https:\/\/almaschool.org\/it\/wp-json\/wp\/v2\/pages\/23768\/revisions\/29810"}],"wp:attachment":[{"href":"https:\/\/almaschool.org\/it\/wp-json\/wp\/v2\/media?parent=23768"}],"curies":[{"name":"wp","href":"https:\/\/api.w.org\/{rel}","templated":true}]}}