{"id":16606,"date":"2023-10-16T14:18:01","date_gmt":"2023-10-16T11:18:01","guid":{"rendered":"https:\/\/almaschool.org\/un-nuovo-essere-umano-un-nuovo-mondo\/"},"modified":"2025-10-19T17:02:26","modified_gmt":"2025-10-19T14:02:26","slug":"un-nuovo-essere-umano-un-nuovo-mondo","status":"publish","type":"page","link":"https:\/\/almaschool.org\/it\/un-nuovo-essere-umano-un-nuovo-mondo\/","title":{"rendered":"Un Nuovo Essere Umano, un Nuovo Mondo."},"content":{"rendered":"\t\t<div data-elementor-type=\"wp-page\" data-elementor-id=\"16606\" class=\"elementor elementor-16606 elementor-2236\" data-elementor-post-type=\"page\">\n\t\t\t\t\t\t<section class=\"elementor-section elementor-top-section elementor-element elementor-element-b6ca3ad elementor-section-boxed elementor-section-height-default elementor-section-height-default\" data-id=\"b6ca3ad\" data-element_type=\"section\" data-e-type=\"section\">\n\t\t\t\t\t\t<div class=\"elementor-container elementor-column-gap-default\">\n\t\t\t\t\t<div class=\"elementor-column elementor-col-100 elementor-top-column elementor-element elementor-element-b87eaef\" data-id=\"b87eaef\" data-element_type=\"column\" data-e-type=\"column\">\n\t\t\t<div class=\"elementor-widget-wrap elementor-element-populated\">\n\t\t\t\t\t\t<div class=\"elementor-element elementor-element-29e6de1 elementor-hidden-desktop elementor-hidden-tablet elementor-widget elementor-widget-image\" data-id=\"29e6de1\" data-element_type=\"widget\" data-e-type=\"widget\" data-widget_type=\"image.default\">\n\t\t\t\t<div class=\"elementor-widget-container\">\n\t\t\t\t\t\t\t\t\t\t\t\t\t\t\t<img fetchpriority=\"high\" decoding=\"async\" width=\"1024\" height=\"882\" src=\"https:\/\/almaschool.org\/wp-content\/uploads\/2023\/05\/\u05e91-e1684785433185-1024x882.jpeg\" class=\"attachment-large size-large wp-image-629\" alt=\"\" srcset=\"https:\/\/almaschool.org\/wp-content\/uploads\/2023\/05\/\u05e91-e1684785433185-1024x882.jpeg 1024w, https:\/\/almaschool.org\/wp-content\/uploads\/2023\/05\/\u05e91-e1684785433185-600x517.jpeg 600w, https:\/\/almaschool.org\/wp-content\/uploads\/2023\/05\/\u05e91-e1684785433185-300x258.jpeg 300w, https:\/\/almaschool.org\/wp-content\/uploads\/2023\/05\/\u05e91-e1684785433185-768x662.jpeg 768w, https:\/\/almaschool.org\/wp-content\/uploads\/2023\/05\/\u05e91-e1684785433185-1536x1323.jpeg 1536w, https:\/\/almaschool.org\/wp-content\/uploads\/2023\/05\/\u05e91-e1684785433185-2048x1765.jpeg 2048w\" sizes=\"(max-width: 1024px) 100vw, 1024px\" \/>\t\t\t\t\t\t\t\t\t\t\t\t\t\t\t<\/div>\n\t\t\t\t<\/div>\n\t\t\t\t\t<\/div>\n\t\t<\/div>\n\t\t\t\t\t<\/div>\n\t\t<\/section>\n\t\t\t\t<section class=\"elementor-section elementor-top-section elementor-element elementor-element-0b73811 elementor-section-full_width elementor-section-stretched queen_bg elementor-section-height-default elementor-section-height-default\" data-id=\"0b73811\" data-element_type=\"section\" data-e-type=\"section\" data-settings=\"{&quot;stretch_section&quot;:&quot;section-stretched&quot;,&quot;background_background&quot;:&quot;classic&quot;}\">\n\t\t\t\t\t\t\t<div class=\"elementor-background-overlay\"><\/div>\n\t\t\t\t\t\t\t<div class=\"elementor-container elementor-column-gap-no\">\n\t\t\t\t\t<div class=\"elementor-column elementor-col-50 elementor-top-column elementor-element elementor-element-5475389\" data-id=\"5475389\" data-element_type=\"column\" data-e-type=\"column\" data-settings=\"{&quot;background_background&quot;:&quot;classic&quot;}\">\n\t\t\t<div class=\"elementor-widget-wrap elementor-element-populated\">\n\t\t\t\t\t\t<section class=\"elementor-section elementor-inner-section elementor-element elementor-element-f8f6054 elementor-section-boxed elementor-section-height-default elementor-section-height-default\" data-id=\"f8f6054\" data-element_type=\"section\" data-e-type=\"section\">\n\t\t\t\t\t\t<div class=\"elementor-container elementor-column-gap-default\">\n\t\t\t\t\t<div class=\"elementor-column elementor-col-100 elementor-inner-column elementor-element elementor-element-64c9ef9\" data-id=\"64c9ef9\" data-element_type=\"column\" data-e-type=\"column\">\n\t\t\t<div class=\"elementor-widget-wrap elementor-element-populated\">\n\t\t\t\t\t\t<div class=\"elementor-element elementor-element-9da9aae elementor-invisible elementor-widget elementor-widget-heading\" data-id=\"9da9aae\" data-element_type=\"widget\" data-e-type=\"widget\" data-settings=\"{&quot;_animation&quot;:&quot;fadeInUp&quot;}\" data-widget_type=\"heading.default\">\n\t\t\t\t<div class=\"elementor-widget-container\">\n\t\t\t\t\t<h1 class=\"elementor-heading-title elementor-size-default\">Condividere<\/h1>\t\t\t\t<\/div>\n\t\t\t\t<\/div>\n\t\t\t\t<div class=\"elementor-element elementor-element-79f5638 elementor-widget__width-initial elementor-widget elementor-widget-heading\" data-id=\"79f5638\" data-element_type=\"widget\" data-e-type=\"widget\" data-widget_type=\"heading.default\">\n\t\t\t\t<div class=\"elementor-widget-container\">\n\t\t\t\t\t<h2 class=\"elementor-heading-title elementor-size-default\"><p style=\"margin-bottom: 18px;line-height: normal\"><span style=\"font-style: inherit\">Creare un'onda di realizzazione<\/span><span style=\"font-family: Roboto, sans-serif;font-size: 35px;font-style: inherit;font-weight: 400;text-transform: none;white-space: pre-wrap;display: inline !important;float: none\"><\/span><\/p><\/h2>\t\t\t\t<\/div>\n\t\t\t\t<\/div>\n\t\t\t\t\t<\/div>\n\t\t<\/div>\n\t\t\t\t\t<\/div>\n\t\t<\/section>\n\t\t\t\t\t<\/div>\n\t\t<\/div>\n\t\t\t\t<div class=\"elementor-column elementor-col-50 elementor-top-column elementor-element elementor-element-1b5deaa bg_top_flower elementor-hidden-mobile\" data-id=\"1b5deaa\" data-element_type=\"column\" data-e-type=\"column\">\n\t\t\t<div class=\"elementor-widget-wrap elementor-element-populated\">\n\t\t\t\t\t\t<div class=\"elementor-element elementor-element-b92024e elementor-widget elementor-widget-image\" data-id=\"b92024e\" data-element_type=\"widget\" data-e-type=\"widget\" data-settings=\"{&quot;motion_fx_motion_fx_scrolling&quot;:&quot;yes&quot;,&quot;motion_fx_devices&quot;:[&quot;desktop&quot;,&quot;tablet&quot;,&quot;mobile&quot;]}\" data-widget_type=\"image.default\">\n\t\t\t\t<div class=\"elementor-widget-container\">\n\t\t\t\t\t\t\t\t\t\t\t\t\t\t\t<img decoding=\"async\" width=\"2048\" height=\"1128\" src=\"https:\/\/almaschool.org\/wp-content\/uploads\/2023\/05\/Untitled_Artwork-1-e1684786177174-2048x1128.jpeg\" class=\"attachment-2048x2048 size-2048x2048 wp-image-691\" alt=\"\" srcset=\"https:\/\/almaschool.org\/wp-content\/uploads\/2023\/05\/Untitled_Artwork-1-e1684786177174-2048x1128.jpeg 2048w, https:\/\/almaschool.org\/wp-content\/uploads\/2023\/05\/Untitled_Artwork-1-e1684786177174-600x330.jpeg 600w, https:\/\/almaschool.org\/wp-content\/uploads\/2023\/05\/Untitled_Artwork-1-e1684786177174-300x165.jpeg 300w, https:\/\/almaschool.org\/wp-content\/uploads\/2023\/05\/Untitled_Artwork-1-e1684786177174-1024x564.jpeg 1024w, https:\/\/almaschool.org\/wp-content\/uploads\/2023\/05\/Untitled_Artwork-1-e1684786177174-768x423.jpeg 768w, https:\/\/almaschool.org\/wp-content\/uploads\/2023\/05\/Untitled_Artwork-1-e1684786177174-1536x846.jpeg 1536w\" sizes=\"(max-width: 2048px) 100vw, 2048px\" \/>\t\t\t\t\t\t\t\t\t\t\t\t\t\t\t<\/div>\n\t\t\t\t<\/div>\n\t\t\t\t\t<\/div>\n\t\t<\/div>\n\t\t\t\t\t<\/div>\n\t\t<\/section>\n\t\t\t\t<section class=\"elementor-section elementor-top-section elementor-element elementor-element-edf00df elementor-section-boxed elementor-section-height-default elementor-section-height-default\" data-id=\"edf00df\" data-element_type=\"section\" data-e-type=\"section\">\n\t\t\t\t\t\t<div class=\"elementor-container elementor-column-gap-default\">\n\t\t\t\t\t<div class=\"elementor-column elementor-col-100 elementor-top-column elementor-element elementor-element-ca50f39\" data-id=\"ca50f39\" data-element_type=\"column\" data-e-type=\"column\">\n\t\t\t<div class=\"elementor-widget-wrap elementor-element-populated\">\n\t\t\t\t\t\t<div class=\"elementor-element elementor-element-9eb1cd0 elementor-invisible elementor-widget elementor-widget-text-editor\" data-id=\"9eb1cd0\" data-element_type=\"widget\" data-e-type=\"widget\" data-settings=\"{&quot;_animation&quot;:&quot;fadeInUp&quot;}\" data-widget_type=\"text-editor.default\">\n\t\t\t\t<div class=\"elementor-widget-container\">\n\t\t\t\t\t\t\t\t\t<p class=\"p1\">Siamo tenuti ad ancorare la visione spirituale della nostra scuola nel mondo materiale, secondo una combinazione di tre principi allineati con le Leggi della Creazione:<\/p>\t\t\t\t\t\t\t\t<\/div>\n\t\t\t\t<\/div>\n\t\t\t\t\t<\/div>\n\t\t<\/div>\n\t\t\t\t\t<\/div>\n\t\t<\/section>\n\t\t\t\t<section class=\"elementor-section elementor-top-section elementor-element elementor-element-cb28e89 elementor-section-boxed elementor-section-height-default elementor-section-height-default\" data-id=\"cb28e89\" data-element_type=\"section\" data-e-type=\"section\">\n\t\t\t\t\t\t<div class=\"elementor-container elementor-column-gap-default\">\n\t\t\t\t\t<div class=\"elementor-column elementor-col-100 elementor-top-column elementor-element elementor-element-578d762\" data-id=\"578d762\" data-element_type=\"column\" data-e-type=\"column\">\n\t\t\t<div class=\"elementor-widget-wrap elementor-element-populated\">\n\t\t\t\t\t\t<div class=\"elementor-element elementor-element-970dc36 elementor-icon-list--layout-traditional elementor-list-item-link-full_width elementor-widget elementor-widget-icon-list\" data-id=\"970dc36\" data-element_type=\"widget\" data-e-type=\"widget\" data-widget_type=\"icon-list.default\">\n\t\t\t\t<div class=\"elementor-widget-container\">\n\t\t\t\t\t\t\t<ul class=\"elementor-icon-list-items\">\n\t\t\t\t\t\t\t<li class=\"elementor-icon-list-item\">\n\t\t\t\t\t\t\t\t\t\t\t<span class=\"elementor-icon-list-icon\">\n\t\t\t\t\t\t\t<i aria-hidden=\"true\" class=\"fas fa-circle\"><\/i>\t\t\t\t\t\t<\/span>\n\t\t\t\t\t\t\t\t\t\t<span class=\"elementor-icon-list-text\"><b>Il primo principio: solo dando potete ricevere<\/b> \u2013 secondo questa Legge della Creazione, solo coloro che danno qualcosa possono apprezzare veramente ci\u00f2 che ricevono.<\/span>\n\t\t\t\t\t\t\t\t\t<\/li>\n\t\t\t\t\t\t\t\t<li class=\"elementor-icon-list-item\">\n\t\t\t\t\t\t\t\t\t\t\t<span class=\"elementor-icon-list-icon\">\n\t\t\t\t\t\t\t<i aria-hidden=\"true\" class=\"fas fa-circle\"><\/i>\t\t\t\t\t\t<\/span>\n\t\t\t\t\t\t\t\t\t\t<span class=\"elementor-icon-list-text\"><b>Il secondo principio: se non c'\u00e8 farina, non c'\u00e8 Torah<\/b> \u2013 sono necessarie risorse sostanziali per realizzare la missione della scuola.<\/span>\n\t\t\t\t\t\t\t\t\t<\/li>\n\t\t\t\t\t\t\t\t<li class=\"elementor-icon-list-item\">\n\t\t\t\t\t\t\t\t\t\t\t<span class=\"elementor-icon-list-icon\">\n\t\t\t\t\t\t\t<i aria-hidden=\"true\" class=\"fas fa-circle\"><\/i>\t\t\t\t\t\t<\/span>\n\t\t\t\t\t\t\t\t\t\t<span class=\"elementor-icon-list-text\"><b>Il terzo principio:<\/b> \u2013 \u201cL'Eterno \u00e8 vicino a tutti quelli che lo invocano, a tutti quelli che lo invocano in verit\u00e0.\u201d (Salmi 145:18) <b>Ogni persona ha un diritto innato alla Verit\u00e0, indipendentemente dalla sua situazione finanziaria.<\/b><\/span>\n\t\t\t\t\t\t\t\t\t<\/li>\n\t\t\t\t\t\t<\/ul>\n\t\t\t\t\t\t<\/div>\n\t\t\t\t<\/div>\n\t\t\t\t<div class=\"elementor-element elementor-element-617a7ab elementor-invisible elementor-widget elementor-widget-text-editor\" data-id=\"617a7ab\" data-element_type=\"widget\" data-e-type=\"widget\" data-settings=\"{&quot;_animation&quot;:&quot;fadeInUp&quot;}\" data-widget_type=\"text-editor.default\">\n\t\t\t\t<div class=\"elementor-widget-container\">\n\t\t\t\t\t\t\t\t\t<p class=\"p1\">Perci\u00f2, i nostri corsi sono disponibili ai veri cercatori della Verit\u00e0 anche se non hanno la reale possibilit\u00e0 di pagare.&nbsp;&nbsp;<\/p>\n<p class=\"p1\">Per sostenere la missione e i principi guida della scuola, chiediamo a coloro che sono stati benedetti con la capacit\u00e0 di dare, di aiutare a sovvenzionare il corso \u201cUn Nuovo Essere Umano. Un Nuovo Mondo\u201d, affinch\u00e9 possa continuare a essere disponibile gratuitamente a coloro che non possono permetterselo.<\/p>\n<p class=\"p1\">Potete scegliere di contribuire economicamente a un livello appropriato per Voi o secondo i livelli di supporto suggeriti. Il supporto finanziario non \u00e8 obbligatorio, ma \u00e8 molto apprezzato. <span class=\"Apple-converted-space\">&nbsp; <\/span>Potrete offrire il Vostro supporto in qualsiasi momento in futuro se le Vostre possibilit\u00e0 finanziarie dovessero cambiare.<\/p>\t\t\t\t\t\t\t\t<\/div>\n\t\t\t\t<\/div>\n\t\t\t\t<div class=\"elementor-element elementor-element-a8525c2 elementor-hidden-desktop elementor-hidden-tablet elementor-widget elementor-widget-image\" data-id=\"a8525c2\" data-element_type=\"widget\" data-e-type=\"widget\" data-widget_type=\"image.default\">\n\t\t\t\t<div class=\"elementor-widget-container\">\n\t\t\t\t\t\t\t\t\t\t\t\t\t\t\t<img decoding=\"async\" width=\"1024\" height=\"818\" src=\"https:\/\/almaschool.org\/wp-content\/uploads\/2023\/05\/f1-1024x818.jpg\" class=\"attachment-large size-large wp-image-624\" alt=\"\" \/>\t\t\t\t\t\t\t\t\t\t\t\t\t\t\t<\/div>\n\t\t\t\t<\/div>\n\t\t\t\t\t<\/div>\n\t\t<\/div>\n\t\t\t\t\t<\/div>\n\t\t<\/section>\n\t\t\t\t<section class=\"elementor-section elementor-top-section elementor-element elementor-element-2894c65 elementor-section-boxed elementor-section-height-default elementor-section-height-default elementor-invisible\" data-id=\"2894c65\" data-element_type=\"section\" data-e-type=\"section\" data-settings=\"{&quot;animation&quot;:&quot;fadeInUp&quot;}\">\n\t\t\t\t\t\t<div class=\"elementor-container elementor-column-gap-default\">\n\t\t\t\t\t<div class=\"elementor-column elementor-col-100 elementor-top-column elementor-element elementor-element-a12bb2d\" data-id=\"a12bb2d\" data-element_type=\"column\" data-e-type=\"column\" data-settings=\"{&quot;background_background&quot;:&quot;classic&quot;}\">\n\t\t\t<div class=\"elementor-widget-wrap elementor-element-populated\">\n\t\t\t\t\t\t<div class=\"elementor-element elementor-element-fb077ef elementor-widget elementor-widget-heading\" data-id=\"fb077ef\" data-element_type=\"widget\" data-e-type=\"widget\" data-settings=\"{&quot;motion_fx_motion_fx_scrolling&quot;:&quot;yes&quot;,&quot;motion_fx_devices&quot;:[&quot;desktop&quot;,&quot;tablet&quot;,&quot;mobile&quot;]}\" data-widget_type=\"heading.default\">\n\t\t\t\t<div class=\"elementor-widget-container\">\n\t\t\t\t\t<h1 class=\"elementor-heading-title elementor-size-default\">Scegliete tra questi livelli di supporto:\n\n<\/h1>\t\t\t\t<\/div>\n\t\t\t\t<\/div>\n\t\t\t\t<div class=\"elementor-element elementor-element-cd7c574 elementor-widget elementor-widget-heading\" data-id=\"cd7c574\" data-element_type=\"widget\" data-e-type=\"widget\" data-settings=\"{&quot;motion_fx_motion_fx_scrolling&quot;:&quot;yes&quot;,&quot;motion_fx_devices&quot;:[&quot;desktop&quot;,&quot;tablet&quot;,&quot;mobile&quot;]}\" data-widget_type=\"heading.default\">\n\t\t\t\t<div class=\"elementor-widget-container\">\n\t\t\t\t\t<h1 class=\"elementor-heading-title elementor-size-default\">Oppure scegliete un livello appropriato per Voi:<\/h1>\t\t\t\t<\/div>\n\t\t\t\t<\/div>\n\t\t\t\t\t<\/div>\n\t\t<\/div>\n\t\t\t\t\t<\/div>\n\t\t<\/section>\n\t\t\t\t<\/div>\n\t\t","protected":false},"excerpt":{"rendered":"<p>Condividere Creare un&#8217;onda di realizzazione Siamo tenuti ad ancorare la visione spirituale della nostra scuola nel mondo materiale, secondo una combinazione di tre principi allineati con le Leggi della Creazione: Il primo principio: solo dando potete ricevere \u2013 secondo questa Legge della Creazione, solo coloro che danno qualcosa possono apprezzare veramente ci\u00f2 che ricevono. Il &#8230; <a title=\"Un Nuovo Essere Umano, un Nuovo Mondo.\" class=\"read-more\" href=\"https:\/\/almaschool.org\/it\/un-nuovo-essere-umano-un-nuovo-mondo\/\" aria-label=\"Per saperne di pi\u00f9 su Un Nuovo Essere Umano, un Nuovo Mondo.\">Leggi tutto<\/a><\/p>\n","protected":false},"author":3,"featured_media":0,"parent":0,"menu_order":0,"comment_status":"closed","ping_status":"closed","template":"","meta":{"_themeisle_gutenberg_block_has_review":false,"footnotes":""},"class_list":["post-16606","page","type-page","status-publish"],"aioseo_notices":[],"_links":{"self":[{"href":"https:\/\/almaschool.org\/it\/wp-json\/wp\/v2\/pages\/16606","targetHints":{"allow":["GET"]}}],"collection":[{"href":"https:\/\/almaschool.org\/it\/wp-json\/wp\/v2\/pages"}],"about":[{"href":"https:\/\/almaschool.org\/it\/wp-json\/wp\/v2\/types\/page"}],"author":[{"embeddable":true,"href":"https:\/\/almaschool.org\/it\/wp-json\/wp\/v2\/users\/3"}],"replies":[{"embeddable":true,"href":"https:\/\/almaschool.org\/it\/wp-json\/wp\/v2\/comments?post=16606"}],"version-history":[{"count":3,"href":"https:\/\/almaschool.org\/it\/wp-json\/wp\/v2\/pages\/16606\/revisions"}],"predecessor-version":[{"id":17773,"href":"https:\/\/almaschool.org\/it\/wp-json\/wp\/v2\/pages\/16606\/revisions\/17773"}],"wp:attachment":[{"href":"https:\/\/almaschool.org\/it\/wp-json\/wp\/v2\/media?parent=16606"}],"curies":[{"name":"wp","href":"https:\/\/api.w.org\/{rel}","templated":true}]}}