{"id":16583,"date":"2023-05-19T00:39:50","date_gmt":"2023-05-18T21:39:50","guid":{"rendered":"https:\/\/almaschool.org\/informazioni-sulla-nostra-scuola\/"},"modified":"2026-01-14T11:29:16","modified_gmt":"2026-01-14T09:29:16","slug":"informazioni-sulla-nostra-scuola","status":"publish","type":"page","link":"https:\/\/almaschool.org\/it\/informazioni-sulla-nostra-scuola\/","title":{"rendered":"Informazioni sulla nostra scuola"},"content":{"rendered":"\t\t<div data-elementor-type=\"wp-page\" data-elementor-id=\"16583\" class=\"elementor elementor-16583 elementor-666\" data-elementor-post-type=\"page\">\n\t\t\t\t\t\t<section class=\"elementor-section elementor-top-section elementor-element elementor-element-6270511 elementor-section-height-min-height elementor-section-full_width elementor-section-stretched elementor-section-height-default elementor-section-items-middle\" data-id=\"6270511\" data-element_type=\"section\" data-e-type=\"section\" data-settings=\"{&quot;background_background&quot;:&quot;classic&quot;,&quot;stretch_section&quot;:&quot;section-stretched&quot;}\">\n\t\t\t\t\t\t\t<div class=\"elementor-background-overlay\"><\/div>\n\t\t\t\t\t\t\t<div class=\"elementor-container elementor-column-gap-no\">\n\t\t\t\t\t<div class=\"elementor-column elementor-col-100 elementor-top-column elementor-element elementor-element-690c473\" data-id=\"690c473\" data-element_type=\"column\" data-e-type=\"column\">\n\t\t\t<div class=\"elementor-widget-wrap elementor-element-populated\">\n\t\t\t\t\t\t<section class=\"elementor-section elementor-inner-section elementor-element elementor-element-b450ff7 elementor-section-boxed elementor-section-height-default elementor-section-height-default\" data-id=\"b450ff7\" data-element_type=\"section\" data-e-type=\"section\">\n\t\t\t\t\t\t<div class=\"elementor-container elementor-column-gap-default\">\n\t\t\t\t\t<div class=\"elementor-column elementor-col-100 elementor-inner-column elementor-element elementor-element-daa3600\" data-id=\"daa3600\" data-element_type=\"column\" data-e-type=\"column\">\n\t\t\t<div class=\"elementor-widget-wrap elementor-element-populated\">\n\t\t\t\t\t\t<div class=\"elementor-element elementor-element-aa18a5a elementor-invisible elementor-widget elementor-widget-heading\" data-id=\"aa18a5a\" data-element_type=\"widget\" data-e-type=\"widget\" data-settings=\"{&quot;_animation&quot;:&quot;fadeInUp&quot;}\" data-widget_type=\"heading.default\">\n\t\t\t\t<div class=\"elementor-widget-container\">\n\t\t\t\t\t<h1 class=\"elementor-heading-title elementor-size-xxl\">Chi siamo<\/h1>\t\t\t\t<\/div>\n\t\t\t\t<\/div>\n\t\t\t\t\t<\/div>\n\t\t<\/div>\n\t\t\t\t\t<\/div>\n\t\t<\/section>\n\t\t\t\t\t<\/div>\n\t\t<\/div>\n\t\t\t\t\t<\/div>\n\t\t<\/section>\n\t\t\t\t<section class=\"elementor-section elementor-top-section elementor-element elementor-element-edf00df elementor-section-boxed elementor-section-height-default elementor-section-height-default\" data-id=\"edf00df\" data-element_type=\"section\" data-e-type=\"section\">\n\t\t\t\t\t\t<div class=\"elementor-container elementor-column-gap-default\">\n\t\t\t\t\t<div class=\"elementor-column elementor-col-100 elementor-top-column elementor-element elementor-element-ca50f39\" data-id=\"ca50f39\" data-element_type=\"column\" data-e-type=\"column\">\n\t\t\t<div class=\"elementor-widget-wrap elementor-element-populated\">\n\t\t\t\t\t\t<div class=\"elementor-element elementor-element-9eb1cd0 elementor-invisible elementor-widget elementor-widget-text-editor\" data-id=\"9eb1cd0\" data-element_type=\"widget\" data-e-type=\"widget\" data-settings=\"{&quot;_animation&quot;:&quot;fadeInUp&quot;}\" data-widget_type=\"text-editor.default\">\n\t\t\t\t<div class=\"elementor-widget-container\">\n\t\t\t\t\t\t\t\t\t<p><span style=\"white-space: pre-wrap;\"><b>La scuola \u00e8 una Chiamata per lo spirito umano<\/b> a riconoscere e adempiere alla sua missione unica nella Creazione e a dedicarla a beneficio dell&#8217;intera umanit\u00e0.<\/span><\/p><p>La scuola attinge all&#8217;Alto Sapere delle Leggi della Creazione, che fornisce una risposta a tutte le domande riguardanti l&#8217;esistenza umana.<\/p><p>Questo Sapere \u00e8 la Rivelazione Finale dalla Luce all&#8217;umanit\u00e0, di cui ha urgente bisogno, al fine di passare con successo dal Vecchio Mondo al Nuovo Mondo.<\/p><p>Il programma consiste in un viaggio in quattro fasi, che porta lo spirito umano dal fondo fino alla cima della sua altezza raggiungibile. <\/p>\t\t\t\t\t\t\t\t<\/div>\n\t\t\t\t<\/div>\n\t\t\t\t\t<\/div>\n\t\t<\/div>\n\t\t\t\t\t<\/div>\n\t\t<\/section>\n\t\t\t\t<section class=\"elementor-section elementor-top-section elementor-element elementor-element-b58f41b elementor-section-boxed elementor-section-height-default elementor-section-height-default\" data-id=\"b58f41b\" data-element_type=\"section\" data-e-type=\"section\">\n\t\t\t\t\t\t<div class=\"elementor-container elementor-column-gap-default\">\n\t\t\t\t\t<div class=\"elementor-column elementor-col-100 elementor-top-column elementor-element elementor-element-7599c1e\" data-id=\"7599c1e\" data-element_type=\"column\" data-e-type=\"column\">\n\t\t\t<div class=\"elementor-widget-wrap elementor-element-populated\">\n\t\t\t\t\t\t<div class=\"elementor-element elementor-element-8b276b7 elementor-widget__width-initial elementor-icon-list--layout-traditional elementor-list-item-link-full_width elementor-invisible elementor-widget elementor-widget-icon-list\" data-id=\"8b276b7\" data-element_type=\"widget\" data-e-type=\"widget\" data-settings=\"{&quot;_animation&quot;:&quot;fadeInUp&quot;}\" data-widget_type=\"icon-list.default\">\n\t\t\t\t<div class=\"elementor-widget-container\">\n\t\t\t\t\t\t\t<ul class=\"elementor-icon-list-items\">\n\t\t\t\t\t\t\t<li class=\"elementor-icon-list-item\">\n\t\t\t\t\t\t\t\t\t\t\t<a href=\"https:\/\/almaschool.org\/it\/talk-podcast\/\">\n\n\t\t\t\t\t\t\t\t\t\t\t<span class=\"elementor-icon-list-text\"><img decoding=\"async\" src=\"https:\/\/almaschool.org\/wp-content\/uploads\/2023\/06\/A-New-Human-Being.-A-New-World.png\" alt=\"\" width=\"30px\" style=\"margin-right:5px;vertical-align: middle;padding-bottom:5px\"><b>Passo 1<\/b> - <span>Un Nuovo Essere Umano Un Nuovo Mondo<\/span>\n\t\t\t\t\t\t\t\t\t\t\t<\/a>\n\t\t\t\t\t\t\t\t\t<\/li>\n\t\t\t\t\t\t\t\t<li class=\"elementor-icon-list-item\">\n\t\t\t\t\t\t\t\t\t\t\t<a href=\"https:\/\/almaschool.org\/?page_id=642\">\n\n\t\t\t\t\t\t\t\t\t\t\t<span class=\"elementor-icon-list-text\"><img decoding=\"async\" src=\"https:\/\/almaschool.org\/wp-content\/uploads\/2023\/06\/Gym-for-Life.png\" alt=\"\" width=\"30px\" style=\"margin-right:5px;vertical-align: middle;padding-bottom:5px\"><b>Passo 2.A<\/b> - <span>LASCIA ANDARE IL MIO SPIRITO <\/span>\n\t\t\t\t\t\t\t\t\t\t\t<\/a>\n\t\t\t\t\t\t\t\t\t<\/li>\n\t\t\t\t\t\t\t\t<li class=\"elementor-icon-list-item\">\n\t\t\t\t\t\t\t\t\t\t\t<a href=\"https:\/\/almaschool.org\/it\/regina\/\">\n\n\t\t\t\t\t\t\t\t\t\t\t<span class=\"elementor-icon-list-text\"><img decoding=\"async\" src=\"https:\/\/almaschool.org\/wp-content\/uploads\/2023\/06\/Queen.png\" alt=\"\" width=\"30px\" style=\"margin-right:5px;vertical-align:middle;padding-bottom:5px\">Passo 2.B - <span>Regina (seminario per donne)<\/span>\n\t\t\t\t\t\t\t\t\t\t\t<\/a>\n\t\t\t\t\t\t\t\t\t<\/li>\n\t\t\t\t\t\t\t\t<li class=\"elementor-icon-list-item\">\n\t\t\t\t\t\t\t\t\t\t\t<a href=\"https:\/\/almaschool.org\/it\/storie-per-lanima\/\">\n\n\t\t\t\t\t\t\t\t\t\t\t<span class=\"elementor-icon-list-text\"><img decoding=\"async\" src=\"https:\/\/almaschool.org\/wp-content\/uploads\/2023\/06\/Stories-for-the-Spirit.png\" alt=\"\" width=\"30px\" style=\"margin-right:5px;vertical-align: middle;padding-bottom:5px\"><b>Passo 3<\/b> - <span>Storie per l'Anima <\/span>\n\t\t\t\t\t\t\t\t\t\t\t<\/a>\n\t\t\t\t\t\t\t\t\t<\/li>\n\t\t\t\t\t\t\t\t<li class=\"elementor-icon-list-item\">\n\t\t\t\t\t\t\t\t\t\t\t<a href=\"https:\/\/almaschool.org\/the-program-for-high-knowledge\/\">\n\n\t\t\t\t\t\t\t\t\t\t\t<span class=\"elementor-icon-list-text\"><img decoding=\"async\" src=\"https:\/\/almaschool.org\/wp-content\/uploads\/2023\/06\/The-Program-for-High-Knowledge_1.png\" alt=\"\" width=\"30px\" style=\"margin-right:5px;vertical-align: middle;padding-bottom:5px\"><b>Passo 4<\/b> -<span style=\"color:#235AE1\"> il Programma per l' Alta Conoscenza<\/span><\/span>\n\t\t\t\t\t\t\t\t\t\t\t<\/a>\n\t\t\t\t\t\t\t\t\t<\/li>\n\t\t\t\t\t\t<\/ul>\n\t\t\t\t\t\t<\/div>\n\t\t\t\t<\/div>\n\t\t\t\t\t<\/div>\n\t\t<\/div>\n\t\t\t\t\t<\/div>\n\t\t<\/section>\n\t\t\t\t<section class=\"elementor-section elementor-top-section elementor-element elementor-element-b52854f elementor-section-boxed elementor-section-height-default elementor-section-height-default\" data-id=\"b52854f\" data-element_type=\"section\" data-e-type=\"section\">\n\t\t\t\t\t\t<div class=\"elementor-container elementor-column-gap-default\">\n\t\t\t\t\t<div class=\"elementor-column elementor-col-100 elementor-top-column elementor-element elementor-element-b97b3ce\" data-id=\"b97b3ce\" data-element_type=\"column\" data-e-type=\"column\">\n\t\t\t<div class=\"elementor-widget-wrap elementor-element-populated\">\n\t\t\t\t\t\t<section class=\"elementor-section elementor-inner-section elementor-element elementor-element-6f6ecdf elementor-section-full_width elementor-section-height-default elementor-section-height-default\" data-id=\"6f6ecdf\" data-element_type=\"section\" data-e-type=\"section\">\n\t\t\t\t\t\t\t<div class=\"elementor-background-overlay\"><\/div>\n\t\t\t\t\t\t\t<div class=\"elementor-container elementor-column-gap-default\">\n\t\t\t\t\t<div class=\"elementor-column elementor-col-100 elementor-inner-column elementor-element elementor-element-f4750f5\" data-id=\"f4750f5\" data-element_type=\"column\" data-e-type=\"column\">\n\t\t\t<div class=\"elementor-widget-wrap elementor-element-populated\">\n\t\t\t\t\t\t<div class=\"elementor-element elementor-element-37a6cd5 elementor-invisible elementor-widget elementor-widget-image\" data-id=\"37a6cd5\" data-element_type=\"widget\" data-e-type=\"widget\" data-settings=\"{&quot;motion_fx_motion_fx_scrolling&quot;:&quot;yes&quot;,&quot;_animation&quot;:&quot;fadeInUp&quot;,&quot;motion_fx_motion_fx_mouse&quot;:&quot;yes&quot;,&quot;motion_fx_devices&quot;:[&quot;desktop&quot;,&quot;tablet&quot;,&quot;mobile&quot;]}\" data-widget_type=\"image.default\">\n\t\t\t\t<div class=\"elementor-widget-container\">\n\t\t\t\t\t\t\t\t\t\t\t\t\t\t\t<img fetchpriority=\"high\" decoding=\"async\" width=\"300\" height=\"300\" src=\"https:\/\/almaschool.org\/wp-content\/uploads\/2023\/06\/\u05d7\u05d2\u05d9\u05ea-\u05d2\u05d5\u05dc\u05d2\u05d5\u05dc-\u05dc\u05de\u05e2\u05dc\u05d4-300x300.png\" class=\"attachment-medium size-medium wp-image-16595\" alt=\"\" srcset=\"https:\/\/almaschool.org\/wp-content\/uploads\/2023\/06\/\u05d7\u05d2\u05d9\u05ea-\u05d2\u05d5\u05dc\u05d2\u05d5\u05dc-\u05dc\u05de\u05e2\u05dc\u05d4-300x300.png 300w, https:\/\/almaschool.org\/wp-content\/uploads\/2023\/06\/\u05d7\u05d2\u05d9\u05ea-\u05d2\u05d5\u05dc\u05d2\u05d5\u05dc-\u05dc\u05de\u05e2\u05dc\u05d4-100x100.png 100w, https:\/\/almaschool.org\/wp-content\/uploads\/2023\/06\/\u05d7\u05d2\u05d9\u05ea-\u05d2\u05d5\u05dc\u05d2\u05d5\u05dc-\u05dc\u05de\u05e2\u05dc\u05d4-150x150.png 150w, https:\/\/almaschool.org\/wp-content\/uploads\/2023\/06\/\u05d7\u05d2\u05d9\u05ea-\u05d2\u05d5\u05dc\u05d2\u05d5\u05dc-\u05dc\u05de\u05e2\u05dc\u05d4.png 335w\" sizes=\"(max-width: 300px) 100vw, 300px\" \/>\t\t\t\t\t\t\t\t\t\t\t\t\t\t\t<\/div>\n\t\t\t\t<\/div>\n\t\t\t\t\t<\/div>\n\t\t<\/div>\n\t\t\t\t\t<\/div>\n\t\t<\/section>\n\t\t\t\t<section class=\"elementor-section elementor-inner-section elementor-element elementor-element-06c9f78 elementor-section-full_width elementor-section-height-default elementor-section-height-default\" data-id=\"06c9f78\" data-element_type=\"section\" data-e-type=\"section\">\n\t\t\t\t\t\t\t<div class=\"elementor-background-overlay\"><\/div>\n\t\t\t\t\t\t\t<div class=\"elementor-container elementor-column-gap-default\">\n\t\t\t\t\t<div class=\"elementor-column elementor-col-100 elementor-inner-column elementor-element elementor-element-c27393e\" data-id=\"c27393e\" data-element_type=\"column\" data-e-type=\"column\">\n\t\t\t<div class=\"elementor-widget-wrap elementor-element-populated\">\n\t\t\t\t\t\t<div class=\"elementor-element elementor-element-3d9591f queen_step elementor-widget__width-initial elementor-invisible elementor-widget elementor-widget-heading\" data-id=\"3d9591f\" data-element_type=\"widget\" data-e-type=\"widget\" data-settings=\"{&quot;_animation&quot;:&quot;fadeInUp&quot;}\" data-widget_type=\"heading.default\">\n\t\t\t\t<div class=\"elementor-widget-container\">\n\t\t\t\t\t<h1 class=\"elementor-heading-title elementor-size-default\">La nostra fondatrice<\/h1>\t\t\t\t<\/div>\n\t\t\t\t<\/div>\n\t\t\t\t<div class=\"elementor-element elementor-element-2b2a53a elementor-invisible elementor-widget elementor-widget-heading\" data-id=\"2b2a53a\" data-element_type=\"widget\" data-e-type=\"widget\" data-settings=\"{&quot;_animation&quot;:&quot;fadeInUp&quot;}\" data-widget_type=\"heading.default\">\n\t\t\t\t<div class=\"elementor-widget-container\">\n\t\t\t\t\t<h1 class=\"elementor-heading-title elementor-size-default\">Hagit rabbi<\/h1>\t\t\t\t<\/div>\n\t\t\t\t<\/div>\n\t\t\t\t\t<\/div>\n\t\t<\/div>\n\t\t\t\t\t<\/div>\n\t\t<\/section>\n\t\t\t\t<div class=\"elementor-element elementor-element-af4ab97 elementor-invisible elementor-widget elementor-widget-text-editor\" data-id=\"af4ab97\" data-element_type=\"widget\" data-e-type=\"widget\" data-settings=\"{&quot;_animation&quot;:&quot;fadeInUp&quot;}\" data-widget_type=\"text-editor.default\">\n\t\t\t\t<div class=\"elementor-widget-container\">\n\t\t\t\t\t\t\t\t\t<p><span style=\"white-space: pre-wrap;\"><b>Quando un uomo riceve una Chiamata dalla Luce, tutto ci\u00f2 che \u00e8 personale per lui perde la sua importanza. Capisce, subito, che tutto ci\u00f2 che \u00e8 accaduto nella sua vita prima della Chiamata al servizio, era solo preparazione per il suo tempo di realizzazione. La realizzazione dell&#8217;antica, dimenticata promessa del suo spirito di servire la Luce.  <\/b><\/span><\/p>\n<p>Per tutta la vita, ho cercato la verit\u00e0.<br>Fin da giovanissima, ho cercato in diversi luoghi per trovare le risposte alle grandi domande dell&#8217;esistenza umana.<\/p>\n<p>Ho iniziato con una ricerca accademica presso i dipartimenti di Filosofia e Talmud all&#8217;Universit\u00e0 Ebraica. Poi ho continuato a studiare la Kabbalah e l&#8217;ebraismo chassidico direttamente con un rabbino ortodosso. Ho inoltre ricercato in modo indipendente la filosofia orientale, varie religioni, psicologia, modalit\u00e0 di comunicazione, educazione alternativa, letteratura, poesia, musica, nutrizione, medicina olistica e benessere fisico.  <\/p>\n<p>Ho cercato e cercato, ma sono tornata a mani vuote.<\/p>\n<p>Non ho trovato la verit\u00e0. Non ho trovato Dio. Non ho trovato il significato della vita in un mondo che sembrava sempre pi\u00f9 triste, freddo e alienato.  <\/p>\n<p>A quel tempo, apparentemente, avevo tutto ci\u00f2 che una donna potesse desiderare, ma il mio spirito soffriva terribilmente.<\/p>\n<p>L&#8217;anno 2000 \u00e8 stato un punto di svolta nella mia vita.<\/p>\n<p>Durante un soggiorno in Sud America, un libro misterioso \u00e8 caduto nelle mie mani. Mi ha automaticamente attirato a s\u00e9, poich\u00e9 il piano della Luce per il mio spirito doveva semplicemente condurmi ad esso. Questo libro ha rivelato la conoscenza completa e alta su tutto ci\u00f2 che esiste tra l&#8217;uomo e il Creatore e mi ha lasciato senza domande brucianti senza risposta.  <\/p>\n<p>Durante sette anni di esilio, scoperta e rivelazione nel mio proverbiale &#8220;deserto&#8221; nel Cile meridionale, la mia coscienza \u00e8 ascesa da un livello di riconoscimento all&#8217;esperienza e, infine, al livello di assoluta convinzione nella perfezione della Creazione e nell&#8217;Amore Divino del Creatore.<\/p>\n<p>Poi, ho anche ricordato il giuramento che il mio spirito aveva fatto di dedicare la mia vita al servizio di Dio.<\/p>\n<p>Colmare la sublime conoscenza che questo libro contiene attraverso la creazione di una scuola \u00e8 la mia missione nella Creazione.<\/p>\n<p>Nel 2007, la prima scuola Alma Inspira \u00e8 stata fondata a Buenos Aires. Successivamente, i programmi della scuola sono stati disponibili anche in altri luoghi del Sud America. <\/p>\n<p>La pandemia di Covid ha segnato l&#8217;inizio di una nuova era e, di conseguenza, nel 2021, sono tornata nel mio luogo di nascita per fondare la scuola Alma Inspira in Israele.<\/p>\n<p>Nel 2023, Alma School for Humanity si \u00e8 aperta al mondo e a tutte le persone, chiunque e ovunque esse siano.<\/p>\n<p>Tuttavia, un ponte ha un solo ruolo: consentire il passaggio sicuro <span style=\"background-color: var(--base-3);\">da un luogo all&#8217;altro.<\/span><\/p>\t\t\t\t\t\t\t\t<\/div>\n\t\t\t\t<\/div>\n\t\t\t\t\t<\/div>\n\t\t<\/div>\n\t\t\t\t\t<\/div>\n\t\t<\/section>\n\t\t\t\t<section class=\"elementor-section elementor-top-section elementor-element elementor-element-2d57494 elementor-section-boxed elementor-section-height-default elementor-section-height-default\" data-id=\"2d57494\" data-element_type=\"section\" data-e-type=\"section\">\n\t\t\t\t\t\t<div class=\"elementor-container elementor-column-gap-default\">\n\t\t\t\t\t<div class=\"elementor-column elementor-col-100 elementor-top-column elementor-element elementor-element-c835954\" data-id=\"c835954\" data-element_type=\"column\" data-e-type=\"column\">\n\t\t\t<div class=\"elementor-widget-wrap elementor-element-populated\">\n\t\t\t\t\t\t<div class=\"elementor-element elementor-element-8301aa3 elementor-invisible elementor-widget elementor-widget-text-editor\" data-id=\"8301aa3\" data-element_type=\"widget\" data-e-type=\"widget\" data-settings=\"{&quot;_animation&quot;:&quot;fadeInUp&quot;}\" data-widget_type=\"text-editor.default\">\n\t\t\t\t<div class=\"elementor-widget-container\">\n\t\t\t\t\t\t\t\t\t<p><b><span style=\"white-space: pre-wrap;\"><br>La mia missione si compie nel momento in cui lo spirito umano \u00e8 in grado di attraversare il ponte per raggiungere la conoscenza ultima, che \u00e8 stata portata all&#8217;umanit\u00e0 da coloro che sono stati scelti da Dio, e da l\u00ec ascendere alle Altezze Luminose.<\/span><br><\/b><\/p><p>Se durante questo periodo critico per l&#8217;umanit\u00e0, pi\u00f9 spiriti umani ascoltano la Chiamata, ricordano il loro voto e lavorano per adempiere alla loro missione, insieme, saremmo in grado di ascendere al luogo destinato a tutti noi dalla Luce.<\/p>\t\t\t\t\t\t\t\t<\/div>\n\t\t\t\t<\/div>\n\t\t\t\t\t<\/div>\n\t\t<\/div>\n\t\t\t\t\t<\/div>\n\t\t<\/section>\n\t\t\t\t<section class=\"elementor-section elementor-top-section elementor-element elementor-element-41e5862 elementor-hidden-desktop elementor-hidden-tablet elementor-hidden-mobile elementor-section-boxed elementor-section-height-default elementor-section-height-default elementor-invisible\" data-id=\"41e5862\" data-element_type=\"section\" data-e-type=\"section\" data-settings=\"{&quot;animation&quot;:&quot;fadeInUp&quot;}\">\n\t\t\t\t\t\t<div class=\"elementor-container elementor-column-gap-default\">\n\t\t\t\t\t<div class=\"elementor-column elementor-col-50 elementor-top-column elementor-element elementor-element-cc0e6b1\" data-id=\"cc0e6b1\" data-element_type=\"column\" data-e-type=\"column\" data-settings=\"{&quot;background_background&quot;:&quot;classic&quot;}\">\n\t\t\t<div class=\"elementor-widget-wrap elementor-element-populated\">\n\t\t\t\t\t\t<div class=\"elementor-element elementor-element-0c36670 elementor-widget elementor-widget-heading\" data-id=\"0c36670\" data-element_type=\"widget\" data-e-type=\"widget\" data-settings=\"{&quot;motion_fx_motion_fx_scrolling&quot;:&quot;yes&quot;,&quot;motion_fx_devices&quot;:[&quot;desktop&quot;,&quot;tablet&quot;,&quot;mobile&quot;]}\" data-widget_type=\"heading.default\">\n\t\t\t\t<div class=\"elementor-widget-container\">\n\t\t\t\t\t<h1 class=\"elementor-heading-title elementor-size-default\">Inizia il tuo viaggio<\/h1>\t\t\t\t<\/div>\n\t\t\t\t<\/div>\n\t\t\t\t<div class=\"elementor-element elementor-element-45bf336 elementor-widget elementor-widget-heading\" data-id=\"45bf336\" data-element_type=\"widget\" data-e-type=\"widget\" data-widget_type=\"heading.default\">\n\t\t\t\t<div class=\"elementor-widget-container\">\n\t\t\t\t\t<span class=\"elementor-heading-title elementor-size-medium\"><span style=\"font-size: 17px\">RegistrateVi per avere accesso alla visualizzazione dei corsi.<\/span>\n\n\n[mepr-membership-registration-form id=\"32\"]<\/span>\t\t\t\t<\/div>\n\t\t\t\t<\/div>\n\t\t\t\t<div class=\"elementor-element elementor-element-9b27ab7 elementor-widget elementor-widget-heading\" data-id=\"9b27ab7\" data-element_type=\"widget\" data-e-type=\"widget\" data-widget_type=\"heading.default\">\n\t\t\t\t<div class=\"elementor-widget-container\">\n\t\t\t\t\t<span class=\"elementor-heading-title elementor-size-medium\"><span style=\"font-size: 17px\">I membri registrati possono <a href=\"https:\/\/almaschool.org\/login\/\">accedere qui<\/a><\/span><\/span>\t\t\t\t<\/div>\n\t\t\t\t<\/div>\n\t\t\t\t\t<\/div>\n\t\t<\/div>\n\t\t\t\t<div class=\"elementor-column elementor-col-50 elementor-top-column elementor-element elementor-element-c187bbb must_cta\" data-id=\"c187bbb\" data-element_type=\"column\" data-e-type=\"column\" data-settings=\"{&quot;background_background&quot;:&quot;classic&quot;}\">\n\t\t\t<div class=\"elementor-widget-wrap elementor-element-populated\">\n\t\t\t\t\t\t\t<\/div>\n\t\t<\/div>\n\t\t\t\t\t<\/div>\n\t\t<\/section>\n\t\t\t\t<\/div>\n\t\t","protected":false},"excerpt":{"rendered":"<p>Chi siamo La scuola \u00e8 una Chiamata per lo spirito umano a riconoscere e adempiere alla sua missione unica nella Creazione e a dedicarla a beneficio dell&#8217;intera umanit\u00e0. La scuola attinge all&#8217;Alto Sapere delle Leggi della Creazione, che fornisce una risposta a tutte le domande riguardanti l&#8217;esistenza umana. Questo Sapere \u00e8 la Rivelazione Finale dalla &#8230; <a title=\"Informazioni sulla nostra scuola\" class=\"read-more\" href=\"https:\/\/almaschool.org\/it\/informazioni-sulla-nostra-scuola\/\" aria-label=\"Per saperne di pi\u00f9 su Informazioni sulla nostra scuola\">Leggi tutto<\/a><\/p>\n","protected":false},"author":8,"featured_media":0,"parent":0,"menu_order":0,"comment_status":"closed","ping_status":"closed","template":"","meta":{"_themeisle_gutenberg_block_has_review":false,"footnotes":""},"class_list":["post-16583","page","type-page","status-publish"],"aioseo_notices":[],"_links":{"self":[{"href":"https:\/\/almaschool.org\/it\/wp-json\/wp\/v2\/pages\/16583","targetHints":{"allow":["GET"]}}],"collection":[{"href":"https:\/\/almaschool.org\/it\/wp-json\/wp\/v2\/pages"}],"about":[{"href":"https:\/\/almaschool.org\/it\/wp-json\/wp\/v2\/types\/page"}],"author":[{"embeddable":true,"href":"https:\/\/almaschool.org\/it\/wp-json\/wp\/v2\/users\/8"}],"replies":[{"embeddable":true,"href":"https:\/\/almaschool.org\/it\/wp-json\/wp\/v2\/comments?post=16583"}],"version-history":[{"count":6,"href":"https:\/\/almaschool.org\/it\/wp-json\/wp\/v2\/pages\/16583\/revisions"}],"predecessor-version":[{"id":23775,"href":"https:\/\/almaschool.org\/it\/wp-json\/wp\/v2\/pages\/16583\/revisions\/23775"}],"wp:attachment":[{"href":"https:\/\/almaschool.org\/it\/wp-json\/wp\/v2\/media?parent=16583"}],"curies":[{"name":"wp","href":"https:\/\/api.w.org\/{rel}","templated":true}]}}