{"id":5806,"date":"2023-10-03T21:30:10","date_gmt":"2023-10-03T18:30:10","guid":{"rendered":"https:\/\/almaschool.org\/comment-choisir-la-langue-des-sous-titres\/"},"modified":"2025-07-28T17:48:05","modified_gmt":"2025-07-28T14:48:05","slug":"comment-choisir-la-langue-des-sous-titres","status":"publish","type":"page","link":"https:\/\/almaschool.org\/fr\/comment-choisir-la-langue-des-sous-titres\/","title":{"rendered":"Comment choisir la langue des sous-titres ?"},"content":{"rendered":"\t\t<div data-elementor-type=\"wp-page\" data-elementor-id=\"5806\" class=\"elementor elementor-5806 elementor-1842\" data-elementor-post-type=\"page\">\n\t\t\t\t<div class=\"elementor-element elementor-element-57c1a6c e-flex e-con-boxed e-con e-parent\" data-id=\"57c1a6c\" data-element_type=\"container\" data-e-type=\"container\">\n\t\t\t\t\t<div class=\"e-con-inner\">\n\t\t\t\t<div class=\"elementor-element elementor-element-045a39e elementor-widget-divider--view-line elementor-widget elementor-widget-divider\" data-id=\"045a39e\" data-element_type=\"widget\" data-e-type=\"widget\" data-widget_type=\"divider.default\">\n\t\t\t\t<div class=\"elementor-widget-container\">\n\t\t\t\t\t\t\t<div class=\"elementor-divider\">\n\t\t\t<span class=\"elementor-divider-separator\">\n\t\t\t\t\t\t<\/span>\n\t\t<\/div>\n\t\t\t\t\t\t<\/div>\n\t\t\t\t<\/div>\n\t\t\t\t\t<\/div>\n\t\t\t\t<\/div>\n\t\t<div class=\"elementor-element elementor-element-35ec9ae e-flex e-con-boxed e-con e-parent\" data-id=\"35ec9ae\" data-element_type=\"container\" data-e-type=\"container\">\n\t\t\t\t\t<div class=\"e-con-inner\">\n\t\t<div class=\"elementor-element elementor-element-bf439ab e-con-full e-flex e-con e-child\" data-id=\"bf439ab\" data-element_type=\"container\" data-e-type=\"container\">\n\t\t\t\t<div class=\"elementor-element elementor-element-d25d50e elementor-widget elementor-widget-heading\" data-id=\"d25d50e\" data-element_type=\"widget\" data-e-type=\"widget\" data-widget_type=\"heading.default\">\n\t\t\t\t<div class=\"elementor-widget-container\">\n\t\t\t\t\t<h2 class=\"elementor-heading-title elementor-size-default\">\u00c9tape 1<\/h2>\t\t\t\t<\/div>\n\t\t\t\t<\/div>\n\t\t\t\t<div class=\"elementor-element elementor-element-134f28d elementor-widget elementor-widget-text-editor\" data-id=\"134f28d\" data-element_type=\"widget\" data-e-type=\"widget\" data-widget_type=\"text-editor.default\">\n\t\t\t\t<div class=\"elementor-widget-container\">\n\t\t\t\t\t\t\t\t\t<p>Une fois la vid\u00e9o ouverte,<br><span style=\"color: var( --e-global-color-text ); font-family: var( --e-global-typography-text-font-family ), Sans-serif; font-weight: var( --e-global-typography-text-font-weight ); text-align: var(--text-align); background-color: var(--base-3);\">cliquez sur l&rsquo;ic\u00f4ne \u00ab CC \u00bb pour l&rsquo;activer. <br>La <\/span><span style=\"color: var( --e-global-color-text ); font-family: var( --e-global-typography-text-font-family ), Sans-serif; font-weight: var( --e-global-typography-text-font-weight ); text-align: var(--text-align); background-color: var(--base-3);\">couleur de l&rsquo;ic\u00f4ne CC changera lorsqu&rsquo;elle sera <\/span><span style=\"color: var( --e-global-color-text ); font-family: var( --e-global-typography-text-font-family ), Sans-serif; font-weight: var( --e-global-typography-text-font-weight ); text-align: var(--text-align); background-color: var(--base-3);\">activ\u00e9e.<\/span><\/p>\t\t\t\t\t\t\t\t<\/div>\n\t\t\t\t<\/div>\n\t\t\t\t<\/div>\n\t\t<div class=\"elementor-element elementor-element-2a82674 e-con-full e-flex e-con e-child\" data-id=\"2a82674\" data-element_type=\"container\" data-e-type=\"container\">\n\t\t\t\t<div class=\"elementor-element elementor-element-59beff6 elementor-widget elementor-widget-image\" data-id=\"59beff6\" data-element_type=\"widget\" data-e-type=\"widget\" data-widget_type=\"image.default\">\n\t\t\t\t<div class=\"elementor-widget-container\">\n\t\t\t\t\t\t\t\t\t\t\t\t\t\t\t<img fetchpriority=\"high\" decoding=\"async\" width=\"208\" height=\"300\" src=\"https:\/\/almaschool.org\/wp-content\/uploads\/2023\/10\/111-e1696368393484-208x300.jpeg\" class=\"attachment-medium size-medium wp-image-5809\" alt=\"\" srcset=\"https:\/\/almaschool.org\/wp-content\/uploads\/2023\/10\/111-e1696368393484-208x300.jpeg 208w, https:\/\/almaschool.org\/wp-content\/uploads\/2023\/10\/111-e1696368393484-600x864.jpeg 600w, https:\/\/almaschool.org\/wp-content\/uploads\/2023\/10\/111-e1696368393484.jpeg 701w\" sizes=\"(max-width: 208px) 100vw, 208px\" \/>\t\t\t\t\t\t\t\t\t\t\t\t\t\t\t<\/div>\n\t\t\t\t<\/div>\n\t\t\t\t<\/div>\n\t\t\t\t\t<\/div>\n\t\t\t\t<\/div>\n\t\t<div class=\"elementor-element elementor-element-11b040f e-flex e-con-boxed e-con e-parent\" data-id=\"11b040f\" data-element_type=\"container\" data-e-type=\"container\">\n\t\t\t\t\t<div class=\"e-con-inner\">\n\t\t\t\t<div class=\"elementor-element elementor-element-c3ec9fa elementor-widget-divider--view-line elementor-widget elementor-widget-divider\" data-id=\"c3ec9fa\" data-element_type=\"widget\" data-e-type=\"widget\" data-widget_type=\"divider.default\">\n\t\t\t\t<div class=\"elementor-widget-container\">\n\t\t\t\t\t\t\t<div class=\"elementor-divider\">\n\t\t\t<span class=\"elementor-divider-separator\">\n\t\t\t\t\t\t<\/span>\n\t\t<\/div>\n\t\t\t\t\t\t<\/div>\n\t\t\t\t<\/div>\n\t\t\t\t\t<\/div>\n\t\t\t\t<\/div>\n\t\t<div class=\"elementor-element elementor-element-8d31c39 e-flex e-con-boxed e-con e-parent\" data-id=\"8d31c39\" data-element_type=\"container\" data-e-type=\"container\">\n\t\t\t\t\t<div class=\"e-con-inner\">\n\t\t<div class=\"elementor-element elementor-element-0175c30 e-con-full e-flex e-con e-child\" data-id=\"0175c30\" data-element_type=\"container\" data-e-type=\"container\">\n\t\t\t\t<div class=\"elementor-element elementor-element-0218c91 elementor-widget elementor-widget-heading\" data-id=\"0218c91\" data-element_type=\"widget\" data-e-type=\"widget\" data-widget_type=\"heading.default\">\n\t\t\t\t<div class=\"elementor-widget-container\">\n\t\t\t\t\t<h2 class=\"elementor-heading-title elementor-size-default\">\u00c9tape 2<\/h2>\t\t\t\t<\/div>\n\t\t\t\t<\/div>\n\t\t\t\t<div class=\"elementor-element elementor-element-5d2584b elementor-widget elementor-widget-text-editor\" data-id=\"5d2584b\" data-element_type=\"widget\" data-e-type=\"widget\" data-widget_type=\"text-editor.default\">\n\t\t\t\t<div class=\"elementor-widget-container\">\n\t\t\t\t\t\t\t\t\t<p>Cliquez sur l&rsquo;ic\u00f4ne \u00ab roue dent\u00e9e \u00bb et trouvez la ligne \u00ab\u00a0sous-titres\u00a0\u00bb.<br>Par ailleurs, vous pouvez choisir la vitesse<br>de lecture de la vid\u00e9o en cliquant sur la ligne<br>\u00ab\u00a0vitesse\u00a0\u00bb.<\/p>\t\t\t\t\t\t\t\t<\/div>\n\t\t\t\t<\/div>\n\t\t\t\t<\/div>\n\t\t<div class=\"elementor-element elementor-element-6495987 e-con-full e-flex e-con e-child\" data-id=\"6495987\" data-element_type=\"container\" data-e-type=\"container\">\n\t\t\t\t<div class=\"elementor-element elementor-element-444d04f elementor-widget elementor-widget-image\" data-id=\"444d04f\" data-element_type=\"widget\" data-e-type=\"widget\" data-widget_type=\"image.default\">\n\t\t\t\t<div class=\"elementor-widget-container\">\n\t\t\t\t\t\t\t\t\t\t\t\t\t\t\t<img decoding=\"async\" width=\"229\" height=\"300\" src=\"https:\/\/almaschool.org\/wp-content\/uploads\/2023\/10\/222-1-e1696368644798-229x300.jpeg\" class=\"attachment-medium size-medium wp-image-5810\" alt=\"\" srcset=\"https:\/\/almaschool.org\/wp-content\/uploads\/2023\/10\/222-1-e1696368644798-229x300.jpeg 229w, https:\/\/almaschool.org\/wp-content\/uploads\/2023\/10\/222-1-e1696368644798-600x785.jpeg 600w, https:\/\/almaschool.org\/wp-content\/uploads\/2023\/10\/222-1-e1696368644798.jpeg 701w\" sizes=\"(max-width: 229px) 100vw, 229px\" \/>\t\t\t\t\t\t\t\t\t\t\t\t\t\t\t<\/div>\n\t\t\t\t<\/div>\n\t\t\t\t<\/div>\n\t\t\t\t\t<\/div>\n\t\t\t\t<\/div>\n\t\t<div class=\"elementor-element elementor-element-0f1bdcd e-flex e-con-boxed e-con e-parent\" data-id=\"0f1bdcd\" data-element_type=\"container\" data-e-type=\"container\">\n\t\t\t\t\t<div class=\"e-con-inner\">\n\t\t\t\t<div class=\"elementor-element elementor-element-87e4365 elementor-widget-divider--view-line elementor-widget elementor-widget-divider\" data-id=\"87e4365\" data-element_type=\"widget\" data-e-type=\"widget\" data-widget_type=\"divider.default\">\n\t\t\t\t<div class=\"elementor-widget-container\">\n\t\t\t\t\t\t\t<div class=\"elementor-divider\">\n\t\t\t<span class=\"elementor-divider-separator\">\n\t\t\t\t\t\t<\/span>\n\t\t<\/div>\n\t\t\t\t\t\t<\/div>\n\t\t\t\t<\/div>\n\t\t\t\t\t<\/div>\n\t\t\t\t<\/div>\n\t\t<div class=\"elementor-element elementor-element-8257d06 e-flex e-con-boxed e-con e-parent\" data-id=\"8257d06\" data-element_type=\"container\" data-e-type=\"container\">\n\t\t\t\t\t<div class=\"e-con-inner\">\n\t\t<div class=\"elementor-element elementor-element-952d9a9 e-con-full e-flex e-con e-child\" data-id=\"952d9a9\" data-element_type=\"container\" data-e-type=\"container\">\n\t\t\t\t<div class=\"elementor-element elementor-element-5c7b589 elementor-widget elementor-widget-heading\" data-id=\"5c7b589\" data-element_type=\"widget\" data-e-type=\"widget\" data-widget_type=\"heading.default\">\n\t\t\t\t<div class=\"elementor-widget-container\">\n\t\t\t\t\t<h2 class=\"elementor-heading-title elementor-size-default\">\u00c9tape 3<\/h2>\t\t\t\t<\/div>\n\t\t\t\t<\/div>\n\t\t\t\t<div class=\"elementor-element elementor-element-8a964e8 elementor-widget elementor-widget-text-editor\" data-id=\"8a964e8\" data-element_type=\"widget\" data-e-type=\"widget\" data-widget_type=\"text-editor.default\">\n\t\t\t\t<div class=\"elementor-widget-container\">\n\t\t\t\t\t\t\t\t\t<p style=\"text-size-adjust: 100%; margin-bottom: 0px; word-break: break-word; line-height: 1.5; direction: ltr;\"><span style=\"color: #282525; font-family: Helvetica Neue, Helvetica, Arial, Verdana, sans-serif; font-size: medium;\"><span style=\"white-space-collapse: preserve;\">Choisissez votre langue de sous-titres en faisant d\u00e9filer vers le bas et en cliquant sur la langue souhait\u00e9e.<\/span><\/span><\/p>\t\t\t\t\t\t\t\t<\/div>\n\t\t\t\t<\/div>\n\t\t\t\t<\/div>\n\t\t<div class=\"elementor-element elementor-element-cb94543 e-con-full e-flex e-con e-child\" data-id=\"cb94543\" data-element_type=\"container\" data-e-type=\"container\">\n\t\t\t\t<div class=\"elementor-element elementor-element-771f326 elementor-widget elementor-widget-image\" data-id=\"771f326\" data-element_type=\"widget\" data-e-type=\"widget\" data-widget_type=\"image.default\">\n\t\t\t\t<div class=\"elementor-widget-container\">\n\t\t\t\t\t\t\t\t\t\t\t\t\t\t\t<img decoding=\"async\" width=\"229\" height=\"300\" src=\"https:\/\/almaschool.org\/wp-content\/uploads\/2023\/10\/222-e1696368743938-229x300.jpeg\" class=\"attachment-medium size-medium wp-image-5808\" alt=\"\" srcset=\"https:\/\/almaschool.org\/wp-content\/uploads\/2023\/10\/222-e1696368743938-229x300.jpeg 229w, https:\/\/almaschool.org\/wp-content\/uploads\/2023\/10\/222-e1696368743938-600x785.jpeg 600w, https:\/\/almaschool.org\/wp-content\/uploads\/2023\/10\/222-e1696368743938.jpeg 701w\" sizes=\"(max-width: 229px) 100vw, 229px\" \/>\t\t\t\t\t\t\t\t\t\t\t\t\t\t\t<\/div>\n\t\t\t\t<\/div>\n\t\t\t\t<\/div>\n\t\t\t\t\t<\/div>\n\t\t\t\t<\/div>\n\t\t\t\t<\/div>\n\t\t","protected":false},"excerpt":{"rendered":"<p>\u00c9tape 1 Une fois la vid\u00e9o ouverte,cliquez sur l&rsquo;ic\u00f4ne \u00ab CC \u00bb pour l&rsquo;activer. La couleur de l&rsquo;ic\u00f4ne CC changera lorsqu&rsquo;elle sera activ\u00e9e. \u00c9tape 2 Cliquez sur l&rsquo;ic\u00f4ne \u00ab roue dent\u00e9e \u00bb et trouvez la ligne \u00ab\u00a0sous-titres\u00a0\u00bb.Par ailleurs, vous pouvez choisir la vitessede lecture de la vid\u00e9o en cliquant sur la ligne\u00ab\u00a0vitesse\u00a0\u00bb. \u00c9tape 3 Choisissez &#8230; <a title=\"Comment choisir la langue des sous-titres ?\" class=\"read-more\" href=\"https:\/\/almaschool.org\/fr\/comment-choisir-la-langue-des-sous-titres\/\" aria-label=\"En savoir plus sur Comment choisir la langue des sous-titres ?\">Lire la suite<\/a><\/p>\n","protected":false},"author":20,"featured_media":0,"parent":0,"menu_order":0,"comment_status":"closed","ping_status":"closed","template":"","meta":{"_themeisle_gutenberg_block_has_review":false,"footnotes":""},"class_list":["post-5806","page","type-page","status-publish"],"aioseo_notices":[],"_links":{"self":[{"href":"https:\/\/almaschool.org\/fr\/wp-json\/wp\/v2\/pages\/5806","targetHints":{"allow":["GET"]}}],"collection":[{"href":"https:\/\/almaschool.org\/fr\/wp-json\/wp\/v2\/pages"}],"about":[{"href":"https:\/\/almaschool.org\/fr\/wp-json\/wp\/v2\/types\/page"}],"author":[{"embeddable":true,"href":"https:\/\/almaschool.org\/fr\/wp-json\/wp\/v2\/users\/20"}],"replies":[{"embeddable":true,"href":"https:\/\/almaschool.org\/fr\/wp-json\/wp\/v2\/comments?post=5806"}],"version-history":[{"count":0,"href":"https:\/\/almaschool.org\/fr\/wp-json\/wp\/v2\/pages\/5806\/revisions"}],"wp:attachment":[{"href":"https:\/\/almaschool.org\/fr\/wp-json\/wp\/v2\/media?parent=5806"}],"curies":[{"name":"wp","href":"https:\/\/api.w.org\/{rel}","templated":true}]}}