{"id":5568,"date":"2023-05-18T22:10:30","date_gmt":"2023-05-18T19:10:30","guid":{"rendered":"https:\/\/almaschool.org\/des-histoires-pour-lame\/"},"modified":"2026-03-15T17:25:39","modified_gmt":"2026-03-15T15:25:39","slug":"des-histoires-pour-lame","status":"publish","type":"page","link":"https:\/\/almaschool.org\/fr\/des-histoires-pour-lame\/","title":{"rendered":"Histoires pour l&rsquo;\u00e2me"},"content":{"rendered":"\t\t<div data-elementor-type=\"wp-page\" data-elementor-id=\"5568\" class=\"elementor elementor-5568 elementor-653\" data-elementor-post-type=\"page\">\n\t\t\t\t<div class=\"elementor-element elementor-element-4995368 e-con-full queen_bg e-flex e-con e-parent\" data-id=\"4995368\" data-element_type=\"container\" data-e-type=\"container\" data-settings=\"{&quot;background_background&quot;:&quot;classic&quot;}\">\n\t\t<div class=\"elementor-element elementor-element-ac19218 e-con-full e-flex e-con e-child\" data-id=\"ac19218\" data-element_type=\"container\" data-e-type=\"container\" data-settings=\"{&quot;background_background&quot;:&quot;classic&quot;}\">\n\t\t<div class=\"elementor-element elementor-element-e570d53 e-con-full e-flex e-con e-child\" data-id=\"e570d53\" data-element_type=\"container\" data-e-type=\"container\">\n\t\t<div class=\"elementor-element elementor-element-f1be078 e-con-full e-flex e-con e-child\" data-id=\"f1be078\" data-element_type=\"container\" data-e-type=\"container\">\n\t\t\t\t<div class=\"elementor-element elementor-element-1f43c7e elementor-hidden-desktop elementor-hidden-tablet elementor-widget elementor-widget-image\" data-id=\"1f43c7e\" data-element_type=\"widget\" data-e-type=\"widget\" data-widget_type=\"image.default\">\n\t\t\t\t<div class=\"elementor-widget-container\">\n\t\t\t\t\t\t\t\t\t\t\t\t\t\t\t<img decoding=\"async\" src=\"https:\/\/almaschool.org\/wp-content\/uploads\/elementor\/thumbs\/yifatp_An_open_ancient_book_lies_at_the_center_of_the_image_g_74a2fedf-5dc0-44e4-aeb0-1788e3edb3a4_1-1-rdavbmbatl5hzqvd5ogz4rl14u2z0q482urae10wu0.jpg\" title=\"yifatp_An_open_ancient_book_lies_at_the_center_of_the_image_g_74a2fedf-5dc0-44e4-aeb0-1788e3edb3a4_1 (1)\" alt=\"yifatp_An_open_ancient_book_lies_at_the_center_of_the_image_g_74a2fedf-5dc0-44e4-aeb0-1788e3edb3a4_1 (1)\" loading=\"lazy\" \/>\t\t\t\t\t\t\t\t\t\t\t\t\t\t\t<\/div>\n\t\t\t\t<\/div>\n\t\t\t\t<div class=\"elementor-element elementor-element-617f829 queen_step elementor-widget__width-initial elementor-invisible elementor-widget elementor-widget-heading\" data-id=\"617f829\" data-element_type=\"widget\" data-e-type=\"widget\" data-settings=\"{&quot;_animation&quot;:&quot;fadeInUp&quot;}\" data-widget_type=\"heading.default\">\n\t\t\t\t<div class=\"elementor-widget-container\">\n\t\t\t\t\t<h5 class=\"elementor-heading-title elementor-size-default\"><h5 class=\"elementor-heading-title elementor-size-default elementor-inline-editing pen\" data-elementor-setting-key=\"title\" data-pen-placeholder=\"Type Here...\" style=\"font-family: Montserrat, sans-serif;font-style: normal\">Cours d\u2019enrichissement\n<\/h5><div><br><\/div><\/h5>\t\t\t\t<\/div>\n\t\t\t\t<\/div>\n\t\t\t\t<div class=\"elementor-element elementor-element-f211309 elementor-invisible elementor-widget elementor-widget-heading\" data-id=\"f211309\" data-element_type=\"widget\" data-e-type=\"widget\" data-settings=\"{&quot;_animation&quot;:&quot;fadeInUp&quot;}\" data-widget_type=\"heading.default\">\n\t\t\t\t<div class=\"elementor-widget-container\">\n\t\t\t\t\t<h1 class=\"elementor-heading-title elementor-size-default\">Histoires pour\nl'\u00e2me<\/h1>\t\t\t\t<\/div>\n\t\t\t\t<\/div>\n\t\t\t\t<div class=\"elementor-element elementor-element-6a60a89 elementor-invisible elementor-widget elementor-widget-heading\" data-id=\"6a60a89\" data-element_type=\"widget\" data-e-type=\"widget\" data-settings=\"{&quot;_animation&quot;:&quot;fadeInUp&quot;}\" data-widget_type=\"heading.default\">\n\t\t\t\t<div class=\"elementor-widget-container\">\n\t\t\t\t\t<h1 class=\"elementor-heading-title elementor-size-default\">Sagesse ancienne pour l'\u00e8re moderne<\/h1>\t\t\t\t<\/div>\n\t\t\t\t<\/div>\n\t\t\t\t<\/div>\n\t\t\t\t<\/div>\n\t\t\t\t<\/div>\n\t\t<div class=\"elementor-element elementor-element-96e59e4 bg_top_flower elementor-hidden-mobile e-con-full e-flex e-con e-child\" data-id=\"96e59e4\" data-element_type=\"container\" data-e-type=\"container\">\n\t\t\t\t<div class=\"elementor-element elementor-element-7f36d52 elementor-hidden-mobile elementor-widget elementor-widget-image\" data-id=\"7f36d52\" data-element_type=\"widget\" data-e-type=\"widget\" data-settings=\"{&quot;motion_fx_motion_fx_scrolling&quot;:&quot;yes&quot;,&quot;motion_fx_devices&quot;:[&quot;desktop&quot;,&quot;tablet&quot;,&quot;mobile&quot;]}\" data-widget_type=\"image.default\">\n\t\t\t\t<div class=\"elementor-widget-container\">\n\t\t\t\t\t\t\t\t\t\t\t\t\t\t\t<img fetchpriority=\"high\" decoding=\"async\" width=\"1456\" height=\"816\" src=\"https:\/\/almaschool.org\/wp-content\/uploads\/2025\/10\/yifatp_An_open_ancient_book_lies_at_the_center_of_the_image_g_74a2fedf-5dc0-44e4-aeb0-1788e3edb3a4_1-1.jpg\" class=\"attachment-2048x2048 size-2048x2048 wp-image-17173\" alt=\"\" srcset=\"https:\/\/almaschool.org\/wp-content\/uploads\/2025\/10\/yifatp_An_open_ancient_book_lies_at_the_center_of_the_image_g_74a2fedf-5dc0-44e4-aeb0-1788e3edb3a4_1-1.jpg 1456w, https:\/\/almaschool.org\/wp-content\/uploads\/2025\/10\/yifatp_An_open_ancient_book_lies_at_the_center_of_the_image_g_74a2fedf-5dc0-44e4-aeb0-1788e3edb3a4_1-1-300x168.jpg 300w, https:\/\/almaschool.org\/wp-content\/uploads\/2025\/10\/yifatp_An_open_ancient_book_lies_at_the_center_of_the_image_g_74a2fedf-5dc0-44e4-aeb0-1788e3edb3a4_1-1-1024x574.jpg 1024w, https:\/\/almaschool.org\/wp-content\/uploads\/2025\/10\/yifatp_An_open_ancient_book_lies_at_the_center_of_the_image_g_74a2fedf-5dc0-44e4-aeb0-1788e3edb3a4_1-1-768x430.jpg 768w\" sizes=\"(max-width: 1456px) 100vw, 1456px\" \/>\t\t\t\t\t\t\t\t\t\t\t\t\t\t\t<\/div>\n\t\t\t\t<\/div>\n\t\t\t\t<\/div>\n\t\t\t\t<\/div>\n\t\t<div class=\"elementor-element elementor-element-5c55d78 e-flex e-con-boxed e-con e-parent\" data-id=\"5c55d78\" data-element_type=\"container\" data-e-type=\"container\">\n\t\t\t\t\t<div class=\"e-con-inner\">\n\t\t<div class=\"elementor-element elementor-element-92bfe36 e-con-full e-flex e-con e-child\" data-id=\"92bfe36\" data-element_type=\"container\" data-e-type=\"container\">\n\t\t\t\t<div class=\"elementor-element elementor-element-2db043e elementor-invisible elementor-widget elementor-widget-heading\" data-id=\"2db043e\" data-element_type=\"widget\" data-e-type=\"widget\" data-settings=\"{&quot;_animation&quot;:&quot;fadeInUp&quot;}\" data-widget_type=\"heading.default\">\n\t\t\t\t<div class=\"elementor-widget-container\">\n\t\t\t\t\t<h1 class=\"elementor-heading-title elementor-size-medium\">\u00ab il \u00e9tait une fois\u2026 \u00bb\n<br><span style=\"background-color: var(--base-3)\">depuis la nuit des temps, les histoires ont eu le pouvoir de toucher l'\u00e2me humaine.<\/span><\/h1>\t\t\t\t<\/div>\n\t\t\t\t<\/div>\n\t\t\t\t<div class=\"elementor-element elementor-element-434b6f9 elementor-invisible elementor-widget elementor-widget-text-editor\" data-id=\"434b6f9\" data-element_type=\"widget\" data-e-type=\"widget\" data-settings=\"{&quot;_animation&quot;:&quot;fadeInUp&quot;}\" data-widget_type=\"text-editor.default\">\n\t\t\t\t<div class=\"elementor-widget-container\">\n\t\t\t\t\t\t\t\t\t<p><span style=\"background-color: var(--base-3);\">En d&rsquo;autres termes, les histoires peuvent lib\u00e9rer les blocages dans le monde int\u00e9rieur de l&rsquo;homme et le r\u00e9veiller de sa torpeur spirituelle, dans laquelle il peut passer la majeure partie des jours de sa vie.<\/span><\/p><p>\u00ab Histoires pour l&rsquo;\u00e2me \u00bb est une invitation \u00e0 mettre de c\u00f4t\u00e9 les r\u00e9ponses fournies par l&rsquo;intellect aux conflits et aux d\u00e9fis de la vie quotidienne, et \u00e0 s&rsquo;ouvrir plut\u00f4t \u00e0 un mode de vie plus simple mais plus profond, ancr\u00e9 dans une sagesse ancienne depuis longtemps oubli\u00e9e.<\/p><p>Le cours se compose de huit histoires bas\u00e9es sur le folklore h\u00e9bra\u00efque des temps anciens et sert d&rsquo;invitation \u00e0 d\u00e9couvrir un monde merveilleux o\u00f9 les f\u00e9es, les rois, les serviteurs, les diseuses de bonne aventure (et m\u00eame une prostitu\u00e9e) enseignent des le\u00e7ons transformatrices sur le v\u00e9ritable sens de la vie.<\/p>\t\t\t\t\t\t\t\t<\/div>\n\t\t\t\t<\/div>\n\t\t\t\t<div class=\"elementor-element elementor-element-daa9c17 elementor-invisible elementor-widget elementor-widget-heading\" data-id=\"daa9c17\" data-element_type=\"widget\" data-e-type=\"widget\" data-settings=\"{&quot;_animation&quot;:&quot;fadeInUp&quot;}\" data-widget_type=\"heading.default\">\n\t\t\t\t<div class=\"elementor-widget-container\">\n\t\t\t\t\t<h1 class=\"elementor-heading-title elementor-size-medium\">\u00ab Histoires pour l'\u00e2me \u00bb aborde les th\u00e8mes suivants :<\/h1>\t\t\t\t<\/div>\n\t\t\t\t<\/div>\n\t\t\t\t<div class=\"elementor-element elementor-element-ab2aedd elementor-widget__width-inherit elementor-icon-list--layout-traditional elementor-list-item-link-full_width elementor-widget elementor-widget-icon-list\" data-id=\"ab2aedd\" data-element_type=\"widget\" data-e-type=\"widget\" data-settings=\"{&quot;_animation&quot;:&quot;none&quot;}\" data-widget_type=\"icon-list.default\">\n\t\t\t\t<div class=\"elementor-widget-container\">\n\t\t\t\t\t\t\t<ul class=\"elementor-icon-list-items\">\n\t\t\t\t\t\t\t<li class=\"elementor-icon-list-item\">\n\t\t\t\t\t\t\t\t\t\t\t<span class=\"elementor-icon-list-icon\">\n\t\t\t\t\t\t\t<i aria-hidden=\"true\" class=\"fas fa-circle\"><\/i>\t\t\t\t\t\t<\/span>\n\t\t\t\t\t\t\t\t\t\t<span class=\"elementor-icon-list-text\"><b>Libert\u00e9 et Volont\u00e9 : <\/b>Nous voulons tous \u00eatre libres et faire ce qui nous pla\u00eet, mais que signifie vraiment \u00eatre libre et agir selon sa volont\u00e9 ?<\/span>\n\t\t\t\t\t\t\t\t\t<\/li>\n\t\t\t\t\t\t\t\t<li class=\"elementor-icon-list-item\">\n\t\t\t\t\t\t\t\t\t\t\t<span class=\"elementor-icon-list-icon\">\n\t\t\t\t\t\t\t<i aria-hidden=\"true\" class=\"fas fa-circle\"><\/i>\t\t\t\t\t\t<\/span>\n\t\t\t\t\t\t\t\t\t\t<span class=\"elementor-icon-list-text\"><b>Amour :<\/b> \u00ab Je t'aime ! \u00bb ou peut-\u00eatre, est-ce moi que j'aime ??? Le v\u00e9ritable sens de l'amour authentique.<\/span>\n\t\t\t\t\t\t\t\t\t<\/li>\n\t\t\t\t\t\t\t\t<li class=\"elementor-icon-list-item\">\n\t\t\t\t\t\t\t\t\t\t\t<span class=\"elementor-icon-list-icon\">\n\t\t\t\t\t\t\t<i aria-hidden=\"true\" class=\"fas fa-circle\"><\/i>\t\t\t\t\t\t<\/span>\n\t\t\t\t\t\t\t\t\t\t<span class=\"elementor-icon-list-text\"><b>Mort :<\/b> Est-ce vraiment une fin redoutable de la vie ou simplement une existence qui se poursuit sous une autre forme ?<\/span>\n\t\t\t\t\t\t\t\t\t<\/li>\n\t\t\t\t\t\t\t\t<li class=\"elementor-icon-list-item\">\n\t\t\t\t\t\t\t\t\t\t\t<span class=\"elementor-icon-list-icon\">\n\t\t\t\t\t\t\t<i aria-hidden=\"true\" class=\"fas fa-circle\"><\/i>\t\t\t\t\t\t<\/span>\n\t\t\t\t\t\t\t\t\t\t<span class=\"elementor-icon-list-text\"><b>Mariage :<\/b> Pourquoi l'institution du mariage \u00e0 l'\u00e8re moderne n'est-elle consid\u00e9r\u00e9e que comme un moyen de fonder une famille et d'obtenir une stabilit\u00e9 financi\u00e8re, d\u00e9pourvue de toute alliance spirituelle ?<\/span>\n\t\t\t\t\t\t\t\t\t<\/li>\n\t\t\t\t\t\t\t\t<li class=\"elementor-icon-list-item\">\n\t\t\t\t\t\t\t\t\t\t\t<span class=\"elementor-icon-list-icon\">\n\t\t\t\t\t\t\t<i aria-hidden=\"true\" class=\"fas fa-circle\"><\/i>\t\t\t\t\t\t<\/span>\n\t\t\t\t\t\t\t\t\t\t<span class=\"elementor-icon-list-text\"><b>Qui suis-je :<\/b> Qui me d\u00e9finit, la soci\u00e9t\u00e9 ou mon moi authentique ?<\/span>\n\t\t\t\t\t\t\t\t\t<\/li>\n\t\t\t\t\t\t\t\t<li class=\"elementor-icon-list-item\">\n\t\t\t\t\t\t\t\t\t\t\t<span class=\"elementor-icon-list-icon\">\n\t\t\t\t\t\t\t<i aria-hidden=\"true\" class=\"fas fa-circle\"><\/i>\t\t\t\t\t\t<\/span>\n\t\t\t\t\t\t\t\t\t\t<span class=\"elementor-icon-list-text\"><b>Croissance Spirituelle : <\/b>Qu'est-ce que le v\u00e9ritable travail spirituel selon les Lois de la Cr\u00e9ation ?<\/span>\n\t\t\t\t\t\t\t\t\t<\/li>\n\t\t\t\t\t\t\t\t<li class=\"elementor-icon-list-item\">\n\t\t\t\t\t\t\t\t\t\t\t<span class=\"elementor-icon-list-icon\">\n\t\t\t\t\t\t\t<i aria-hidden=\"true\" class=\"fas fa-circle\"><\/i>\t\t\t\t\t\t<\/span>\n\t\t\t\t\t\t\t\t\t\t<span class=\"elementor-icon-list-text\"><b>P\u00e9ch\u00e9 et Repentance :<\/b> Ne sont-ce que des concepts religieux ou des concepts spirituels li\u00e9s aux exp\u00e9riences les plus intimes de chaque personne ?<\/span>\n\t\t\t\t\t\t\t\t\t<\/li>\n\t\t\t\t\t\t\t\t<li class=\"elementor-icon-list-item\">\n\t\t\t\t\t\t\t\t\t\t\t<span class=\"elementor-icon-list-icon\">\n\t\t\t\t\t\t\t<i aria-hidden=\"true\" class=\"fas fa-circle\"><\/i>\t\t\t\t\t\t<\/span>\n\t\t\t\t\t\t\t\t\t\t<span class=\"elementor-icon-list-text\"><b>Confiance en Dieu :<\/b> Quand la d\u00e9tresse est \u00e0 son comble, l'aide de Dieu est la plus proche de nous.<\/span>\n\t\t\t\t\t\t\t\t\t<\/li>\n\t\t\t\t\t\t\t\t<li class=\"elementor-icon-list-item\">\n\t\t\t\t\t\t\t\t\t\t\t<span class=\"elementor-icon-list-icon\">\n\t\t\t\t\t\t\t<i aria-hidden=\"true\" class=\"fas fa-circle\"><\/i>\t\t\t\t\t\t<\/span>\n\t\t\t\t\t\t\t\t\t\t<span class=\"elementor-icon-list-text\"><b>Tout est Pr\u00e9d\u00e9termin\u00e9, mais il y a la Libre Volont\u00e9 : <\/b>Notre destin est-il pr\u00e9d\u00e9termin\u00e9 ? Avons-nous vraiment la libre volont\u00e9 ? Est-il possible de changer son destin ?  <\/span>\n\t\t\t\t\t\t\t\t\t<\/li>\n\t\t\t\t\t\t<\/ul>\n\t\t\t\t\t\t<\/div>\n\t\t\t\t<\/div>\n\t\t\t\t<div class=\"elementor-element elementor-element-cc93050 elementor-widget elementor-widget-spacer\" data-id=\"cc93050\" data-element_type=\"widget\" data-e-type=\"widget\" data-widget_type=\"spacer.default\">\n\t\t\t\t<div class=\"elementor-widget-container\">\n\t\t\t\t\t\t\t<div class=\"elementor-spacer\">\n\t\t\t<div class=\"elementor-spacer-inner\"><\/div>\n\t\t<\/div>\n\t\t\t\t\t\t<\/div>\n\t\t\t\t<\/div>\n\t\t\t\t<div class=\"elementor-element elementor-element-0233fb0 elementor-invisible elementor-widget elementor-widget-heading\" data-id=\"0233fb0\" data-element_type=\"widget\" data-e-type=\"widget\" data-settings=\"{&quot;_animation&quot;:&quot;fadeInUp&quot;}\" data-widget_type=\"heading.default\">\n\t\t\t\t<div class=\"elementor-widget-container\">\n\t\t\t\t\t<h1 class=\"elementor-heading-title elementor-size-default\">\u00ab Histoires pour l'\u00e2me \u00bb est la troisi\u00e8me \u00e9tape du programme d'\u00e9tudes de l'\u00c9cole Alma pour l'Humanit\u00e9, dont l'objectif est d'\u00e9largir et d'approfondir la capacit\u00e9 de l'esprit \u00e0 saisir pleinement la Haute Connaissance. Il s'appuie sur les connaissances acquises dans \u00ab LIB\u00c9REZ MON ESPRIT ! \u00bb et le s\u00e9minaire \u00ab Reine \u00bb. <\/h1>\t\t\t\t<\/div>\n\t\t\t\t<\/div>\n\t\t\t\t<div class=\"elementor-element elementor-element-6794759 elementor-widget elementor-widget-spacer\" data-id=\"6794759\" data-element_type=\"widget\" data-e-type=\"widget\" data-widget_type=\"spacer.default\">\n\t\t\t\t<div class=\"elementor-widget-container\">\n\t\t\t\t\t\t\t<div class=\"elementor-spacer\">\n\t\t\t<div class=\"elementor-spacer-inner\"><\/div>\n\t\t<\/div>\n\t\t\t\t\t\t<\/div>\n\t\t\t\t<\/div>\n\t\t\t\t<div class=\"elementor-element elementor-element-ee19e94 elementor-invisible elementor-widget elementor-widget-text-editor\" data-id=\"ee19e94\" data-element_type=\"widget\" data-e-type=\"widget\" data-settings=\"{&quot;_animation&quot;:&quot;fadeInUp&quot;}\" data-widget_type=\"text-editor.default\">\n\t\t\t\t<div class=\"elementor-widget-container\">\n\t\t\t\t\t\t\t\t\t<p style=\"text-align: center;\">Ce cours n&rsquo;est actuellement disponible qu&rsquo;en h\u00e9breu :<\/p><p style=\"text-align: center;\"><span style=\"color: #73a8c4;\"><a style=\"color: #73a8c4;\" href=\"https:\/\/almainspira.com\/product\/stories-for-the-soul\/\" data-type=\"link\" data-id=\"https:\/\/almainspira.com\/product\/stories-for-the-soul\/\">Cliquez ici pour vous inscrire au cours en h\u00e9breu<\/a><\/span><\/p>\t\t\t\t\t\t\t\t<\/div>\n\t\t\t\t<\/div>\n\t\t\t\t<\/div>\n\t\t\t\t\t<\/div>\n\t\t\t\t<\/div>\n\t\t\t\t<\/div>\n\t\t","protected":false},"excerpt":{"rendered":"<p>Cours d\u2019enrichissement Histoires pour l&rsquo;\u00e2me Sagesse ancienne pour l&rsquo;\u00e8re moderne \u00ab il \u00e9tait une fois\u2026 \u00bb depuis la nuit des temps, les histoires ont eu le pouvoir de toucher l&rsquo;\u00e2me humaine. En d&rsquo;autres termes, les histoires peuvent lib\u00e9rer les blocages dans le monde int\u00e9rieur de l&rsquo;homme et le r\u00e9veiller de sa torpeur spirituelle, dans laquelle &#8230; <a title=\"Histoires pour l&rsquo;\u00e2me\" class=\"read-more\" href=\"https:\/\/almaschool.org\/fr\/des-histoires-pour-lame\/\" aria-label=\"En savoir plus sur Histoires pour l&rsquo;\u00e2me\">Lire la suite<\/a><\/p>\n","protected":false},"author":8,"featured_media":0,"parent":0,"menu_order":0,"comment_status":"closed","ping_status":"closed","template":"","meta":{"_themeisle_gutenberg_block_has_review":false,"footnotes":""},"class_list":["post-5568","page","type-page","status-publish"],"aioseo_notices":[],"_links":{"self":[{"href":"https:\/\/almaschool.org\/fr\/wp-json\/wp\/v2\/pages\/5568","targetHints":{"allow":["GET"]}}],"collection":[{"href":"https:\/\/almaschool.org\/fr\/wp-json\/wp\/v2\/pages"}],"about":[{"href":"https:\/\/almaschool.org\/fr\/wp-json\/wp\/v2\/types\/page"}],"author":[{"embeddable":true,"href":"https:\/\/almaschool.org\/fr\/wp-json\/wp\/v2\/users\/8"}],"replies":[{"embeddable":true,"href":"https:\/\/almaschool.org\/fr\/wp-json\/wp\/v2\/comments?post=5568"}],"version-history":[{"count":2,"href":"https:\/\/almaschool.org\/fr\/wp-json\/wp\/v2\/pages\/5568\/revisions"}],"predecessor-version":[{"id":29766,"href":"https:\/\/almaschool.org\/fr\/wp-json\/wp\/v2\/pages\/5568\/revisions\/29766"}],"wp:attachment":[{"href":"https:\/\/almaschool.org\/fr\/wp-json\/wp\/v2\/media?parent=5568"}],"curies":[{"name":"wp","href":"https:\/\/api.w.org\/{rel}","templated":true}]}}