{"id":5524,"date":"2023-05-19T00:39:50","date_gmt":"2023-05-18T21:39:50","guid":{"rendered":"https:\/\/almaschool.org\/a-propos-de-notre-ecole\/"},"modified":"2026-04-12T08:48:35","modified_gmt":"2026-04-12T05:48:35","slug":"a-propos-de-notre-ecole","status":"publish","type":"page","link":"https:\/\/almaschool.org\/fr\/a-propos-de-notre-ecole\/","title":{"rendered":"\u00c0 propos de notre \u00e9cole"},"content":{"rendered":"\t\t<div data-elementor-type=\"wp-page\" data-elementor-id=\"5524\" class=\"elementor elementor-5524 elementor-666\" data-elementor-post-type=\"page\">\n\t\t\t\t\t\t<section class=\"elementor-section elementor-top-section elementor-element elementor-element-6270511 elementor-section-height-min-height elementor-section-full_width elementor-section-stretched elementor-section-height-default elementor-section-items-middle\" data-id=\"6270511\" data-element_type=\"section\" data-e-type=\"section\" data-settings=\"{&quot;background_background&quot;:&quot;classic&quot;,&quot;stretch_section&quot;:&quot;section-stretched&quot;}\">\n\t\t\t\t\t\t\t<div class=\"elementor-background-overlay\"><\/div>\n\t\t\t\t\t\t\t<div class=\"elementor-container elementor-column-gap-no\">\n\t\t\t\t\t<div class=\"elementor-column elementor-col-100 elementor-top-column elementor-element elementor-element-690c473\" data-id=\"690c473\" data-element_type=\"column\" data-e-type=\"column\">\n\t\t\t<div class=\"elementor-widget-wrap elementor-element-populated\">\n\t\t\t\t\t\t<section class=\"elementor-section elementor-inner-section elementor-element elementor-element-b450ff7 elementor-section-boxed elementor-section-height-default elementor-section-height-default\" data-id=\"b450ff7\" data-element_type=\"section\" data-e-type=\"section\">\n\t\t\t\t\t\t<div class=\"elementor-container elementor-column-gap-default\">\n\t\t\t\t\t<div class=\"elementor-column elementor-col-100 elementor-inner-column elementor-element elementor-element-daa3600\" data-id=\"daa3600\" data-element_type=\"column\" data-e-type=\"column\">\n\t\t\t<div class=\"elementor-widget-wrap elementor-element-populated\">\n\t\t\t\t\t\t<div class=\"elementor-element elementor-element-aa18a5a elementor-invisible elementor-widget elementor-widget-heading\" data-id=\"aa18a5a\" data-element_type=\"widget\" data-e-type=\"widget\" data-settings=\"{&quot;_animation&quot;:&quot;fadeInUp&quot;}\" data-widget_type=\"heading.default\">\n\t\t\t\t<div class=\"elementor-widget-container\">\n\t\t\t\t\t<h1 class=\"elementor-heading-title elementor-size-xxl\">\u00c0 propos de nous<\/h1>\t\t\t\t<\/div>\n\t\t\t\t<\/div>\n\t\t\t\t\t<\/div>\n\t\t<\/div>\n\t\t\t\t\t<\/div>\n\t\t<\/section>\n\t\t\t\t\t<\/div>\n\t\t<\/div>\n\t\t\t\t\t<\/div>\n\t\t<\/section>\n\t\t<div class=\"elementor-element elementor-element-0d93bfa e-flex e-con-boxed e-con e-parent\" data-id=\"0d93bfa\" data-element_type=\"container\" data-e-type=\"container\">\n\t\t\t\t\t<div class=\"e-con-inner\">\n\t\t<div class=\"elementor-element elementor-element-9d27f9d e-con-full e-flex e-con e-child\" data-id=\"9d27f9d\" data-element_type=\"container\" data-e-type=\"container\">\n\t\t\t\t<div class=\"elementor-element elementor-element-1e67ece elementor-widget__width-initial elementor-invisible elementor-widget elementor-widget-text-editor\" data-id=\"1e67ece\" data-element_type=\"widget\" data-e-type=\"widget\" data-settings=\"{&quot;_animation&quot;:&quot;fadeInUp&quot;}\" data-widget_type=\"text-editor.default\">\n\t\t\t\t<div class=\"elementor-widget-container\">\n\t\t\t\t\t\t\t\t\t<p>Vous qui cherchez le sens sup\u00e9rieur de la vie et ne voulez pas vous contenter de juste survivre.<\/p><p>Vous qui vous posez les grandes questions de l&rsquo;existence humaine, mais n&rsquo;avez pas encore trouv\u00e9 les r\u00e9ponses.<\/p><p>Vous qui aspirez \u00e0 la lumi\u00e8re de la V\u00e9rit\u00e9 \u00e9ternelle, m\u00eame si tous ceux qui vous entourent pr\u00e9tendent qu&rsquo;il n&rsquo;existe pas de V\u00e9rit\u00e9 unique.<\/p><p>Vous qui aspirez \u00e0 vous rapprocher de Dieu et qui percevez bien que Dieu et les religions sont deux choses compl\u00e8tement diff\u00e9rentes.<\/p><p>Vous qui ne vous souvenez pas encore de votre promesse de faire partie de ceux qui guideront l&rsquo;humanit\u00e9 vers le d\u00e9but d\u2019une Nouvelle \u00c8re, et qui par cons\u00e9quent naviguez dans la vie sans direction claire, incapables de trouver l\u2019accomplissement.<\/p>\t\t\t\t\t\t\t\t<\/div>\n\t\t\t\t<\/div>\n\t\t\t\t<div class=\"elementor-element elementor-element-4fe3dec elementor-widget__width-initial elementor-invisible elementor-widget elementor-widget-text-editor\" data-id=\"4fe3dec\" data-element_type=\"widget\" data-e-type=\"widget\" data-settings=\"{&quot;_animation&quot;:&quot;fadeInUp&quot;}\" data-widget_type=\"text-editor.default\">\n\t\t\t\t<div class=\"elementor-widget-container\">\n\t\t\t\t\t\t\t\t\t<p><strong>C\u2019est pour vous que \u00ab l&rsquo;\u00c9cole Alma pour l&rsquo;Humanit\u00e9 \u00bb a \u00e9t\u00e9 fond\u00e9e, dans le but d&rsquo;\u00e9veiller l\u2019esprit de chacun d\u2019entre vous, de l\u2019\u00e9clairer, de lui rappeler sa mission et de le guider vers l\u2019accomplissement de cette promesse ancienne pour laquelle vous vous \u00eates incarn\u00e9s dans ce monde.<\/strong><\/p>\t\t\t\t\t\t\t\t<\/div>\n\t\t\t\t<\/div>\n\t\t\t\t<\/div>\n\t\t\t\t\t<\/div>\n\t\t\t\t<\/div>\n\t\t<div class=\"elementor-element elementor-element-9ebc932 e-flex e-con-boxed e-con e-parent\" data-id=\"9ebc932\" data-element_type=\"container\" data-e-type=\"container\">\n\t\t\t\t\t<div class=\"e-con-inner\">\n\t\t\t\t<div class=\"elementor-element elementor-element-4d7d5b0 elementor-widget elementor-widget-heading\" data-id=\"4d7d5b0\" data-element_type=\"widget\" data-e-type=\"widget\" data-widget_type=\"heading.default\">\n\t\t\t\t<div class=\"elementor-widget-container\">\n\t\t\t\t\t<h2 class=\"elementor-heading-title elementor-size-default\">Le programme d'\u00e9tudes<\/h2>\t\t\t\t<\/div>\n\t\t\t\t<\/div>\n\t\t\t\t<div class=\"elementor-element elementor-element-c6b6dd2 elementor-widget__width-initial elementor-hidden-desktop elementor-hidden-tablet elementor-hidden-mobile elementor-invisible elementor-widget elementor-widget-text-editor\" data-id=\"c6b6dd2\" data-element_type=\"widget\" data-e-type=\"widget\" data-settings=\"{&quot;_animation&quot;:&quot;fadeInUp&quot;}\" data-widget_type=\"text-editor.default\">\n\t\t\t\t<div class=\"elementor-widget-container\">\n\t\t\t\t\t\t\t\t\t<ul><li><strong>S\u00e9rie de conf\u00e9rences gratuite \u2013 <\/strong>\u00ab\u00a0Un nouvel \u00eatre humain. Un nouveau monde\u00a0\u00bb<strong> | <\/strong><a href=\"https:\/\/almaschool.org\/fr\/conferences-podcasts\/\" target=\"_blank\" rel=\"noopener\"><strong>Cliquer ici &gt;&gt;<\/strong><\/a> <\/li><li>Cours fondamental \u2013 LIB\u00c9REZ MON ESPRIT ! | <a href=\"https:\/\/almaschool.org\/fr\/liberez-mon-esprit\/\" target=\"_blank\" rel=\"noopener\"><strong>Cliquez ici &gt;&gt;<\/strong><\/a><br>LIB\u00c9REZ MON ESPRIT ! <strong>Programme de Formation des Formateurs<\/strong> | <a style=\"font-size: inherit;\" href=\"https:\/\/almaschool.org\/train-the-trainer-course\/\">Cliquez ici &gt;&gt;<\/a> <\/li><\/ul><ul><li>Cours d&rsquo;enrichissement \u2013<br>S\u00e9minaire Reine (s\u00e9minaire pour femmes) | <a style=\"font-size: inherit;\" href=\"https:\/\/almaschool.org\/fr\/reine\/\" target=\"_blank\" rel=\"noopener\">Cliquez ici<\/a> &gt;&gt;<br>Histoires pour l&rsquo;\u00e2me | <a style=\"font-size: inherit;\" href=\"https:\/\/almaschool.org\/fr\/des-histoires-pour-lame\/\" target=\"_blank\" rel=\"noopener\">Cliquez ici &gt;<\/a>&gt;<br><strong><\/strong> <\/li><\/ul><ul><li><a href=\"https:\/\/almaschool.org\/fr\/le-programme-pour-la-haute-connaissance\/\" target=\"_blank\" rel=\"noopener\"><strong>\u00c9tudes avanc\u00e9es<\/strong> \u2013 Le programme pour la haute connaissance | Cliquez ici &gt;&gt;<\/a> <\/li><\/ul>\t\t\t\t\t\t\t\t<\/div>\n\t\t\t\t<\/div>\n\t\t\t\t<div class=\"elementor-element elementor-element-e15e66b elementor-widget__width-initial elementor-invisible elementor-widget elementor-widget-text-editor\" data-id=\"e15e66b\" data-element_type=\"widget\" data-e-type=\"widget\" data-settings=\"{&quot;_animation&quot;:&quot;fadeInUp&quot;}\" data-widget_type=\"text-editor.default\">\n\t\t\t\t<div class=\"elementor-widget-container\">\n\t\t\t\t\t\t\t\t\t<ul><li><strong>S\u00e9rie de conf\u00e9rences gratuite \u2013 <\/strong>\u00ab\u00a0Un nouvel \u00eatre humain. Un nouveau monde\u00a0\u00bb<strong> | <\/strong><a href=\"https:\/\/almaschool.org\/fr\/conferences-podcasts\/\" target=\"_blank\" rel=\"noopener\"><strong>Cliquer ici &gt;&gt;<\/strong><\/a> <\/li><li>Cours de base \u2013 LIB\u00c9REZ MON ESPRIT ! | <a href=\"https:\/\/almaschool.org\/fr\/liberez-mon-esprit\/\" target=\"_blank\" rel=\"noopener\"><strong>Cliquez ici &gt;&gt;<\/strong><\/a> <\/li><li>LET MY SPIRIT GO!<strong style=\"font-size: inherit;\"> Train-the-Trainer Program | <\/strong><a style=\"font-size: inherit;\" href=\"https:\/\/almaschool.org\/train-the-trainer-course\/\"><strong>Click here &gt;&gt;<\/strong><\/a> <\/li><\/ul>\t\t\t\t\t\t\t\t<\/div>\n\t\t\t\t<\/div>\n\t\t\t\t\t<\/div>\n\t\t\t\t<\/div>\n\t\t<div class=\"elementor-element elementor-element-c87f9ce e-flex e-con-boxed e-con e-parent\" data-id=\"c87f9ce\" data-element_type=\"container\" data-e-type=\"container\" data-settings=\"{&quot;background_background&quot;:&quot;classic&quot;}\">\n\t\t\t\t\t<div class=\"e-con-inner\">\n\t\t\t\t<div class=\"elementor-element elementor-element-b50c96f elementor-widget__width-initial elementor-invisible elementor-widget elementor-widget-heading\" data-id=\"b50c96f\" data-element_type=\"widget\" data-e-type=\"widget\" data-settings=\"{&quot;_animation&quot;:&quot;fadeInUp&quot;}\" data-widget_type=\"heading.default\">\n\t\t\t\t<div class=\"elementor-widget-container\">\n\t\t\t\t\t<h2 class=\"elementor-heading-title elementor-size-default\">L'\u00e9cole est un Appel \u00e0 l'esprit humain de reconna\u00eetre et d'accomplir sa mission unique dans la Cr\u00e9ation et de la d\u00e9dier au b\u00e9n\u00e9fice de l'humanit\u00e9 tout enti\u00e8re.<\/h2>\t\t\t\t<\/div>\n\t\t\t\t<\/div>\n\t\t\t\t\t<\/div>\n\t\t\t\t<\/div>\n\t\t<div class=\"elementor-element elementor-element-7c86100 e-flex e-con-boxed e-con e-parent\" data-id=\"7c86100\" data-element_type=\"container\" data-e-type=\"container\">\n\t\t\t\t\t<div class=\"e-con-inner\">\n\t\t\t\t<div class=\"elementor-element elementor-element-6cb9058 elementor-invisible elementor-widget elementor-widget-image\" data-id=\"6cb9058\" data-element_type=\"widget\" data-e-type=\"widget\" data-settings=\"{&quot;motion_fx_motion_fx_scrolling&quot;:&quot;yes&quot;,&quot;_animation&quot;:&quot;fadeInUp&quot;,&quot;motion_fx_motion_fx_mouse&quot;:&quot;yes&quot;,&quot;motion_fx_devices&quot;:[&quot;desktop&quot;,&quot;tablet&quot;,&quot;mobile&quot;]}\" data-widget_type=\"image.default\">\n\t\t\t\t<div class=\"elementor-widget-container\">\n\t\t\t\t\t\t\t\t\t\t\t\t\t\t\t<img fetchpriority=\"high\" decoding=\"async\" width=\"300\" height=\"300\" src=\"https:\/\/almaschool.org\/wp-content\/uploads\/2025\/10\/6-300x300.png\" class=\"attachment-medium size-medium wp-image-18127\" alt=\"\" srcset=\"https:\/\/almaschool.org\/wp-content\/uploads\/2025\/10\/6-300x300.png 300w, https:\/\/almaschool.org\/wp-content\/uploads\/2025\/10\/6-1024x1024.png 1024w, https:\/\/almaschool.org\/wp-content\/uploads\/2025\/10\/6-150x150.png 150w, https:\/\/almaschool.org\/wp-content\/uploads\/2025\/10\/6-768x768.png 768w, https:\/\/almaschool.org\/wp-content\/uploads\/2025\/10\/6.png 1080w\" sizes=\"(max-width: 300px) 100vw, 300px\" \/>\t\t\t\t\t\t\t\t\t\t\t\t\t\t\t<\/div>\n\t\t\t\t<\/div>\n\t\t\t\t<div class=\"elementor-element elementor-element-8aa5627 queen_step elementor-widget__width-initial elementor-invisible elementor-widget elementor-widget-heading\" data-id=\"8aa5627\" data-element_type=\"widget\" data-e-type=\"widget\" data-settings=\"{&quot;_animation&quot;:&quot;fadeInUp&quot;}\" data-widget_type=\"heading.default\">\n\t\t\t\t<div class=\"elementor-widget-container\">\n\t\t\t\t\t<h1 class=\"elementor-heading-title elementor-size-default\">La fondatrice de l'\u00e9cole\n<\/h1>\t\t\t\t<\/div>\n\t\t\t\t<\/div>\n\t\t\t\t<div class=\"elementor-element elementor-element-2b2b2af elementor-widget__width-initial queen_step elementor-invisible elementor-widget elementor-widget-heading\" data-id=\"2b2b2af\" data-element_type=\"widget\" data-e-type=\"widget\" data-settings=\"{&quot;_animation&quot;:&quot;fadeInUp&quot;}\" data-widget_type=\"heading.default\">\n\t\t\t\t<div class=\"elementor-widget-container\">\n\t\t\t\t\t<h1 class=\"elementor-heading-title elementor-size-default\">Hagit Rabbi<\/h1>\t\t\t\t<\/div>\n\t\t\t\t<\/div>\n\t\t\t\t<div class=\"elementor-element elementor-element-7ec2c71 elementor-widget__width-initial elementor-invisible elementor-widget elementor-widget-text-editor\" data-id=\"7ec2c71\" data-element_type=\"widget\" data-e-type=\"widget\" data-settings=\"{&quot;_animation&quot;:&quot;fadeInUp&quot;}\" data-widget_type=\"text-editor.default\">\n\t\t\t\t<div class=\"elementor-widget-container\">\n\t\t\t\t\t\t\t\t\t<p><span style=\"white-space: pre-wrap;\"><b>Lorsqu&rsquo;une personne re\u00e7oit un Appel de la Lumi\u00e8re, tout ce qui lui est personnel perd son importance. Elle comprend, instantan\u00e9ment, que tout ce qui s&rsquo;est pass\u00e9 dans sa vie avant l&rsquo;Appel au service n&rsquo;\u00e9tait qu&rsquo;une pr\u00e9paration pour son temps d&rsquo;accomplissement. L&rsquo;accomplissement de l&rsquo;ancienne promesse de son esprit, longtemps oubli\u00e9e, de servir la Lumi\u00e8re.  <\/b><\/span><\/p><p>Tout au long de ma vie, j&rsquo;ai cherch\u00e9 la v\u00e9rit\u00e9.<br>D\u00e8s mon plus jeune \u00e2ge, j&rsquo;ai cherch\u00e9 \u00e0 diff\u00e9rents endroits les r\u00e9ponses aux grandes questions de l&rsquo;existence humaine.<\/p><p>J&rsquo;ai commenc\u00e9 par des \u00e9tudes universitaires dans les d\u00e9partements de Philosophie et de Talmud \u00e0 l&rsquo;Universit\u00e9 h\u00e9bra\u00efque. J&rsquo;ai ensuite continu\u00e9 \u00e0 \u00e9tudier la Kabbale et le juda\u00efsme hassidique directement avec un rabbin orthodoxe. J&rsquo;ai \u00e9galement fait des recherches ind\u00e9pendantes sur la philosophie orientale, diverses religions, la psychologie, les modalit\u00e9s de communication, l&rsquo;\u00e9ducation alternative, la litt\u00e9rature, la po\u00e9sie, la musique, la nutrition, la m\u00e9decine holistique et le bien-\u00eatre physique.  <\/p><p>J&rsquo;ai cherch\u00e9 et cherch\u00e9, mais je suis revenue les mains vides.<\/p><p>Je n&rsquo;ai pas trouv\u00e9 la v\u00e9rit\u00e9. Je n&rsquo;ai pas trouv\u00e9 Dieu. Je n&rsquo;ai pas trouv\u00e9 le sens de la vie dans un monde qui semblait de plus en plus triste, froid et ali\u00e9n\u00e9.  <\/p><p>A cette \u00e9poque, en apparence, j&rsquo;avais tout ce qu&rsquo;une femme pouvait souhaiter, mais mon esprit souffrait terriblement.<\/p><p>L&rsquo;ann\u00e9e 2000 a marqu\u00e9 un tournant dans ma vie.<\/p><p>Lors d&rsquo;un s\u00e9jour en Am\u00e9rique du Sud, un livre myst\u00e9rieux m&rsquo;est tomb\u00e9 entre les mains. Il m&rsquo;a naturellement attir\u00e9e car le plan de la Lumi\u00e8re pour mon esprit devait simplement m&rsquo;y conduire. Ce livre r\u00e9v\u00e9lait la connaissance compl\u00e8te et \u00e9lev\u00e9e de tout ce qui existe entre l&rsquo;homme et le Cr\u00e9ateur et ne laissait aucune question br\u00fblante sans r\u00e9ponse.  <\/p><p>Pendant sept ann\u00e9es d&rsquo;exil, de d\u00e9couverte et de r\u00e9v\u00e9lation dans mon propre \u00ab d\u00e9sert \u00bb m\u00e9taphorique dans le sud du Chili, ma conscience est pass\u00e9e d&rsquo;un niveau de reconnaissance \u00e0 l&rsquo;exp\u00e9rience, et finalement au niveau de la conviction absolue dans la perfection de la Cr\u00e9ation et l&rsquo;Amour Divin du Cr\u00e9ateur.<\/p><p>C&rsquo;est alors que je me suis aussi souvenue du serment que mon esprit avait fait de consacrer ma vie au service de Dieu.<\/p><p>Faire le pont entre la connaissance sublime que contient ce livre \u00e0 travers l&rsquo;\u00e9tablissement d&rsquo;une \u00e9cole &#8211; c&rsquo;est ma mission dans la Cr\u00e9ation.<\/p><p>En 2007, la premi\u00e8re \u00e9cole Alma Inspira a \u00e9t\u00e9 fond\u00e9e \u00e0 Buenos Aires. Par la suite, les programmes de l&rsquo;\u00e9cole ont \u00e9galement \u00e9t\u00e9 disponibles dans d&rsquo;autres endroits en Am\u00e9rique du Sud. <\/p><p>La pand\u00e9mie de Covid a marqu\u00e9 le d\u00e9but d&rsquo;une nouvelle \u00e8re, et par cons\u00e9quent, en 2021, je suis retourn\u00e9e sur ma terre natale pour \u00e9tablir l&rsquo;\u00e9cole Alma Inspira en Isra\u00ebl.<\/p><p>En 2023, l&rsquo;\u00c9cole Alma pour l&rsquo;Humanit\u00e9 s&rsquo;est ouverte au monde et \u00e0 tous les peuples, qui qu&rsquo;ils soient et o\u00f9 qu&rsquo;ils se trouvent.<\/p><p><span style=\"background-color: var(--base-3);\">Cependant, un pont n&rsquo;a qu&rsquo;un seul r\u00f4le : permettre un passage s\u00fbr<br>d&rsquo;un endroit \u00e0 un autre.<\/span><\/p><p><b><span style=\"white-space-collapse: preserve;\"><br>Ma mission est accomplie au moment o\u00f9 l&rsquo;esprit humain est capable de traverser le pont pour atteindre la connaissance ultime, qui a \u00e9t\u00e9 apport\u00e9e \u00e0 l&rsquo;humanit\u00e9 par ceux Choisis par Dieu, et de l\u00e0 s&rsquo;\u00e9lever vers les Hauteurs Lumineuses.<\/span><br><\/b><\/p><p>Si pendant cette p\u00e9riode critique pour l&rsquo;humanit\u00e9, plus d&rsquo;esprits humains entendent l&rsquo;Appel, se souviennent de leur v\u0153u et travaillent \u00e0 accomplir leur mission, ensemble, nous pourrons nous \u00e9lever vers le lieu que la Lumi\u00e8re a pr\u00e9vu pour nous tous.<\/p>\t\t\t\t\t\t\t\t<\/div>\n\t\t\t\t<\/div>\n\t\t\t\t\t<\/div>\n\t\t\t\t<\/div>\n\t\t<div class=\"elementor-element elementor-element-d238e0c e-flex e-con-boxed e-con e-parent\" data-id=\"d238e0c\" data-element_type=\"container\" data-e-type=\"container\" data-settings=\"{&quot;background_background&quot;:&quot;classic&quot;}\">\n\t\t\t\t\t<div class=\"e-con-inner\">\n\t\t<div class=\"elementor-element elementor-element-39f18b1 e-con-full e-flex e-con e-child\" data-id=\"39f18b1\" data-element_type=\"container\" data-e-type=\"container\" data-settings=\"{&quot;background_background&quot;:&quot;classic&quot;}\">\n\t\t\t\t<div class=\"elementor-element elementor-element-61aeb2f elementor-widget__width-initial queen_step elementor-invisible elementor-widget elementor-widget-heading\" data-id=\"61aeb2f\" data-element_type=\"widget\" data-e-type=\"widget\" data-settings=\"{&quot;_animation&quot;:&quot;fadeInUp&quot;}\" data-widget_type=\"heading.default\">\n\t\t\t\t<div class=\"elementor-widget-container\">\n\t\t\t\t\t<h2 class=\"elementor-heading-title elementor-size-default\">Les R\u00e9ponses \u00e0 vos Questions<\/h2>\t\t\t\t<\/div>\n\t\t\t\t<\/div>\n\t\t\t\t<\/div>\n\t\t\t\t<div class=\"elementor-element elementor-element-22285d4 elementor-widget__width-initial elementor-invisible elementor-widget elementor-widget-text-editor\" data-id=\"22285d4\" data-element_type=\"widget\" data-e-type=\"widget\" data-settings=\"{&quot;_animation&quot;:&quot;fadeInUp&quot;}\" data-widget_type=\"text-editor.default\">\n\t\t\t\t<div class=\"elementor-widget-container\">\n\t\t\t\t\t\t\t\t\t<ul><li>Existe-t-il Une V\u00e9rit\u00e9 Unique ?<\/li><li>Comment peut-on distinguer entre la V\u00e9rit\u00e9 et les demi-v\u00e9rit\u00e9s ou distorsions de la V\u00e9rit\u00e9 ?<\/li><li>Que signifie \u00eatre une personne spirituelle ?<\/li><li>Quelle est la diff\u00e9rence entre spiritualit\u00e9 et religion ?<\/li><li>Est-il possible de gu\u00e9rir de la d\u00e9pression et de l&rsquo;anxi\u00e9t\u00e9 ?<\/li><li>Quelles sont les Lois de la Cr\u00e9ation ?<\/li><li>Qu&rsquo;est-ce que le Karma et comment se manifeste-t-il dans notre vie quotidienne ?<\/li><li>Pourquoi Dieu permet-Il qu\u2019il y ait autant de mal et de souffrance dans le monde ?<\/li><li>Y a-t-il une vie apr\u00e8s la mort ?<\/li><li>Qui sont les 144 000 Appel\u00e9s et quelle est leur mission \u00e0 notre \u00e9poque ?<\/li><\/ul>\t\t\t\t\t\t\t\t<\/div>\n\t\t\t\t<\/div>\n\t\t\t\t<div class=\"elementor-element elementor-element-bcb8e8a elementor-widget__width-initial elementor-invisible elementor-widget elementor-widget-text-editor\" data-id=\"bcb8e8a\" data-element_type=\"widget\" data-e-type=\"widget\" data-settings=\"{&quot;_animation&quot;:&quot;fadeInUp&quot;}\" data-widget_type=\"text-editor.default\">\n\t\t\t\t<div class=\"elementor-widget-container\">\n\t\t\t\t\t\t\t\t\t<p style=\"text-align: center;\"><strong>Vous trouverez les r\u00e9ponses \u00e0 ces questions et \u00e0 bien d&rsquo;autres encore.<br>Nous vous invitons \u00e0 lire et \u00e0 partager :<\/strong><\/p>\t\t\t\t\t\t\t\t<\/div>\n\t\t\t\t<\/div>\n\t\t\t\t<div class=\"elementor-element elementor-element-e5f2c86 elementor-align-center elementor-widget elementor-widget-button\" data-id=\"e5f2c86\" data-element_type=\"widget\" data-e-type=\"widget\" data-widget_type=\"button.default\">\n\t\t\t\t<div class=\"elementor-widget-container\">\n\t\t\t\t\t\t\t\t\t<div class=\"elementor-button-wrapper\">\n\t\t\t\t\t<a class=\"elementor-button elementor-button-link elementor-size-sm\" href=\"https:\/\/almaschool.org\/fr\/les-reponses-a-vos-questions\/\" target=\"_blank\">\n\t\t\t\t\t\t<span class=\"elementor-button-content-wrapper\">\n\t\t\t\t\t\t\t\t\t<span class=\"elementor-button-text\">Explorer ici<\/span>\n\t\t\t\t\t<\/span>\n\t\t\t\t\t<\/a>\n\t\t\t\t<\/div>\n\t\t\t\t\t\t\t\t<\/div>\n\t\t\t\t<\/div>\n\t\t\t\t\t<\/div>\n\t\t\t\t<\/div>\n\t\t\t\t<\/div>\n\t\t","protected":false},"excerpt":{"rendered":"<p>\u00c0 propos de nous Vous qui cherchez le sens sup\u00e9rieur de la vie et ne voulez pas vous contenter de juste survivre. Vous qui vous posez les grandes questions de l&rsquo;existence humaine, mais n&rsquo;avez pas encore trouv\u00e9 les r\u00e9ponses. Vous qui aspirez \u00e0 la lumi\u00e8re de la V\u00e9rit\u00e9 \u00e9ternelle, m\u00eame si tous ceux qui vous &#8230; <a title=\"\u00c0 propos de notre \u00e9cole\" class=\"read-more\" href=\"https:\/\/almaschool.org\/fr\/a-propos-de-notre-ecole\/\" aria-label=\"En savoir plus sur \u00c0 propos de notre \u00e9cole\">Lire la suite<\/a><\/p>\n","protected":false},"author":8,"featured_media":0,"parent":0,"menu_order":0,"comment_status":"closed","ping_status":"closed","template":"","meta":{"_themeisle_gutenberg_block_has_review":false,"footnotes":""},"class_list":["post-5524","page","type-page","status-publish"],"aioseo_notices":[],"_links":{"self":[{"href":"https:\/\/almaschool.org\/fr\/wp-json\/wp\/v2\/pages\/5524","targetHints":{"allow":["GET"]}}],"collection":[{"href":"https:\/\/almaschool.org\/fr\/wp-json\/wp\/v2\/pages"}],"about":[{"href":"https:\/\/almaschool.org\/fr\/wp-json\/wp\/v2\/types\/page"}],"author":[{"embeddable":true,"href":"https:\/\/almaschool.org\/fr\/wp-json\/wp\/v2\/users\/8"}],"replies":[{"embeddable":true,"href":"https:\/\/almaschool.org\/fr\/wp-json\/wp\/v2\/comments?post=5524"}],"version-history":[{"count":9,"href":"https:\/\/almaschool.org\/fr\/wp-json\/wp\/v2\/pages\/5524\/revisions"}],"predecessor-version":[{"id":30990,"href":"https:\/\/almaschool.org\/fr\/wp-json\/wp\/v2\/pages\/5524\/revisions\/30990"}],"wp:attachment":[{"href":"https:\/\/almaschool.org\/fr\/wp-json\/wp\/v2\/media?parent=5524"}],"curies":[{"name":"wp","href":"https:\/\/api.w.org\/{rel}","templated":true}]}}