{"id":23264,"date":"2022-11-30T20:51:22","date_gmt":"2022-11-30T18:51:22","guid":{"rendered":"https:\/\/almaschool.org\/politique-de-confidentialite\/"},"modified":"2026-01-08T18:45:02","modified_gmt":"2026-01-08T16:45:02","slug":"politique-de-confidentialite","status":"publish","type":"page","link":"https:\/\/almaschool.org\/fr\/politique-de-confidentialite\/","title":{"rendered":"Politique de Confidentialit\u00e9"},"content":{"rendered":"\t\t<div data-elementor-type=\"wp-page\" data-elementor-id=\"23264\" class=\"elementor elementor-23264 elementor-3\" data-elementor-post-type=\"page\">\n\t\t\t\t<div class=\"elementor-element elementor-element-5c4f8519 e-flex e-con-boxed e-con e-parent\" data-id=\"5c4f8519\" data-element_type=\"container\" data-e-type=\"container\">\n\t\t\t\t\t<div class=\"e-con-inner\">\n\t\t\t\t<div class=\"elementor-element elementor-element-639c4f4c elementor-widget elementor-widget-text-editor\" data-id=\"639c4f4c\" data-element_type=\"widget\" data-e-type=\"widget\" data-widget_type=\"text-editor.default\">\n\t\t\t\t<div class=\"elementor-widget-container\">\n\t\t\t\t\t\t\t\t\t<p>La pr\u00e9sente politique de confidentialit\u00e9 (\u00ab\u00a0<strong>Politique de Confidentialit\u00e9<\/strong>\u00ab\u00a0) a pour but de vous informer sur la mani\u00e8re dont Alma Inspira Ltd. (d\u00e9sign\u00e9e par \u00a0\u00bb <strong>Entreprise <\/strong>\u00ab\u00a0, \u00a0\u00bb <strong>Nous <\/strong>\u00ab\u00a0, \u00a0\u00bb <strong>Notre <\/strong>\u00a0\u00bb ou \u00a0\u00bb <strong>Nos <\/strong>\u00a0\u00bb dans la pr\u00e9sente Politique de Confidentialit\u00e9) traite vos donn\u00e9es personnelles lorsque vous visitez notre site web : https:\/\/almaschool.org\/ (\u00a0\u00bb <strong>site web<\/strong> \u00ab\u00a0) ou que vous achetez des services que nous proposons par l&rsquo;interm\u00e9diaire du site web. Par \u00ab\u00a0<strong>donn\u00e9es \u00e0 caract\u00e8re personnel<\/strong>\u00ab\u00a0, on entend toute information concernant une personne \u00e0 partir de laquelle cette personne peut \u00eatre identifi\u00e9e.<\/p>\n<p>Veuillez lire attentivement la pr\u00e9sente Politique de Confidentialit\u00e9 et consulter r\u00e9guli\u00e8rement cette page pour prendre connaissance des r\u00e9visions et des mises \u00e0 jour que nous pourrions apporter de temps \u00e0 autre.<\/p>\n<p><strong>SI VOUS AVEZ UN HANDICAP ET QUE VOUS SOUHAITEZ ACC\u00c9DER \u00c0 CETTE POLITIQUE OU EN RECEVOIR UNE COPIE DANS UN AUTRE FORMAT ADAPT\u00c9,<\/strong> <strong>VEUILLEZ NOUS CONTACTER EN UTILISANT NOS COORDONN\u00c9ES CI-DESSOUS.<\/strong><\/p>\n<p> <\/p>\n<h5><strong>1. Donn\u00e9es Collect\u00e9es ou Trait\u00e9es par Nous <\/strong><\/h5>\n<p>Lorsque vous entrez sur notre site web, que vous l&rsquo;utilisez ou que vous nous contactez par son interm\u00e9diaire, nous pouvons collecter ou traiter les types de donn\u00e9es \u00e0 caract\u00e8re Personnel suivants vous concernant :<\/p>\n<ul>\n<li><strong>Les Donn\u00e9es d&rsquo;Identit\u00e9<\/strong> comprennent vos nom et pr\u00e9nom, ainsi que les d\u00e9tails et le num\u00e9ro d&rsquo;identification (comme le num\u00e9ro de carte d&rsquo;identit\u00e9 ou de passeport).<\/li>\n<li><strong>Les Donn\u00e9es de Contact<\/strong> comprennent votre adresse, votre nationalit\u00e9, votre pays de r\u00e9sidence, votre \u00e9tat\/province, votre adresse email, votre fax et votre num\u00e9ro de t\u00e9l\u00e9phone ou de portable.<\/li>\n<li><strong>Les Donn\u00e9es Commerciales<\/strong> comprennent le nom de domaine, le nom de l&rsquo;entreprise et le num\u00e9ro d&rsquo;enregistrement de l&rsquo;entreprise.<\/li>\n<li><strong>Les Donn\u00e9es de Paiement<\/strong> comprennent votre num\u00e9ro d&rsquo;instrument de paiement (tel qu&rsquo;un num\u00e9ro de carte de cr\u00e9dit) et les informations connexes telles que le code de s\u00e9curit\u00e9 et la date d&rsquo;expiration associ\u00e9s \u00e0 votre instrument de paiement.<\/li>\n<li><strong>Les Donn\u00e9es d&rsquo;Utilisation<\/strong> comprennent des informations sur la mani\u00e8re dont vous utilisez ou interagissez avec notre site web (par exemple, quand vous \u00eates entr\u00e9 sur le site web, combien de temps vous \u00eates rest\u00e9 sur le site web et\/ou sur une page sp\u00e9cifique du site web, quelles fonctions de nos sites web ont \u00e9t\u00e9 utilis\u00e9es par vous, etc.).<\/li>\n<li><strong>Les Donn\u00e9es Techniques<\/strong> comprennent des informations sur votre connexion internet (telles que votre adresse IP et le nom de votre fournisseur d&rsquo;acc\u00e8s \u00e0 Internet) et sur l&rsquo;appareil et le logiciel que vous utilisez pour acc\u00e9der au site web (par exemple, votre type de navigateur web et le syst\u00e8me d&rsquo;exploitation de votre ordinateur).<\/li>\n<li><strong>Les Donn\u00e9es d&rsquo;Enqu\u00eate Suppl\u00e9mentaires<\/strong> comprennent les informations suppl\u00e9mentaires que vous pouvez fournir lorsque vous nous contactez par l&rsquo;interm\u00e9diaire du site web ou lorsque vous vous inscrivez \u00e0 l&rsquo;un de nos services.<\/li>\n<\/ul>\n<p>Nous collectons \u00e9galement, utilisons et pouvons partager avec des tiers des donn\u00e9es agr\u00e9g\u00e9es telles que des donn\u00e9es statistiques \u00e0 quelque fin que ce soit. Ces informations sont anonymes, ne r\u00e9v\u00e8lent pas votre identit\u00e9 et ne sont donc pas consid\u00e9r\u00e9es comme des donn\u00e9es personnelles. <\/p>\n<p> <\/p>\n<h5><strong>2. Comment nous collectons vos Donn\u00e9es Personnelles<\/strong><\/h5>\n<p>Nous utilisons diff\u00e9rentes m\u00e9thodes pour collecter des donn\u00e9es, notamment les suivantes :<\/p>\n<ul>\n<li><strong>Interactions directes.<\/strong> Lorsque vous nous contactez par l&rsquo;interm\u00e9diaire de notre site web ou que vous nous fournissez directement vos donn\u00e9es personnelles, il vous sera demand\u00e9 de nous fournir vos Donn\u00e9es d&rsquo;Identit\u00e9, vos Donn\u00e9es de Contact et vos Donn\u00e9es Professionnelles afin que nous puissions vous fournir nos services, r\u00e9pondre \u00e0 vos questions ou \u00e0 vos demandes, ou communiquer avec vous ou vous contacter de toute autre mani\u00e8re. Dans ce cas, vous pouvez \u00e9galement fournir des Donn\u00e9es d&rsquo;Enqu\u00eate Suppl\u00e9mentaires.  <\/li>\n<li><strong>Technologies ou interactions automatis\u00e9es.<\/strong> Lorsque vous interagissez avec notre site web, nous collectons automatiquement des donn\u00e9es techniques et des donn\u00e9es d&rsquo;utilisation en utilisant des cookies, des journaux de serveur ou d&rsquo;autres technologies. <\/li>\n<li><strong>Tiers ou sources accessibles au public.<\/strong> Nous pouvons recevoir des donn\u00e9es \u00e0 caract\u00e8re personnel de la part de tiers, tels que des fournisseurs d&rsquo;analyses et des partenaires publicitaires et marketing. <\/li>\n<\/ul>\n<p>Vous n&rsquo;\u00eates pas l\u00e9galement oblig\u00e9 de nous fournir des Donn\u00e9es Personnelles. Toute Donn\u00e9e Personnelle que vous choisissez de nous fournir l&rsquo;est de votre plein gr\u00e9. Si vous pr\u00e9f\u00e9rez ne pas nous fournir de Donn\u00e9es Personnelles, \u00e9vitez d&rsquo;utiliser notre site web ou l&rsquo;un des services fournis par l&rsquo;interm\u00e9diaire de notre site web.  <\/p>\n<p><strong><em>Protection des droits \u00e0 la vie priv\u00e9e des tiers<\/em><\/strong><\/p>\n<p>Si vous nous fournissez les donn\u00e9es personnelles d&rsquo;une autre personne, vous devez vous assurer que vous avez la permission de le faire.<\/p>\n<p><strong><em>Dur\u00e9e de conservation des donn\u00e9es<\/em><\/strong><\/p>\n<p>Nous pouvons conserver vos Donn\u00e9es Personnelles aussi longtemps que n\u00e9cessaire pour atteindre les objectifs pour lesquels nous les avons collect\u00e9es, y compris le temps n\u00e9cessaire pour r\u00e9pondre \u00e0 toute exigence l\u00e9gale ou d&rsquo;information.<\/p>\n<p> <\/p>\n<h5><strong>3. Comment nous utilisons vos Donn\u00e9es Personnelles<\/strong><\/h5>\n<p>Voici quelques exemples de la mani\u00e8re dont nous pouvons utiliser vos donn\u00e9es personnelles :<\/p>\n<ul>\n<li>Nous pouvons utiliser vos Donn\u00e9es d&rsquo;Identit\u00e9, vos Donn\u00e9es de Contact, vos Donn\u00e9es de Paiement et vos Donn\u00e9es Commerciales pour conclure un contrat ou pour l&rsquo;ex\u00e9cuter. Nous pouvons \u00e9galement utiliser vos donn\u00e9es d&rsquo;utilisation et vos donn\u00e9es techniques pour l&rsquo;ex\u00e9cution d&rsquo;un contrat avec vous (pour vous fournir des services par l&rsquo;interm\u00e9diaire de notre site web). <\/li>\n<li>Nous pouvons utiliser vos Donn\u00e9es de Contact et vos Donn\u00e9es de Demande Compl\u00e9mentaire pour r\u00e9pondre \u00e0 vos messages, demandes ou questions et pour g\u00e9rer notre relation avec vous, notamment en vous informant des modifications apport\u00e9es \u00e0 nos conditions d&rsquo;utilisation ou \u00e0 notre politique de protection de la vie priv\u00e9e.<\/li>\n<li>Nous pouvons utiliser vos Donn\u00e9es d&rsquo;Utilisation, vos Donn\u00e9es Techniques et vos Donn\u00e9es de Contact \u00e0 des fins de marketing, pour fournir un contenu pertinent et personnalis\u00e9 ou pour envoyer des messages de service (y compris si cela est n\u00e9cessaire \u00e0 des fins de s\u00e9curit\u00e9).<\/li>\n<li>Nous pouvons utiliser vos Donn\u00e9es d&rsquo;Utilisation et vos Donn\u00e9es Techniques pour am\u00e9liorer notre site Web, nos services, notre marketing, nos relations avec les clients et nos exp\u00e9riences, y compris en personnalisant notre contenu.<\/li>\n<li>En cas de litige juridique entre vous (et\/ou une partie en votre nom) et nous (et\/ou une partie en notre nom), nous pouvons utiliser vos Donn\u00e9es Personnelles dans la mesure o\u00f9 cela est pertinent ou n\u00e9cessaire dans le cadre de ce litige.<\/li>\n<li>Nous pouvons \u00e9galement utiliser vos Donn\u00e9es Personnelles pour une ou plusieurs des raisons suivantes : (a) si cela est requis par une citation \u00e0 compara\u00eetre, la loi ou une autre proc\u00e9dure l\u00e9gale ; (b) si cela est n\u00e9cessaire pour aider les autorit\u00e9s charg\u00e9es de l&rsquo;application de la loi ou les agences gouvernementales charg\u00e9es de l&rsquo;application de la loi ; (c) si cela est n\u00e9cessaire pour enqu\u00eater sur les violations de nos conditions d&rsquo;utilisation et les pr\u00e9venir ; (d) pour maintenir la s\u00e9curit\u00e9 de notre site web et pr\u00e9venir les activit\u00e9s frauduleuses ou ill\u00e9gales ; (e) si cela est n\u00e9cessaire pour nous prot\u00e9ger contre des actions en justice ou des r\u00e9clamations de tiers, y compris vous et\/ou d&rsquo;autres utilisateurs ; ou (f) si cela est n\u00e9cessaire pour prot\u00e9ger les droits l\u00e9gaux, la propri\u00e9t\u00e9 ou la s\u00e9curit\u00e9 personnelle de notre soci\u00e9t\u00e9, de nos utilisateurs, de nos employ\u00e9s et de nos soci\u00e9t\u00e9s affili\u00e9es.      <\/li>\n<\/ul>\n<p><strong><em>Communications promotionnelles<\/em><\/strong><\/p>\n<p>Vous pouvez recevoir des communications commerciales ou informatives de notre part si vous nous avez demand\u00e9 des informations et si vous n&rsquo;avez pas choisi de ne pas recevoir ces communications.<\/p>\n<p><strong><em>Cookies et Autres Technologies de Suivi <\/em><\/strong><\/p>\n<p>Notre site Internet utilise des cookies. Un cookie est une petite donn\u00e9e ou un fichier texte qui est t\u00e9l\u00e9charg\u00e9 sur votre appareil lorsque vous acc\u00e9dez \u00e0 notre site web. Les cookies peuvent contenir du texte qui peut \u00eatre lu par le serveur web qui vous a fourni le cookie. Le texte contenu dans le cookie consiste g\u00e9n\u00e9ralement en une s\u00e9quence de lettres et de chiffres qui identifie votre appareil de mani\u00e8re unique. Il peut \u00e9galement contenir d&rsquo;autres informations.    <\/p>\n<p>La plupart des navigateurs web peuvent \u00eatre param\u00e9tr\u00e9s pour d\u00e9sactiver l&rsquo;utilisation des cookies. Toutefois, vous devez tenir compte du fait qu&rsquo;en d\u00e9sactivant les cookies, vous risquez de faire en sorte que certaines fonctionnalit\u00e9s de notre site Internet fonctionnent ou s&rsquo;affichent de mani\u00e8re incorrecte ou deviennent inaccessibles. <\/p>\n<p>Notre site web peut utiliser des services tels que Google Analytics (ou des fournisseurs de services similaires) pour collecter des informations sur l&rsquo;utilisation de notre site web. Ces services d&rsquo;analyse recueillent des informations sur les utilisateurs telles que l&rsquo;\u00e2ge, le sexe, les centres d&rsquo;int\u00e9r\u00eat, les donn\u00e9es d\u00e9mographiques, la fr\u00e9quence des visites sur notre site web, les pages consult\u00e9es et les autres sites web qu&rsquo;ils ont consult\u00e9s avant d&rsquo;arriver sur notre site web. Nous utilisons ces informations pour analyser le trafic, recommercialiser nos produits et services aux utilisateurs, am\u00e9liorer notre marketing, notre publicit\u00e9 et notre site web.  <\/p>\n<p><strong><em>Liens avec des tiers<\/em><\/strong><em> <\/em><\/p>\n<p>Notre site web peut inclure des liens vers des sites web, des plug-ins et des applications de tiers. En cliquant sur ces liens et contenus ou en interagissant avec eux, vous pouvez \u00eatre amen\u00e9 \u00e0 partager vos donn\u00e9es avec le tiers concern\u00e9. Nous ne contr\u00f4lons pas ces sites web tiers et ne sommes pas responsables de leur politique de confidentialit\u00e9 et de leur conformit\u00e9.  <\/p>\n<p><strong><em>Transfert international de donn\u00e9es <\/em><\/strong><\/p>\n<p>Nous pouvons transf\u00e9rer vos Donn\u00e9es Personnelles vers des pays autres que celui dans lequel vous r\u00e9sidez et qui n&rsquo;offrent pas n\u00e9cessairement le m\u00eame niveau de protection des donn\u00e9es que celui pr\u00e9vu par les lois du pays dans lequel vous r\u00e9sidez.<\/p>\n<p> <\/p>\n<h5><strong>4. Partage de vos Donn\u00e9es Personnelles avec des tiers.<\/strong><\/h5>\n<p>Nous pouvons partager vos Donn\u00e9es Personnelles avec des tiers qui nous fournissent certains services permettant l&rsquo;exploitation de notre site web. Par exemple, nous pouvons partager vos Donn\u00e9es d&rsquo;Identit\u00e9, vos Donn\u00e9es de Contact, vos Donn\u00e9es d&rsquo;Utilisation et vos Donn\u00e9es Techniques avec des fournisseurs d&rsquo;analyse Web, des services de messagerie \u00e9lectronique et d&rsquo;autres fournisseurs de services qui nous aident \u00e0 maintenir et \u00e0 exploiter notre site Web et \u00e0 mettre en \u0153uvre nos services. Comme mentionn\u00e9 ci-dessus, nos fournisseurs de traitement des paiements peuvent \u00e9galement traiter vos donn\u00e9es de paiement afin de faciliter et de traiter votre paiement pour les services offerts par l&rsquo;interm\u00e9diaire de notre site Web.  <\/p>\n<p>Nous pouvons \u00e9galement partager vos Donn\u00e9es Personnelles avec les autorit\u00e9s l\u00e9gales et r\u00e9glementaires dans la mesure o\u00f9 la loi applicable l&rsquo;exige et avec nos conseillers juridiques dans la mesure o\u00f9 cela est n\u00e9cessaire pour la prestation de leurs services \u00e0 notre \u00e9gard.<\/p>\n<p> <\/p>\n<h5><strong>5. Mineurs<\/strong><\/h5>\n<p>Pour utiliser le site web, vous devez \u00eatre \u00e2g\u00e9 d&rsquo;au moins 18 ans, ou plus si les lois du pays dans lequel vous r\u00e9sidez l&rsquo;exigent. Nous ne collectons pas sciemment de Donn\u00e9es Personnelles aupr\u00e8s de mineurs de moins de 18 ans. Si vous \u00eates un parent ou un tuteur l\u00e9gal et que vous avez des raisons de penser que votre enfant a pu nous fournir ses donn\u00e9es personnelles, veuillez nous contacter en utilisant les Coordonn\u00e9es ci-dessous.  <\/p>\n<p>    <\/p>\n<h5><strong>6. S\u00e9curit\u00e9 des donn\u00e9es<\/strong><\/h5>\n<p>Nous avons mis en place des mesures de s\u00e9curit\u00e9 destin\u00e9es \u00e0 emp\u00eacher la perte, l&rsquo;utilisation, l&rsquo;alt\u00e9ration ou la divulgation accidentelle ou ill\u00e9gale de vos Donn\u00e9es Personnelles. Nous maintenons \u00e9galement des garanties techniques et physiques raisonnables pour prot\u00e9ger vos donn\u00e9es \u00e0 caract\u00e8re personnel. Malheureusement, nous ne pouvons pas garantir que des cas de perte, d&rsquo;utilisation abusive ou de fuite de vos Donn\u00e9es Personnelles ne se produiront jamais en raison de la nature vuln\u00e9rable de la transmission de donn\u00e9es sur l&rsquo;internet.  <\/p>\n<p> <\/p>\n<h5><strong>7. Vos droits <\/strong><\/h5>\n<p>Certaines lois sur la protection de la vie priv\u00e9e conf\u00e8rent aux utilisateurs des droits relatifs \u00e0 leurs Donn\u00e9es Personnelles. Dans la mesure o\u00f9 ces lois s&rsquo;appliquent \u00e0 vos donn\u00e9es \u00e0 caract\u00e8re personnel, vous pouvez b\u00e9n\u00e9ficier des droits suivants : <\/p>\n<ul>\n<li><strong>Acc\u00e8s aux donn\u00e9es : <\/strong>Vous pouvez nous demander de vous fournir une copie des donn\u00e9es personnelles que nous d\u00e9tenons \u00e0 votre sujet.<\/li>\n<li><strong>Rectification : <\/strong>Vous pouvez nous demander de corriger des donn\u00e9es inexactes ou incompl\u00e8tes ou de compl\u00e9ter des donn\u00e9es partielles ou incompl\u00e8tes.<\/li>\n<li><strong>Suppression ou transfert :<\/strong> Vous pouvez nous demander de supprimer ou de retirer vos donn\u00e9es \u00e0 caract\u00e8re personnel. Si nous ne sommes pas en mesure de r\u00e9pondre \u00e0 une telle demande, nous vous informerons des raisons sp\u00e9cifiques de notre d\u00e9cision. Vous pouvez \u00e9galement nous demander de transf\u00e9rer vos donn\u00e9es \u00e0 caract\u00e8re personnel \u00e0 vous-m\u00eame ou \u00e0 un tiers que vous aurez d\u00e9sign\u00e9.  <\/li>\n<li><strong>Opposition au traitement :<\/strong> Vous pouvez vous opposer au traitement de vos donn\u00e9es \u00e0 caract\u00e8re personnel si vous estimez que ce traitement est ill\u00e9gal ou qu&rsquo;il porte atteinte \u00e0 vos droits et libert\u00e9s.<\/li>\n<li><strong>Restriction du traitement :<\/strong> Vous pouvez nous demander de nous abstenir temporairement de traiter vos donn\u00e9es \u00e0 caract\u00e8re personnel, par exemple lorsque vous estimez que ces donn\u00e9es sont inexactes ou incompl\u00e8tes ou que nous n&rsquo;avons plus besoin de traiter ces donn\u00e9es pour une finalit\u00e9 particuli\u00e8re, mais que vous souhaitez que nous les conservions pour un usage futur.<\/li>\n<li><strong>Portabilit\u00e9 des donn\u00e9es : <\/strong>Vous pouvez nous demander de transf\u00e9rer vos donn\u00e9es \u00e0 caract\u00e8re personnel \u00e0 vous-m\u00eame ou \u00e0 un tiers. Ce droit s&rsquo;applique lorsque nous avons obtenu et trait\u00e9 les donn\u00e9es sur la base de votre consentement ou lorsque nous avons utilis\u00e9 les informations pour ex\u00e9cuter un contrat avec vous. <\/li>\n<li><strong>Retirer son consentement :<\/strong> Vous pouvez \u00e0 tout moment retirer le consentement que vous nous avez donn\u00e9 pr\u00e9c\u00e9demment pour le traitement de vos donn\u00e9es \u00e0 caract\u00e8re personnel.<\/li>\n<\/ul>\n<p>Si vous souhaitez exercer l&rsquo;un des droits susmentionn\u00e9s, veuillez nous contacter en utilisant les coordonn\u00e9es indiqu\u00e9es ci-dessous. Nous pouvons vous demander de fournir des informations suppl\u00e9mentaires (y compris des informations qui peuvent \u00eatre n\u00e9cessaires pour confirmer votre identit\u00e9) avant de donner suite \u00e0 une telle demande et nous pouvons conclure que nous ne sommes pas oblig\u00e9s de donner suite \u00e0 une telle demande (dans ce cas, nous fournirons les raisons de notre d\u00e9cision). Notez que nous pouvons avoir besoin d&rsquo;un certain temps pour r\u00e9pondre et donner suite \u00e0 toute demande qui nous est soumise. Nous nous effor\u00e7ons de r\u00e9pondre \u00e0 toutes les demandes l\u00e9gitimes dans un d\u00e9lai d&rsquo;un mois (ou moins si la loi l&rsquo;exige).    <\/p>\n<p> <\/p>\n<h5><strong>8. Coordonn\u00e9es<\/strong><\/h5>\n<p>Si vous avez des demandes, des questions ou des pr\u00e9occupations concernant la pr\u00e9sente politique de protection de la vie priv\u00e9e, veuillez nous contacter \u00e0 l&rsquo;adresse suivante : <\/p>\n<p>Email: info@almainspira.com<\/p>\n<p>Adresse postale : 1 Beit Hashita, Beit Hashita 1080100, Isra\u00ebl<\/p>\n<p>Vous avez le droit de d\u00e9poser une plainte \u00e0 tout moment aupr\u00e8s des autorit\u00e9s comp\u00e9tentes en mati\u00e8re de protection des donn\u00e9es. Nous vous serions toutefois reconnaissants de nous donner l&rsquo;occasion de r\u00e9pondre \u00e0 vos pr\u00e9occupations avant que vous ne vous adressiez \u00e0 une autorit\u00e9 de protection des donn\u00e9es. <\/p>\n<p> <\/p>\n<h5><strong>9. Modifications de la pr\u00e9sente politique de confidentialit\u00e9<\/strong><\/h5>\n<p>Nous nous r\u00e9servons le droit de modifier la pr\u00e9sente Politique de Confidentialit\u00e9 \u00e0 tout moment. Dans ce cas, nous publierons une version actualis\u00e9e de la pr\u00e9sente Politique de Confidentialit\u00e9 afin que nos utilisateurs et nos clients soient toujours au courant des informations que nous recueillons et de la mani\u00e8re dont nous les utilisons. <\/p>\n<p>Votre utilisation continue de notre site web et de nos services apr\u00e8s toute modification de la pr\u00e9sente politique de protection de la vie priv\u00e9e vaudra acceptation de cette modification.<\/p>\n<p> <\/p>\n<p><strong><em>Derni\u00e8re mise \u00e0 jour : 7 novembre 2023.<\/em><\/strong><\/p>\t\t\t\t\t\t\t\t<\/div>\n\t\t\t\t<\/div>\n\t\t\t\t\t<\/div>\n\t\t\t\t<\/div>\n\t\t\t\t<\/div>\n\t\t","protected":false},"excerpt":{"rendered":"<p>La pr\u00e9sente politique de confidentialit\u00e9 (\u00ab\u00a0Politique de Confidentialit\u00e9\u00ab\u00a0) a pour but de vous informer sur la mani\u00e8re dont Alma Inspira Ltd. (d\u00e9sign\u00e9e par \u00a0\u00bb Entreprise \u00ab\u00a0, \u00a0\u00bb Nous \u00ab\u00a0, \u00a0\u00bb Notre \u00a0\u00bb ou \u00a0\u00bb Nos \u00a0\u00bb dans la pr\u00e9sente Politique de Confidentialit\u00e9) traite vos donn\u00e9es personnelles lorsque vous visitez notre site web : https:\/\/almaschool.org\/ (\u00a0\u00bb &#8230; <a title=\"Politique de Confidentialit\u00e9\" class=\"read-more\" href=\"https:\/\/almaschool.org\/fr\/politique-de-confidentialite\/\" aria-label=\"En savoir plus sur Politique de Confidentialit\u00e9\">Lire la suite<\/a><\/p>\n","protected":false},"author":1,"featured_media":0,"parent":0,"menu_order":0,"comment_status":"closed","ping_status":"open","template":"","meta":{"_themeisle_gutenberg_block_has_review":false,"footnotes":""},"class_list":["post-23264","page","type-page","status-publish"],"aioseo_notices":[],"_links":{"self":[{"href":"https:\/\/almaschool.org\/fr\/wp-json\/wp\/v2\/pages\/23264","targetHints":{"allow":["GET"]}}],"collection":[{"href":"https:\/\/almaschool.org\/fr\/wp-json\/wp\/v2\/pages"}],"about":[{"href":"https:\/\/almaschool.org\/fr\/wp-json\/wp\/v2\/types\/page"}],"author":[{"embeddable":true,"href":"https:\/\/almaschool.org\/fr\/wp-json\/wp\/v2\/users\/1"}],"replies":[{"embeddable":true,"href":"https:\/\/almaschool.org\/fr\/wp-json\/wp\/v2\/comments?post=23264"}],"version-history":[{"count":3,"href":"https:\/\/almaschool.org\/fr\/wp-json\/wp\/v2\/pages\/23264\/revisions"}],"predecessor-version":[{"id":23287,"href":"https:\/\/almaschool.org\/fr\/wp-json\/wp\/v2\/pages\/23264\/revisions\/23287"}],"wp:attachment":[{"href":"https:\/\/almaschool.org\/fr\/wp-json\/wp\/v2\/media?parent=23264"}],"curies":[{"name":"wp","href":"https:\/\/api.w.org\/{rel}","templated":true}]}}