{"id":14899,"date":"2025-07-16T20:34:09","date_gmt":"2025-07-16T17:34:09","guid":{"rendered":"https:\/\/almaschool.org\/vous-avez-besoin-daide-pour-la-traduction\/"},"modified":"2026-05-11T20:16:47","modified_gmt":"2026-05-11T17:16:47","slug":"vous-avez-besoin-daide-pour-la-traduction","status":"publish","type":"page","link":"https:\/\/almaschool.org\/fr\/vous-avez-besoin-daide-pour-la-traduction\/","title":{"rendered":"Vous avez besoin d&rsquo;aide pour la traduction ?"},"content":{"rendered":"\t\t<div data-elementor-type=\"wp-page\" data-elementor-id=\"14899\" class=\"elementor elementor-14899 elementor-10942\" data-elementor-post-type=\"page\">\n\t\t\t\t<div class=\"elementor-element elementor-element-3ae3bb1 e-flex e-con-boxed e-con e-parent\" data-id=\"3ae3bb1\" data-element_type=\"container\" data-e-type=\"container\">\n\t\t\t\t\t<div class=\"e-con-inner\">\n\t\t<div class=\"elementor-element elementor-element-884ed97 e-con-full e-grid e-con e-child\" data-id=\"884ed97\" data-element_type=\"container\" data-e-type=\"container\">\n\t\t\t\t<div class=\"elementor-element elementor-element-f2f8afa elementor-widget elementor-widget-text-editor\" data-id=\"f2f8afa\" data-element_type=\"widget\" data-e-type=\"widget\" data-widget_type=\"text-editor.default\">\n\t\t\t\t<div class=\"elementor-widget-container\">\n\t\t\t\t\t\t\t\t\t<h4 class=\"elementor-heading-title elementor-size-default elementor-inline-editing pen\" contenteditable=\"true\" data-elementor-setting-key=\"title\" data-pen-placeholder=\"Type Here...\"><b>Fran\u00e7ais<\/b><\/h4><p><br>La vid\u00e9o suivante explique comment activer les sous-titres simultan\u00e9s lors de la diffusion Zoom d\u2019Alma.<br data-start=\"154\" data-end=\"157\">Vous pouvez choisir les sous-titres dans votre langue maternelle.<br data-start=\"222\" data-end=\"225\">Veuillez noter que la traduction est un outil automatique fourni par Zoom. Elle peut donc ne pas \u00eatre toujours exacte, mais elle permet de suivre la diffusion et de comprendre le message global. <\/p>\t\t\t\t\t\t\t\t<\/div>\n\t\t\t\t<\/div>\n\t\t\t\t<div class=\"elementor-element elementor-element-25c8d3f elementor-widget elementor-widget-html\" data-id=\"25c8d3f\" data-element_type=\"widget\" data-e-type=\"widget\" data-widget_type=\"html.default\">\n\t\t\t\t<div class=\"elementor-widget-container\">\n\t\t\t\t\t<div style=\"position:relative;padding-top:56.25%;\"><iframe src=\"https:\/\/iframe.mediadelivery.net\/embed\/141115\/6196899d-d2fb-4afa-92e3-669863766319?autoplay=false&amp;loop=false&amp;muted=false&amp;preload=false&amp;responsive=true\" loading=\"lazy\" style=\"border:0;position:absolute;top:0;height:100%;width:100%;\" allow=\"accelerometer;gyroscope;autoplay;encrypted-media;picture-in-picture;\" allowfullscreen=\"true\"><\/iframe><\/div>\n\t\t\t\t<\/div>\n\t\t\t\t<\/div>\n\t\t\t\t<\/div>\n\t\t\t\t\t<\/div>\n\t\t\t\t<\/div>\n\t\t\t\t<\/div>\n\t\t","protected":false},"excerpt":{"rendered":"<p>Fran\u00e7ais La vid\u00e9o suivante explique comment activer les sous-titres simultan\u00e9s lors de la diffusion Zoom d\u2019Alma.Vous pouvez choisir les sous-titres dans votre langue maternelle.Veuillez noter que la traduction est un outil automatique fourni par Zoom. Elle peut donc ne pas \u00eatre toujours exacte, mais elle permet de suivre la diffusion et de comprendre le message &#8230; <a title=\"Vous avez besoin d&rsquo;aide pour la traduction ?\" class=\"read-more\" href=\"https:\/\/almaschool.org\/fr\/vous-avez-besoin-daide-pour-la-traduction\/\" aria-label=\"En savoir plus sur Vous avez besoin d&rsquo;aide pour la traduction ?\">Lire la suite<\/a><\/p>\n","protected":false},"author":20,"featured_media":0,"parent":0,"menu_order":0,"comment_status":"closed","ping_status":"closed","template":"","meta":{"_themeisle_gutenberg_block_has_review":false,"footnotes":""},"class_list":["post-14899","page","type-page","status-publish"],"aioseo_notices":[],"_links":{"self":[{"href":"https:\/\/almaschool.org\/fr\/wp-json\/wp\/v2\/pages\/14899","targetHints":{"allow":["GET"]}}],"collection":[{"href":"https:\/\/almaschool.org\/fr\/wp-json\/wp\/v2\/pages"}],"about":[{"href":"https:\/\/almaschool.org\/fr\/wp-json\/wp\/v2\/types\/page"}],"author":[{"embeddable":true,"href":"https:\/\/almaschool.org\/fr\/wp-json\/wp\/v2\/users\/20"}],"replies":[{"embeddable":true,"href":"https:\/\/almaschool.org\/fr\/wp-json\/wp\/v2\/comments?post=14899"}],"version-history":[{"count":3,"href":"https:\/\/almaschool.org\/fr\/wp-json\/wp\/v2\/pages\/14899\/revisions"}],"predecessor-version":[{"id":31189,"href":"https:\/\/almaschool.org\/fr\/wp-json\/wp\/v2\/pages\/14899\/revisions\/31189"}],"wp:attachment":[{"href":"https:\/\/almaschool.org\/fr\/wp-json\/wp\/v2\/media?parent=14899"}],"curies":[{"name":"wp","href":"https:\/\/api.w.org\/{rel}","templated":true}]}}