{"id":23312,"date":"2022-11-30T20:51:22","date_gmt":"2022-11-30T18:51:22","guid":{"rendered":"https:\/\/almaschool.org\/politica-de-privacidad\/"},"modified":"2026-04-07T07:37:30","modified_gmt":"2026-04-07T04:37:30","slug":"politica-de-privacidad","status":"publish","type":"page","link":"https:\/\/almaschool.org\/es\/politica-de-privacidad\/","title":{"rendered":"Pol\u00edtica de Privacidad"},"content":{"rendered":"\t\t<div data-elementor-type=\"wp-page\" data-elementor-id=\"23312\" class=\"elementor elementor-23312 elementor-3\" data-elementor-post-type=\"page\">\n\t\t\t\t<div class=\"elementor-element elementor-element-5c4f8519 e-flex e-con-boxed e-con e-parent\" data-id=\"5c4f8519\" data-element_type=\"container\" data-e-type=\"container\">\n\t\t\t\t\t<div class=\"e-con-inner\">\n\t\t\t\t<div class=\"elementor-element elementor-element-639c4f4c elementor-widget elementor-widget-text-editor\" data-id=\"639c4f4c\" data-element_type=\"widget\" data-e-type=\"widget\" data-widget_type=\"text-editor.default\">\n\t\t\t\t<div class=\"elementor-widget-container\">\n\t\t\t\t\t\t\t\t\t<p>Esta Pol\u00edtica de Privacidad (\u00ab<strong>Pol\u00edtica de Privacidad<\/strong>\u00ab) est\u00e1 dise\u00f1ada para informarle sobre c\u00f3mo Alma Inspira Ltd. (referida como la \u00ab<strong>Compa\u00f1\u00eda<\/strong>\u00ab, \u00ab<strong>nosotros<\/strong>\u00ab, \u00ab<strong>nos<\/strong>\u00bb o \u00ab<strong>nuestro<\/strong>\u00bb en esta Pol\u00edtica de Privacidad) recopila y maneja sus Datos Personales al acceder a nuestro sitio web: https:\/\/almaschool.org\/ (\u00ab<strong>Sitio Web<\/strong>\u00ab) o adquiere cualquier servicio que ofrecemos a trav\u00e9s del Sitio Web. \u00ab<strong>Datos Personales<\/strong>\u00bb significa cualquier informaci\u00f3n sobre un individuo a partir de la cual esa persona puede ser identificada.<\/p><p>Por favor, lea esta Pol\u00edtica de Privacidad cuidadosamente y revise regularmente esta p\u00e1gina para ver las revisiones y actualizaciones que podamos introducir de vez en cuando.<\/p><p><br><strong>SI USTED TIENE UNA DISCAPACIDAD Y DESEA ACCEDER O RECIBIR UNA COPIA DE ESTA POL\u00cdTICA EN OTRO FORMATO ADECUADO, POR FAVOR CONT\u00c1CTENOS UTILIZANDO NUESTROS DATOS DE<\/strong> <strong>CONTACTO A CONTINUACI\u00d3N.<\/strong><\/p><h5><strong>1. Datos Recopilados o Procesados por Nosotros <\/strong><\/h5><p>Cuando ingresa a nuestro Sitio Web, lo usa o nos contacta a trav\u00e9s de \u00e9l, podemos recopilar o procesar los siguientes tipos de Datos Personales sobre usted:<\/p><ul><li>&#8211; <strong>Datos de Identidad:<\/strong> incluyen su nombre, apellido y detalles y n\u00famero de identificaci\u00f3n (como n\u00famero de ID o n\u00famero de pasaporte).<\/li><li> <strong>Datos de Contacto<\/strong>: incluyen su direcci\u00f3n, ciudadan\u00eda, pa\u00eds o residencia, estado\/provincia, direcci\u00f3n de correo electr\u00f3nico, fax y n\u00famero de tel\u00e9fono o m\u00f3vil.<\/li><li><strong>Datos Comerciales<\/strong>: incluyen su nombre de dominio, nombre de la empresa y n\u00famero de registro de la empresa.<\/li><li><strong>Datos de Pago<\/strong>: incluyen el n\u00famero de su medio de pago (como un n\u00famero de tarjeta de cr\u00e9dito) e informaci\u00f3n relacionada, como el c\u00f3digo de seguridad y la fecha de vencimiento asociados con su medio de pago.<\/li><li><strong>Datos de Uso<\/strong>: incluyen informaci\u00f3n sobre c\u00f3mo usa o interact\u00faa con nuestro Sitio Web (c\u00f3mo cu\u00e1ndo ingres\u00f3 al Sitio Web, cu\u00e1nto tiempo permaneci\u00f3 en el Sitio Web y\/o en una p\u00e1gina espec\u00edfica del Sitio Web, qu\u00e9 funciones de nuestros Sitios Web fueron utilizadas por usted, etc.).<\/li><li><strong>Datos T\u00e9cnicos<\/strong>: incluyen informaci\u00f3n sobre su conexi\u00f3n a Internet (como su direcci\u00f3n IP y el nombre del proveedor de servicios de Internet) y sobre el dispositivo y software utilizado por usted para acceder al Sitio Web (por ejemplo, el tipo de navegador web y el sistema operativo de la computadora).<\/li><li><strong>Datos de Consulta Adicionales<\/strong>: incluyen informaci\u00f3n adicional que puede proporcionar cuando nos contacta a trav\u00e9s del Sitio Web o cuando se registra para cualquiera de nuestros servicios.<\/li><\/ul><p>Tambi\u00e9n recopilamos, utilizamos y podemos compartir con terceros datos agregados, como datos estad\u00edsticos, para cualquier prop\u00f3sito. Dicha informaci\u00f3n est\u00e1 anonimizada, no revela su identidad y, por lo tanto, no se considera Datos Personales.<br> <\/p><h5><strong>2. C\u00f3mo Recopilamos Sus Datos Personales<\/strong><\/h5><p>Utilizamos diferentes m\u00e9todos para recopilar datos, incluyendo los siguientes:<\/p><ul><li><strong>Interacciones directas<\/strong>: Cuando nos contacta a trav\u00e9s de nuestro Sitio Web, o de otra manera proporciona sus Datos Personales directamente a nosotros, se le pedir\u00e1 que nos facilite sus Datos de Identidad, Datos de Contacto y Datos Comerciales para que podamos proporcionarle nuestros servicios, responder a sus preguntas o solicitudes, o de otra manera comunicarnos o contactarlo. Tambi\u00e9n puede proporcionar Datos de Consulta Adicionales en tales casos.  <\/li><li><strong>Tecnolog\u00edas o interacciones automatizadas<\/strong>: A medida que interact\u00faa con nuestro Sitio Web, recopilamos autom\u00e1ticamente Datos T\u00e9cnicos y Datos de Uso, mediante el uso de cookies, registros de servidor u otras tecnolog\u00edas. <\/li><li><strong>Terceros o fuentes p\u00fablicamente disponibles<\/strong>: Podemos recibir Datos Personales de terceros, como proveedores de an\u00e1lisis y socios de publicidad y marketing. <\/li><\/ul><p>Usted no est\u00e1 legalmente obligado a proporcionarnos ning\u00fan Dato Personal. Cualquier Dato Personal que elija proporcionarnos se proporciona por su propia voluntad. Si prefiere no proporcionarnos ning\u00fan Dato Personal, evite usar nuestro Sitio Web o cualquiera de los servicios proporcionados a trav\u00e9s de nuestro Sitio Web.  <\/p><p><strong><em>Protecci\u00f3n de los Derechos de Privacidad de Terceros<\/em><\/strong><\/p><p>Si nos proporciona los Datos Personales de otra persona, debe asegurarse de tener permiso para hacerlo.<br><\/p><p><strong><em>Per\u00edodo de Retenci\u00f3n de Datos<\/em><\/strong><\/p><p>Podemos retener sus Datos Personales durante el tiempo que sea necesario para cumplir con los prop\u00f3sitos para los que los recopilamos, incluso seg\u00fan sea necesario para cumplir con cualquier requisito legal o de presentaci\u00f3n de informes.<\/p><h5><strong>3. C\u00f3mo Utilizamos Sus Datos Personales<\/strong><\/h5><p>Aqu\u00ed hay ejemplos de c\u00f3mo podemos usar sus Datos Personales:<\/p><ul><li>Podemos usar sus Datos de Identidad, Datos de Contacto, Datos de Pago y Datos Comerciales para celebrar un contrato o para ejecutar dicho contrato. Tambi\u00e9n podemos usar sus Datos de Uso y Datos T\u00e9cnicos para el cumplimiento de un contrato con usted (para proporcionar servicios a trav\u00e9s de nuestro Sitio Web). <\/li><li>Podemos usar sus Datos de Contacto y Datos de Consulta Adicionales para responder a sus mensajes, solicitudes o preguntas y para gestionar nuestra relaci\u00f3n con usted, incluso notific\u00e1ndole sobre cambios en nuestros t\u00e9rminos de uso o Pol\u00edtica de Privacidad.<\/li><li>Podemos usar sus Datos de Uso, Datos T\u00e9cnicos y Datos de Contacto con fines de marketing, para entregar contenido relevante y personalizado o para enviar mensajes de servicio (incluso seg\u00fan sea necesario por razones de seguridad).<\/li><li>Podemos usar sus Datos de Uso y Datos T\u00e9cnicos para mejorar nuestro Sitio Web, servicios, marketing, relaciones con los clientes y experiencias, incluso personalizando y adaptando nuestro contenido.<\/li><li>En caso de una disputa legal entre usted (y\/o una parte en su nombre) y nosotros (y\/o una parte en nuestro nombre), podemos usar sus Datos Personales en la medida relevante o necesaria en relaci\u00f3n con dicha disputa.<\/li><li>Tambi\u00e9n podemos usar sus Datos Personales para uno o m\u00e1s de los siguientes fines: (a) seg\u00fan lo requiera una citaci\u00f3n, ley u otro proceso legal; (b) seg\u00fan sea necesario para ayudar a los funcionarios encargados de hacer cumplir la ley o las agencias gubernamentales de aplicaci\u00f3n de la ley; (c) seg\u00fan sea necesario para investigar y prevenir violaciones de nuestros t\u00e9rminos de uso; (d) para mantener la seguridad de nuestro Sitio Web y prevenir actividades fraudulentas o ilegales; (e) seg\u00fan sea necesario para protegernos de acciones legales o reclamaciones de terceros, incluidos usted y\/u otros usuarios; o (f) seg\u00fan sea necesario para proteger los derechos legales, la propiedad o la seguridad personal de nuestra empresa, usuarios, empleados y afiliados.      <\/li><\/ul><p><strong><em>Comunicaciones Promocionales<\/em><\/strong><\/p><p>Puede recibir comunicaciones de marketing o informativas de nosotros si ha solicitado informaci\u00f3n de nosotros y no ha optado por no recibir dichas comunicaciones.<\/p><p><strong><em>Cookies y Otras Tecnolog\u00edas de Seguimiento <\/em><\/strong><\/p><p>Nuestro Sitio Web utiliza cookies. Una cookie es un peque\u00f1o archivo de datos o texto que se descarga en su dispositivo cuando accede a nuestro Sitio Web. Las cookies pueden contener texto que puede ser le\u00eddo por el servidor web que entreg\u00f3 la cookie a usted. El texto contenido en la cookie generalmente consiste en una secuencia de letras y n\u00fameros que identifica de manera \u00fanica su dispositivo. Tambi\u00e9n puede contener otra informaci\u00f3n.<br>    <\/p><p>La mayor\u00eda de los navegadores web se pueden configurar para deshabilitar el uso de cookies. Sin embargo, debe tener en cuenta que al deshabilitar las cookies puede causar que algunas de las caracter\u00edsticas de nuestro Sitio Web funcionen o se muestren incorrectamente o se vuelvan inaccesibles. <\/p><p>Nuestro Sitio Web puede utilizar servicios como Google Analytics (o proveedores de servicios similares) para recopilar informaci\u00f3n sobre el uso de nuestro Sitio Web. Estos servicios de an\u00e1lisis recopilan informaci\u00f3n de los usuarios, como edad, g\u00e9nero, intereses, demograf\u00eda, con qu\u00e9 frecuencia visitan nuestro Sitio Web, qu\u00e9 p\u00e1ginas visitan y qu\u00e9 otros sitios web han utilizado antes de llegar a nuestro Sitio Web. Utilizamos esta informaci\u00f3n para analizar el tr\u00e1fico, promover nuestros productos y servicios a los usuarios, mejorar nuestro marketing, publicidad y para mejorar nuestro Sitio Web.  <\/p><p><strong><em>Enlaces de Terceros<\/em><\/strong><em> <\/em><\/p><p>Nuestro Sitio Web puede incluir enlaces a sitios web, complementos y aplicaciones de terceros. Al hacer clic o interactuar con dichos enlaces y contenido, puede causar que sus datos se compartan con el tercero relevante. No controlamos estos sitios web de terceros y no somos responsables de sus pol\u00edticas de privacidad y cumplimiento.  <\/p><p><strong><em>Transferencia Internacional de Datos <\/em><\/strong><\/p><p>Podemos transferir sus Datos Personales a pa\u00edses fuera del pa\u00eds en el que reside que no necesariamente proporcionan el mismo nivel de protecci\u00f3n de datos que el proporcionado bajo las leyes del pa\u00eds en el que reside.<\/p><h5><strong>4. Compartir Sus Datos Personales con Terceros<\/strong><\/h5><p>Podemos compartir Datos Personales con terceros que nos proporcionan ciertos servicios que permiten el funcionamiento de nuestro Sitio Web. Por ejemplo, podemos compartir sus Datos de Identidad, Datos de Contacto, Datos de Uso y Datos T\u00e9cnicos con proveedores de an\u00e1lisis web, servicios de correo electr\u00f3nico y otros proveedores de servicios que nos ayudan a mantener y operar nuestro Sitio Web y habilitar nuestros servicios. Como se mencion\u00f3 anteriormente, nuestros proveedores de procesamiento de pagos tambi\u00e9n pueden procesar sus Datos de Pago para facilitar y procesar su pago por los servicios que se ofrecen a trav\u00e9s de nuestro Sitio Web.  <\/p><p><span style=\"mso-spacerun: 'yes'; font-family: 'Times New Roman'; mso-fareast-font-family: \u7b49\u7ebf; color: #000000; mso-bidi-font-weight: bold;\">Servicios de terceros que utilizamos (lista no exhaustiva): <\/span><span style=\"mso-spacerun: 'yes'; font-family: 'Times New Roman'; mso-fareast-font-family: \u7b49\u7ebf; color: #000000;\">Google Analytics (GA4) \u2013 para el an\u00e1lisis del uso del sitio web; Facebook Pixel \u2013 para el seguimiento de marketing y conversiones; Hotjar \u2013 para la grabaci\u00f3n de sesiones y heatmaps (mapas de calor); Zoho Mail \u2013 para servicios de correo electr\u00f3nico; MailerSend \u2013 para correos electr\u00f3nicos transaccionales; Mailchimp \u2013 para boletines de marketing.<\/span><br> <br><\/p><p style=\"margin-bottom: 6.0000pt; mso-layout-grid-align: none; text-autospace: none; text-align: justify; text-justify: inter-ideograph;\" align=\"justify\"><span style=\"text-align: start;\">Tambi\u00e9n podemos compartir sus Datos Personales con autoridades legales y reguladoras en la medida requerida por la ley aplicable y con nuestros asesores legales en la medida necesaria para la prestaci\u00f3n de sus servicios a nosotros.<br><\/span><\/p><h5><strong>5. Menores<\/strong><\/h5><p>Para utilizar el Sitio Web, debe tener al menos 18 a\u00f1os de edad, o m\u00e1s si as\u00ed lo requieren las leyes del pa\u00eds en el que reside. No recopilamos a sabiendas Datos Personales de menores de 18 a\u00f1os. Si usted es un padre o tutor legal y tiene razones para creer que su hijo puede habernos proporcionado sus Datos Personales, por favor cont\u00e1ctenos utilizando los Datos de Contacto a continuaci\u00f3n.  <\/p><h5><strong>6. Seguridad de Datos<\/strong><\/h5><p>Hemos implementado medidas de seguridad destinadas a prevenir la p\u00e9rdida, el uso, la alteraci\u00f3n o la divulgaci\u00f3n accidental o ilegal de sus Datos Personales. Tambi\u00e9n mantenemos salvaguardias t\u00e9cnicas y f\u00edsicas razonables para proteger sus Datos Personales. Desafortunadamente, no podemos garantizar que nunca ocurran casos de p\u00e9rdida, mal uso o filtraci\u00f3n de sus Datos Personales debido a la naturaleza vulnerable de la transmisi\u00f3n de datos a trav\u00e9s de Internet.  <\/p><h5><strong>7. Sus Derechos <\/strong><\/h5><p>Ciertas leyes de privacidad otorgan a los usuarios derechos relacionados con sus Datos Personales. En la medida en que dichas leyes se apliquen a sus Datos Personales, puede tener los siguientes derechos: <\/p><ul><li><strong>Acceso<\/strong>: Puede solicitarnos que le proporcionemos una copia de los Datos Personales que tenemos sobre usted.<\/li><li><strong>Correcci\u00f3n<\/strong>: Puede solicitarnos que corrijamos datos inexactos o incompletos o que completemos datos parciales o incompletos.<\/li><li>Eliminaci\u00f3n o Transferencia: Puede solicitarnos que eliminemos o removamos sus Datos Personales. Si no podemos cumplir con dicha solicitud, le notificaremos las razones espec\u00edficas de nuestra decisi\u00f3n. Tambi\u00e9n puede solicitarnos que transfiramos sus Datos Personales a usted o a un tercero designado por usted.  <\/li><li><strong>Objeci\u00f3n al procesamiento<\/strong>: Puede objetar el procesamiento de sus Datos Personales si considera que nuestro procesamiento de sus Datos Personales es ilegal o de otra manera viola sus derechos y libertades.<\/li><li><strong>Restricci\u00f3n del procesamiento<\/strong>: Puede solicitarnos que nos abstengamos temporalmente de procesar sus Datos Personales, por ejemplo, cuando crea que dichos datos son inexactos o incompletos o que ya no necesitamos procesar dichos datos para un prop\u00f3sito particular pero desea que los retengamos para uso futuro.<\/li><li><strong>Portabilidad de datos<\/strong>: Puede solicitar que transfiramos sus Datos Personales a usted o a un tercero. Este derecho se aplica cuando hemos obtenido y procesado los datos de usted basados en su consentimiento o cuando usamos la informaci\u00f3n para realizar un contrato con usted. <\/li><li><strong>Retirar el consentimiento<\/strong>: En cualquier momento, puede retirar su consentimiento previamente otorgado para que procesemos sus Datos Personales.<\/li><\/ul><p>Si desea ejercer cualquiera de los derechos anteriores, por favor cont\u00e1ctenos utilizando los datos de contacto proporcionados a continuaci\u00f3n. Podemos pedirle que proporcione informaci\u00f3n adicional (incluyendo informaci\u00f3n que pueda ser necesaria para confirmar su identidad) antes de actuar sobre cualquier solicitud y podemos llegar a la conclusi\u00f3n de que no estamos obligados a cumplir con dicha solicitud (en cuyo caso proporcionaremos razones para nuestra decisi\u00f3n). Tenga en cuenta que podemos requerir algo de tiempo para responder y actuar sobre cualquier solicitud que nos env\u00ede. Intentamos responder a todas las solicitudes leg\u00edtimas dentro de un mes (o menos si lo requiere la ley).    <\/p><h5><strong>8. Datos de Contacto<\/strong><\/h5><p>Si tiene alguna solicitud, pregunta o inquietud con respecto a cualquier cosa en esta Pol\u00edtica de Privacidad, por favor cont\u00e1ctenos en: <\/p><p>Correo electr\u00f3nico:<span style=\"font-family: Arial; font-size: 10.5pt;\"> helpdesk@almaschool.org<\/span><\/p><p><span dir=\"RTL\" style=\"font-family: Arial; color: #5a5a5a; letter-spacing: 0pt; font-size: 9.5pt; background: #fafbfd;\">Direcci\u00f3n postal: <\/span><span style=\"font-family: Arial;\">17 P<span dir=\"LTR\" style=\"font-family: Arial; color: #5a5a5a; letter-spacing: 0pt; font-size: 9.5pt; background: #fafbfd;\">razon , Prazon 1935500 <\/span>,<\/span> Israel<\/p><p>Tiene derecho a presentar una queja en cualquier momento a las autoridades de protecci\u00f3n de datos relevantes. Sin embargo, agradecer\u00edamos la oportunidad de abordar sus inquietudes antes de que se acerque a una autoridad de protecci\u00f3n de datos. <\/p><h5><strong>9. Cambios a esta Pol\u00edtica de Privacidad<\/strong><\/h5><p>Nos reservamos el derecho de cambiar esta Pol\u00edtica de Privacidad en cualquier momento. En tal caso, publicaremos una versi\u00f3n actualizada de esta Pol\u00edtica de Privacidad para que nuestros usuarios y clientes est\u00e9n siempre al tanto de qu\u00e9 informaci\u00f3n recopilamos y c\u00f3mo la utilizamos. <\/p><p>Su uso continuado de nuestro Sitio Web y servicios despu\u00e9s de cualquier cambio en esta Pol\u00edtica de Privacidad constituir\u00e1 la aceptaci\u00f3n de dicho cambio.<\/p><p style=\"margin-left: 0.0000pt; text-indent: 0.0000pt; padding: 0pt 0pt 0pt 0pt; mso-pagination: widow-orphan; background: #fafbfd;\"><b>\u00daltima actualizaci\u00f3n:<\/b><b> 2 de marzo de 2026.<\/b><\/p>\t\t\t\t\t\t\t\t<\/div>\n\t\t\t\t<\/div>\n\t\t\t\t\t<\/div>\n\t\t\t\t<\/div>\n\t\t\t\t<\/div>\n\t\t","protected":false},"excerpt":{"rendered":"<p>Esta Pol\u00edtica de Privacidad (\u00abPol\u00edtica de Privacidad\u00ab) est\u00e1 dise\u00f1ada para informarle sobre c\u00f3mo Alma Inspira Ltd. (referida como la \u00abCompa\u00f1\u00eda\u00ab, \u00abnosotros\u00ab, \u00abnos\u00bb o \u00abnuestro\u00bb en esta Pol\u00edtica de Privacidad) recopila y maneja sus Datos Personales al acceder a nuestro sitio web: https:\/\/almaschool.org\/ (\u00abSitio Web\u00ab) o adquiere cualquier servicio que ofrecemos a trav\u00e9s del Sitio Web. &#8230; <a title=\"Pol\u00edtica de Privacidad\" class=\"read-more\" href=\"https:\/\/almaschool.org\/es\/politica-de-privacidad\/\" aria-label=\"Leer m\u00e1s sobre Pol\u00edtica de Privacidad\">Leer m\u00e1s<\/a><\/p>\n","protected":false},"author":1,"featured_media":0,"parent":0,"menu_order":0,"comment_status":"closed","ping_status":"open","template":"","meta":{"_themeisle_gutenberg_block_has_review":false,"footnotes":""},"class_list":["post-23312","page","type-page","status-publish"],"aioseo_notices":[],"_links":{"self":[{"href":"https:\/\/almaschool.org\/es\/wp-json\/wp\/v2\/pages\/23312","targetHints":{"allow":["GET"]}}],"collection":[{"href":"https:\/\/almaschool.org\/es\/wp-json\/wp\/v2\/pages"}],"about":[{"href":"https:\/\/almaschool.org\/es\/wp-json\/wp\/v2\/types\/page"}],"author":[{"embeddable":true,"href":"https:\/\/almaschool.org\/es\/wp-json\/wp\/v2\/users\/1"}],"replies":[{"embeddable":true,"href":"https:\/\/almaschool.org\/es\/wp-json\/wp\/v2\/comments?post=23312"}],"version-history":[{"count":4,"href":"https:\/\/almaschool.org\/es\/wp-json\/wp\/v2\/pages\/23312\/revisions"}],"predecessor-version":[{"id":30300,"href":"https:\/\/almaschool.org\/es\/wp-json\/wp\/v2\/pages\/23312\/revisions\/30300"}],"wp:attachment":[{"href":"https:\/\/almaschool.org\/es\/wp-json\/wp\/v2\/media?parent=23312"}],"curies":[{"name":"wp","href":"https:\/\/api.w.org\/{rel}","templated":true}]}}