{"id":17008,"date":"2023-05-18T22:10:30","date_gmt":"2023-05-18T19:10:30","guid":{"rendered":"https:\/\/almaschool.org\/historias-para-el-alma\/"},"modified":"2026-03-15T17:49:14","modified_gmt":"2026-03-15T15:49:14","slug":"historias-para-el-alma","status":"publish","type":"page","link":"https:\/\/almaschool.org\/es\/historias-para-el-alma\/","title":{"rendered":"Historias para el Alma"},"content":{"rendered":"\t\t<div data-elementor-type=\"wp-page\" data-elementor-id=\"17008\" class=\"elementor elementor-17008 elementor-653\" data-elementor-post-type=\"page\">\n\t\t\t\t<div class=\"elementor-element elementor-element-4995368 e-con-full queen_bg e-flex e-con e-parent\" data-id=\"4995368\" data-element_type=\"container\" data-e-type=\"container\" data-settings=\"{&quot;background_background&quot;:&quot;classic&quot;}\">\n\t\t<div class=\"elementor-element elementor-element-ac19218 e-con-full e-flex e-con e-child\" data-id=\"ac19218\" data-element_type=\"container\" data-e-type=\"container\" data-settings=\"{&quot;background_background&quot;:&quot;classic&quot;}\">\n\t\t<div class=\"elementor-element elementor-element-e570d53 e-con-full e-flex e-con e-child\" data-id=\"e570d53\" data-element_type=\"container\" data-e-type=\"container\">\n\t\t<div class=\"elementor-element elementor-element-f1be078 e-con-full e-flex e-con e-child\" data-id=\"f1be078\" data-element_type=\"container\" data-e-type=\"container\">\n\t\t\t\t<div class=\"elementor-element elementor-element-1f43c7e elementor-hidden-desktop elementor-hidden-tablet elementor-widget elementor-widget-image\" data-id=\"1f43c7e\" data-element_type=\"widget\" data-e-type=\"widget\" data-widget_type=\"image.default\">\n\t\t\t\t<div class=\"elementor-widget-container\">\n\t\t\t\t\t\t\t\t\t\t\t\t\t\t\t<img decoding=\"async\" src=\"https:\/\/almaschool.org\/wp-content\/uploads\/elementor\/thumbs\/yifatp_An_open_ancient_book_lies_at_the_center_of_the_image_g_74a2fedf-5dc0-44e4-aeb0-1788e3edb3a4_1-1-rdavbmbatl5hzqvd5ogz4rl14u2z0q482urae10wu0.jpg\" title=\"yifatp_An_open_ancient_book_lies_at_the_center_of_the_image_g_74a2fedf-5dc0-44e4-aeb0-1788e3edb3a4_1 (1)\" alt=\"yifatp_An_open_ancient_book_lies_at_the_center_of_the_image_g_74a2fedf-5dc0-44e4-aeb0-1788e3edb3a4_1 (1)\" loading=\"lazy\" \/>\t\t\t\t\t\t\t\t\t\t\t\t\t\t\t<\/div>\n\t\t\t\t<\/div>\n\t\t\t\t<div class=\"elementor-element elementor-element-617f829 queen_step elementor-widget__width-initial elementor-invisible elementor-widget elementor-widget-heading\" data-id=\"617f829\" data-element_type=\"widget\" data-e-type=\"widget\" data-settings=\"{&quot;_animation&quot;:&quot;fadeInUp&quot;}\" data-widget_type=\"heading.default\">\n\t\t\t\t<div class=\"elementor-widget-container\">\n\t\t\t\t\t<h5 class=\"elementor-heading-title elementor-size-default\"><h5 class=\"elementor-heading-title elementor-size-default elementor-inline-editing pen\" data-elementor-setting-key=\"title\" data-pen-placeholder=\"Type Here...\" style=\"font-family: Montserrat, sans-serif;font-style: normal\">Cursos de enriquecimiento\n<\/h5><div><br><\/div><\/h5>\t\t\t\t<\/div>\n\t\t\t\t<\/div>\n\t\t\t\t<div class=\"elementor-element elementor-element-f211309 elementor-invisible elementor-widget elementor-widget-heading\" data-id=\"f211309\" data-element_type=\"widget\" data-e-type=\"widget\" data-settings=\"{&quot;_animation&quot;:&quot;fadeInUp&quot;}\" data-widget_type=\"heading.default\">\n\t\t\t\t<div class=\"elementor-widget-container\">\n\t\t\t\t\t<h1 class=\"elementor-heading-title elementor-size-default\">Historias para\nel Alma<\/h1>\t\t\t\t<\/div>\n\t\t\t\t<\/div>\n\t\t\t\t<div class=\"elementor-element elementor-element-6a60a89 elementor-invisible elementor-widget elementor-widget-heading\" data-id=\"6a60a89\" data-element_type=\"widget\" data-e-type=\"widget\" data-settings=\"{&quot;_animation&quot;:&quot;fadeInUp&quot;}\" data-widget_type=\"heading.default\">\n\t\t\t\t<div class=\"elementor-widget-container\">\n\t\t\t\t\t<h1 class=\"elementor-heading-title elementor-size-default\">Sabidur\u00eda Ancestral para la Era Moderna<\/h1>\t\t\t\t<\/div>\n\t\t\t\t<\/div>\n\t\t\t\t<\/div>\n\t\t\t\t<\/div>\n\t\t\t\t<\/div>\n\t\t<div class=\"elementor-element elementor-element-96e59e4 bg_top_flower elementor-hidden-mobile e-con-full e-flex e-con e-child\" data-id=\"96e59e4\" data-element_type=\"container\" data-e-type=\"container\">\n\t\t\t\t<div class=\"elementor-element elementor-element-7f36d52 elementor-hidden-mobile elementor-widget elementor-widget-image\" data-id=\"7f36d52\" data-element_type=\"widget\" data-e-type=\"widget\" data-settings=\"{&quot;motion_fx_motion_fx_scrolling&quot;:&quot;yes&quot;,&quot;motion_fx_devices&quot;:[&quot;desktop&quot;,&quot;tablet&quot;,&quot;mobile&quot;]}\" data-widget_type=\"image.default\">\n\t\t\t\t<div class=\"elementor-widget-container\">\n\t\t\t\t\t\t\t\t\t\t\t\t\t\t\t<img fetchpriority=\"high\" decoding=\"async\" width=\"1456\" height=\"816\" src=\"https:\/\/almaschool.org\/wp-content\/uploads\/2025\/10\/yifatp_An_open_ancient_book_lies_at_the_center_of_the_image_g_74a2fedf-5dc0-44e4-aeb0-1788e3edb3a4_1-1.jpg\" class=\"attachment-2048x2048 size-2048x2048 wp-image-17181\" alt=\"\" srcset=\"https:\/\/almaschool.org\/wp-content\/uploads\/2025\/10\/yifatp_An_open_ancient_book_lies_at_the_center_of_the_image_g_74a2fedf-5dc0-44e4-aeb0-1788e3edb3a4_1-1.jpg 1456w, https:\/\/almaschool.org\/wp-content\/uploads\/2025\/10\/yifatp_An_open_ancient_book_lies_at_the_center_of_the_image_g_74a2fedf-5dc0-44e4-aeb0-1788e3edb3a4_1-1-300x168.jpg 300w, https:\/\/almaschool.org\/wp-content\/uploads\/2025\/10\/yifatp_An_open_ancient_book_lies_at_the_center_of_the_image_g_74a2fedf-5dc0-44e4-aeb0-1788e3edb3a4_1-1-1024x574.jpg 1024w, https:\/\/almaschool.org\/wp-content\/uploads\/2025\/10\/yifatp_An_open_ancient_book_lies_at_the_center_of_the_image_g_74a2fedf-5dc0-44e4-aeb0-1788e3edb3a4_1-1-768x430.jpg 768w\" sizes=\"(max-width: 1456px) 100vw, 1456px\" \/>\t\t\t\t\t\t\t\t\t\t\t\t\t\t\t<\/div>\n\t\t\t\t<\/div>\n\t\t\t\t<\/div>\n\t\t\t\t<\/div>\n\t\t<div class=\"elementor-element elementor-element-5c55d78 e-flex e-con-boxed e-con e-parent\" data-id=\"5c55d78\" data-element_type=\"container\" data-e-type=\"container\">\n\t\t\t\t\t<div class=\"e-con-inner\">\n\t\t<div class=\"elementor-element elementor-element-92bfe36 e-con-full e-flex e-con e-child\" data-id=\"92bfe36\" data-element_type=\"container\" data-e-type=\"container\">\n\t\t\t\t<div class=\"elementor-element elementor-element-2db043e elementor-invisible elementor-widget elementor-widget-heading\" data-id=\"2db043e\" data-element_type=\"widget\" data-e-type=\"widget\" data-settings=\"{&quot;_animation&quot;:&quot;fadeInUp&quot;}\" data-widget_type=\"heading.default\">\n\t\t\t\t<div class=\"elementor-widget-container\">\n\t\t\t\t\t<h1 class=\"elementor-heading-title elementor-size-medium\">\u201c\u00c9rase una vez\u2026\u201d\n<br><span style=\"background-color: var(--base-3)\">Desde el principio de los tiempos, las historias han tenido el poder de tocar el alma humana.<\/span><\/h1>\t\t\t\t<\/div>\n\t\t\t\t<\/div>\n\t\t\t\t<div class=\"elementor-element elementor-element-434b6f9 elementor-invisible elementor-widget elementor-widget-text-editor\" data-id=\"434b6f9\" data-element_type=\"widget\" data-e-type=\"widget\" data-settings=\"{&quot;_animation&quot;:&quot;fadeInUp&quot;}\" data-widget_type=\"text-editor.default\">\n\t\t\t\t<div class=\"elementor-widget-container\">\n\t\t\t\t\t\t\t\t\t<p><span style=\"background-color: var(--base-3);\">En otras palabras, las historias pueden eliminar bloqueos en el mundo interior del hombre y despertarlo de su letargo espiritual, donde puede pasar la mayor parte de los d\u00edas de su vida.<\/span><\/p><p>\u00abHistorias para el Alma\u00bb es una invitaci\u00f3n a dejar de lado las respuestas proporcionadas por el intelecto a los conflictos y desaf\u00edos de la vida diaria y, en cambio, abrirse a una forma de vida m\u00e1s simple pero m\u00e1s profunda, arraigada en una sabidur\u00eda ancestral olvidada hace mucho tiempo.<\/p><p>El curso consta de ocho historias basadas en las tradiciones hebreas de la antig\u00fcedad y sirve como una invitaci\u00f3n a experimentar un mundo maravilloso donde hadas, reyes, sirvientes, adivinos (e incluso una prostituta) ense\u00f1an lecciones transformadoras sobre el verdadero significado de la vida.<\/p>\t\t\t\t\t\t\t\t<\/div>\n\t\t\t\t<\/div>\n\t\t\t\t<div class=\"elementor-element elementor-element-daa9c17 elementor-invisible elementor-widget elementor-widget-heading\" data-id=\"daa9c17\" data-element_type=\"widget\" data-e-type=\"widget\" data-settings=\"{&quot;_animation&quot;:&quot;fadeInUp&quot;}\" data-widget_type=\"heading.default\">\n\t\t\t\t<div class=\"elementor-widget-container\">\n\t\t\t\t\t<h1 class=\"elementor-heading-title elementor-size-medium\">\"Historias para el Alma\" aborda los siguientes temas:<\/h1>\t\t\t\t<\/div>\n\t\t\t\t<\/div>\n\t\t\t\t<div class=\"elementor-element elementor-element-ab2aedd elementor-widget__width-inherit elementor-icon-list--layout-traditional elementor-list-item-link-full_width elementor-widget elementor-widget-icon-list\" data-id=\"ab2aedd\" data-element_type=\"widget\" data-e-type=\"widget\" data-settings=\"{&quot;_animation&quot;:&quot;none&quot;}\" data-widget_type=\"icon-list.default\">\n\t\t\t\t<div class=\"elementor-widget-container\">\n\t\t\t\t\t\t\t<ul class=\"elementor-icon-list-items\">\n\t\t\t\t\t\t\t<li class=\"elementor-icon-list-item\">\n\t\t\t\t\t\t\t\t\t\t\t<span class=\"elementor-icon-list-icon\">\n\t\t\t\t\t\t\t<i aria-hidden=\"true\" class=\"fas fa-circle\"><\/i>\t\t\t\t\t\t<\/span>\n\t\t\t\t\t\t\t\t\t\t<span class=\"elementor-icon-list-text\"><b>Libertad y Voluntad:<\/b> Todos queremos ser libres y hacer lo que nos plazca, pero \u00bfqu\u00e9 significa realmente ser libre y actuar seg\u00fan mi voluntad?<\/span>\n\t\t\t\t\t\t\t\t\t<\/li>\n\t\t\t\t\t\t\t\t<li class=\"elementor-icon-list-item\">\n\t\t\t\t\t\t\t\t\t\t\t<span class=\"elementor-icon-list-icon\">\n\t\t\t\t\t\t\t<i aria-hidden=\"true\" class=\"fas fa-circle\"><\/i>\t\t\t\t\t\t<\/span>\n\t\t\t\t\t\t\t\t\t\t<span class=\"elementor-icon-list-text\"><b>Amor:<\/b> \u201c\u00a1Te amo!\u201d o, tal vez, \u00bf\u00bf\u00bfen realidad me amo a m\u00ed mismo??? El verdadero significado del amor verdadero.<\/span>\n\t\t\t\t\t\t\t\t\t<\/li>\n\t\t\t\t\t\t\t\t<li class=\"elementor-icon-list-item\">\n\t\t\t\t\t\t\t\t\t\t\t<span class=\"elementor-icon-list-icon\">\n\t\t\t\t\t\t\t<i aria-hidden=\"true\" class=\"fas fa-circle\"><\/i>\t\t\t\t\t\t<\/span>\n\t\t\t\t\t\t\t\t\t\t<span class=\"elementor-icon-list-text\"><b>Muerte:<\/b> \u00bfEs realmente un final terrible para la vida o es simplemente una existencia continua en otra forma?<\/span>\n\t\t\t\t\t\t\t\t\t<\/li>\n\t\t\t\t\t\t\t\t<li class=\"elementor-icon-list-item\">\n\t\t\t\t\t\t\t\t\t\t\t<span class=\"elementor-icon-list-icon\">\n\t\t\t\t\t\t\t<i aria-hidden=\"true\" class=\"fas fa-circle\"><\/i>\t\t\t\t\t\t<\/span>\n\t\t\t\t\t\t\t\t\t\t<span class=\"elementor-icon-list-text\"><b>Matrimonio:<\/b> \u00bfPor qu\u00e9 la instituci\u00f3n del matrimonio en la era moderna se considera solo un medio para criar una familia y obtener estabilidad financiera, y est\u00e1 completamente desprovista de un pacto espiritual?<\/span>\n\t\t\t\t\t\t\t\t\t<\/li>\n\t\t\t\t\t\t\t\t<li class=\"elementor-icon-list-item\">\n\t\t\t\t\t\t\t\t\t\t\t<span class=\"elementor-icon-list-icon\">\n\t\t\t\t\t\t\t<i aria-hidden=\"true\" class=\"fas fa-circle\"><\/i>\t\t\t\t\t\t<\/span>\n\t\t\t\t\t\t\t\t\t\t<span class=\"elementor-icon-list-text\"><b>Qui\u00e9n soy:<\/b> \u00bfQui\u00e9n me define, la sociedad o mi yo aut\u00e9ntico?<\/span>\n\t\t\t\t\t\t\t\t\t<\/li>\n\t\t\t\t\t\t\t\t<li class=\"elementor-icon-list-item\">\n\t\t\t\t\t\t\t\t\t\t\t<span class=\"elementor-icon-list-icon\">\n\t\t\t\t\t\t\t<i aria-hidden=\"true\" class=\"fas fa-circle\"><\/i>\t\t\t\t\t\t<\/span>\n\t\t\t\t\t\t\t\t\t\t<span class=\"elementor-icon-list-text\"><b>Crecimiento Espiritual:<\/b> \u00bfCu\u00e1l es el verdadero trabajo espiritual seg\u00fan las Leyes de la Creaci\u00f3n?<\/span>\n\t\t\t\t\t\t\t\t\t<\/li>\n\t\t\t\t\t\t\t\t<li class=\"elementor-icon-list-item\">\n\t\t\t\t\t\t\t\t\t\t\t<span class=\"elementor-icon-list-icon\">\n\t\t\t\t\t\t\t<i aria-hidden=\"true\" class=\"fas fa-circle\"><\/i>\t\t\t\t\t\t<\/span>\n\t\t\t\t\t\t\t\t\t\t<span class=\"elementor-icon-list-text\"><b>Pecado y Arrepentimiento:<\/b> \u00bfSon estos solo conceptos religiosos o son conceptos espirituales relacionados con las experiencias m\u00e1s \u00edntimas de cada persona?<\/span>\n\t\t\t\t\t\t\t\t\t<\/li>\n\t\t\t\t\t\t\t\t<li class=\"elementor-icon-list-item\">\n\t\t\t\t\t\t\t\t\t\t\t<span class=\"elementor-icon-list-icon\">\n\t\t\t\t\t\t\t<i aria-hidden=\"true\" class=\"fas fa-circle\"><\/i>\t\t\t\t\t\t<\/span>\n\t\t\t\t\t\t\t\t\t\t<span class=\"elementor-icon-list-text\"><b>Confianza en Dios:<\/b> Cuando la necesidad es mayor, la ayuda de Dios est\u00e1 m\u00e1s cerca de ti.<\/span>\n\t\t\t\t\t\t\t\t\t<\/li>\n\t\t\t\t\t\t\t\t<li class=\"elementor-icon-list-item\">\n\t\t\t\t\t\t\t\t\t\t\t<span class=\"elementor-icon-list-icon\">\n\t\t\t\t\t\t\t<i aria-hidden=\"true\" class=\"fas fa-circle\"><\/i>\t\t\t\t\t\t<\/span>\n\t\t\t\t\t\t\t\t\t\t<span class=\"elementor-icon-list-text\"><b>Todo est\u00e1 Predeterminado, pero hay Libertad de Elecci\u00f3n:<\/b> \u00bfEst\u00e1 nuestro destino predeterminado? \u00bfRealmente tenemos libertad de elecci\u00f3n? \u00bfEs posible cambiar nuestro destino?  <\/span>\n\t\t\t\t\t\t\t\t\t<\/li>\n\t\t\t\t\t\t<\/ul>\n\t\t\t\t\t\t<\/div>\n\t\t\t\t<\/div>\n\t\t\t\t<div class=\"elementor-element elementor-element-cc93050 elementor-widget elementor-widget-spacer\" data-id=\"cc93050\" data-element_type=\"widget\" data-e-type=\"widget\" data-widget_type=\"spacer.default\">\n\t\t\t\t<div class=\"elementor-widget-container\">\n\t\t\t\t\t\t\t<div class=\"elementor-spacer\">\n\t\t\t<div class=\"elementor-spacer-inner\"><\/div>\n\t\t<\/div>\n\t\t\t\t\t\t<\/div>\n\t\t\t\t<\/div>\n\t\t\t\t<div class=\"elementor-element elementor-element-0233fb0 elementor-invisible elementor-widget elementor-widget-heading\" data-id=\"0233fb0\" data-element_type=\"widget\" data-e-type=\"widget\" data-settings=\"{&quot;_animation&quot;:&quot;fadeInUp&quot;}\" data-widget_type=\"heading.default\">\n\t\t\t\t<div class=\"elementor-widget-container\">\n\t\t\t\t\t<h1 class=\"elementor-heading-title elementor-size-default\">\"Historias para el Alma\" es el tercer paso en el plan de estudios de la Escuela Alma para la Humanidad, y su objetivo es ampliar y profundizar la capacidad del esp\u00edritu para comprender plenamente el Conocimiento Superior. Se basa en el conocimiento adquirido en \"\u00a1LET MY SPIRIT GO!\" y el seminario \"Reina\". <\/h1>\t\t\t\t<\/div>\n\t\t\t\t<\/div>\n\t\t\t\t<div class=\"elementor-element elementor-element-6794759 elementor-widget elementor-widget-spacer\" data-id=\"6794759\" data-element_type=\"widget\" data-e-type=\"widget\" data-widget_type=\"spacer.default\">\n\t\t\t\t<div class=\"elementor-widget-container\">\n\t\t\t\t\t\t\t<div class=\"elementor-spacer\">\n\t\t\t<div class=\"elementor-spacer-inner\"><\/div>\n\t\t<\/div>\n\t\t\t\t\t\t<\/div>\n\t\t\t\t<\/div>\n\t\t\t\t<div class=\"elementor-element elementor-element-ee19e94 elementor-invisible elementor-widget elementor-widget-text-editor\" data-id=\"ee19e94\" data-element_type=\"widget\" data-e-type=\"widget\" data-settings=\"{&quot;_animation&quot;:&quot;fadeInUp&quot;}\" data-widget_type=\"text-editor.default\">\n\t\t\t\t<div class=\"elementor-widget-container\">\n\t\t\t\t\t\t\t\t\t<p style=\"text-align: center;\">Este curso est\u00e1 actualmente disponible solo en hebreo:<\/p><p style=\"text-align: center;\"><span style=\"color: #73a8c4;\"><a style=\"color: #73a8c4;\" href=\"https:\/\/almainspira.com\/product\/stories-for-the-soul\/\" data-type=\"link\" data-id=\"https:\/\/almainspira.com\/product\/stories-for-the-soul\/\">Haz clic aqu\u00ed para registrarte en el curso en hebreo<\/a><\/span><\/p>\t\t\t\t\t\t\t\t<\/div>\n\t\t\t\t<\/div>\n\t\t\t\t<\/div>\n\t\t\t\t\t<\/div>\n\t\t\t\t<\/div>\n\t\t\t\t<\/div>\n\t\t","protected":false},"excerpt":{"rendered":"<p>Cursos de enriquecimiento Historias para el Alma Sabidur\u00eda Ancestral para la Era Moderna \u201c\u00c9rase una vez\u2026\u201d Desde el principio de los tiempos, las historias han tenido el poder de tocar el alma humana. En otras palabras, las historias pueden eliminar bloqueos en el mundo interior del hombre y despertarlo de su letargo espiritual, donde puede &#8230; <a title=\"Historias para el Alma\" class=\"read-more\" href=\"https:\/\/almaschool.org\/es\/historias-para-el-alma\/\" aria-label=\"Leer m\u00e1s sobre Historias para el Alma\">Leer m\u00e1s<\/a><\/p>\n","protected":false},"author":8,"featured_media":0,"parent":0,"menu_order":0,"comment_status":"closed","ping_status":"closed","template":"","meta":{"_themeisle_gutenberg_block_has_review":false,"footnotes":""},"class_list":["post-17008","page","type-page","status-publish"],"aioseo_notices":[],"_links":{"self":[{"href":"https:\/\/almaschool.org\/es\/wp-json\/wp\/v2\/pages\/17008","targetHints":{"allow":["GET"]}}],"collection":[{"href":"https:\/\/almaschool.org\/es\/wp-json\/wp\/v2\/pages"}],"about":[{"href":"https:\/\/almaschool.org\/es\/wp-json\/wp\/v2\/types\/page"}],"author":[{"embeddable":true,"href":"https:\/\/almaschool.org\/es\/wp-json\/wp\/v2\/users\/8"}],"replies":[{"embeddable":true,"href":"https:\/\/almaschool.org\/es\/wp-json\/wp\/v2\/comments?post=17008"}],"version-history":[{"count":3,"href":"https:\/\/almaschool.org\/es\/wp-json\/wp\/v2\/pages\/17008\/revisions"}],"predecessor-version":[{"id":29790,"href":"https:\/\/almaschool.org\/es\/wp-json\/wp\/v2\/pages\/17008\/revisions\/29790"}],"wp:attachment":[{"href":"https:\/\/almaschool.org\/es\/wp-json\/wp\/v2\/media?parent=17008"}],"curies":[{"name":"wp","href":"https:\/\/api.w.org\/{rel}","templated":true}]}}