{"id":14907,"date":"2025-07-16T20:34:09","date_gmt":"2025-07-16T17:34:09","guid":{"rendered":"https:\/\/almaschool.org\/perdido-en-la-traduccion\/"},"modified":"2026-05-17T14:15:05","modified_gmt":"2026-05-17T11:15:05","slug":"perdido-en-la-traduccion","status":"publish","type":"page","link":"https:\/\/almaschool.org\/es\/perdido-en-la-traduccion\/","title":{"rendered":"\u00bfPerdido en la traducci\u00f3n?"},"content":{"rendered":"\t\t<div data-elementor-type=\"wp-page\" data-elementor-id=\"14907\" class=\"elementor elementor-14907 elementor-10942\" data-elementor-post-type=\"page\">\n\t\t\t\t<div class=\"elementor-element elementor-element-3ae3bb1 e-flex e-con-boxed e-con e-parent\" data-id=\"3ae3bb1\" data-element_type=\"container\" data-e-type=\"container\">\n\t\t\t\t\t<div class=\"e-con-inner\">\n\t\t<div class=\"elementor-element elementor-element-a7e3e7f e-con-full e-grid e-con e-child\" data-id=\"a7e3e7f\" data-element_type=\"container\" data-e-type=\"container\">\n\t\t\t\t<div class=\"elementor-element elementor-element-06ad02d elementor-widget elementor-widget-text-editor\" data-id=\"06ad02d\" data-element_type=\"widget\" data-e-type=\"widget\" data-widget_type=\"text-editor.default\">\n\t\t\t\t<div class=\"elementor-widget-container\">\n\t\t\t\t\t\t\t\t\t<h4 class=\"elementor-heading-title elementor-size-default elementor-inline-editing pen\" contenteditable=\"true\" data-elementor-setting-key=\"title\" data-pen-placeholder=\"Type Here...\"><b>Espa\u00f1ol<\/b><\/h4><p data-start=\"51\" data-end=\"411\"><br>El siguiente video explica c\u00f3mo activar los subt\u00edtulos simult\u00e1neos durante la transmisi\u00f3n de Zoom de Alma.<br data-start=\"157\" data-end=\"160\">Puedes elegir los subt\u00edtulos en tu idioma nativo.<br data-start=\"209\" data-end=\"212\">Ten en cuenta que la traducci\u00f3n es una herramienta autom\u00e1tica proporcionada por Zoom, por lo que puede no ser siempre precisa, pero te permitir\u00e1 seguir la transmisi\u00f3n y comprender el mensaje general.<\/p>\t\t\t\t\t\t\t\t<\/div>\n\t\t\t\t<\/div>\n\t\t\t\t<div class=\"elementor-element elementor-element-664dca6 elementor-widget elementor-widget-html\" data-id=\"664dca6\" data-element_type=\"widget\" data-e-type=\"widget\" data-widget_type=\"html.default\">\n\t\t\t\t<div class=\"elementor-widget-container\">\n\t\t\t\t\t<div style=\"position:relative;padding-top:56.25%;\"><iframe src=\"https:\/\/iframe.mediadelivery.net\/embed\/141115\/df0b07b2-e290-48de-b47c-b335d0902edb?autoplay=false&amp;loop=false&amp;muted=false&amp;preload=false&amp;responsive=true\" loading=\"lazy\" style=\"border:0;position:absolute;top:0;height:100%;width:100%;\" allow=\"accelerometer;gyroscope;autoplay;encrypted-media;picture-in-picture;\" allowfullscreen=\"true\"><\/iframe><\/div>\n\t\t\t\t<\/div>\n\t\t\t\t<\/div>\n\t\t\t\t<\/div>\n\t\t\t\t\t<\/div>\n\t\t\t\t<\/div>\n\t\t\t\t<\/div>\n\t\t","protected":false},"excerpt":{"rendered":"<p>Espa\u00f1ol El siguiente video explica c\u00f3mo activar los subt\u00edtulos simult\u00e1neos durante la transmisi\u00f3n de Zoom de Alma.Puedes elegir los subt\u00edtulos en tu idioma nativo.Ten en cuenta que la traducci\u00f3n es una herramienta autom\u00e1tica proporcionada por Zoom, por lo que puede no ser siempre precisa, pero te permitir\u00e1 seguir la transmisi\u00f3n y comprender el mensaje general.<\/p>\n","protected":false},"author":20,"featured_media":0,"parent":0,"menu_order":0,"comment_status":"closed","ping_status":"closed","template":"","meta":{"_themeisle_gutenberg_block_has_review":false,"footnotes":""},"class_list":["post-14907","page","type-page","status-publish"],"aioseo_notices":[],"_links":{"self":[{"href":"https:\/\/almaschool.org\/es\/wp-json\/wp\/v2\/pages\/14907","targetHints":{"allow":["GET"]}}],"collection":[{"href":"https:\/\/almaschool.org\/es\/wp-json\/wp\/v2\/pages"}],"about":[{"href":"https:\/\/almaschool.org\/es\/wp-json\/wp\/v2\/types\/page"}],"author":[{"embeddable":true,"href":"https:\/\/almaschool.org\/es\/wp-json\/wp\/v2\/users\/20"}],"replies":[{"embeddable":true,"href":"https:\/\/almaschool.org\/es\/wp-json\/wp\/v2\/comments?post=14907"}],"version-history":[{"count":3,"href":"https:\/\/almaschool.org\/es\/wp-json\/wp\/v2\/pages\/14907\/revisions"}],"predecessor-version":[{"id":31329,"href":"https:\/\/almaschool.org\/es\/wp-json\/wp\/v2\/pages\/14907\/revisions\/31329"}],"wp:attachment":[{"href":"https:\/\/almaschool.org\/es\/wp-json\/wp\/v2\/media?parent=14907"}],"curies":[{"name":"wp","href":"https:\/\/api.w.org\/{rel}","templated":true}]}}