{"id":11403,"date":"2023-05-19T00:39:50","date_gmt":"2023-05-18T21:39:50","guid":{"rendered":"https:\/\/almaschool.org\/acerca-de-nuestra-escuela\/"},"modified":"2026-03-09T08:14:42","modified_gmt":"2026-03-09T06:14:42","slug":"acerca-de-nuestra-escuela","status":"publish","type":"page","link":"https:\/\/almaschool.org\/es\/acerca-de-nuestra-escuela\/","title":{"rendered":"Acerca de nuestra escuela"},"content":{"rendered":"\t\t<div data-elementor-type=\"wp-page\" data-elementor-id=\"11403\" class=\"elementor elementor-11403 elementor-666\" data-elementor-post-type=\"page\">\n\t\t\t\t\t\t<section class=\"elementor-section elementor-top-section elementor-element elementor-element-6270511 elementor-section-height-min-height elementor-section-full_width elementor-section-stretched elementor-section-height-default elementor-section-items-middle\" data-id=\"6270511\" data-element_type=\"section\" data-e-type=\"section\" data-settings=\"{&quot;background_background&quot;:&quot;classic&quot;,&quot;stretch_section&quot;:&quot;section-stretched&quot;}\">\n\t\t\t\t\t\t\t<div class=\"elementor-background-overlay\"><\/div>\n\t\t\t\t\t\t\t<div class=\"elementor-container elementor-column-gap-no\">\n\t\t\t\t\t<div class=\"elementor-column elementor-col-100 elementor-top-column elementor-element elementor-element-690c473\" data-id=\"690c473\" data-element_type=\"column\" data-e-type=\"column\">\n\t\t\t<div class=\"elementor-widget-wrap elementor-element-populated\">\n\t\t\t\t\t\t<section class=\"elementor-section elementor-inner-section elementor-element elementor-element-b450ff7 elementor-section-boxed elementor-section-height-default elementor-section-height-default\" data-id=\"b450ff7\" data-element_type=\"section\" data-e-type=\"section\">\n\t\t\t\t\t\t<div class=\"elementor-container elementor-column-gap-default\">\n\t\t\t\t\t<div class=\"elementor-column elementor-col-100 elementor-inner-column elementor-element elementor-element-daa3600\" data-id=\"daa3600\" data-element_type=\"column\" data-e-type=\"column\">\n\t\t\t<div class=\"elementor-widget-wrap elementor-element-populated\">\n\t\t\t\t\t\t<div class=\"elementor-element elementor-element-aa18a5a elementor-invisible elementor-widget elementor-widget-heading\" data-id=\"aa18a5a\" data-element_type=\"widget\" data-e-type=\"widget\" data-settings=\"{&quot;_animation&quot;:&quot;fadeInUp&quot;}\" data-widget_type=\"heading.default\">\n\t\t\t\t<div class=\"elementor-widget-container\">\n\t\t\t\t\t<h1 class=\"elementor-heading-title elementor-size-xxl\">Acerca de nosotros<\/h1>\t\t\t\t<\/div>\n\t\t\t\t<\/div>\n\t\t\t\t\t<\/div>\n\t\t<\/div>\n\t\t\t\t\t<\/div>\n\t\t<\/section>\n\t\t\t\t\t<\/div>\n\t\t<\/div>\n\t\t\t\t\t<\/div>\n\t\t<\/section>\n\t\t<div class=\"elementor-element elementor-element-0d93bfa e-flex e-con-boxed e-con e-parent\" data-id=\"0d93bfa\" data-element_type=\"container\" data-e-type=\"container\">\n\t\t\t\t\t<div class=\"e-con-inner\">\n\t\t<div class=\"elementor-element elementor-element-9d27f9d e-con-full e-flex e-con e-child\" data-id=\"9d27f9d\" data-element_type=\"container\" data-e-type=\"container\">\n\t\t\t\t<div class=\"elementor-element elementor-element-1e67ece elementor-widget__width-initial elementor-invisible elementor-widget elementor-widget-text-editor\" data-id=\"1e67ece\" data-element_type=\"widget\" data-e-type=\"widget\" data-settings=\"{&quot;_animation&quot;:&quot;fadeInUp&quot;}\" data-widget_type=\"text-editor.default\">\n\t\t\t\t<div class=\"elementor-widget-container\">\n\t\t\t\t\t\t\t\t\t<p>T\u00fa, que buscas el sentido m\u00e1s elevado de la vida y no est\u00e1s dispuesto a conformarte con la mera supervivencia.<\/p><p>T\u00fa, que te planteas las grandes preguntas sobre la existencia humana, pero a\u00fan no has encontrado las respuestas.<\/p><p>T\u00fa, que anhelas la Luz de la Verdad eterna, aunque todos a tu alrededor afirman que no existe una \u00fanica Verdad.<\/p><p>T\u00fa, que anhelas estar cerca de Dios y ya percibes que Dios y las religiones son dos cosas completamente diferentes.<\/p><p>T\u00fa, que a\u00fan no has recordado tu promesa de estar entre aquellos que conducir\u00e1n a la humanidad hacia el amanecer de la Nueva Era, y por eso vagas por el mundo inquieto, sin poder encontrar la realizaci\u00f3n.<\/p>\t\t\t\t\t\t\t\t<\/div>\n\t\t\t\t<\/div>\n\t\t\t\t<div class=\"elementor-element elementor-element-4fe3dec elementor-widget__width-initial elementor-invisible elementor-widget elementor-widget-text-editor\" data-id=\"4fe3dec\" data-element_type=\"widget\" data-e-type=\"widget\" data-settings=\"{&quot;_animation&quot;:&quot;fadeInUp&quot;}\" data-widget_type=\"text-editor.default\">\n\t\t\t\t<div class=\"elementor-widget-container\">\n\t\t\t\t\t\t\t\t\t<p><strong>Para vosotros se estableci\u00f3 \u201cAlma School for Humanity\u201d, con el prop\u00f3sito de despertar, iluminar, recordar y guiar el esp\u00edritu de todos y cada uno de vosotros hacia el cumplimiento de esta antigua promesa por la cual encarnaron en el mundo.<\/strong><\/p>\t\t\t\t\t\t\t\t<\/div>\n\t\t\t\t<\/div>\n\t\t\t\t<\/div>\n\t\t\t\t\t<\/div>\n\t\t\t\t<\/div>\n\t\t<div class=\"elementor-element elementor-element-9ebc932 e-flex e-con-boxed e-con e-parent\" data-id=\"9ebc932\" data-element_type=\"container\" data-e-type=\"container\">\n\t\t\t\t\t<div class=\"e-con-inner\">\n\t\t\t\t<div class=\"elementor-element elementor-element-4d7d5b0 elementor-widget elementor-widget-heading\" data-id=\"4d7d5b0\" data-element_type=\"widget\" data-e-type=\"widget\" data-widget_type=\"heading.default\">\n\t\t\t\t<div class=\"elementor-widget-container\">\n\t\t\t\t\t<h2 class=\"elementor-heading-title elementor-size-default\">El curr\u00edculo<\/h2>\t\t\t\t<\/div>\n\t\t\t\t<\/div>\n\t\t\t\t<div class=\"elementor-element elementor-element-e15e66b elementor-widget__width-initial elementor-invisible elementor-widget elementor-widget-text-editor\" data-id=\"e15e66b\" data-element_type=\"widget\" data-e-type=\"widget\" data-settings=\"{&quot;_animation&quot;:&quot;fadeInUp&quot;}\" data-widget_type=\"text-editor.default\">\n\t\t\t\t<div class=\"elementor-widget-container\">\n\t\t\t\t\t\t\t\t\t<ul><li><strong>Serie de Conferencias<\/strong> G<strong>ratuitas:<\/strong> \u00abUn nuevo Ser Humano. Un Nuevo Mundo\u00bb |<a href=\"https:\/\/almaschool.org\/es\/charlas-y-podcasts\/\" target=\"_blank\" rel=\"noopener\"> Haz clic aqu\u00ed<\/a> &gt;&gt; <\/li><li><strong>Curso B\u00e1sico \u2013<\/strong> <strong>\u00a1LET MY SPIRIT GO!<\/strong> | <a href=\"https:\/\/almaschool.org\/es\/let-my-spirit-go\/\" target=\"_blank\" rel=\"noopener\">Haz clic aqu\u00ed<\/a><strong> &gt;&gt;<\/strong><br>LET MY SPIRIT GO!<strong style=\"font-size: inherit;\"> Programa de formaci\u00f3n de formadores | <a style=\"font-size: inherit;\" href=\"https:\/\/almaschool.org\/train-the-trainer-course\/\">Haz clic aqu\u00ed<\/a><\/strong><strong> &gt;&gt;<\/strong> <\/li><\/ul><ul><li><strong>Cursos de enriquecimiento \u2013<\/strong><br>Seminario Reina (Un seminario par las Mujeres)<strong style=\"font-size: inherit;\"> | <a style=\"font-size: inherit;\" href=\"https:\/\/almaschool.org\/es\/reina\/\" target=\"_blank\" rel=\"noopener\">Haz clic aqu\u00ed<\/a> <\/strong><strong> &gt;&gt;<\/strong><br>Historias para el Alma <strong style=\"font-size: inherit;\">| <a style=\"font-size: inherit;\" href=\"https:\/\/almaschool.org\/es\/historias-para-el-alma\/\" target=\"_blank\" rel=\"noopener\">Haz clic aqu\u00ed<\/a> <\/strong><strong> &gt;&gt;<\/strong> <\/li><\/ul><ul><li><strong>Estudios Avanzados \u2013<\/strong> El Programa para el Alto Conocimiento<strong> | <a href=\"https:\/\/almaschool.org\/es\/el-programa-para-el-alto-conocimiento\/\" target=\"_blank\" rel=\"noopener\">Haz clic aqu\u00ed <\/a><\/strong><strong> &gt;&gt;<\/strong> <\/li><\/ul>\t\t\t\t\t\t\t\t<\/div>\n\t\t\t\t<\/div>\n\t\t\t\t\t<\/div>\n\t\t\t\t<\/div>\n\t\t<div class=\"elementor-element elementor-element-c87f9ce e-flex e-con-boxed e-con e-parent\" data-id=\"c87f9ce\" data-element_type=\"container\" data-e-type=\"container\" data-settings=\"{&quot;background_background&quot;:&quot;classic&quot;}\">\n\t\t\t\t\t<div class=\"e-con-inner\">\n\t\t\t\t<div class=\"elementor-element elementor-element-b50c96f elementor-widget__width-initial elementor-invisible elementor-widget elementor-widget-heading\" data-id=\"b50c96f\" data-element_type=\"widget\" data-e-type=\"widget\" data-settings=\"{&quot;_animation&quot;:&quot;fadeInUp&quot;}\" data-widget_type=\"heading.default\">\n\t\t\t\t<div class=\"elementor-widget-container\">\n\t\t\t\t\t<h2 class=\"elementor-heading-title elementor-size-default\">La escuela es un Llamado para que el esp\u00edritu humano reconozca y cumpla su misi\u00f3n \u00fanica en la Creaci\u00f3n y la dedique al beneficio de toda la humanidad.<\/h2>\t\t\t\t<\/div>\n\t\t\t\t<\/div>\n\t\t\t\t\t<\/div>\n\t\t\t\t<\/div>\n\t\t<div class=\"elementor-element elementor-element-7c86100 e-flex e-con-boxed e-con e-parent\" data-id=\"7c86100\" data-element_type=\"container\" data-e-type=\"container\">\n\t\t\t\t\t<div class=\"e-con-inner\">\n\t\t\t\t<div class=\"elementor-element elementor-element-6cb9058 elementor-invisible elementor-widget elementor-widget-image\" data-id=\"6cb9058\" data-element_type=\"widget\" data-e-type=\"widget\" data-settings=\"{&quot;motion_fx_motion_fx_scrolling&quot;:&quot;yes&quot;,&quot;_animation&quot;:&quot;fadeInUp&quot;,&quot;motion_fx_motion_fx_mouse&quot;:&quot;yes&quot;,&quot;motion_fx_devices&quot;:[&quot;desktop&quot;,&quot;tablet&quot;,&quot;mobile&quot;]}\" data-widget_type=\"image.default\">\n\t\t\t\t<div class=\"elementor-widget-container\">\n\t\t\t\t\t\t\t\t\t\t\t\t\t\t\t<img fetchpriority=\"high\" decoding=\"async\" width=\"300\" height=\"300\" src=\"https:\/\/almaschool.org\/wp-content\/uploads\/2025\/10\/6-300x300.png\" class=\"attachment-medium size-medium wp-image-18125\" alt=\"\" srcset=\"https:\/\/almaschool.org\/wp-content\/uploads\/2025\/10\/6-300x300.png 300w, https:\/\/almaschool.org\/wp-content\/uploads\/2025\/10\/6-1024x1024.png 1024w, https:\/\/almaschool.org\/wp-content\/uploads\/2025\/10\/6-150x150.png 150w, https:\/\/almaschool.org\/wp-content\/uploads\/2025\/10\/6-768x768.png 768w, https:\/\/almaschool.org\/wp-content\/uploads\/2025\/10\/6.png 1080w\" sizes=\"(max-width: 300px) 100vw, 300px\" \/>\t\t\t\t\t\t\t\t\t\t\t\t\t\t\t<\/div>\n\t\t\t\t<\/div>\n\t\t\t\t<div class=\"elementor-element elementor-element-8aa5627 queen_step elementor-widget__width-initial elementor-invisible elementor-widget elementor-widget-heading\" data-id=\"8aa5627\" data-element_type=\"widget\" data-e-type=\"widget\" data-settings=\"{&quot;_animation&quot;:&quot;fadeInUp&quot;}\" data-widget_type=\"heading.default\">\n\t\t\t\t<div class=\"elementor-widget-container\">\n\t\t\t\t\t<h1 class=\"elementor-heading-title elementor-size-default\">La Fundadora de la Escuela\n<\/h1>\t\t\t\t<\/div>\n\t\t\t\t<\/div>\n\t\t\t\t<div class=\"elementor-element elementor-element-2b2b2af elementor-widget__width-initial queen_step elementor-invisible elementor-widget elementor-widget-heading\" data-id=\"2b2b2af\" data-element_type=\"widget\" data-e-type=\"widget\" data-settings=\"{&quot;_animation&quot;:&quot;fadeInUp&quot;}\" data-widget_type=\"heading.default\">\n\t\t\t\t<div class=\"elementor-widget-container\">\n\t\t\t\t\t<h1 class=\"elementor-heading-title elementor-size-default\">Jaguit Rabbi<\/h1>\t\t\t\t<\/div>\n\t\t\t\t<\/div>\n\t\t\t\t<div class=\"elementor-element elementor-element-7ec2c71 elementor-widget__width-initial elementor-invisible elementor-widget elementor-widget-text-editor\" data-id=\"7ec2c71\" data-element_type=\"widget\" data-e-type=\"widget\" data-settings=\"{&quot;_animation&quot;:&quot;fadeInUp&quot;}\" data-widget_type=\"text-editor.default\">\n\t\t\t\t<div class=\"elementor-widget-container\">\n\t\t\t\t\t\t\t\t\t<p><span style=\"white-space: pre-wrap;\"><b>Cuando un hombre recibe una Llamada de la Luz, todo lo personal para \u00e9l pierde su importancia. Comprende, de inmediato, que todo lo que hab\u00eda sucedido en su vida antes de la Llamada al servicio, era solo preparaci\u00f3n para su tiempo de cumplimiento. El cumplimiento de la antigua promesa de su esp\u00edritu, olvidada hace mucho tiempo, de servir a la Luz.  <\/b><\/span><\/p><p>A lo largo de mi vida, he buscado la verdad.<br>Desde muy joven, busqu\u00e9 en diferentes lugares para encontrar las respuestas a las grandes preguntas de la existencia humana.<\/p><p>Comenc\u00e9 con una b\u00fasqueda acad\u00e9mica en los departamentos de Filosof\u00eda y Talmud en la Universidad Hebrea. Luego continu\u00e9 estudiando C\u00e1bala y Juda\u00edsmo Jas\u00eddico directamente con un rabino ortodoxo. Adem\u00e1s, investigu\u00e9 de forma independiente filosof\u00eda oriental, varias religiones, psicolog\u00eda, modalidades de comunicaci\u00f3n, educaci\u00f3n alternativa, literatura, poes\u00eda, m\u00fasica, nutrici\u00f3n, medicina hol\u00edstica y bienestar f\u00edsico.  <\/p><p>Busqu\u00e9 y procur\u00e9, pero termin\u00e9 con las manos vac\u00edas.<\/p><p>No encontr\u00e9 la verdad. No encontr\u00e9 a Dios. No encontr\u00e9 el significado de la vida en un mundo que parec\u00eda cada vez m\u00e1s triste, fr\u00edo y alienado.  <\/p><p>En ese momento, aparentemente, ten\u00eda todo lo que cualquier mujer pod\u00eda desear, pero mi esp\u00edritu sufr\u00eda terriblemente.<\/p><p>El a\u00f1o 2000 fue un punto de inflexi\u00f3n en mi vida.<\/p><p>Durante una estancia en Sudam\u00e9rica, un libro misterioso cay\u00f3 en mis manos. Autom\u00e1ticamente me atrajo, ya que el plan de la Luz para mi esp\u00edritu simplemente ten\u00eda que conducirme a \u00e9l. Este libro revel\u00f3 el conocimiento completo y elevado sobre todo lo que existe entre el hombre y el Creador y me dej\u00f3 sin preguntas candentes sin respuesta.  <\/p><p>Durante siete a\u00f1os de exilio, descubrimiento y revelaci\u00f3n en mi proverbial \u201cdesierto\u201d en el sur de Chile, mi conciencia ascendi\u00f3 de un nivel de reconocimiento a la experiencia y, en \u00faltima instancia, al nivel de convicci\u00f3n absoluta en la perfecci\u00f3n de la Creaci\u00f3n y el Amor Divino del Creador.<\/p><p>Entonces, tambi\u00e9n record\u00e9 el juramento que mi esp\u00edritu hab\u00eda hecho de dedicar mi vida al servicio de Dios.<\/p><p>Unir el conocimiento sublime que este libro contiene a trav\u00e9s del establecimiento de una escuela es mi misi\u00f3n en la Creaci\u00f3n.<\/p><p>En 2007, se fund\u00f3 la primera escuela Alma Inspira en Buenos Aires. Posteriormente, los programas de la escuela tambi\u00e9n estuvieron disponibles en otros lugares de Sudam\u00e9rica. <\/p><p>La pandemia de Covid marc\u00f3 el comienzo de una nueva era y, en consecuencia, en 2021, regres\u00e9 a mi lugar de nacimiento para establecer la escuela Alma Inspira en Israel.<\/p><p>En 2023, Alma School for Humanity se abri\u00f3 al mundo y a todas las personas, sean quienes sean y est\u00e9n donde est\u00e9n.<\/p><p><span style=\"background-color: var(--base-3);\">Sin embargo, un puente solo tiene una funci\u00f3n: permitir el paso seguro<br>de un lugar a otro.<\/span><\/p><p><b><span style=\"white-space-collapse: preserve;\"><br>Mi misi\u00f3n se cumple en el momento en que el esp\u00edritu humano es capaz de cruzar el puente para alcanzar el conocimiento supremo, que fue tra\u00eddo a la humanidad por aquellos Elegidos por Dios, y desde all\u00ed ascender a las Alturas Luminosas.<\/span><br><\/b><\/p><p>Si durante este per\u00edodo cr\u00edtico para la humanidad, m\u00e1s esp\u00edritus humanos escuchan la Llamada, recuerdan su voto y trabajan para cumplir su misi\u00f3n, juntos, podr\u00edamos ascender al lugar destinado a todos nosotros por la Luz.<\/p>\t\t\t\t\t\t\t\t<\/div>\n\t\t\t\t<\/div>\n\t\t\t\t\t<\/div>\n\t\t\t\t<\/div>\n\t\t<div class=\"elementor-element elementor-element-d238e0c e-flex e-con-boxed e-con e-parent\" data-id=\"d238e0c\" data-element_type=\"container\" data-e-type=\"container\" data-settings=\"{&quot;background_background&quot;:&quot;classic&quot;}\">\n\t\t\t\t\t<div class=\"e-con-inner\">\n\t\t<div class=\"elementor-element elementor-element-39f18b1 e-con-full e-flex e-con e-child\" data-id=\"39f18b1\" data-element_type=\"container\" data-e-type=\"container\" data-settings=\"{&quot;background_background&quot;:&quot;classic&quot;}\">\n\t\t\t\t<div class=\"elementor-element elementor-element-61aeb2f elementor-widget__width-initial queen_step elementor-invisible elementor-widget elementor-widget-heading\" data-id=\"61aeb2f\" data-element_type=\"widget\" data-e-type=\"widget\" data-settings=\"{&quot;_animation&quot;:&quot;fadeInUp&quot;}\" data-widget_type=\"heading.default\">\n\t\t\t\t<div class=\"elementor-widget-container\">\n\t\t\t\t\t<h2 class=\"elementor-heading-title elementor-size-default\">Respuestas a tus preguntas<\/h2>\t\t\t\t<\/div>\n\t\t\t\t<\/div>\n\t\t\t\t<\/div>\n\t\t\t\t<div class=\"elementor-element elementor-element-22285d4 elementor-widget__width-initial elementor-invisible elementor-widget elementor-widget-text-editor\" data-id=\"22285d4\" data-element_type=\"widget\" data-e-type=\"widget\" data-settings=\"{&quot;_animation&quot;:&quot;fadeInUp&quot;}\" data-widget_type=\"text-editor.default\">\n\t\t\t\t<div class=\"elementor-widget-container\">\n\t\t\t\t\t\t\t\t\t<ul><li>\u00bfExiste una \u00fanica verdad?<\/li><li>\u00bfC\u00f3mo se puede distinguir entre la Verdad y las verdades a medias o las distorsiones de la Verdad?<\/li><li>\u00bfQu\u00e9 significa ser una persona espiritual?<\/li><li>\u00bfCu\u00e1l es la diferencia entre espiritualidad y religi\u00f3n?<\/li><li>\u00bfEs posible curarse de la depresi\u00f3n y la ansiedad?<\/li><li>\u00bfCu\u00e1les son las Leyes de la Creaci\u00f3n?<\/li><li>\u00bfQu\u00e9 es el karma y c\u00f3mo se manifiesta en nuestra vida cotidiana?<\/li><li>\u00bfPor qu\u00e9 permite Dios que exista tanto mal y sufrimiento en el mundo?<\/li><li>\u00bfHay vida despu\u00e9s de la muerte?<\/li><li>\u00bfQui\u00e9nes son los 144.000 Llamados y cu\u00e1l es su misi\u00f3n en esta era?<\/li><\/ul>\t\t\t\t\t\t\t\t<\/div>\n\t\t\t\t<\/div>\n\t\t\t\t<div class=\"elementor-element elementor-element-bcb8e8a elementor-widget__width-initial elementor-invisible elementor-widget elementor-widget-text-editor\" data-id=\"bcb8e8a\" data-element_type=\"widget\" data-e-type=\"widget\" data-settings=\"{&quot;_animation&quot;:&quot;fadeInUp&quot;}\" data-widget_type=\"text-editor.default\">\n\t\t\t\t<div class=\"elementor-widget-container\">\n\t\t\t\t\t\t\t\t\t<p style=\"text-align: center;\"><strong>Puedes encontrar respuestas a estas preguntas y muchas m\u00e1s.<\/strong> <strong>Te invitamos a leer y compartir:<\/strong><\/p>\t\t\t\t\t\t\t\t<\/div>\n\t\t\t\t<\/div>\n\t\t\t\t<div class=\"elementor-element elementor-element-e5f2c86 elementor-align-center elementor-widget elementor-widget-button\" data-id=\"e5f2c86\" data-element_type=\"widget\" data-e-type=\"widget\" data-widget_type=\"button.default\">\n\t\t\t\t<div class=\"elementor-widget-container\">\n\t\t\t\t\t\t\t\t\t<div class=\"elementor-button-wrapper\">\n\t\t\t\t\t<a class=\"elementor-button elementor-button-link elementor-size-sm\" href=\"https:\/\/almaschool.org\/qa\/\" target=\"_blank\">\n\t\t\t\t\t\t<span class=\"elementor-button-content-wrapper\">\n\t\t\t\t\t\t\t\t\t<span class=\"elementor-button-text\">Explora aqu\u00ed<\/span>\n\t\t\t\t\t<\/span>\n\t\t\t\t\t<\/a>\n\t\t\t\t<\/div>\n\t\t\t\t\t\t\t\t<\/div>\n\t\t\t\t<\/div>\n\t\t\t\t\t<\/div>\n\t\t\t\t<\/div>\n\t\t\t\t<\/div>\n\t\t","protected":false},"excerpt":{"rendered":"<p>Acerca de nosotros T\u00fa, que buscas el sentido m\u00e1s elevado de la vida y no est\u00e1s dispuesto a conformarte con la mera supervivencia. T\u00fa, que te planteas las grandes preguntas sobre la existencia humana, pero a\u00fan no has encontrado las respuestas. T\u00fa, que anhelas la Luz de la Verdad eterna, aunque todos a tu alrededor &#8230; <a title=\"Acerca de nuestra escuela\" class=\"read-more\" href=\"https:\/\/almaschool.org\/es\/acerca-de-nuestra-escuela\/\" aria-label=\"Leer m\u00e1s sobre Acerca de nuestra escuela\">Leer m\u00e1s<\/a><\/p>\n","protected":false},"author":8,"featured_media":0,"parent":0,"menu_order":0,"comment_status":"closed","ping_status":"closed","template":"","meta":{"_themeisle_gutenberg_block_has_review":false,"footnotes":""},"class_list":["post-11403","page","type-page","status-publish"],"aioseo_notices":[],"_links":{"self":[{"href":"https:\/\/almaschool.org\/es\/wp-json\/wp\/v2\/pages\/11403","targetHints":{"allow":["GET"]}}],"collection":[{"href":"https:\/\/almaschool.org\/es\/wp-json\/wp\/v2\/pages"}],"about":[{"href":"https:\/\/almaschool.org\/es\/wp-json\/wp\/v2\/types\/page"}],"author":[{"embeddable":true,"href":"https:\/\/almaschool.org\/es\/wp-json\/wp\/v2\/users\/8"}],"replies":[{"embeddable":true,"href":"https:\/\/almaschool.org\/es\/wp-json\/wp\/v2\/comments?post=11403"}],"version-history":[{"count":3,"href":"https:\/\/almaschool.org\/es\/wp-json\/wp\/v2\/pages\/11403\/revisions"}],"predecessor-version":[{"id":29744,"href":"https:\/\/almaschool.org\/es\/wp-json\/wp\/v2\/pages\/11403\/revisions\/29744"}],"wp:attachment":[{"href":"https:\/\/almaschool.org\/es\/wp-json\/wp\/v2\/media?parent=11403"}],"curies":[{"name":"wp","href":"https:\/\/api.w.org\/{rel}","templated":true}]}}