{"id":2509,"date":"2023-10-16T14:18:01","date_gmt":"2023-10-16T14:18:01","guid":{"rendered":"https:\/\/almaschool.org\/neuer-mensch-neue-welt-das-prinzip-des-ausgleichs\/"},"modified":"2023-12-04T13:28:46","modified_gmt":"2023-12-04T11:28:46","slug":"neuer-mensch-neue-welt-das-prinzip-des-ausgleichs","status":"publish","type":"page","link":"https:\/\/almaschool.org\/de\/neuer-mensch-neue-welt-das-prinzip-des-ausgleichs\/","title":{"rendered":"Neuer Mensch. Neue Welt &#8211; Das Prinzip des Ausgleichs"},"content":{"rendered":"\t\t<div data-elementor-type=\"wp-page\" data-elementor-id=\"2509\" class=\"elementor elementor-2509 elementor-2236\" data-elementor-post-type=\"page\">\n\t\t\t\t\t\t<section class=\"elementor-section elementor-top-section elementor-element elementor-element-b6ca3ad elementor-section-boxed elementor-section-height-default elementor-section-height-default\" data-id=\"b6ca3ad\" data-element_type=\"section\" data-e-type=\"section\">\n\t\t\t\t\t\t<div class=\"elementor-container elementor-column-gap-default\">\n\t\t\t\t\t<div class=\"elementor-column elementor-col-100 elementor-top-column elementor-element elementor-element-b87eaef\" data-id=\"b87eaef\" data-element_type=\"column\" data-e-type=\"column\">\n\t\t\t<div class=\"elementor-widget-wrap elementor-element-populated\">\n\t\t\t\t\t\t<div class=\"elementor-element elementor-element-29e6de1 elementor-hidden-desktop elementor-hidden-tablet elementor-widget elementor-widget-image\" data-id=\"29e6de1\" data-element_type=\"widget\" data-e-type=\"widget\" data-widget_type=\"image.default\">\n\t\t\t\t<div class=\"elementor-widget-container\">\n\t\t\t\t\t\t\t\t\t\t\t\t\t\t\t<img fetchpriority=\"high\" decoding=\"async\" width=\"1024\" height=\"882\" src=\"https:\/\/almaschool.org\/wp-content\/uploads\/2023\/05\/\u05e91-e1684785433185-1024x882.jpeg\" class=\"attachment-large size-large wp-image-629\" alt=\"\" srcset=\"https:\/\/almaschool.org\/wp-content\/uploads\/2023\/05\/\u05e91-e1684785433185-1024x882.jpeg 1024w, https:\/\/almaschool.org\/wp-content\/uploads\/2023\/05\/\u05e91-e1684785433185-600x517.jpeg 600w, https:\/\/almaschool.org\/wp-content\/uploads\/2023\/05\/\u05e91-e1684785433185-300x258.jpeg 300w, https:\/\/almaschool.org\/wp-content\/uploads\/2023\/05\/\u05e91-e1684785433185-768x662.jpeg 768w, https:\/\/almaschool.org\/wp-content\/uploads\/2023\/05\/\u05e91-e1684785433185-1536x1323.jpeg 1536w, https:\/\/almaschool.org\/wp-content\/uploads\/2023\/05\/\u05e91-e1684785433185-2048x1765.jpeg 2048w\" sizes=\"(max-width: 1024px) 100vw, 1024px\" \/>\t\t\t\t\t\t\t\t\t\t\t\t\t\t\t<\/div>\n\t\t\t\t<\/div>\n\t\t\t\t\t<\/div>\n\t\t<\/div>\n\t\t\t\t\t<\/div>\n\t\t<\/section>\n\t\t\t\t<section class=\"elementor-section elementor-top-section elementor-element elementor-element-0b73811 elementor-section-full_width elementor-section-stretched queen_bg elementor-section-height-default elementor-section-height-default\" data-id=\"0b73811\" data-element_type=\"section\" data-e-type=\"section\" data-settings=\"{&quot;stretch_section&quot;:&quot;section-stretched&quot;,&quot;background_background&quot;:&quot;classic&quot;}\">\n\t\t\t\t\t\t\t<div class=\"elementor-background-overlay\"><\/div>\n\t\t\t\t\t\t\t<div class=\"elementor-container elementor-column-gap-no\">\n\t\t\t\t\t<div class=\"elementor-column elementor-col-50 elementor-top-column elementor-element elementor-element-5475389\" data-id=\"5475389\" data-element_type=\"column\" data-e-type=\"column\" data-settings=\"{&quot;background_background&quot;:&quot;classic&quot;}\">\n\t\t\t<div class=\"elementor-widget-wrap elementor-element-populated\">\n\t\t\t\t\t\t<section class=\"elementor-section elementor-inner-section elementor-element elementor-element-f8f6054 elementor-section-boxed elementor-section-height-default elementor-section-height-default\" data-id=\"f8f6054\" data-element_type=\"section\" data-e-type=\"section\">\n\t\t\t\t\t\t<div class=\"elementor-container elementor-column-gap-default\">\n\t\t\t\t\t<div class=\"elementor-column elementor-col-100 elementor-inner-column elementor-element elementor-element-64c9ef9\" data-id=\"64c9ef9\" data-element_type=\"column\" data-e-type=\"column\">\n\t\t\t<div class=\"elementor-widget-wrap elementor-element-populated\">\n\t\t\t\t\t\t<div class=\"elementor-element elementor-element-9da9aae elementor-invisible elementor-widget elementor-widget-heading\" data-id=\"9da9aae\" data-element_type=\"widget\" data-e-type=\"widget\" data-settings=\"{&quot;_animation&quot;:&quot;fadeInUp&quot;}\" data-widget_type=\"heading.default\">\n\t\t\t\t<div class=\"elementor-widget-container\">\n\t\t\t\t\t<h1 class=\"elementor-heading-title elementor-size-default\">Das Prinzip des Ausgleichs<\/h1>\t\t\t\t<\/div>\n\t\t\t\t<\/div>\n\t\t\t\t<div class=\"elementor-element elementor-element-79f5638 elementor-widget__width-initial elementor-widget elementor-widget-heading\" data-id=\"79f5638\" data-element_type=\"widget\" data-e-type=\"widget\" data-widget_type=\"heading.default\">\n\t\t\t\t<div class=\"elementor-widget-container\">\n\t\t\t\t\t<h2 class=\"elementor-heading-title elementor-size-default\"><p style=\"margin-bottom: 18px;line-height: normal\"><span style=\"font-style: inherit\">F\u00fclle kreiren<\/span><span style=\"font-family: Roboto, sans-serif;font-size: 35px;font-style: inherit;font-weight: 400;text-transform: none;white-space: pre-wrap;display: inline !important;float: none\"><\/span><\/p><\/h2>\t\t\t\t<\/div>\n\t\t\t\t<\/div>\n\t\t\t\t\t<\/div>\n\t\t<\/div>\n\t\t\t\t\t<\/div>\n\t\t<\/section>\n\t\t\t\t\t<\/div>\n\t\t<\/div>\n\t\t\t\t<div class=\"elementor-column elementor-col-50 elementor-top-column elementor-element elementor-element-1b5deaa bg_top_flower elementor-hidden-mobile\" data-id=\"1b5deaa\" data-element_type=\"column\" data-e-type=\"column\">\n\t\t\t<div class=\"elementor-widget-wrap elementor-element-populated\">\n\t\t\t\t\t\t<div class=\"elementor-element elementor-element-b92024e elementor-widget elementor-widget-image\" data-id=\"b92024e\" data-element_type=\"widget\" data-e-type=\"widget\" data-settings=\"{&quot;motion_fx_motion_fx_scrolling&quot;:&quot;yes&quot;,&quot;motion_fx_devices&quot;:[&quot;desktop&quot;,&quot;tablet&quot;,&quot;mobile&quot;]}\" data-widget_type=\"image.default\">\n\t\t\t\t<div class=\"elementor-widget-container\">\n\t\t\t\t\t\t\t\t\t\t\t\t\t\t\t<img decoding=\"async\" width=\"2048\" height=\"1128\" src=\"https:\/\/almaschool.org\/wp-content\/uploads\/2023\/05\/Untitled_Artwork-1-e1684786177174-2048x1128.jpeg\" class=\"attachment-2048x2048 size-2048x2048 wp-image-691\" alt=\"\" srcset=\"https:\/\/almaschool.org\/wp-content\/uploads\/2023\/05\/Untitled_Artwork-1-e1684786177174-2048x1128.jpeg 2048w, https:\/\/almaschool.org\/wp-content\/uploads\/2023\/05\/Untitled_Artwork-1-e1684786177174-600x330.jpeg 600w, https:\/\/almaschool.org\/wp-content\/uploads\/2023\/05\/Untitled_Artwork-1-e1684786177174-300x165.jpeg 300w, https:\/\/almaschool.org\/wp-content\/uploads\/2023\/05\/Untitled_Artwork-1-e1684786177174-1024x564.jpeg 1024w, https:\/\/almaschool.org\/wp-content\/uploads\/2023\/05\/Untitled_Artwork-1-e1684786177174-768x423.jpeg 768w, https:\/\/almaschool.org\/wp-content\/uploads\/2023\/05\/Untitled_Artwork-1-e1684786177174-1536x846.jpeg 1536w\" sizes=\"(max-width: 2048px) 100vw, 2048px\" \/>\t\t\t\t\t\t\t\t\t\t\t\t\t\t\t<\/div>\n\t\t\t\t<\/div>\n\t\t\t\t\t<\/div>\n\t\t<\/div>\n\t\t\t\t\t<\/div>\n\t\t<\/section>\n\t\t\t\t<section class=\"elementor-section elementor-top-section elementor-element elementor-element-edf00df elementor-section-boxed elementor-section-height-default elementor-section-height-default\" data-id=\"edf00df\" data-element_type=\"section\" data-e-type=\"section\">\n\t\t\t\t\t\t<div class=\"elementor-container elementor-column-gap-default\">\n\t\t\t\t\t<div class=\"elementor-column elementor-col-100 elementor-top-column elementor-element elementor-element-ca50f39\" data-id=\"ca50f39\" data-element_type=\"column\" data-e-type=\"column\">\n\t\t\t<div class=\"elementor-widget-wrap elementor-element-populated\">\n\t\t\t\t\t\t<div class=\"elementor-element elementor-element-9eb1cd0 elementor-invisible elementor-widget elementor-widget-text-editor\" data-id=\"9eb1cd0\" data-element_type=\"widget\" data-e-type=\"widget\" data-settings=\"{&quot;_animation&quot;:&quot;fadeInUp&quot;}\" data-widget_type=\"text-editor.default\">\n\t\t\t\t<div class=\"elementor-widget-container\">\n\t\t\t\t\t\t\t\t\t<p class=\"p1\">Es unsere Aufgabe, die geistige Vision unserer Schule in der materiellen Welt zu verankern, und zwar durch die Kombination von drei mit den Sch\u00f6pfungsgesetzen \u00fcbereinstimmenden Grunds\u00e4tzen:<\/p>\n\t\t\t\t\t\t\t\t<\/div>\n\t\t\t\t<\/div>\n\t\t\t\t\t<\/div>\n\t\t<\/div>\n\t\t\t\t\t<\/div>\n\t\t<\/section>\n\t\t\t\t<section class=\"elementor-section elementor-top-section elementor-element elementor-element-cb28e89 elementor-section-boxed elementor-section-height-default elementor-section-height-default\" data-id=\"cb28e89\" data-element_type=\"section\" data-e-type=\"section\">\n\t\t\t\t\t\t<div class=\"elementor-container elementor-column-gap-default\">\n\t\t\t\t\t<div class=\"elementor-column elementor-col-100 elementor-top-column elementor-element elementor-element-578d762\" data-id=\"578d762\" data-element_type=\"column\" data-e-type=\"column\">\n\t\t\t<div class=\"elementor-widget-wrap elementor-element-populated\">\n\t\t\t\t\t\t<div class=\"elementor-element elementor-element-970dc36 elementor-icon-list--layout-traditional elementor-list-item-link-full_width elementor-widget elementor-widget-icon-list\" data-id=\"970dc36\" data-element_type=\"widget\" data-e-type=\"widget\" data-widget_type=\"icon-list.default\">\n\t\t\t\t<div class=\"elementor-widget-container\">\n\t\t\t\t\t\t\t<ul class=\"elementor-icon-list-items\">\n\t\t\t\t\t\t\t<li class=\"elementor-icon-list-item\">\n\t\t\t\t\t\t\t\t\t\t\t<span class=\"elementor-icon-list-icon\">\n\t\t\t\t\t\t\t<i aria-hidden=\"true\" class=\"fas fa-circle\"><\/i>\t\t\t\t\t\t<\/span>\n\t\t\t\t\t\t\t\t\t\t<span class=\"elementor-icon-list-text\"><b>Der erste Grundsatz: Nur wer gibt, kann auch empfangen<\/b> - nach diesem Gesetz der Sch\u00f6pfung kann nur derjenige, der etwas gibt, das Empfangene wirklich sch\u00e4tzen.<\/span>\n\t\t\t\t\t\t\t\t\t<\/li>\n\t\t\t\t\t\t\t\t<li class=\"elementor-icon-list-item\">\n\t\t\t\t\t\t\t\t\t\t\t<span class=\"elementor-icon-list-icon\">\n\t\t\t\t\t\t\t<i aria-hidden=\"true\" class=\"fas fa-circle\"><\/i>\t\t\t\t\t\t<\/span>\n\t\t\t\t\t\t\t\t\t\t<span class=\"elementor-icon-list-text\"><b>Der zweite Grundsatz lautet: Wo kein Mehl ist, da ist auch keine Thora<\/b> - um den Auftrag der Schule zu erf\u00fcllen, sind erhebliche Mittel erforderlich.<\/span>\n\t\t\t\t\t\t\t\t\t<\/li>\n\t\t\t\t\t\t\t\t<li class=\"elementor-icon-list-item\">\n\t\t\t\t\t\t\t\t\t\t\t<span class=\"elementor-icon-list-icon\">\n\t\t\t\t\t\t\t<i aria-hidden=\"true\" class=\"fas fa-circle\"><\/i>\t\t\t\t\t\t<\/span>\n\t\t\t\t\t\t\t\t\t\t<span class=\"elementor-icon-list-text\"><b>Der dritte Grundsatz:<\/b> - \"Der HERR ist nahe allen, die ihn anrufen, allen, die ihn in Wahrheit anrufen.\" (Psalm 145:18) <b>Jeder Mensch hat ein angeborenes Recht auf die Wahrheit, unabh\u00e4ngig von seiner finanziellen Situation.<\/b><\/span>\n\t\t\t\t\t\t\t\t\t<\/li>\n\t\t\t\t\t\t<\/ul>\n\t\t\t\t\t\t<\/div>\n\t\t\t\t<\/div>\n\t\t\t\t<div class=\"elementor-element elementor-element-617a7ab elementor-invisible elementor-widget elementor-widget-text-editor\" data-id=\"617a7ab\" data-element_type=\"widget\" data-e-type=\"widget\" data-settings=\"{&quot;_animation&quot;:&quot;fadeInUp&quot;}\" data-widget_type=\"text-editor.default\">\n\t\t\t\t<div class=\"elementor-widget-container\">\n\t\t\t\t\t\t\t\t\t<p class=\"p1\">So stehen unsere Kurse allen ernsthaften Suchenden der Wahrheit zur Verf\u00fcgung, auch wenn sie nicht wirklich in der Lage sind, diese zu bezahlen.&nbsp;&nbsp;<\/p>\n<p class=\"p1\">Um den Auftrag und die Leitgedanken der Schule zu unterst\u00fctzen, bitten wir jene, die durch genug finanzielle Mittel gesegnet sind \u00fcber eine Spende, den Kurs &#8222;Neuer Mensch. Neue Welt&#8220; zu unterst\u00fctzen, damit er auch weiterhin kostenlos f\u00fcr diejenigen angeboten werden kann, die sich dies nicht leisten k\u00f6nnen.<\/p>\n<p class=\"p1\">Sie k\u00f6nnen w\u00e4hlen, ob Sie in einer f\u00fcr Sie angemessenen H\u00f6he oder entsprechend der vorgeschlagenen Unterst\u00fctzungsstufen bezahlen m\u00f6chten. Eine finanzielle Unterst\u00fctzung ist nicht verpflichtend, wird jedoch sehr gesch\u00e4tzt.<span class=\"Apple-converted-space\">&nbsp; <\/span>Sie k\u00f6nnen Ihre Unterst\u00fctzung jederzeit anbieten, wenn sich Ihre finanziellen M\u00f6glichkeiten \u00e4ndern.<\/p>\t\t\t\t\t\t\t\t<\/div>\n\t\t\t\t<\/div>\n\t\t\t\t<div class=\"elementor-element elementor-element-a8525c2 elementor-hidden-desktop elementor-hidden-tablet elementor-widget elementor-widget-image\" data-id=\"a8525c2\" data-element_type=\"widget\" data-e-type=\"widget\" data-widget_type=\"image.default\">\n\t\t\t\t<div class=\"elementor-widget-container\">\n\t\t\t\t\t\t\t\t\t\t\t\t\t\t\t<img decoding=\"async\" width=\"1024\" height=\"818\" src=\"https:\/\/almaschool.org\/wp-content\/uploads\/2023\/05\/f1-1024x818.jpg\" class=\"attachment-large size-large wp-image-624\" alt=\"\" \/>\t\t\t\t\t\t\t\t\t\t\t\t\t\t\t<\/div>\n\t\t\t\t<\/div>\n\t\t\t\t\t<\/div>\n\t\t<\/div>\n\t\t\t\t\t<\/div>\n\t\t<\/section>\n\t\t\t\t<section class=\"elementor-section elementor-top-section elementor-element elementor-element-2894c65 elementor-section-boxed elementor-section-height-default elementor-section-height-default elementor-invisible\" data-id=\"2894c65\" data-element_type=\"section\" data-e-type=\"section\" data-settings=\"{&quot;animation&quot;:&quot;fadeInUp&quot;}\">\n\t\t\t\t\t\t<div class=\"elementor-container elementor-column-gap-default\">\n\t\t\t\t\t<div class=\"elementor-column elementor-col-100 elementor-top-column elementor-element elementor-element-a12bb2d\" data-id=\"a12bb2d\" data-element_type=\"column\" data-e-type=\"column\" data-settings=\"{&quot;background_background&quot;:&quot;classic&quot;}\">\n\t\t\t<div class=\"elementor-widget-wrap elementor-element-populated\">\n\t\t\t\t\t\t<div class=\"elementor-element elementor-element-fb077ef elementor-widget elementor-widget-heading\" data-id=\"fb077ef\" data-element_type=\"widget\" data-e-type=\"widget\" data-settings=\"{&quot;motion_fx_motion_fx_scrolling&quot;:&quot;yes&quot;,&quot;motion_fx_devices&quot;:[&quot;desktop&quot;,&quot;tablet&quot;,&quot;mobile&quot;]}\" data-widget_type=\"heading.default\">\n\t\t\t\t<div class=\"elementor-widget-container\">\n\t\t\t\t\t<h1 class=\"elementor-heading-title elementor-size-default\">W\u00e4hlen Sie aus diesen Unterst\u00fctzungsstufen:\n\n<\/h1>\t\t\t\t<\/div>\n\t\t\t\t<\/div>\n\t\t\t\t<div class=\"elementor-element elementor-element-cd7c574 elementor-widget elementor-widget-heading\" data-id=\"cd7c574\" data-element_type=\"widget\" data-e-type=\"widget\" data-settings=\"{&quot;motion_fx_motion_fx_scrolling&quot;:&quot;yes&quot;,&quot;motion_fx_devices&quot;:[&quot;desktop&quot;,&quot;tablet&quot;,&quot;mobile&quot;]}\" data-widget_type=\"heading.default\">\n\t\t\t\t<div class=\"elementor-widget-container\">\n\t\t\t\t\t<h1 class=\"elementor-heading-title elementor-size-default\">Oder w\u00e4hlen Sie eine f\u00fcr Sie geeignete Stufe :<\/h1>\t\t\t\t<\/div>\n\t\t\t\t<\/div>\n\t\t\t\t\t<\/div>\n\t\t<\/div>\n\t\t\t\t\t<\/div>\n\t\t<\/section>\n\t\t\t\t<\/div>\n\t\t","protected":false},"excerpt":{"rendered":"<p>Das Prinzip des Ausgleichs F\u00fclle kreiren Es unsere Aufgabe, die geistige Vision unserer Schule in der materiellen Welt zu verankern, und zwar durch die Kombination von drei mit den Sch\u00f6pfungsgesetzen \u00fcbereinstimmenden Grunds\u00e4tzen: Der erste Grundsatz: Nur wer gibt, kann auch empfangen &#8211; nach diesem Gesetz der Sch\u00f6pfung kann nur derjenige, der etwas gibt, das Empfangene &#8230; <a title=\"Neuer Mensch. Neue Welt &#8211; Das Prinzip des Ausgleichs\" class=\"read-more\" href=\"https:\/\/almaschool.org\/de\/neuer-mensch-neue-welt-das-prinzip-des-ausgleichs\/\" aria-label=\"Mehr Informationen \u00fcber Neuer Mensch. Neue Welt &#8211; Das Prinzip des Ausgleichs\">Weiterlesen<\/a><\/p>\n","protected":false},"author":3,"featured_media":0,"parent":0,"menu_order":0,"comment_status":"closed","ping_status":"closed","template":"","meta":{"_themeisle_gutenberg_block_has_review":false,"footnotes":""},"class_list":["post-2509","page","type-page","status-publish"],"aioseo_notices":[],"_links":{"self":[{"href":"https:\/\/almaschool.org\/de\/wp-json\/wp\/v2\/pages\/2509","targetHints":{"allow":["GET"]}}],"collection":[{"href":"https:\/\/almaschool.org\/de\/wp-json\/wp\/v2\/pages"}],"about":[{"href":"https:\/\/almaschool.org\/de\/wp-json\/wp\/v2\/types\/page"}],"author":[{"embeddable":true,"href":"https:\/\/almaschool.org\/de\/wp-json\/wp\/v2\/users\/3"}],"replies":[{"embeddable":true,"href":"https:\/\/almaschool.org\/de\/wp-json\/wp\/v2\/comments?post=2509"}],"version-history":[{"count":0,"href":"https:\/\/almaschool.org\/de\/wp-json\/wp\/v2\/pages\/2509\/revisions"}],"wp:attachment":[{"href":"https:\/\/almaschool.org\/de\/wp-json\/wp\/v2\/media?parent=2509"}],"curies":[{"name":"wp","href":"https:\/\/api.w.org\/{rel}","templated":true}]}}