{"id":1530,"date":"2023-05-19T00:39:50","date_gmt":"2023-05-18T21:39:50","guid":{"rendered":"https:\/\/almaschool.org\/ueber-unsere-schule\/"},"modified":"2026-02-20T14:21:03","modified_gmt":"2026-02-20T12:21:03","slug":"ueber-unsere-schule","status":"publish","type":"page","link":"https:\/\/almaschool.org\/de\/ueber-unsere-schule\/","title":{"rendered":"\u00dcber unsere Schule"},"content":{"rendered":"\t\t<div data-elementor-type=\"wp-page\" data-elementor-id=\"1530\" class=\"elementor elementor-1530 elementor-666\" data-elementor-post-type=\"page\">\n\t\t\t\t\t\t<section class=\"elementor-section elementor-top-section elementor-element elementor-element-6270511 elementor-section-height-min-height elementor-section-full_width elementor-section-stretched elementor-section-height-default elementor-section-items-middle\" data-id=\"6270511\" data-element_type=\"section\" data-e-type=\"section\" data-settings=\"{&quot;background_background&quot;:&quot;classic&quot;,&quot;stretch_section&quot;:&quot;section-stretched&quot;}\">\n\t\t\t\t\t\t\t<div class=\"elementor-background-overlay\"><\/div>\n\t\t\t\t\t\t\t<div class=\"elementor-container elementor-column-gap-no\">\n\t\t\t\t\t<div class=\"elementor-column elementor-col-100 elementor-top-column elementor-element elementor-element-690c473\" data-id=\"690c473\" data-element_type=\"column\" data-e-type=\"column\">\n\t\t\t<div class=\"elementor-widget-wrap elementor-element-populated\">\n\t\t\t\t\t\t<section class=\"elementor-section elementor-inner-section elementor-element elementor-element-b450ff7 elementor-section-boxed elementor-section-height-default elementor-section-height-default\" data-id=\"b450ff7\" data-element_type=\"section\" data-e-type=\"section\">\n\t\t\t\t\t\t<div class=\"elementor-container elementor-column-gap-default\">\n\t\t\t\t\t<div class=\"elementor-column elementor-col-100 elementor-inner-column elementor-element elementor-element-daa3600\" data-id=\"daa3600\" data-element_type=\"column\" data-e-type=\"column\">\n\t\t\t<div class=\"elementor-widget-wrap elementor-element-populated\">\n\t\t\t\t\t\t<div class=\"elementor-element elementor-element-aa18a5a elementor-invisible elementor-widget elementor-widget-heading\" data-id=\"aa18a5a\" data-element_type=\"widget\" data-e-type=\"widget\" data-settings=\"{&quot;_animation&quot;:&quot;fadeInUp&quot;}\" data-widget_type=\"heading.default\">\n\t\t\t\t<div class=\"elementor-widget-container\">\n\t\t\t\t\t<h1 class=\"elementor-heading-title elementor-size-xxl\">\u00dcber uns<\/h1>\t\t\t\t<\/div>\n\t\t\t\t<\/div>\n\t\t\t\t\t<\/div>\n\t\t<\/div>\n\t\t\t\t\t<\/div>\n\t\t<\/section>\n\t\t\t\t\t<\/div>\n\t\t<\/div>\n\t\t\t\t\t<\/div>\n\t\t<\/section>\n\t\t<div class=\"elementor-element elementor-element-0d93bfa e-flex e-con-boxed e-con e-parent\" data-id=\"0d93bfa\" data-element_type=\"container\" data-e-type=\"container\">\n\t\t\t\t\t<div class=\"e-con-inner\">\n\t\t<div class=\"elementor-element elementor-element-9d27f9d e-con-full e-flex e-con e-child\" data-id=\"9d27f9d\" data-element_type=\"container\" data-e-type=\"container\">\n\t\t\t\t<div class=\"elementor-element elementor-element-1e67ece elementor-widget__width-initial elementor-invisible elementor-widget elementor-widget-text-editor\" data-id=\"1e67ece\" data-element_type=\"widget\" data-e-type=\"widget\" data-settings=\"{&quot;_animation&quot;:&quot;fadeInUp&quot;}\" data-widget_type=\"text-editor.default\">\n\t\t\t\t<div class=\"elementor-widget-container\">\n\t\t\t\t\t\t\t\t\t<p>Sie, die Sie nach dem h\u00f6heren Sinn des Lebens suchen und sich nicht mit dem blo\u00dfen \u00dcberleben zufriedengeben wollen.<\/p><p>Sie, die Sie die gro\u00dfen Fragen \u00fcber die menschliche Existenz stellen, aber noch keine Antworten gefunden haben.<\/p><p>Sie, die Sie sich nach dem Licht der ewigen Wahrheit sehnen, obwohl alle um Sie herum behaupten, es gebe keine einzige Wahrheit.<\/p><p>Sie, die Sie nach der N\u00e4he zu Gott d\u00fcrsten und bereits erkennen, dass Gott und Religionen zwei v\u00f6llig verschiedene Dinge sind.<\/p><p>Sie, die Sie sich noch nicht an Ihr Versprechen erinnert haben, zu jenen zu geh\u00f6ren, die die Menschheit in die Morgend\u00e4mmerung der Neuen \u00c4ra f\u00fchren werden, und deshalb rastlos durch die Welt wandern, ohne Erf\u00fcllung zu finden.<\/p>\t\t\t\t\t\t\t\t<\/div>\n\t\t\t\t<\/div>\n\t\t\t\t<div class=\"elementor-element elementor-element-4fe3dec elementor-widget__width-initial elementor-invisible elementor-widget elementor-widget-text-editor\" data-id=\"4fe3dec\" data-element_type=\"widget\" data-e-type=\"widget\" data-settings=\"{&quot;_animation&quot;:&quot;fadeInUp&quot;}\" data-widget_type=\"text-editor.default\">\n\t\t\t\t<div class=\"elementor-widget-container\">\n\t\t\t\t\t\t\t\t\t<p><strong>F\u00fcr Sie wurde die \u201eAlma Schule f\u00fcr wahres Menschentum\u201c gegr\u00fcndet, mit dem Ziel, den Geist eines jeden von Ihnen zu erwecken, zu erleuchten, zu erinnern und zu f\u00fchren, hin zur Erf\u00fcllung dieses uralten Versprechens, f\u00fcr das Sie in die Welt inkarniert sind.<\/strong><\/p>\t\t\t\t\t\t\t\t<\/div>\n\t\t\t\t<\/div>\n\t\t\t\t<\/div>\n\t\t\t\t\t<\/div>\n\t\t\t\t<\/div>\n\t\t<div class=\"elementor-element elementor-element-9ebc932 e-flex e-con-boxed e-con e-parent\" data-id=\"9ebc932\" data-element_type=\"container\" data-e-type=\"container\">\n\t\t\t\t\t<div class=\"e-con-inner\">\n\t\t\t\t<div class=\"elementor-element elementor-element-4d7d5b0 elementor-widget elementor-widget-heading\" data-id=\"4d7d5b0\" data-element_type=\"widget\" data-e-type=\"widget\" data-widget_type=\"heading.default\">\n\t\t\t\t<div class=\"elementor-widget-container\">\n\t\t\t\t\t<h2 class=\"elementor-heading-title elementor-size-default\">Der Lehrplan<\/h2>\t\t\t\t<\/div>\n\t\t\t\t<\/div>\n\t\t\t\t<div class=\"elementor-element elementor-element-e15e66b elementor-widget__width-initial elementor-invisible elementor-widget elementor-widget-text-editor\" data-id=\"e15e66b\" data-element_type=\"widget\" data-e-type=\"widget\" data-settings=\"{&quot;_animation&quot;:&quot;fadeInUp&quot;}\" data-widget_type=\"text-editor.default\">\n\t\t\t\t<div class=\"elementor-widget-container\">\n\t\t\t\t\t\t\t\t\t<ul><li><strong>Kostenlose Vortragsreihe \u2013 <\/strong>\u201eEin neuer Mensch. Eine neue Welt\u201c<strong> | <\/strong><a href=\"https:\/\/almaschool.org\/de\/talks-podcasts\/\" target=\"_blank\" rel=\"noopener\"><strong>Klicken Sie hier &gt;&gt;<\/strong><\/a> <\/li><li><strong>Grundkurs \u2013 <\/strong>LASST MEINEN GEIST FREI!<strong> | <\/strong><a href=\"https:\/\/almaschool.org\/de\/lasst-meinen-geist-frei\/\" target=\"_blank\" rel=\"noopener\"><strong>Hier klicken&gt;&gt;<\/strong><\/a><br>LASST MEINEN GEIST FREI!<strong style=\"font-size: inherit;\"> Train-the-Trainer-Programm | <\/strong><a style=\"font-size: inherit;\" href=\"https:\/\/almaschool.org\/train-the-trainer-course\/\"><strong>Hier klicken&gt;&gt;<\/strong><\/a> <\/li><\/ul><ul><li><strong>Vertiefungskurse \u2013<br><\/strong>K\u00f6niginnen-Seminar (Ein Frauenseminar)<strong style=\"font-size: inherit;\"> | <\/strong><a style=\"font-size: inherit;\" href=\"https:\/\/almaschool.org\/de\/koenigin\/\" target=\"_blank\" rel=\"noopener\"><strong>Hier klicken&gt;&gt;<\/strong><\/a><br>Geschichten f\u00fcr die Seele<strong style=\"font-size: inherit;\"> | <\/strong><a style=\"font-size: inherit;\" href=\"https:\/\/almaschool.org\/de\/geschichten-fuer-die-seele\/\" target=\"_blank\" rel=\"noopener\"><strong>Hier klicken&gt;&gt;<\/strong><\/a> <\/li><\/ul><ul><li><strong>Fortgeschrittenenstudium \u2013 <\/strong>Das Programm f\u00fcr Hohes Wissen<strong> | <\/strong><a href=\"https:\/\/almaschool.org\/de\/das-programm-fuer-hohes-wissen\/\" target=\"_blank\" rel=\"noopener\"><strong>Hier klicken&gt;&gt;<\/strong><\/a> <\/li><\/ul>\t\t\t\t\t\t\t\t<\/div>\n\t\t\t\t<\/div>\n\t\t\t\t\t<\/div>\n\t\t\t\t<\/div>\n\t\t<div class=\"elementor-element elementor-element-c87f9ce e-flex e-con-boxed e-con e-parent\" data-id=\"c87f9ce\" data-element_type=\"container\" data-e-type=\"container\" data-settings=\"{&quot;background_background&quot;:&quot;classic&quot;}\">\n\t\t\t\t\t<div class=\"e-con-inner\">\n\t\t\t\t<div class=\"elementor-element elementor-element-b50c96f elementor-widget__width-initial elementor-invisible elementor-widget elementor-widget-heading\" data-id=\"b50c96f\" data-element_type=\"widget\" data-e-type=\"widget\" data-settings=\"{&quot;_animation&quot;:&quot;fadeInUp&quot;}\" data-widget_type=\"heading.default\">\n\t\t\t\t<div class=\"elementor-widget-container\">\n\t\t\t\t\t<h2 class=\"elementor-heading-title elementor-size-default\">Die Schule ist ein Ruf an den menschlichen Geist, seinen einzigartigen Auftrag in der Sch\u00f6pfung zu erkennen und diesen zum Wohle der gesamten Menschheit zu erf\u00fcllen.<\/h2>\t\t\t\t<\/div>\n\t\t\t\t<\/div>\n\t\t\t\t\t<\/div>\n\t\t\t\t<\/div>\n\t\t<div class=\"elementor-element elementor-element-7c86100 e-flex e-con-boxed e-con e-parent\" data-id=\"7c86100\" data-element_type=\"container\" data-e-type=\"container\">\n\t\t\t\t\t<div class=\"e-con-inner\">\n\t\t\t\t<div class=\"elementor-element elementor-element-6cb9058 elementor-invisible elementor-widget elementor-widget-image\" data-id=\"6cb9058\" data-element_type=\"widget\" data-e-type=\"widget\" data-settings=\"{&quot;motion_fx_motion_fx_scrolling&quot;:&quot;yes&quot;,&quot;_animation&quot;:&quot;fadeInUp&quot;,&quot;motion_fx_motion_fx_mouse&quot;:&quot;yes&quot;,&quot;motion_fx_devices&quot;:[&quot;desktop&quot;,&quot;tablet&quot;,&quot;mobile&quot;]}\" data-widget_type=\"image.default\">\n\t\t\t\t<div class=\"elementor-widget-container\">\n\t\t\t\t\t\t\t\t\t\t\t\t\t\t\t<img fetchpriority=\"high\" decoding=\"async\" width=\"300\" height=\"300\" src=\"https:\/\/almaschool.org\/wp-content\/uploads\/2025\/10\/6-300x300.png\" class=\"attachment-medium size-medium wp-image-18125\" alt=\"\" srcset=\"https:\/\/almaschool.org\/wp-content\/uploads\/2025\/10\/6-300x300.png 300w, https:\/\/almaschool.org\/wp-content\/uploads\/2025\/10\/6-1024x1024.png 1024w, https:\/\/almaschool.org\/wp-content\/uploads\/2025\/10\/6-150x150.png 150w, https:\/\/almaschool.org\/wp-content\/uploads\/2025\/10\/6-768x768.png 768w, https:\/\/almaschool.org\/wp-content\/uploads\/2025\/10\/6.png 1080w\" sizes=\"(max-width: 300px) 100vw, 300px\" \/>\t\t\t\t\t\t\t\t\t\t\t\t\t\t\t<\/div>\n\t\t\t\t<\/div>\n\t\t\t\t<div class=\"elementor-element elementor-element-8aa5627 queen_step elementor-widget__width-initial elementor-invisible elementor-widget elementor-widget-heading\" data-id=\"8aa5627\" data-element_type=\"widget\" data-e-type=\"widget\" data-settings=\"{&quot;_animation&quot;:&quot;fadeInUp&quot;}\" data-widget_type=\"heading.default\">\n\t\t\t\t<div class=\"elementor-widget-container\">\n\t\t\t\t\t<h1 class=\"elementor-heading-title elementor-size-default\">Die Gr\u00fcnderin der Schule\n<\/h1>\t\t\t\t<\/div>\n\t\t\t\t<\/div>\n\t\t\t\t<div class=\"elementor-element elementor-element-2b2b2af elementor-widget__width-initial queen_step elementor-invisible elementor-widget elementor-widget-heading\" data-id=\"2b2b2af\" data-element_type=\"widget\" data-e-type=\"widget\" data-settings=\"{&quot;_animation&quot;:&quot;fadeInUp&quot;}\" data-widget_type=\"heading.default\">\n\t\t\t\t<div class=\"elementor-widget-container\">\n\t\t\t\t\t<h1 class=\"elementor-heading-title elementor-size-default\">Hagit Rabbi<\/h1>\t\t\t\t<\/div>\n\t\t\t\t<\/div>\n\t\t\t\t<div class=\"elementor-element elementor-element-7ec2c71 elementor-widget__width-initial elementor-invisible elementor-widget elementor-widget-text-editor\" data-id=\"7ec2c71\" data-element_type=\"widget\" data-e-type=\"widget\" data-settings=\"{&quot;_animation&quot;:&quot;fadeInUp&quot;}\" data-widget_type=\"text-editor.default\">\n\t\t\t\t<div class=\"elementor-widget-container\">\n\t\t\t\t\t\t\t\t\t<p><span style=\"white-space: pre-wrap;\"><b>Empf\u00e4ngt ein Mensch den Ruf aus dem Licht, verliert alles, was ihm pers\u00f6nlich wichtig ist, an Bedeutung. Er versteht unmittelbar, dass alles, was in seinem Leben vor dem Ruf zum Dienst geschehen ist, nur die Vorbereitung auf die Zeit seiner Erf\u00fcllung war. Die Erf\u00fcllung des alten, l\u00e4ngst vergessenen Versprechens seines Geistes, dem Licht zu dienen.  <\/b><\/span><\/p><p>Mein ganzes Leben lang habe ich nach der Wahrheit gesucht.<br>Von fr\u00fchester Jugend an suchte ich an verschiedenen Orten nach Antworten auf die gro\u00dfen Fragen der menschlichen Existenz.<\/p><p>Ich begann mit einer akademischen Laufbahn an den Fakult\u00e4ten f\u00fcr Philosophie und Talmud an der Hebr\u00e4ischen Universit\u00e4t. Danach studierte ich Kabbala und chassidisches Judentum direkt bei einem orthodoxen Rabbiner. Unabh\u00e4ngig davon erforschte ich \u00f6stliche Philosophie, verschiedene Religionen, Psychologie, Kommunikationsmethoden, alternative Erziehung, Literatur, Poesie, Musik, Ern\u00e4hrung, ganzheitliche Medizin und k\u00f6rperliches Wohlbefinden.  <\/p><p>Ich suchte und suchte und dennoch stand ich mit leeren H\u00e4nden da.<\/p><p>Ich habe die Wahrheit nicht gefunden. Ich habe Gott nicht gefunden. Die Welt, die immer trauriger, k\u00e4lter und fremder f\u00fcr mich zu werden schien, empfand ich als sinnentleert.  <\/p><p>Zu dieser Zeit hatte ich scheinbar alles, was sich eine Frau w\u00fcnschen kann, aber mein Geist litt uns\u00e4glich.<\/p><p>Das Jahr 2000 war ein Wendepunkt in meinem Leben.<\/p><p>W\u00e4hrend eines Aufenthalts in S\u00fcdamerika fiel mir ein geheimnisvolles Buch in die H\u00e4nde. Es zog mich wie von selbst an, denn die Vorsehung des Lichtes f\u00fcr meinen Geist f\u00fchrte mich einfach zu ihm. Dieses Buch offenbarte das vollst\u00e4ndige und Hohe Wissen \u00fcber alles, was zwischen dem Menschen und dem Sch\u00f6pfer existiert und lie\u00df mir keine brennende Frage unbeantwortet.  <\/p><p>W\u00e4hrend sieben Jahren des Exils, einer Zeit der Entdeckung und Offenbarung in meiner eigenen sprichw\u00f6rtlichen &#8222;W\u00fcste&#8220; in S\u00fcd-Chile stieg mein Bewusstsein von einer Ebene der Erkenntnis zur Ebene des Erlebens und schlie\u00dflich zur Ebene der v\u00f6lligen \u00dcberzeugung von der Vollkommenheit der Sch\u00f6pfung und der g\u00f6ttlichen Liebe des Sch\u00f6pfers auf.<\/p><p>Dann erinnerte ich mich auch an das Gel\u00f6bnis meines Geistes, mein Leben in den Dienst Gottes zu stellen.<\/p><p>Mein Auftrag in der Sch\u00f6pfung ist es, durch die Gr\u00fcndung einer Schule eine Br\u00fccke zu bilden f\u00fcr das hehre Wissen, das dieses Buch enth\u00e4lt.<\/p><p>Im Jahr 2007 wurde die erste Alma Inspira-Schule in Buenos Aires gegr\u00fcndet. Sp\u00e4ter wurden die Programme der Schule auch an anderen Orten in S\u00fcdamerika angeboten. <\/p><p>Die Covid-Pandemie l\u00e4utete eine neue \u00c4ra ein, und so kehrte ich 2021 an meinen Geburtsort zur\u00fcck, um die Alma Inspira Schule in Israel zu gr\u00fcnden.<\/p><p>Im Jahr 2023 \u00f6ffnete sich die Alma Schule f\u00fcr wahres Menschentum f\u00fcr die Welt und f\u00fcr alle Menschen, gleich wer sie sind und wo sie leben.<\/p><p>Eine Br\u00fccke hat jedoch nur eine Aufgabe: einen sicheren \u00dcbergang<br><span style=\"background-color: var(--base-3);\">von einem Ort zum anderen zu erm\u00f6glichen.<br><\/span><\/p><p><b><span style=\"white-space-collapse: preserve;\"><br>Meine Mission ist in dem Moment erf\u00fcllt, in dem der menschliche Geist in der Lage ist, die Br\u00fccke zu \u00fcberqueren, um das ultimative Wissen zu erreichen, das der Menschheit von den von Gott Auserw\u00e4hlten gebracht wurde, und von dort aus zu den Lichten H\u00f6hen aufzusteigen.<\/span><br><\/b><\/p><p>Wenn in dieser f\u00fcr die Menschheit entscheidenden Zeit immer mehr Menschen den Ruf h\u00f6ren, sich an ihr Gel\u00f6bnis erinnern und ihr Bestes geben, ihren Auftrag zu erf\u00fcllen, dann werden wir gemeinsam in der Lage sein, zu jenem Ort aufzusteigen, den das Licht f\u00fcr uns alle vorgesehen hat.<\/p>\t\t\t\t\t\t\t\t<\/div>\n\t\t\t\t<\/div>\n\t\t\t\t\t<\/div>\n\t\t\t\t<\/div>\n\t\t<div class=\"elementor-element elementor-element-d238e0c e-flex e-con-boxed e-con e-parent\" data-id=\"d238e0c\" data-element_type=\"container\" data-e-type=\"container\" data-settings=\"{&quot;background_background&quot;:&quot;classic&quot;}\">\n\t\t\t\t\t<div class=\"e-con-inner\">\n\t\t<div class=\"elementor-element elementor-element-39f18b1 e-con-full e-flex e-con e-child\" data-id=\"39f18b1\" data-element_type=\"container\" data-e-type=\"container\" data-settings=\"{&quot;background_background&quot;:&quot;classic&quot;}\">\n\t\t\t\t<div class=\"elementor-element elementor-element-61aeb2f elementor-widget__width-initial queen_step elementor-invisible elementor-widget elementor-widget-heading\" data-id=\"61aeb2f\" data-element_type=\"widget\" data-e-type=\"widget\" data-settings=\"{&quot;_animation&quot;:&quot;fadeInUp&quot;}\" data-widget_type=\"heading.default\">\n\t\t\t\t<div class=\"elementor-widget-container\">\n\t\t\t\t\t<h2 class=\"elementor-heading-title elementor-size-default\">Antworten auf Ihre Fragen<\/h2>\t\t\t\t<\/div>\n\t\t\t\t<\/div>\n\t\t\t\t<\/div>\n\t\t\t\t<div class=\"elementor-element elementor-element-22285d4 elementor-widget__width-initial elementor-invisible elementor-widget elementor-widget-text-editor\" data-id=\"22285d4\" data-element_type=\"widget\" data-e-type=\"widget\" data-settings=\"{&quot;_animation&quot;:&quot;fadeInUp&quot;}\" data-widget_type=\"text-editor.default\">\n\t\t\t\t<div class=\"elementor-widget-container\">\n\t\t\t\t\t\t\t\t\t<ul><li>Gibt es eine Wahrheit?<\/li><li>Wie kann man zwischen der Wahrheit und Halbwahrheiten oder Verzerrungen der Wahrheit unterscheiden?<\/li><li>Was bedeutet es, ein spiritueller Mensch zu sein?<\/li><li>Was ist der Unterschied zwischen Spiritualit\u00e4t und Religion?<\/li><li>Ist es m\u00f6glich, von Depression und Angst geheilt zu werden?<\/li><li>Was sind die Gesetze der Sch\u00f6pfung?<\/li><li>Was ist Karma und wie manifestiert es sich in unserem t\u00e4glichen Leben?<\/li><li>Warum l\u00e4sst Gott so viel B\u00f6ses und Leid in der Welt zu?<\/li><li>Gibt es ein Leben nach dem Tod?<\/li><li>Wer sind die 144.000 Berufenen und was ist ihre Mission in dieser Zeit?<\/li><\/ul>\t\t\t\t\t\t\t\t<\/div>\n\t\t\t\t<\/div>\n\t\t\t\t<div class=\"elementor-element elementor-element-bcb8e8a elementor-widget__width-initial elementor-invisible elementor-widget elementor-widget-text-editor\" data-id=\"bcb8e8a\" data-element_type=\"widget\" data-e-type=\"widget\" data-settings=\"{&quot;_animation&quot;:&quot;fadeInUp&quot;}\" data-widget_type=\"text-editor.default\">\n\t\t\t\t<div class=\"elementor-widget-container\">\n\t\t\t\t\t\t\t\t\t<p style=\"text-align: center;\"><strong>Sie k\u00f6nnen Antworten auf diese und viele weitere Fragen finden.<br><\/strong><strong>Wir laden Sie ein zu lesen und zu teilen:<\/strong><\/p>\t\t\t\t\t\t\t\t<\/div>\n\t\t\t\t<\/div>\n\t\t\t\t<div class=\"elementor-element elementor-element-e5f2c86 elementor-align-center elementor-widget elementor-widget-button\" data-id=\"e5f2c86\" data-element_type=\"widget\" data-e-type=\"widget\" data-widget_type=\"button.default\">\n\t\t\t\t<div class=\"elementor-widget-container\">\n\t\t\t\t\t\t\t\t\t<div class=\"elementor-button-wrapper\">\n\t\t\t\t\t<a class=\"elementor-button elementor-button-link elementor-size-sm\" href=\"https:\/\/almaschool.org\/qa\/\" target=\"_blank\">\n\t\t\t\t\t\t<span class=\"elementor-button-content-wrapper\">\n\t\t\t\t\t\t\t\t\t<span class=\"elementor-button-text\">Hier erkunden<\/span>\n\t\t\t\t\t<\/span>\n\t\t\t\t\t<\/a>\n\t\t\t\t<\/div>\n\t\t\t\t\t\t\t\t<\/div>\n\t\t\t\t<\/div>\n\t\t\t\t\t<\/div>\n\t\t\t\t<\/div>\n\t\t\t\t<\/div>\n\t\t","protected":false},"excerpt":{"rendered":"<p>\u00dcber uns Sie, die Sie nach dem h\u00f6heren Sinn des Lebens suchen und sich nicht mit dem blo\u00dfen \u00dcberleben zufriedengeben wollen. Sie, die Sie die gro\u00dfen Fragen \u00fcber die menschliche Existenz stellen, aber noch keine Antworten gefunden haben. Sie, die Sie sich nach dem Licht der ewigen Wahrheit sehnen, obwohl alle um Sie herum behaupten, &#8230; <a title=\"\u00dcber unsere Schule\" class=\"read-more\" href=\"https:\/\/almaschool.org\/de\/ueber-unsere-schule\/\" aria-label=\"Mehr Informationen \u00fcber \u00dcber unsere Schule\">Weiterlesen<\/a><\/p>\n","protected":false},"author":8,"featured_media":0,"parent":0,"menu_order":0,"comment_status":"closed","ping_status":"closed","template":"","meta":{"_themeisle_gutenberg_block_has_review":false,"footnotes":""},"class_list":["post-1530","page","type-page","status-publish"],"aioseo_notices":[],"_links":{"self":[{"href":"https:\/\/almaschool.org\/de\/wp-json\/wp\/v2\/pages\/1530","targetHints":{"allow":["GET"]}}],"collection":[{"href":"https:\/\/almaschool.org\/de\/wp-json\/wp\/v2\/pages"}],"about":[{"href":"https:\/\/almaschool.org\/de\/wp-json\/wp\/v2\/types\/page"}],"author":[{"embeddable":true,"href":"https:\/\/almaschool.org\/de\/wp-json\/wp\/v2\/users\/8"}],"replies":[{"embeddable":true,"href":"https:\/\/almaschool.org\/de\/wp-json\/wp\/v2\/comments?post=1530"}],"version-history":[{"count":4,"href":"https:\/\/almaschool.org\/de\/wp-json\/wp\/v2\/pages\/1530\/revisions"}],"predecessor-version":[{"id":29085,"href":"https:\/\/almaschool.org\/de\/wp-json\/wp\/v2\/pages\/1530\/revisions\/29085"}],"wp:attachment":[{"href":"https:\/\/almaschool.org\/de\/wp-json\/wp\/v2\/media?parent=1530"}],"curies":[{"name":"wp","href":"https:\/\/api.w.org\/{rel}","templated":true}]}}