{"id":1518,"date":"2023-05-18T22:10:30","date_gmt":"2023-05-18T19:10:30","guid":{"rendered":"https:\/\/almaschool.org\/geschichten-fuer-die-seele\/"},"modified":"2026-03-15T17:34:47","modified_gmt":"2026-03-15T15:34:47","slug":"geschichten-fuer-die-seele","status":"publish","type":"page","link":"https:\/\/almaschool.org\/de\/geschichten-fuer-die-seele\/","title":{"rendered":"Geschichten f\u00fcr die Seele"},"content":{"rendered":"\t\t<div data-elementor-type=\"wp-page\" data-elementor-id=\"1518\" class=\"elementor elementor-1518 elementor-653\" data-elementor-post-type=\"page\">\n\t\t\t\t<div class=\"elementor-element elementor-element-4995368 e-con-full queen_bg e-flex e-con e-parent\" data-id=\"4995368\" data-element_type=\"container\" data-e-type=\"container\" data-settings=\"{&quot;background_background&quot;:&quot;classic&quot;}\">\n\t\t<div class=\"elementor-element elementor-element-ac19218 e-con-full e-flex e-con e-child\" data-id=\"ac19218\" data-element_type=\"container\" data-e-type=\"container\" data-settings=\"{&quot;background_background&quot;:&quot;classic&quot;}\">\n\t\t<div class=\"elementor-element elementor-element-e570d53 e-con-full e-flex e-con e-child\" data-id=\"e570d53\" data-element_type=\"container\" data-e-type=\"container\">\n\t\t<div class=\"elementor-element elementor-element-f1be078 e-con-full e-flex e-con e-child\" data-id=\"f1be078\" data-element_type=\"container\" data-e-type=\"container\">\n\t\t\t\t<div class=\"elementor-element elementor-element-1f43c7e elementor-hidden-desktop elementor-hidden-tablet elementor-widget elementor-widget-image\" data-id=\"1f43c7e\" data-element_type=\"widget\" data-e-type=\"widget\" data-widget_type=\"image.default\">\n\t\t\t\t<div class=\"elementor-widget-container\">\n\t\t\t\t\t\t\t\t\t\t\t\t\t\t\t<img decoding=\"async\" src=\"https:\/\/almaschool.org\/wp-content\/uploads\/elementor\/thumbs\/yifatp_An_open_ancient_book_lies_at_the_center_of_the_image_g_74a2fedf-5dc0-44e4-aeb0-1788e3edb3a4_1-1-rdavbmbatl5hzqvd5ogz4rl14u2z0q482urae10wu0.jpg\" title=\"yifatp_An_open_ancient_book_lies_at_the_center_of_the_image_g_74a2fedf-5dc0-44e4-aeb0-1788e3edb3a4_1 (1)\" alt=\"yifatp_An_open_ancient_book_lies_at_the_center_of_the_image_g_74a2fedf-5dc0-44e4-aeb0-1788e3edb3a4_1 (1)\" loading=\"lazy\" \/>\t\t\t\t\t\t\t\t\t\t\t\t\t\t\t<\/div>\n\t\t\t\t<\/div>\n\t\t\t\t<div class=\"elementor-element elementor-element-617f829 queen_step elementor-widget__width-initial elementor-invisible elementor-widget elementor-widget-heading\" data-id=\"617f829\" data-element_type=\"widget\" data-e-type=\"widget\" data-settings=\"{&quot;_animation&quot;:&quot;fadeInUp&quot;}\" data-widget_type=\"heading.default\">\n\t\t\t\t<div class=\"elementor-widget-container\">\n\t\t\t\t\t<h5 class=\"elementor-heading-title elementor-size-default\"><h5 class=\"elementor-heading-title elementor-size-default elementor-inline-editing pen\" data-elementor-setting-key=\"title\" data-pen-placeholder=\"Type Here...\" style=\"font-family: Montserrat, sans-serif;font-style: normal\">Vertiefungskurse\n<\/h5><div><br><\/div><\/h5>\t\t\t\t<\/div>\n\t\t\t\t<\/div>\n\t\t\t\t<div class=\"elementor-element elementor-element-f211309 elementor-invisible elementor-widget elementor-widget-heading\" data-id=\"f211309\" data-element_type=\"widget\" data-e-type=\"widget\" data-settings=\"{&quot;_animation&quot;:&quot;fadeInUp&quot;}\" data-widget_type=\"heading.default\">\n\t\t\t\t<div class=\"elementor-widget-container\">\n\t\t\t\t\t<h1 class=\"elementor-heading-title elementor-size-default\">Geschichten f\u00fcr\ndie Seele<\/h1>\t\t\t\t<\/div>\n\t\t\t\t<\/div>\n\t\t\t\t<div class=\"elementor-element elementor-element-6a60a89 elementor-invisible elementor-widget elementor-widget-heading\" data-id=\"6a60a89\" data-element_type=\"widget\" data-e-type=\"widget\" data-settings=\"{&quot;_animation&quot;:&quot;fadeInUp&quot;}\" data-widget_type=\"heading.default\">\n\t\t\t\t<div class=\"elementor-widget-container\">\n\t\t\t\t\t<h1 class=\"elementor-heading-title elementor-size-default\">Alte Weisheiten f\u00fcr die moderne \u00c4ra<\/h1>\t\t\t\t<\/div>\n\t\t\t\t<\/div>\n\t\t\t\t<\/div>\n\t\t\t\t<\/div>\n\t\t\t\t<\/div>\n\t\t<div class=\"elementor-element elementor-element-96e59e4 bg_top_flower elementor-hidden-mobile e-con-full e-flex e-con e-child\" data-id=\"96e59e4\" data-element_type=\"container\" data-e-type=\"container\">\n\t\t\t\t<div class=\"elementor-element elementor-element-7f36d52 elementor-hidden-mobile elementor-widget elementor-widget-image\" data-id=\"7f36d52\" data-element_type=\"widget\" data-e-type=\"widget\" data-settings=\"{&quot;motion_fx_motion_fx_scrolling&quot;:&quot;yes&quot;,&quot;motion_fx_devices&quot;:[&quot;desktop&quot;,&quot;tablet&quot;,&quot;mobile&quot;]}\" data-widget_type=\"image.default\">\n\t\t\t\t<div class=\"elementor-widget-container\">\n\t\t\t\t\t\t\t\t\t\t\t\t\t\t\t<img fetchpriority=\"high\" decoding=\"async\" width=\"1456\" height=\"816\" src=\"https:\/\/almaschool.org\/wp-content\/uploads\/2025\/10\/yifatp_An_open_ancient_book_lies_at_the_center_of_the_image_g_74a2fedf-5dc0-44e4-aeb0-1788e3edb3a4_1-1.jpg\" class=\"attachment-2048x2048 size-2048x2048 wp-image-17176\" alt=\"\" srcset=\"https:\/\/almaschool.org\/wp-content\/uploads\/2025\/10\/yifatp_An_open_ancient_book_lies_at_the_center_of_the_image_g_74a2fedf-5dc0-44e4-aeb0-1788e3edb3a4_1-1.jpg 1456w, https:\/\/almaschool.org\/wp-content\/uploads\/2025\/10\/yifatp_An_open_ancient_book_lies_at_the_center_of_the_image_g_74a2fedf-5dc0-44e4-aeb0-1788e3edb3a4_1-1-300x168.jpg 300w, https:\/\/almaschool.org\/wp-content\/uploads\/2025\/10\/yifatp_An_open_ancient_book_lies_at_the_center_of_the_image_g_74a2fedf-5dc0-44e4-aeb0-1788e3edb3a4_1-1-1024x574.jpg 1024w, https:\/\/almaschool.org\/wp-content\/uploads\/2025\/10\/yifatp_An_open_ancient_book_lies_at_the_center_of_the_image_g_74a2fedf-5dc0-44e4-aeb0-1788e3edb3a4_1-1-768x430.jpg 768w\" sizes=\"(max-width: 1456px) 100vw, 1456px\" \/>\t\t\t\t\t\t\t\t\t\t\t\t\t\t\t<\/div>\n\t\t\t\t<\/div>\n\t\t\t\t<\/div>\n\t\t\t\t<\/div>\n\t\t<div class=\"elementor-element elementor-element-5c55d78 e-flex e-con-boxed e-con e-parent\" data-id=\"5c55d78\" data-element_type=\"container\" data-e-type=\"container\">\n\t\t\t\t\t<div class=\"e-con-inner\">\n\t\t<div class=\"elementor-element elementor-element-92bfe36 e-con-full e-flex e-con e-child\" data-id=\"92bfe36\" data-element_type=\"container\" data-e-type=\"container\">\n\t\t\t\t<div class=\"elementor-element elementor-element-2db043e elementor-invisible elementor-widget elementor-widget-heading\" data-id=\"2db043e\" data-element_type=\"widget\" data-e-type=\"widget\" data-settings=\"{&quot;_animation&quot;:&quot;fadeInUp&quot;}\" data-widget_type=\"heading.default\">\n\t\t\t\t<div class=\"elementor-widget-container\">\n\t\t\t\t\t<h1 class=\"elementor-heading-title elementor-size-medium\">\u201cEs war einmal\u2026\u201d\n<br><span style=\"background-color: var(--base-3)\">Seit Anbeginn der Zeit haben Geschichten die Macht besessen, die menschliche Seele zu ber\u00fchren.<\/span><\/h1>\t\t\t\t<\/div>\n\t\t\t\t<\/div>\n\t\t\t\t<div class=\"elementor-element elementor-element-434b6f9 elementor-invisible elementor-widget elementor-widget-text-editor\" data-id=\"434b6f9\" data-element_type=\"widget\" data-e-type=\"widget\" data-settings=\"{&quot;_animation&quot;:&quot;fadeInUp&quot;}\" data-widget_type=\"text-editor.default\">\n\t\t\t\t<div class=\"elementor-widget-container\">\n\t\t\t\t\t\t\t\t\t<p><span style=\"background-color: var(--base-3);\">Mit anderen Worten: Geschichten k\u00f6nnen Blockaden in der inneren Welt des Menschen l\u00f6sen und ihn aus seinem geistigen Schlummer erwecken, in dem er vielleicht die meiste Zeit seines Lebens verbringt.<\/span><\/p><p>Geschichten f\u00fcr die Seele ist eine Einladung, die Antworten des Verstandes auf die Konflikte und Herausforderungen des t\u00e4glichen Lebens beiseite zu legen und sich stattdessen f\u00fcr eine einfachere, aber tiefere Lebensweise zu \u00f6ffnen, die in einer l\u00e4ngst vergessenen alten Weisheit wurzelt.<\/p><p>Das Modul besteht aus acht Geschichten, die auf hebr\u00e4ischen Volkserz\u00e4hlungen aus alten Zeiten basieren und als Einladung dienen, eine wunderbare Welt zu erleben, in der Feen, K\u00f6nige, Diener, Wahrsager und sogar eine Prostituierte transformative Lektionen \u00fcber den wahren Sinn des Lebens vermitteln.<\/p>\t\t\t\t\t\t\t\t<\/div>\n\t\t\t\t<\/div>\n\t\t\t\t<div class=\"elementor-element elementor-element-daa9c17 elementor-invisible elementor-widget elementor-widget-heading\" data-id=\"daa9c17\" data-element_type=\"widget\" data-e-type=\"widget\" data-settings=\"{&quot;_animation&quot;:&quot;fadeInUp&quot;}\" data-widget_type=\"heading.default\">\n\t\t\t\t<div class=\"elementor-widget-container\">\n\t\t\t\t\t<h1 class=\"elementor-heading-title elementor-size-medium\">Das Modul Geschichten f\u00fcr die Seele befasst sich mit folgenden Themen:<\/h1>\t\t\t\t<\/div>\n\t\t\t\t<\/div>\n\t\t\t\t<div class=\"elementor-element elementor-element-ab2aedd elementor-widget__width-inherit elementor-icon-list--layout-traditional elementor-list-item-link-full_width elementor-widget elementor-widget-icon-list\" data-id=\"ab2aedd\" data-element_type=\"widget\" data-e-type=\"widget\" data-settings=\"{&quot;_animation&quot;:&quot;none&quot;}\" data-widget_type=\"icon-list.default\">\n\t\t\t\t<div class=\"elementor-widget-container\">\n\t\t\t\t\t\t\t<ul class=\"elementor-icon-list-items\">\n\t\t\t\t\t\t\t<li class=\"elementor-icon-list-item\">\n\t\t\t\t\t\t\t\t\t\t\t<span class=\"elementor-icon-list-icon\">\n\t\t\t\t\t\t\t<i aria-hidden=\"true\" class=\"fas fa-circle\"><\/i>\t\t\t\t\t\t<\/span>\n\t\t\t\t\t\t\t\t\t\t<span class=\"elementor-icon-list-text\"><b>Freiheit und Willenskraft:<\/b> Wir alle w\u00fcnschen uns frei zu sein um tun zu k\u00f6nnen, was wir wollen. Aber was bedeutet es, wirklich innerlich frei zu sein und dem eigenen Wollen zu folgen?<\/span>\n\t\t\t\t\t\t\t\t\t<\/li>\n\t\t\t\t\t\t\t\t<li class=\"elementor-icon-list-item\">\n\t\t\t\t\t\t\t\t\t\t\t<span class=\"elementor-icon-list-icon\">\n\t\t\t\t\t\t\t<i aria-hidden=\"true\" class=\"fas fa-circle\"><\/i>\t\t\t\t\t\t<\/span>\n\t\t\t\t\t\t\t\t\t\t<span class=\"elementor-icon-list-text\"><b>Liebe:<\/b> \"Ich liebe dich!\" oder - vielleicht liebe ich auch nur mich selbst? Die Bedeutung wahrer Liebe.<\/span>\n\t\t\t\t\t\t\t\t\t<\/li>\n\t\t\t\t\t\t\t\t<li class=\"elementor-icon-list-item\">\n\t\t\t\t\t\t\t\t\t\t\t<span class=\"elementor-icon-list-icon\">\n\t\t\t\t\t\t\t<i aria-hidden=\"true\" class=\"fas fa-circle\"><\/i>\t\t\t\t\t\t<\/span>\n\t\t\t\t\t\t\t\t\t\t<span class=\"elementor-icon-list-text\"><b>Der Tod:<\/b> Ist er wirklich das gef\u00fcrchtete Ende des Lebens oder nur eine Fortsetzung des Daseins in einer anderen Form?<\/span>\n\t\t\t\t\t\t\t\t\t<\/li>\n\t\t\t\t\t\t\t\t<li class=\"elementor-icon-list-item\">\n\t\t\t\t\t\t\t\t\t\t\t<span class=\"elementor-icon-list-icon\">\n\t\t\t\t\t\t\t<i aria-hidden=\"true\" class=\"fas fa-circle\"><\/i>\t\t\t\t\t\t<\/span>\n\t\t\t\t\t\t\t\t\t\t<span class=\"elementor-icon-list-text\"><b>Die Ehe:<\/b> Warum wird die Institution der Ehe in der Moderne auf Familiengr\u00fcndung und Erlangung finanzieller Sicherheit reduziert und warum hat sie nichts mehr mit einem geistigen Bund zu tun?<\/span>\n\t\t\t\t\t\t\t\t\t<\/li>\n\t\t\t\t\t\t\t\t<li class=\"elementor-icon-list-item\">\n\t\t\t\t\t\t\t\t\t\t\t<span class=\"elementor-icon-list-icon\">\n\t\t\t\t\t\t\t<i aria-hidden=\"true\" class=\"fas fa-circle\"><\/i>\t\t\t\t\t\t<\/span>\n\t\t\t\t\t\t\t\t\t\t<span class=\"elementor-icon-list-text\"><b>Wer bin ich?<\/b> Wer definiert mich, die Gesellschaft oder mein authentisches Selbst?<\/span>\n\t\t\t\t\t\t\t\t\t<\/li>\n\t\t\t\t\t\t\t\t<li class=\"elementor-icon-list-item\">\n\t\t\t\t\t\t\t\t\t\t\t<span class=\"elementor-icon-list-icon\">\n\t\t\t\t\t\t\t<i aria-hidden=\"true\" class=\"fas fa-circle\"><\/i>\t\t\t\t\t\t<\/span>\n\t\t\t\t\t\t\t\t\t\t<span class=\"elementor-icon-list-text\"><b>Geistiges Wachstum:<\/b> Was ist wahre geistige Regsamkeit nach den Sch\u00f6pfungsgesetzen?<\/span>\n\t\t\t\t\t\t\t\t\t<\/li>\n\t\t\t\t\t\t\t\t<li class=\"elementor-icon-list-item\">\n\t\t\t\t\t\t\t\t\t\t\t<span class=\"elementor-icon-list-icon\">\n\t\t\t\t\t\t\t<i aria-hidden=\"true\" class=\"fas fa-circle\"><\/i>\t\t\t\t\t\t<\/span>\n\t\t\t\t\t\t\t\t\t\t<span class=\"elementor-icon-list-text\"><b>S\u00fcnde und Reue:<\/b> Sind dies rein religi\u00f6se oder eher geistige Konzepte, die sich auf die innersten Erfahrungen eines jeden Menschen beziehen?<\/span>\n\t\t\t\t\t\t\t\t\t<\/li>\n\t\t\t\t\t\t\t\t<li class=\"elementor-icon-list-item\">\n\t\t\t\t\t\t\t\t\t\t\t<span class=\"elementor-icon-list-icon\">\n\t\t\t\t\t\t\t<i aria-hidden=\"true\" class=\"fas fa-circle\"><\/i>\t\t\t\t\t\t<\/span>\n\t\t\t\t\t\t\t\t\t\t<span class=\"elementor-icon-list-text\"><b>Vertrauen in Gott:<\/b> Wenn die Not am gr\u00f6\u00dften ist, ist Gottes Hilfe euch am n\u00e4chsten.<\/span>\n\t\t\t\t\t\t\t\t\t<\/li>\n\t\t\t\t\t\t\t\t<li class=\"elementor-icon-list-item\">\n\t\t\t\t\t\t\t\t\t\t\t<span class=\"elementor-icon-list-icon\">\n\t\t\t\t\t\t\t<i aria-hidden=\"true\" class=\"fas fa-circle\"><\/i>\t\t\t\t\t\t<\/span>\n\t\t\t\t\t\t\t\t\t\t<span class=\"elementor-icon-list-text\"><b>Alles ist vorherbestimmt, aber es gibt die freie Wahl:<\/b> Ist unser Schicksal vorherbestimmt? Haben wir wirklich die Freiheit zu w\u00e4hlen? Ist es m\u00f6glich, das eigene Schicksal zu \u00e4ndern?  <\/span>\n\t\t\t\t\t\t\t\t\t<\/li>\n\t\t\t\t\t\t<\/ul>\n\t\t\t\t\t\t<\/div>\n\t\t\t\t<\/div>\n\t\t\t\t<div class=\"elementor-element elementor-element-cc93050 elementor-widget elementor-widget-spacer\" data-id=\"cc93050\" data-element_type=\"widget\" data-e-type=\"widget\" data-widget_type=\"spacer.default\">\n\t\t\t\t<div class=\"elementor-widget-container\">\n\t\t\t\t\t\t\t<div class=\"elementor-spacer\">\n\t\t\t<div class=\"elementor-spacer-inner\"><\/div>\n\t\t<\/div>\n\t\t\t\t\t\t<\/div>\n\t\t\t\t<\/div>\n\t\t\t\t<div class=\"elementor-element elementor-element-0233fb0 elementor-invisible elementor-widget elementor-widget-heading\" data-id=\"0233fb0\" data-element_type=\"widget\" data-e-type=\"widget\" data-settings=\"{&quot;_animation&quot;:&quot;fadeInUp&quot;}\" data-widget_type=\"heading.default\">\n\t\t\t\t<div class=\"elementor-widget-container\">\n\t\t\t\t\t<h1 class=\"elementor-heading-title elementor-size-default\">\"Geschichten f\u00fcr die Seele\" ist die dritte Stufe im Lehrplan der Alma Schule f\u00fcr wahres Menschentum, deren Ziel es ist, die F\u00e4higkeit des Geistes, h\u00f6heres Wissen vollst\u00e4ndig zu erfassen, zu erweitern und zu vertiefen. Es baut auf dem Wissen auf, das in \u201eLASST MEINEN GEIST FREI!\" und dem \u201eK\u00f6niginnen\"-Seminar gewonnen wurde. <\/h1>\t\t\t\t<\/div>\n\t\t\t\t<\/div>\n\t\t\t\t<div class=\"elementor-element elementor-element-6794759 elementor-widget elementor-widget-spacer\" data-id=\"6794759\" data-element_type=\"widget\" data-e-type=\"widget\" data-widget_type=\"spacer.default\">\n\t\t\t\t<div class=\"elementor-widget-container\">\n\t\t\t\t\t\t\t<div class=\"elementor-spacer\">\n\t\t\t<div class=\"elementor-spacer-inner\"><\/div>\n\t\t<\/div>\n\t\t\t\t\t\t<\/div>\n\t\t\t\t<\/div>\n\t\t\t\t<div class=\"elementor-element elementor-element-ee19e94 elementor-invisible elementor-widget elementor-widget-text-editor\" data-id=\"ee19e94\" data-element_type=\"widget\" data-e-type=\"widget\" data-settings=\"{&quot;_animation&quot;:&quot;fadeInUp&quot;}\" data-widget_type=\"text-editor.default\">\n\t\t\t\t<div class=\"elementor-widget-container\">\n\t\t\t\t\t\t\t\t\t<p style=\"text-align: center;\">Dieser Kurs ist zur Zeit nur auf Hebr\u00e4isch verf\u00fcgbar:<\/p><p style=\"text-align: center;\"><span style=\"color: #73a8c4;\"><a style=\"color: #73a8c4;\" href=\"https:\/\/almainspira.com\/product\/stories-for-the-soul\/\" data-type=\"link\" data-id=\"https:\/\/almainspira.com\/product\/stories-for-the-soul\/\">Klicken Sie hier um sich f\u00fcr den hebr\u00e4ischen Kurs zu registrieren<\/a><\/span><\/p>\t\t\t\t\t\t\t\t<\/div>\n\t\t\t\t<\/div>\n\t\t\t\t<\/div>\n\t\t\t\t\t<\/div>\n\t\t\t\t<\/div>\n\t\t\t\t<\/div>\n\t\t","protected":false},"excerpt":{"rendered":"<p>Vertiefungskurse Geschichten f\u00fcr die Seele Alte Weisheiten f\u00fcr die moderne \u00c4ra \u201cEs war einmal\u2026\u201d Seit Anbeginn der Zeit haben Geschichten die Macht besessen, die menschliche Seele zu ber\u00fchren. Mit anderen Worten: Geschichten k\u00f6nnen Blockaden in der inneren Welt des Menschen l\u00f6sen und ihn aus seinem geistigen Schlummer erwecken, in dem er vielleicht die meiste Zeit &#8230; <a title=\"Geschichten f\u00fcr die Seele\" class=\"read-more\" href=\"https:\/\/almaschool.org\/de\/geschichten-fuer-die-seele\/\" aria-label=\"Mehr Informationen \u00fcber Geschichten f\u00fcr die Seele\">Weiterlesen<\/a><\/p>\n","protected":false},"author":8,"featured_media":0,"parent":0,"menu_order":0,"comment_status":"closed","ping_status":"closed","template":"","meta":{"_themeisle_gutenberg_block_has_review":false,"footnotes":""},"class_list":["post-1518","page","type-page","status-publish"],"aioseo_notices":[],"_links":{"self":[{"href":"https:\/\/almaschool.org\/de\/wp-json\/wp\/v2\/pages\/1518","targetHints":{"allow":["GET"]}}],"collection":[{"href":"https:\/\/almaschool.org\/de\/wp-json\/wp\/v2\/pages"}],"about":[{"href":"https:\/\/almaschool.org\/de\/wp-json\/wp\/v2\/types\/page"}],"author":[{"embeddable":true,"href":"https:\/\/almaschool.org\/de\/wp-json\/wp\/v2\/users\/8"}],"replies":[{"embeddable":true,"href":"https:\/\/almaschool.org\/de\/wp-json\/wp\/v2\/comments?post=1518"}],"version-history":[{"count":2,"href":"https:\/\/almaschool.org\/de\/wp-json\/wp\/v2\/pages\/1518\/revisions"}],"predecessor-version":[{"id":29781,"href":"https:\/\/almaschool.org\/de\/wp-json\/wp\/v2\/pages\/1518\/revisions\/29781"}],"wp:attachment":[{"href":"https:\/\/almaschool.org\/de\/wp-json\/wp\/v2\/media?parent=1518"}],"curies":[{"name":"wp","href":"https:\/\/api.w.org\/{rel}","templated":true}]}}