{"id":1517,"date":"2023-07-19T22:18:45","date_gmt":"2023-07-19T19:18:45","guid":{"rendered":"https:\/\/almaschool.org\/zoom-registrierung\/"},"modified":"2023-11-17T13:28:08","modified_gmt":"2023-11-17T13:28:08","slug":"zoom-registrierung","status":"publish","type":"page","link":"https:\/\/almaschool.org\/de\/zoom-registrierung\/","title":{"rendered":"Zoom Registrierung"},"content":{"rendered":"\t\t<div data-elementor-type=\"wp-page\" data-elementor-id=\"1517\" class=\"elementor elementor-1517\" data-elementor-post-type=\"page\">\n\t\t\t\t<div class=\"elementor-element elementor-element-b0cb6aa e-flex e-con-boxed e-con e-parent\" data-id=\"b0cb6aa\" data-element_type=\"container\" data-e-type=\"container\">\n\t\t\t\t\t<div class=\"e-con-inner\">\n\t\t\t\t<div class=\"elementor-element elementor-element-e6b9384 elementor-hidden-mobile elementor-widget elementor-widget-image\" data-id=\"e6b9384\" data-element_type=\"widget\" data-e-type=\"widget\" data-widget_type=\"image.default\">\n\t\t\t\t<div class=\"elementor-widget-container\">\n\t\t\t\t\t\t\t\t\t\t\t\t\t\t\t<img fetchpriority=\"high\" decoding=\"async\" width=\"1624\" height=\"696\" src=\"https:\/\/almaschool.org\/wp-content\/uploads\/2023\/11\/1624X696_1.jpeg\" class=\"attachment-full size-full wp-image-3130\" alt=\"\" srcset=\"https:\/\/almaschool.org\/wp-content\/uploads\/2023\/11\/1624X696_1.jpeg 1624w, https:\/\/almaschool.org\/wp-content\/uploads\/2023\/11\/1624X696_1-300x129.jpeg 300w, https:\/\/almaschool.org\/wp-content\/uploads\/2023\/11\/1624X696_1-1024x439.jpeg 1024w, https:\/\/almaschool.org\/wp-content\/uploads\/2023\/11\/1624X696_1-768x329.jpeg 768w, https:\/\/almaschool.org\/wp-content\/uploads\/2023\/11\/1624X696_1-1536x658.jpeg 1536w, https:\/\/almaschool.org\/wp-content\/uploads\/2023\/11\/1624X696_1-600x257.jpeg 600w\" sizes=\"(max-width: 1624px) 100vw, 1624px\" \/>\t\t\t\t\t\t\t\t\t\t\t\t\t\t\t<\/div>\n\t\t\t\t<\/div>\n\t\t\t\t<div class=\"elementor-element elementor-element-42bfbed elementor-hidden-desktop elementor-hidden-tablet elementor-widget elementor-widget-image\" data-id=\"42bfbed\" data-element_type=\"widget\" data-e-type=\"widget\" data-widget_type=\"image.default\">\n\t\t\t\t<div class=\"elementor-widget-container\">\n\t\t\t\t\t\t\t\t\t\t\t\t\t\t\t<img decoding=\"async\" width=\"1080\" height=\"1080\" src=\"https:\/\/almaschool.org\/wp-content\/uploads\/2023\/11\/\u05e4\u05d5\u05e1\u05d8\u05d9\u05dd-\u05dc\u05e4\u05d9\u05d9\u05e1\u05d1\u05d5\u05e7-11.jpg\" class=\"attachment-full size-full wp-image-3164\" alt=\"\" srcset=\"https:\/\/almaschool.org\/wp-content\/uploads\/2023\/11\/\u05e4\u05d5\u05e1\u05d8\u05d9\u05dd-\u05dc\u05e4\u05d9\u05d9\u05e1\u05d1\u05d5\u05e7-11.jpg 1080w, https:\/\/almaschool.org\/wp-content\/uploads\/2023\/11\/\u05e4\u05d5\u05e1\u05d8\u05d9\u05dd-\u05dc\u05e4\u05d9\u05d9\u05e1\u05d1\u05d5\u05e7-11-300x300.jpg 300w, https:\/\/almaschool.org\/wp-content\/uploads\/2023\/11\/\u05e4\u05d5\u05e1\u05d8\u05d9\u05dd-\u05dc\u05e4\u05d9\u05d9\u05e1\u05d1\u05d5\u05e7-11-1024x1024.jpg 1024w, https:\/\/almaschool.org\/wp-content\/uploads\/2023\/11\/\u05e4\u05d5\u05e1\u05d8\u05d9\u05dd-\u05dc\u05e4\u05d9\u05d9\u05e1\u05d1\u05d5\u05e7-11-150x150.jpg 150w, https:\/\/almaschool.org\/wp-content\/uploads\/2023\/11\/\u05e4\u05d5\u05e1\u05d8\u05d9\u05dd-\u05dc\u05e4\u05d9\u05d9\u05e1\u05d1\u05d5\u05e7-11-768x768.jpg 768w, https:\/\/almaschool.org\/wp-content\/uploads\/2023\/11\/\u05e4\u05d5\u05e1\u05d8\u05d9\u05dd-\u05dc\u05e4\u05d9\u05d9\u05e1\u05d1\u05d5\u05e7-11-600x600.jpg 600w, https:\/\/almaschool.org\/wp-content\/uploads\/2023\/11\/\u05e4\u05d5\u05e1\u05d8\u05d9\u05dd-\u05dc\u05e4\u05d9\u05d9\u05e1\u05d1\u05d5\u05e7-11-100x100.jpg 100w\" sizes=\"(max-width: 1080px) 100vw, 1080px\" \/>\t\t\t\t\t\t\t\t\t\t\t\t\t\t\t<\/div>\n\t\t\t\t<\/div>\n\t\t\t\t<div class=\"elementor-element elementor-element-0555655 elementor-widget elementor-widget-text-editor\" data-id=\"0555655\" data-element_type=\"widget\" data-e-type=\"widget\" data-widget_type=\"text-editor.default\">\n\t\t\t\t<div class=\"elementor-widget-container\">\n\t\t\t\t\t\t\t\t\t<h6><span style=\"color: #333300;\"><strong>Vielen Dank f\u00fcr Ihr Interesse an diesem historischen Ereignis, das einen 2000 Jahre alten Zyklus in der Geschichte der drei gro\u00dfen Religionen &#8211; Judentum, Islam und Christentum &#8211; schlie\u00dft. <\/strong><\/span><\/h6>\n<p><span style=\"color: #333333;\">Dieses Ereignis wird \u00fcber die Zukunft der Menschheit bestimmen, denn Hagit Rabbi wird die Wahrheit \u00fcber Jesus Christus, sein Leben und seinen Auftrag im Heiligen Land enth\u00fcllen.<\/span><\/p>\n<p dir=\"ltr\"><span style=\"color: #333333;\">Der Vortrag wird in hebr\u00e4ischer Sprache gehalten, Untertitel oder \u00fcbersetzte Texte sind zu diesem Zeitpunkt nicht verf\u00fcgbar.<\/span><\/p>\n<p dir=\"ltr\"><span style=\"color: #333333;\">Da es sich jedoch um einen wahrhaft bedeutungsvollen Augenblick handelt, bitten wir Sie, in Gedanken bei uns zu sein, um ein schicksalhaftes Unrecht zu berichtigen und zu s\u00fchnen und eine symbolische Abl\u00f6sung dieser Schuld herbeizuf\u00fchren.<\/span><\/p>\n<p dir=\"ltr\"><span style=\"color: #333333;\">Im Anschluss an den Vortrag findet eine Fragerunde in hebr\u00e4ischer Sprache statt. Wir sind uns dar\u00fcber im Klaren, dass die meisten Studenten der Alma School for Humanity das Gesagte nicht verstehen werden.<\/span><\/p>\n<p dir=\"ltr\"><span style=\"color: #333333;\">Sie werden jedoch aktiv zu dieser Veranstaltung beitragen.<\/span><\/p>\n<p style=\"font-weight: 400;\"><span style=\"color: #333333;\">Der Text des Vortrags wird kurz nach der Veranstaltung auf Englisch und danach in mehreren Sprachen verf\u00fcgbar sein. Eine anschlie\u00dfende Fragerunde auf Englisch f\u00fcr die Sch\u00fcler der Alma School for Humanity ist in naher Zukunft geplant.<\/span><\/p>\n<p dir=\"ltr\"><span style=\"color: #333333;\">Die Kosten f\u00fcr die Teilnahme an dieser Live-Veranstaltung betragen 20<span style=\"font-family: 'Google Sans', arial, sans-serif;\">\u20ac<\/span>.<br \/>Um sich anzumelden und den Zoom-Link zu erhalten, klicken Sie bitte auf die Schaltfl\u00e4che Registrieren.<\/span><\/p>\n\t\t\t\t\t\t\t\t<\/div>\n\t\t\t\t<\/div>\n\t\t\t\t<div class=\"elementor-element elementor-element-612853d elementor-align-center elementor-widget__width-inherit elementor-widget elementor-widget-button\" data-id=\"612853d\" data-element_type=\"widget\" data-e-type=\"widget\" data-widget_type=\"button.default\">\n\t\t\t\t<div class=\"elementor-widget-container\">\n\t\t\t\t\t\t\t\t\t<div class=\"elementor-button-wrapper\">\n\t\t\t\t\t<a class=\"elementor-button elementor-button-link elementor-size-xs\" href=\"https:\/\/almaschool.org\/de\/kasse\/?add-to-cart=2157\">\n\t\t\t\t\t\t<span class=\"elementor-button-content-wrapper\">\n\t\t\t\t\t\t\t\t\t<span class=\"elementor-button-text\">Registrieren<\/span>\n\t\t\t\t\t<\/span>\n\t\t\t\t\t<\/a>\n\t\t\t\t<\/div>\n\t\t\t\t\t\t\t\t<\/div>\n\t\t\t\t<\/div>\n\t\t\t\t\t<\/div>\n\t\t\t\t<\/div>\n\t\t<div class=\"elementor-element elementor-element-bcbf5f9 elementor-hidden-desktop elementor-hidden-tablet elementor-hidden-mobile e-flex e-con-boxed e-con e-parent\" data-id=\"bcbf5f9\" data-element_type=\"container\" data-e-type=\"container\">\n\t\t\t\t\t<div class=\"e-con-inner\">\n\t\t\t\t<div class=\"elementor-element elementor-element-9a1ae9b elementor-widget elementor-widget-text-editor\" data-id=\"9a1ae9b\" data-element_type=\"widget\" data-e-type=\"widget\" data-widget_type=\"text-editor.default\">\n\t\t\t\t<div class=\"elementor-widget-container\">\n\t\t\t\t\t\t\t\t\t<h5 dir=\"ltr\" style=\"text-align: center;\"><span style=\"color: #000000;\"><b>Registrierung f\u00fcr ein Live Zoom am<\/b><\/span>\n<span style=\"color: #000000;\">28. Oktober 2023 um 20:00 Uhr israelischer Zeit.<\/span><\/h5>\n<h5 style=\"text-align: center;\"><strong>Die Ringschl\u00fcsse<br> Eine Frage- und Antwortrunde mit Hagit Rabbi<\/strong><\/h5>\t\t\t\t\t\t\t\t<\/div>\n\t\t\t\t<\/div>\n\t\t\t\t\t<\/div>\n\t\t\t\t<\/div>\n\t\t<div class=\"elementor-element elementor-element-509fec0 elementor-hidden-desktop elementor-hidden-tablet elementor-hidden-mobile e-flex e-con-boxed e-con e-parent\" data-id=\"509fec0\" data-element_type=\"container\" data-e-type=\"container\">\n\t\t\t\t\t<div class=\"e-con-inner\">\n\t\t<div class=\"elementor-element elementor-element-a09bf71 e-con-full e-flex e-con e-child\" data-id=\"a09bf71\" data-element_type=\"container\" data-e-type=\"container\">\n\t\t\t\t<div class=\"elementor-element elementor-element-693e288 elementor-button-align-stretch elementor-widget elementor-widget-form\" data-id=\"693e288\" data-element_type=\"widget\" data-e-type=\"widget\" data-settings=\"{&quot;step_next_label&quot;:&quot;Weiter&quot;,&quot;step_previous_label&quot;:&quot;Vorherige&quot;,&quot;button_width&quot;:&quot;100&quot;,&quot;step_type&quot;:&quot;number_text&quot;,&quot;step_icon_shape&quot;:&quot;circle&quot;}\" data-widget_type=\"form.default\">\n\t\t\t\t<div class=\"elementor-widget-container\">\n\t\t\t\t\t\t\t<form class=\"elementor-form\" method=\"post\" name=\"Neue Form\" aria-label=\"Neue Form\">\n\t\t\t<input type=\"hidden\" name=\"post_id\" value=\"1517\"\/>\n\t\t\t<input type=\"hidden\" name=\"form_id\" value=\"693e288\"\/>\n\t\t\t<input type=\"hidden\" name=\"referer_title\" value=\"Zoom Registrierung - Alma School for Humanity\" \/>\n\n\t\t\t\t\t\t\t<input type=\"hidden\" name=\"queried_id\" value=\"1517\"\/>\n\t\t\t\n\t\t\t<div class=\"elementor-form-fields-wrapper elementor-labels-above\">\n\t\t\t\t\t\t\t\t<div class=\"elementor-field-type-text elementor-field-group elementor-column elementor-field-group-name elementor-col-100 elementor-field-required\">\n\t\t\t\t\t\t\t\t\t\t\t\t\t<input size=\"1\" type=\"text\" name=\"form_fields[name]\" id=\"form-field-name\" class=\"elementor-field elementor-size-sm  elementor-field-textual\" placeholder=\"Vorname\" required=\"required\">\n\t\t\t\t\t\t\t\t\t\t\t<\/div>\n\t\t\t\t\t\t\t\t<div class=\"elementor-field-type-text elementor-field-group elementor-column elementor-field-group-field_5c1c771 elementor-col-100\">\n\t\t\t\t\t\t\t\t\t\t\t\t\t<input size=\"1\" type=\"text\" name=\"form_fields[field_5c1c771]\" id=\"form-field-field_5c1c771\" class=\"elementor-field elementor-size-sm  elementor-field-textual\" placeholder=\"Nachname\">\n\t\t\t\t\t\t\t\t\t\t\t<\/div>\n\t\t\t\t\t\t\t\t<div class=\"elementor-field-type-email elementor-field-group elementor-column elementor-field-group-email elementor-col-100 elementor-field-required\">\n\t\t\t\t\t\t\t\t\t\t\t\t\t<input size=\"1\" type=\"email\" name=\"form_fields[email]\" id=\"form-field-email\" class=\"elementor-field elementor-size-sm  elementor-field-textual\" placeholder=\"E-Mail\" required=\"required\">\n\t\t\t\t\t\t\t\t\t\t\t<\/div>\n\t\t\t\t\t\t\t\t<div class=\"elementor-field-type-text elementor-field-group elementor-column elementor-field-group-message elementor-col-100\">\n\t\t\t\t\t\t\t\t\t\t\t\t\t<input size=\"1\" type=\"text\" name=\"form_fields[message]\" id=\"form-field-message\" class=\"elementor-field elementor-size-sm  elementor-field-textual\" placeholder=\"Land\">\n\t\t\t\t\t\t\t\t\t\t\t<\/div>\n\t\t\t\t\t\t\t\t<div class=\"elementor-field-group elementor-column elementor-field-type-submit elementor-col-100 e-form__buttons\">\n\t\t\t\t\t<button class=\"elementor-button elementor-size-sm\" type=\"submit\">\n\t\t\t\t\t\t<span class=\"elementor-button-content-wrapper\">\n\t\t\t\t\t\t\t\t\t\t\t\t\t\t\t\t\t\t\t\t\t\t<span class=\"elementor-button-text\">Senden<\/span>\n\t\t\t\t\t\t\t\t\t\t\t\t\t<\/span>\n\t\t\t\t\t<\/button>\n\t\t\t\t<\/div>\n\t\t\t<\/div>\n\t\t<\/form>\n\t\t\t\t\t\t<\/div>\n\t\t\t\t<\/div>\n\t\t\t\t<\/div>\n\t\t<div class=\"elementor-element elementor-element-153715c e-con-full e-flex e-con e-child\" data-id=\"153715c\" data-element_type=\"container\" data-e-type=\"container\" data-settings=\"{&quot;background_background&quot;:&quot;classic&quot;}\">\n\t\t\t\t<div class=\"elementor-element elementor-element-57f2711 elementor-widget__width-initial elementor-widget elementor-widget-image\" data-id=\"57f2711\" data-element_type=\"widget\" data-e-type=\"widget\" data-widget_type=\"image.default\">\n\t\t\t\t<div class=\"elementor-widget-container\">\n\t\t\t\t\t\t\t\t\t\t\t\t\t\t\t<img decoding=\"async\" src=\"https:\/\/almaschool.org\/wp-content\/uploads\/2023\/11\/FULL-DATA-FOR-SOCIAL-MEDIA-1080X1080.jpeg\" title=\"FULL DATA FOR SOCIAL MEDIA 1080X1080\" alt=\"FULL DATA FOR SOCIAL MEDIA 1080X1080\" loading=\"lazy\" \/>\t\t\t\t\t\t\t\t\t\t\t\t\t\t\t<\/div>\n\t\t\t\t<\/div>\n\t\t\t\t<\/div>\n\t\t\t\t\t<\/div>\n\t\t\t\t<\/div>\n\t\t\t\t<\/div>\n\t\t","protected":false},"excerpt":{"rendered":"<p>Vielen Dank f\u00fcr Ihr Interesse an diesem historischen Ereignis, das einen 2000 Jahre alten Zyklus in der Geschichte der drei gro\u00dfen Religionen &#8211; Judentum, Islam und Christentum &#8211; schlie\u00dft. Dieses Ereignis wird \u00fcber die Zukunft der Menschheit bestimmen, denn Hagit Rabbi wird die Wahrheit \u00fcber Jesus Christus, sein Leben und seinen Auftrag im Heiligen Land &#8230; <a title=\"Zoom Registrierung\" class=\"read-more\" href=\"https:\/\/almaschool.org\/de\/zoom-registrierung\/\" aria-label=\"Mehr Informationen \u00fcber Zoom Registrierung\">Weiterlesen<\/a><\/p>\n","protected":false},"author":20,"featured_media":0,"parent":0,"menu_order":0,"comment_status":"closed","ping_status":"closed","template":"","meta":{"_themeisle_gutenberg_block_has_review":false,"footnotes":""},"class_list":["post-1517","page","type-page","status-publish"],"aioseo_notices":[],"_links":{"self":[{"href":"https:\/\/almaschool.org\/de\/wp-json\/wp\/v2\/pages\/1517","targetHints":{"allow":["GET"]}}],"collection":[{"href":"https:\/\/almaschool.org\/de\/wp-json\/wp\/v2\/pages"}],"about":[{"href":"https:\/\/almaschool.org\/de\/wp-json\/wp\/v2\/types\/page"}],"author":[{"embeddable":true,"href":"https:\/\/almaschool.org\/de\/wp-json\/wp\/v2\/users\/20"}],"replies":[{"embeddable":true,"href":"https:\/\/almaschool.org\/de\/wp-json\/wp\/v2\/comments?post=1517"}],"version-history":[{"count":0,"href":"https:\/\/almaschool.org\/de\/wp-json\/wp\/v2\/pages\/1517\/revisions"}],"wp:attachment":[{"href":"https:\/\/almaschool.org\/de\/wp-json\/wp\/v2\/media?parent=1517"}],"curies":[{"name":"wp","href":"https:\/\/api.w.org\/{rel}","templated":true}]}}