{"id":1514,"date":"2023-05-18T22:58:26","date_gmt":"2023-05-18T19:58:26","guid":{"rendered":"https:\/\/almaschool.org\/das-programm-fuer-hohes-wissen\/"},"modified":"2026-02-13T09:24:58","modified_gmt":"2026-02-13T07:24:58","slug":"das-programm-fuer-hohes-wissen","status":"publish","type":"page","link":"https:\/\/almaschool.org\/de\/das-programm-fuer-hohes-wissen\/","title":{"rendered":"Modul des Hohen Wissens"},"content":{"rendered":"\t\t<div data-elementor-type=\"wp-page\" data-elementor-id=\"1514\" class=\"elementor elementor-1514 elementor-658\" data-elementor-post-type=\"page\">\n\t\t\t\t<div class=\"elementor-element elementor-element-75edefa e-con-full queen_bg e-flex e-con e-parent\" data-id=\"75edefa\" data-element_type=\"container\" data-e-type=\"container\" data-settings=\"{&quot;background_background&quot;:&quot;classic&quot;}\">\n\t\t<div class=\"elementor-element elementor-element-ce167f7 e-con-full e-flex e-con e-child\" data-id=\"ce167f7\" data-element_type=\"container\" data-e-type=\"container\" data-settings=\"{&quot;background_background&quot;:&quot;classic&quot;}\">\n\t\t<div class=\"elementor-element elementor-element-685b5c1 e-con-full e-flex e-con e-child\" data-id=\"685b5c1\" data-element_type=\"container\" data-e-type=\"container\">\n\t\t<div class=\"elementor-element elementor-element-51ee3e7 e-con-full e-flex e-con e-child\" data-id=\"51ee3e7\" data-element_type=\"container\" data-e-type=\"container\">\n\t\t\t\t<div class=\"elementor-element elementor-element-b0fb39a queen_step elementor-widget__width-initial elementor-invisible elementor-widget elementor-widget-heading\" data-id=\"b0fb39a\" data-element_type=\"widget\" data-e-type=\"widget\" data-settings=\"{&quot;_animation&quot;:&quot;fadeInUp&quot;}\" data-widget_type=\"heading.default\">\n\t\t\t\t<div class=\"elementor-widget-container\">\n\t\t\t\t\t<h5 class=\"elementor-heading-title elementor-size-default\">Weiterf\u00fchrende Studien \u2013<\/h5>\t\t\t\t<\/div>\n\t\t\t\t<\/div>\n\t\t\t\t<div class=\"elementor-element elementor-element-ba34884 elementor-invisible elementor-widget elementor-widget-heading\" data-id=\"ba34884\" data-element_type=\"widget\" data-e-type=\"widget\" data-settings=\"{&quot;_animation&quot;:&quot;fadeInUp&quot;}\" data-widget_type=\"heading.default\">\n\t\t\t\t<div class=\"elementor-widget-container\">\n\t\t\t\t\t<h1 class=\"elementor-heading-title elementor-size-default\">Modul des Hohen Wissens<\/h1>\t\t\t\t<\/div>\n\t\t\t\t<\/div>\n\t\t\t\t<\/div>\n\t\t\t\t<\/div>\n\t\t\t\t<\/div>\n\t\t<div class=\"elementor-element elementor-element-930ad91 bg_top_flower e-con-full e-flex e-con e-child\" data-id=\"930ad91\" data-element_type=\"container\" data-e-type=\"container\">\n\t\t\t\t<div class=\"elementor-element elementor-element-4a57b8e elementor-widget elementor-widget-image\" data-id=\"4a57b8e\" data-element_type=\"widget\" data-e-type=\"widget\" data-settings=\"{&quot;motion_fx_motion_fx_scrolling&quot;:&quot;yes&quot;,&quot;motion_fx_devices&quot;:[&quot;desktop&quot;,&quot;tablet&quot;,&quot;mobile&quot;]}\" data-widget_type=\"image.default\">\n\t\t\t\t<div class=\"elementor-widget-container\">\n\t\t\t\t\t\t\t\t\t\t\t\t\t\t\t<img fetchpriority=\"high\" decoding=\"async\" width=\"1280\" height=\"720\" src=\"https:\/\/almaschool.org\/wp-content\/uploads\/2025\/10\/SUN-H-H.jpg\" class=\"attachment-2048x2048 size-2048x2048 wp-image-17439\" alt=\"\" srcset=\"https:\/\/almaschool.org\/wp-content\/uploads\/2025\/10\/SUN-H-H.jpg 1280w, https:\/\/almaschool.org\/wp-content\/uploads\/2025\/10\/SUN-H-H-300x169.jpg 300w, https:\/\/almaschool.org\/wp-content\/uploads\/2025\/10\/SUN-H-H-1024x576.jpg 1024w, https:\/\/almaschool.org\/wp-content\/uploads\/2025\/10\/SUN-H-H-768x432.jpg 768w\" sizes=\"(max-width: 1280px) 100vw, 1280px\" \/>\t\t\t\t\t\t\t\t\t\t\t\t\t\t\t<\/div>\n\t\t\t\t<\/div>\n\t\t\t\t<\/div>\n\t\t\t\t<\/div>\n\t\t<div class=\"elementor-element elementor-element-6995643 e-flex e-con-boxed e-con e-parent\" data-id=\"6995643\" data-element_type=\"container\" data-e-type=\"container\">\n\t\t\t\t\t<div class=\"e-con-inner\">\n\t\t<div class=\"elementor-element elementor-element-383329e e-con-full e-flex e-con e-child\" data-id=\"383329e\" data-element_type=\"container\" data-e-type=\"container\">\n\t\t\t\t<div class=\"elementor-element elementor-element-72e5e0b elementor-invisible elementor-widget elementor-widget-text-editor\" data-id=\"72e5e0b\" data-element_type=\"widget\" data-e-type=\"widget\" data-settings=\"{&quot;_animation&quot;:&quot;fadeInUp&quot;}\" data-widget_type=\"text-editor.default\">\n\t\t\t\t<div class=\"elementor-widget-container\">\n\t\t\t\t\t\t\t\t\t<p>Das Modul des Hohen Wissens ist offen f\u00fcr jeden, der alle anderen Stufen des Lehrplans der Alma Schule f\u00fcr wahres Menschentum abgeschlossen hat und der weiterhin den festen Willen hat, in sich, die h\u00f6chste Bewusstseinsebene zu entwickeln, die zum jetzigen Zeitpunkt auf der Erde erreicht werden kann.<\/p><p><br>Im Folgenden sind einige der Themen aufgef\u00fchrt, die das Modul in \u00dcbereinstimmung mit den Gesetzen der Sch\u00f6pfung behandeln wird:<\/p>\t\t\t\t\t\t\t\t<\/div>\n\t\t\t\t<\/div>\n\t\t\t\t<div class=\"elementor-element elementor-element-02f7201 elementor-invisible elementor-widget elementor-widget-heading\" data-id=\"02f7201\" data-element_type=\"widget\" data-e-type=\"widget\" data-settings=\"{&quot;_animation&quot;:&quot;fadeInUp&quot;}\" data-widget_type=\"heading.default\">\n\t\t\t\t<div class=\"elementor-widget-container\">\n\t\t\t\t\t<h1 class=\"elementor-heading-title elementor-size-default\">Diese Sehnsucht dr\u00fcckt sich aus durch:<\/h1>\t\t\t\t<\/div>\n\t\t\t\t<\/div>\n\t\t\t\t<div class=\"elementor-element elementor-element-5197764 elementor-icon-list--layout-traditional elementor-list-item-link-full_width elementor-invisible elementor-widget elementor-widget-icon-list\" data-id=\"5197764\" data-element_type=\"widget\" data-e-type=\"widget\" data-settings=\"{&quot;_animation&quot;:&quot;fadeInUp&quot;}\" data-widget_type=\"icon-list.default\">\n\t\t\t\t<div class=\"elementor-widget-container\">\n\t\t\t\t\t\t\t<ul class=\"elementor-icon-list-items\">\n\t\t\t\t\t\t\t<li class=\"elementor-icon-list-item\">\n\t\t\t\t\t\t\t\t\t\t\t<span class=\"elementor-icon-list-icon\">\n\t\t\t\t\t\t\t<i aria-hidden=\"true\" class=\"fas fa-circle\"><\/i>\t\t\t\t\t\t<\/span>\n\t\t\t\t\t\t\t\t\t\t<span class=\"elementor-icon-list-text\">Die Suche nach einer <b>Erkl\u00e4rung f\u00fcr den gegenw\u00e4rtigen Zustand<\/b> der Menschheit und der Welt im Allgemeinen.<\/span>\n\t\t\t\t\t\t\t\t\t<\/li>\n\t\t\t\t\t\t\t\t<li class=\"elementor-icon-list-item\">\n\t\t\t\t\t\t\t\t\t\t\t<span class=\"elementor-icon-list-icon\">\n\t\t\t\t\t\t\t<i aria-hidden=\"true\" class=\"fas fa-circle\"><\/i>\t\t\t\t\t\t<\/span>\n\t\t\t\t\t\t\t\t\t\t<span class=\"elementor-icon-list-text\">Eine st\u00e4ndige Suche nach den <b>Antworten auf die gro\u00dfen Fragen des Seins.<\/b><\/span>\n\t\t\t\t\t\t\t\t\t<\/li>\n\t\t\t\t\t\t\t\t<li class=\"elementor-icon-list-item\">\n\t\t\t\t\t\t\t\t\t\t\t<span class=\"elementor-icon-list-icon\">\n\t\t\t\t\t\t\t<i aria-hidden=\"true\" class=\"fas fa-circle\"><\/i>\t\t\t\t\t\t<\/span>\n\t\t\t\t\t\t\t\t\t\t<span class=\"elementor-icon-list-text\">Die Suche nach einem <b>Sinn<\/b> in den verschiedenen Religionen und spirituellen Zentren.<\/span>\n\t\t\t\t\t\t\t\t\t<\/li>\n\t\t\t\t\t\t\t\t<li class=\"elementor-icon-list-item\">\n\t\t\t\t\t\t\t\t\t\t\t<span class=\"elementor-icon-list-icon\">\n\t\t\t\t\t\t\t<i aria-hidden=\"true\" class=\"fas fa-circle\"><\/i>\t\t\t\t\t\t<\/span>\n\t\t\t\t\t\t\t\t\t\t<span class=\"elementor-icon-list-text\">Die Suche nach dem <b>Sinn des Lebens<\/b>, nach der eigenen Berufung und deren Erf\u00fcllung.<\/span>\n\t\t\t\t\t\t\t\t\t<\/li>\n\t\t\t\t\t\t\t\t<li class=\"elementor-icon-list-item\">\n\t\t\t\t\t\t\t\t\t\t\t<span class=\"elementor-icon-list-icon\">\n\t\t\t\t\t\t\t<i aria-hidden=\"true\" class=\"fas fa-circle\"><\/i>\t\t\t\t\t\t<\/span>\n\t\t\t\t\t\t\t\t\t\t<span class=\"elementor-icon-list-text\">Ein Suchen nach einer anderen Art von <b>Erf\u00fcllung<\/b>, als die materielle Welt mit all ihren Vergn\u00fcgungen bieten kann.<\/span>\n\t\t\t\t\t\t\t\t\t<\/li>\n\t\t\t\t\t\t\t\t<li class=\"elementor-icon-list-item\">\n\t\t\t\t\t\t\t\t\t\t\t<span class=\"elementor-icon-list-icon\">\n\t\t\t\t\t\t\t<i aria-hidden=\"true\" class=\"fas fa-circle\"><\/i>\t\t\t\t\t\t<\/span>\n\t\t\t\t\t\t\t\t\t\t<span class=\"elementor-icon-list-text\">Eine Suche nach der <b>Heilung von Depressionen<\/b>, die kein Medikament behandeln kann.<\/span>\n\t\t\t\t\t\t\t\t\t<\/li>\n\t\t\t\t\t\t<\/ul>\n\t\t\t\t\t\t<\/div>\n\t\t\t\t<\/div>\n\t\t\t\t<div class=\"elementor-element elementor-element-1e13ab9 elementor-invisible elementor-widget elementor-widget-text-editor\" data-id=\"1e13ab9\" data-element_type=\"widget\" data-e-type=\"widget\" data-settings=\"{&quot;_animation&quot;:&quot;fadeInUp&quot;}\" data-widget_type=\"text-editor.default\">\n\t\t\t\t<div class=\"elementor-widget-container\">\n\t\t\t\t\t\t\t\t\t<p><span style=\"white-space: pre-wrap;\">Doch diese endlose Suche geht weiter. Denn die Unruhe und die unerkl\u00e4rliche, fast schmerzhafte Sehnsucht, Antworten zu finden, die Wahrheit zu erfahren, endlich nach Hause zu kommen, h\u00e4lt an.<\/span><\/p><p>Das Modul des Hohen Wissens der Alma Schule f\u00fcr wahres Menschentum geht auf diese Sehnsucht ein, indem es den ernsthaft Lernenden in das Buch der Sch\u00f6pfung einf\u00fchrt und das vollst\u00e4ndige Wissen \u00fcber alles, was zwischen dem Sch\u00f6pfer und dem Menschen existiert, offenbart.<\/p><p>Die Offenbarung dieses Hohen Wissens wird in Verbindung mit eigenen Erfahrungen und der Best\u00e4tigung dieses Wissens durch das Leben selbst, jeden Menschen letztlich zur Klarheit und absoluten \u00dcberzeugung f\u00fchren. Entsprechend des pers\u00f6nlichen Weges wird jeder Lernende eine Transformation durchlaufen, die darin gipfelt, dass er seine einzigartige Berufung in der Sch\u00f6pfung findet und damit auch vollkommene Freude. <\/p>\t\t\t\t\t\t\t\t<\/div>\n\t\t\t\t<\/div>\n\t\t\t\t<div class=\"elementor-element elementor-element-90f59e9 elementor-invisible elementor-widget elementor-widget-heading\" data-id=\"90f59e9\" data-element_type=\"widget\" data-e-type=\"widget\" data-settings=\"{&quot;_animation&quot;:&quot;fadeInUp&quot;}\" data-widget_type=\"heading.default\">\n\t\t\t\t<div class=\"elementor-widget-container\">\n\t\t\t\t\t<h1 class=\"elementor-heading-title elementor-size-default\">Dann wird der Lichtfunke in ihm zu\neinem brennenden Dornenbusch, der niemals verzehrt wird.<\/h1>\t\t\t\t<\/div>\n\t\t\t\t<\/div>\n\t\t\t\t<div class=\"elementor-element elementor-element-42a997a elementor-invisible elementor-widget elementor-widget-heading\" data-id=\"42a997a\" data-element_type=\"widget\" data-e-type=\"widget\" data-settings=\"{&quot;_animation&quot;:&quot;fadeInUp&quot;}\" data-widget_type=\"heading.default\">\n\t\t\t\t<div class=\"elementor-widget-container\">\n\t\t\t\t\t<h1 class=\"elementor-heading-title elementor-size-default\">Im Folgenden sind einige der Themen aufgef\u00fchrt, die das Modul in \u00dcbereinstimmung mit den Gesetzen der Sch\u00f6pfung behandeln wird:<\/h1>\t\t\t\t<\/div>\n\t\t\t\t<\/div>\n\t\t\t\t<div class=\"elementor-element elementor-element-0df1675 elementor-icon-list--layout-traditional elementor-list-item-link-full_width elementor-invisible elementor-widget elementor-widget-icon-list\" data-id=\"0df1675\" data-element_type=\"widget\" data-e-type=\"widget\" data-settings=\"{&quot;_animation&quot;:&quot;fadeInUp&quot;}\" data-widget_type=\"icon-list.default\">\n\t\t\t\t<div class=\"elementor-widget-container\">\n\t\t\t\t\t\t\t<ul class=\"elementor-icon-list-items\">\n\t\t\t\t\t\t\t<li class=\"elementor-icon-list-item\">\n\t\t\t\t\t\t\t\t\t\t\t<span class=\"elementor-icon-list-icon\">\n\t\t\t\t\t\t\t<i aria-hidden=\"true\" class=\"fas fa-circle\"><\/i>\t\t\t\t\t\t<\/span>\n\t\t\t\t\t\t\t\t\t\t<span class=\"elementor-icon-list-text\">Das wahre Ich (der Geist) vs. das falsche Ich (das Ego)<\/span>\n\t\t\t\t\t\t\t\t\t<\/li>\n\t\t\t\t\t\t\t\t<li class=\"elementor-icon-list-item\">\n\t\t\t\t\t\t\t\t\t\t\t<span class=\"elementor-icon-list-icon\">\n\t\t\t\t\t\t\t<i aria-hidden=\"true\" class=\"fas fa-circle\"><\/i>\t\t\t\t\t\t<\/span>\n\t\t\t\t\t\t\t\t\t\t<span class=\"elementor-icon-list-text\">Entwicklung der Empfindung und der inneren Stimme<\/span>\n\t\t\t\t\t\t\t\t\t<\/li>\n\t\t\t\t\t\t\t\t<li class=\"elementor-icon-list-item\">\n\t\t\t\t\t\t\t\t\t\t\t<span class=\"elementor-icon-list-icon\">\n\t\t\t\t\t\t\t<i aria-hidden=\"true\" class=\"fas fa-circle\"><\/i>\t\t\t\t\t\t<\/span>\n\t\t\t\t\t\t\t\t\t\t<span class=\"elementor-icon-list-text\">Die Bedeutung, die hinter dem Namen eines jeden Menschen steht<\/span>\n\t\t\t\t\t\t\t\t\t<\/li>\n\t\t\t\t\t\t\t\t<li class=\"elementor-icon-list-item\">\n\t\t\t\t\t\t\t\t\t\t\t<span class=\"elementor-icon-list-icon\">\n\t\t\t\t\t\t\t<i aria-hidden=\"true\" class=\"fas fa-circle\"><\/i>\t\t\t\t\t\t<\/span>\n\t\t\t\t\t\t\t\t\t\t<span class=\"elementor-icon-list-text\">Freiheit, Verantwortung und Karma<\/span>\n\t\t\t\t\t\t\t\t\t<\/li>\n\t\t\t\t\t\t\t\t<li class=\"elementor-icon-list-item\">\n\t\t\t\t\t\t\t\t\t\t\t<span class=\"elementor-icon-list-icon\">\n\t\t\t\t\t\t\t<i aria-hidden=\"true\" class=\"fas fa-circle\"><\/i>\t\t\t\t\t\t<\/span>\n\t\t\t\t\t\t\t\t\t\t<span class=\"elementor-icon-list-text\">Die Rolle der K\u00fcnste f\u00fcr die Entwicklung des Geistes<\/span>\n\t\t\t\t\t\t\t\t\t<\/li>\n\t\t\t\t\t\t\t\t<li class=\"elementor-icon-list-item\">\n\t\t\t\t\t\t\t\t\t\t\t<span class=\"elementor-icon-list-icon\">\n\t\t\t\t\t\t\t<i aria-hidden=\"true\" class=\"fas fa-circle\"><\/i>\t\t\t\t\t\t<\/span>\n\t\t\t\t\t\t\t\t\t\t<span class=\"elementor-icon-list-text\">Die Rollen von Weiblichkeit und M\u00e4nnlichkeit in der Sch\u00f6pfung<\/span>\n\t\t\t\t\t\t\t\t\t<\/li>\n\t\t\t\t\t\t\t\t<li class=\"elementor-icon-list-item\">\n\t\t\t\t\t\t\t\t\t\t\t<span class=\"elementor-icon-list-icon\">\n\t\t\t\t\t\t\t<i aria-hidden=\"true\" class=\"fas fa-circle\"><\/i>\t\t\t\t\t\t<\/span>\n\t\t\t\t\t\t\t\t\t\t<span class=\"elementor-icon-list-text\">Die Ehe aus geistiger Sicht<\/span>\n\t\t\t\t\t\t\t\t\t<\/li>\n\t\t\t\t\t\t\t\t<li class=\"elementor-icon-list-item\">\n\t\t\t\t\t\t\t\t\t\t\t<span class=\"elementor-icon-list-icon\">\n\t\t\t\t\t\t\t<i aria-hidden=\"true\" class=\"fas fa-circle\"><\/i>\t\t\t\t\t\t<\/span>\n\t\t\t\t\t\t\t\t\t\t<span class=\"elementor-icon-list-text\">Das Geheimnis der Geburt<\/span>\n\t\t\t\t\t\t\t\t\t<\/li>\n\t\t\t\t\t\t\t\t<li class=\"elementor-icon-list-item\">\n\t\t\t\t\t\t\t\t\t\t\t<span class=\"elementor-icon-list-icon\">\n\t\t\t\t\t\t\t<i aria-hidden=\"true\" class=\"fas fa-circle\"><\/i>\t\t\t\t\t\t<\/span>\n\t\t\t\t\t\t\t\t\t\t<span class=\"elementor-icon-list-text\">Die Grunds\u00e4tze der Elternschaft und Erziehung - von der Kindheit bis zum Erwachsensein<\/span>\n\t\t\t\t\t\t\t\t\t<\/li>\n\t\t\t\t\t\t\t\t<li class=\"elementor-icon-list-item\">\n\t\t\t\t\t\t\t\t\t\t\t<span class=\"elementor-icon-list-icon\">\n\t\t\t\t\t\t\t<i aria-hidden=\"true\" class=\"fas fa-circle\"><\/i>\t\t\t\t\t\t<\/span>\n\t\t\t\t\t\t\t\t\t\t<span class=\"elementor-icon-list-text\">Der Tod und das Leben danach<\/span>\n\t\t\t\t\t\t\t\t\t<\/li>\n\t\t\t\t\t\t\t\t<li class=\"elementor-icon-list-item\">\n\t\t\t\t\t\t\t\t\t\t\t<span class=\"elementor-icon-list-icon\">\n\t\t\t\t\t\t\t<i aria-hidden=\"true\" class=\"fas fa-circle\"><\/i>\t\t\t\t\t\t<\/span>\n\t\t\t\t\t\t\t\t\t\t<span class=\"elementor-icon-list-text\">Die Kraft der Worte und die Kraft der Gedanken<\/span>\n\t\t\t\t\t\t\t\t\t<\/li>\n\t\t\t\t\t\t\t\t<li class=\"elementor-icon-list-item\">\n\t\t\t\t\t\t\t\t\t\t\t<span class=\"elementor-icon-list-icon\">\n\t\t\t\t\t\t\t<i aria-hidden=\"true\" class=\"fas fa-circle\"><\/i>\t\t\t\t\t\t<\/span>\n\t\t\t\t\t\t\t\t\t\t<span class=\"elementor-icon-list-text\">Die Kraft des Gebets<\/span>\n\t\t\t\t\t\t\t\t\t<\/li>\n\t\t\t\t\t\t\t\t<li class=\"elementor-icon-list-item\">\n\t\t\t\t\t\t\t\t\t\t\t<span class=\"elementor-icon-list-icon\">\n\t\t\t\t\t\t\t<i aria-hidden=\"true\" class=\"fas fa-circle\"><\/i>\t\t\t\t\t\t<\/span>\n\t\t\t\t\t\t\t\t\t\t<span class=\"elementor-icon-list-text\">Das Blutgeheimnis<\/span>\n\t\t\t\t\t\t\t\t\t<\/li>\n\t\t\t\t\t\t\t\t<li class=\"elementor-icon-list-item\">\n\t\t\t\t\t\t\t\t\t\t\t<span class=\"elementor-icon-list-icon\">\n\t\t\t\t\t\t\t<i aria-hidden=\"true\" class=\"fas fa-circle\"><\/i>\t\t\t\t\t\t<\/span>\n\t\t\t\t\t\t\t\t\t\t<span class=\"elementor-icon-list-text\">Heilmagnetismus<\/span>\n\t\t\t\t\t\t\t\t\t<\/li>\n\t\t\t\t\t\t\t\t<li class=\"elementor-icon-list-item\">\n\t\t\t\t\t\t\t\t\t\t\t<span class=\"elementor-icon-list-icon\">\n\t\t\t\t\t\t\t<i aria-hidden=\"true\" class=\"fas fa-circle\"><\/i>\t\t\t\t\t\t<\/span>\n\t\t\t\t\t\t\t\t\t\t<span class=\"elementor-icon-list-text\">Der Sch\u00f6pfer und die Erschaffung der Welt<\/span>\n\t\t\t\t\t\t\t\t\t<\/li>\n\t\t\t\t\t\t\t\t<li class=\"elementor-icon-list-item\">\n\t\t\t\t\t\t\t\t\t\t\t<span class=\"elementor-icon-list-icon\">\n\t\t\t\t\t\t\t<i aria-hidden=\"true\" class=\"fas fa-circle\"><\/i>\t\t\t\t\t\t<\/span>\n\t\t\t\t\t\t\t\t\t\t<span class=\"elementor-icon-list-text\">Was ist Astrologie?<\/span>\n\t\t\t\t\t\t\t\t\t<\/li>\n\t\t\t\t\t\t\t\t<li class=\"elementor-icon-list-item\">\n\t\t\t\t\t\t\t\t\t\t\t<span class=\"elementor-icon-list-icon\">\n\t\t\t\t\t\t\t<i aria-hidden=\"true\" class=\"fas fa-circle\"><\/i>\t\t\t\t\t\t<\/span>\n\t\t\t\t\t\t\t\t\t\t<span class=\"elementor-icon-list-text\">Die gro\u00dfen geistigen Lehrer der Menschheit - Wahrheit und Legende<\/span>\n\t\t\t\t\t\t\t\t\t<\/li>\n\t\t\t\t\t\t\t\t<li class=\"elementor-icon-list-item\">\n\t\t\t\t\t\t\t\t\t\t\t<span class=\"elementor-icon-list-icon\">\n\t\t\t\t\t\t\t<i aria-hidden=\"true\" class=\"fas fa-circle\"><\/i>\t\t\t\t\t\t<\/span>\n\t\t\t\t\t\t\t\t\t\t<span class=\"elementor-icon-list-text\">Wissenschaft und Religion<\/span>\n\t\t\t\t\t\t\t\t\t<\/li>\n\t\t\t\t\t\t\t\t<li class=\"elementor-icon-list-item\">\n\t\t\t\t\t\t\t\t\t\t\t<span class=\"elementor-icon-list-icon\">\n\t\t\t\t\t\t\t<i aria-hidden=\"true\" class=\"fas fa-circle\"><\/i>\t\t\t\t\t\t<\/span>\n\t\t\t\t\t\t\t\t\t\t<span class=\"elementor-icon-list-text\">Der Tag der Abrechnung, die L\u00e4uterung und das Tausendj\u00e4hrige Reich<\/span>\n\t\t\t\t\t\t\t\t\t<\/li>\n\t\t\t\t\t\t<\/ul>\n\t\t\t\t\t\t<\/div>\n\t\t\t\t<\/div>\n\t\t\t\t<div class=\"elementor-element elementor-element-2e4bc9d elementor-widget elementor-widget-text-editor\" data-id=\"2e4bc9d\" data-element_type=\"widget\" data-e-type=\"widget\" data-widget_type=\"text-editor.default\">\n\t\t\t\t<div class=\"elementor-widget-container\">\n\t\t\t\t\t\t\t\t\t<p>Dieser Kurs ist zur Zeit nur auf Hebr\u00e4isch verf\u00fcgbar.<br><span style=\"color: #73a8c4;\"><a style=\"color: #73a8c4;\" href=\"https:\/\/almainspira.com\/the-program-for-high-knowledge-level-4\/\">Klicken Sie hier um sich f\u00fcr den Hebr\u00e4ischen Kurs zu registrieren<\/a><\/span><\/p>\t\t\t\t\t\t\t\t<\/div>\n\t\t\t\t<\/div>\n\t\t\t\t<\/div>\n\t\t\t\t\t<\/div>\n\t\t\t\t<\/div>\n\t\t\t\t<\/div>\n\t\t","protected":false},"excerpt":{"rendered":"<p>Weiterf\u00fchrende Studien \u2013 Modul des Hohen Wissens Das Modul des Hohen Wissens ist offen f\u00fcr jeden, der alle anderen Stufen des Lehrplans der Alma Schule f\u00fcr wahres Menschentum abgeschlossen hat und der weiterhin den festen Willen hat, in sich, die h\u00f6chste Bewusstseinsebene zu entwickeln, die zum jetzigen Zeitpunkt auf der Erde erreicht werden kann. Im &#8230; <a title=\"Modul des Hohen Wissens\" class=\"read-more\" href=\"https:\/\/almaschool.org\/de\/das-programm-fuer-hohes-wissen\/\" aria-label=\"Mehr Informationen \u00fcber Modul des Hohen Wissens\">Weiterlesen<\/a><\/p>\n","protected":false},"author":8,"featured_media":0,"parent":0,"menu_order":0,"comment_status":"closed","ping_status":"closed","template":"","meta":{"_themeisle_gutenberg_block_has_review":false,"footnotes":""},"class_list":["post-1514","page","type-page","status-publish"],"aioseo_notices":[],"_links":{"self":[{"href":"https:\/\/almaschool.org\/de\/wp-json\/wp\/v2\/pages\/1514","targetHints":{"allow":["GET"]}}],"collection":[{"href":"https:\/\/almaschool.org\/de\/wp-json\/wp\/v2\/pages"}],"about":[{"href":"https:\/\/almaschool.org\/de\/wp-json\/wp\/v2\/types\/page"}],"author":[{"embeddable":true,"href":"https:\/\/almaschool.org\/de\/wp-json\/wp\/v2\/users\/8"}],"replies":[{"embeddable":true,"href":"https:\/\/almaschool.org\/de\/wp-json\/wp\/v2\/comments?post=1514"}],"version-history":[{"count":6,"href":"https:\/\/almaschool.org\/de\/wp-json\/wp\/v2\/pages\/1514\/revisions"}],"predecessor-version":[{"id":28551,"href":"https:\/\/almaschool.org\/de\/wp-json\/wp\/v2\/pages\/1514\/revisions\/28551"}],"wp:attachment":[{"href":"https:\/\/almaschool.org\/de\/wp-json\/wp\/v2\/media?parent=1514"}],"curies":[{"name":"wp","href":"https:\/\/api.w.org\/{rel}","templated":true}]}}