{"id":14895,"date":"2025-07-16T20:34:09","date_gmt":"2025-07-16T17:34:09","guid":{"rendered":"https:\/\/almaschool.org\/in-der-uebersetzung-verloren-gegangen\/"},"modified":"2026-05-11T20:14:52","modified_gmt":"2026-05-11T17:14:52","slug":"in-der-uebersetzung-verloren-gegangen","status":"publish","type":"page","link":"https:\/\/almaschool.org\/de\/in-der-uebersetzung-verloren-gegangen\/","title":{"rendered":"In der \u00dcbersetzung verloren gegangen?"},"content":{"rendered":"\t\t<div data-elementor-type=\"wp-page\" data-elementor-id=\"14895\" class=\"elementor elementor-14895 elementor-10942\" data-elementor-post-type=\"page\">\n\t\t\t\t<div class=\"elementor-element elementor-element-3ae3bb1 e-flex e-con-boxed e-con e-parent\" data-id=\"3ae3bb1\" data-element_type=\"container\" data-e-type=\"container\">\n\t\t\t\t\t<div class=\"e-con-inner\">\n\t\t<div class=\"elementor-element elementor-element-a59ee45 e-con-full e-grid e-con e-child\" data-id=\"a59ee45\" data-element_type=\"container\" data-e-type=\"container\">\n\t\t\t\t<div class=\"elementor-element elementor-element-7dca538 elementor-widget elementor-widget-text-editor\" data-id=\"7dca538\" data-element_type=\"widget\" data-e-type=\"widget\" data-widget_type=\"text-editor.default\">\n\t\t\t\t<div class=\"elementor-widget-container\">\n\t\t\t\t\t\t\t\t\t<h4 class=\"elementor-heading-title elementor-size-default elementor-inline-editing pen\" contenteditable=\"true\" data-elementor-setting-key=\"title\" data-pen-placeholder=\"Type Here...\"><b>Deutsch<\/b>\u200b<br><br><\/h4><p data-start=\"33\" data-end=\"408\">Das folgende Video erkl\u00e4rt, wie man w\u00e4hrend der Zoom-\u00dcbertragung von Alma simultane Untertitel aktiviert.<br data-start=\"138\" data-end=\"141\">Du kannst Untertitel in deiner Muttersprache ausw\u00e4hlen.<br data-start=\"196\" data-end=\"199\">Bitte beachte, dass die \u00dcbersetzung ein automatisiertes Tool von Zoom ist. Sie ist daher m\u00f6glicherweise nicht immer genau, erm\u00f6glicht es dir aber, der \u00dcbertragung zu folgen und die Hauptbotschaft zu verstehen. <\/p>\t\t\t\t\t\t\t\t<\/div>\n\t\t\t\t<\/div>\n\t\t\t\t<div class=\"elementor-element elementor-element-19dac99 elementor-widget elementor-widget-html\" data-id=\"19dac99\" data-element_type=\"widget\" data-e-type=\"widget\" data-widget_type=\"html.default\">\n\t\t\t\t<div class=\"elementor-widget-container\">\n\t\t\t\t\t<div style=\"position:relative;padding-top:56.25%;\"><iframe src=\"https:\/\/iframe.mediadelivery.net\/embed\/141115\/d4284b3a-400e-490c-b2c2-854379781030?autoplay=false&amp;loop=false&amp;muted=false&amp;preload=false&amp;responsive=true\" loading=\"lazy\" style=\"border:0;position:absolute;top:0;height:100%;width:100%;\" allow=\"accelerometer;gyroscope;autoplay;encrypted-media;picture-in-picture;\" allowfullscreen=\"true\"><\/iframe><\/div>\n\t\t\t\t<\/div>\n\t\t\t\t<\/div>\n\t\t\t\t<\/div>\n\t\t\t\t\t<\/div>\n\t\t\t\t<\/div>\n\t\t\t\t<\/div>\n\t\t","protected":false},"excerpt":{"rendered":"<p>Deutsch\u200b Das folgende Video erkl\u00e4rt, wie man w\u00e4hrend der Zoom-\u00dcbertragung von Alma simultane Untertitel aktiviert.Du kannst Untertitel in deiner Muttersprache ausw\u00e4hlen.Bitte beachte, dass die \u00dcbersetzung ein automatisiertes Tool von Zoom ist. Sie ist daher m\u00f6glicherweise nicht immer genau, erm\u00f6glicht es dir aber, der \u00dcbertragung zu folgen und die Hauptbotschaft zu verstehen.<\/p>\n","protected":false},"author":20,"featured_media":0,"parent":0,"menu_order":0,"comment_status":"closed","ping_status":"closed","template":"","meta":{"_themeisle_gutenberg_block_has_review":false,"footnotes":""},"class_list":["post-14895","page","type-page","status-publish"],"aioseo_notices":[],"_links":{"self":[{"href":"https:\/\/almaschool.org\/de\/wp-json\/wp\/v2\/pages\/14895","targetHints":{"allow":["GET"]}}],"collection":[{"href":"https:\/\/almaschool.org\/de\/wp-json\/wp\/v2\/pages"}],"about":[{"href":"https:\/\/almaschool.org\/de\/wp-json\/wp\/v2\/types\/page"}],"author":[{"embeddable":true,"href":"https:\/\/almaschool.org\/de\/wp-json\/wp\/v2\/users\/20"}],"replies":[{"embeddable":true,"href":"https:\/\/almaschool.org\/de\/wp-json\/wp\/v2\/comments?post=14895"}],"version-history":[{"count":3,"href":"https:\/\/almaschool.org\/de\/wp-json\/wp\/v2\/pages\/14895\/revisions"}],"predecessor-version":[{"id":31183,"href":"https:\/\/almaschool.org\/de\/wp-json\/wp\/v2\/pages\/14895\/revisions\/31183"}],"wp:attachment":[{"href":"https:\/\/almaschool.org\/de\/wp-json\/wp\/v2\/media?parent=14895"}],"curies":[{"name":"wp","href":"https:\/\/api.w.org\/{rel}","templated":true}]}}